{"id":38847,"date":"2026-01-08T14:04:37","date_gmt":"2026-01-08T13:04:37","guid":{"rendered":"https:\/\/semmelweis.hu\/alumni\/?page_id=38847"},"modified":"2026-03-25T19:05:21","modified_gmt":"2026-03-25T18:05:21","slug":"konfliktuskezelesi-strategiak-2026-marcius-2-hetfo","status":"publish","type":"page","link":"https:\/\/semmelweis.hu\/alumni\/szolgaltatasok\/kepzeseink\/szemelyes-kepzeseink\/konfliktuskezelesi-strategiak-2026-marcius-2-hetfo\/","title":{"rendered":"Konfliktuskezel\u00e9si strat\u00e9gi\u00e1k 2026. m\u00e1jus 14., cs\u00fct\u00f6rt\u00f6k"},"content":{"rendered":"<p><img loading=\"lazy\" decoding=\"async\" class=\"alignright\" src=\"https:\/\/hrpwr.hu\/img-cache\/1\/6\/6\/4\/6\/1664615743-pph-temp-jifoq2-jpg-20221001-1620-0-90-cr.webp\" alt=\"Hrpwr - Min m\u00falik, hogy egy konfliktus rombol\u00f3 vagy \u00e9p\u00edt\u0151?\" width=\"437\" height=\"174\" \/><\/p>\n<p><span data-contrast=\"auto\">A konfliktuskezel\u00e9s strat\u00e9gi\u00e1k alatt azt a hozz\u00e1\u00e1ll\u00e1st, m\u00f3dszert, viselked\u00e9st \u00e9rtj\u00fck, ahogy a\u00a0<\/span><span data-contrast=\"auto\">konfliktusok eset\u00e9n a leggyakoribb, legjellemz\u0151bb m\u00f3don viselked\u00fcnk. J\u00f3, ha tiszt\u00e1ban\u00a0<\/span><span data-contrast=\"auto\">vagyunk vele, hogy az alap konfliktuskezel\u00e9si\u00a0<\/span><span data-contrast=\"auto\">strat\u00e9gi\u00e1k k\u00f6z\u00fcl melyiket alkalmazzuk\u00a0<\/span><span data-contrast=\"auto\">leggyakrabban. Ezeknek milyen el\u0151nyei \u00e9s\u00a0<\/span><span data-contrast=\"auto\">h\u00e1tr\u00e1nyai vannak. Vannak olyan konfliktuskezel\u00e9s\u00a0<\/span><span data-contrast=\"auto\">strat\u00e9gi\u00e1k, amiket j\u00f3l tudunk alkalmazni, m\u00edg m\u00e1s\u00a0<\/span><span data-contrast=\"auto\">strat\u00e9gi\u00e1k fejlesztend\u0151 ter\u00fcletek. A strat\u00e9gi\u00e1k\u00a0<\/span><span data-contrast=\"auto\">minden esetben vagy az \u00f6n\u00e9rv\u00e9nyes\u00edt\u00e9s, vagy az\u00a0<\/span><span data-contrast=\"auto\">egy\u00fcttm\u0171k\u00f6d\u00e9s dimenzi\u00f3k ment\u00e9n alakul ki, hogy a\u00a0<\/span><span data-contrast=\"auto\">saj\u00e1t vagy a m\u00e1sik \u00e9rdekeit tartjuk-e szem el\u0151tt. A <\/span><span data-contrast=\"auto\">konfliktuskezel\u00e9si strat\u00e9gi\u00e1k mindegyik\u00e9t \u00e9rdemes haszn\u00e1lni az \u00e9letben, az adott helyzett\u0151l\u00a0<\/span><span data-contrast=\"auto\">f\u00fcgg\u0151en. J\u00f3, ha ki tudjuk v\u00e1lasztani, mikor melyik strat\u00e9gia a legc\u00e9lravezet\u0151bb, \u00e9s azt tudjuk\u00a0<\/span><span data-contrast=\"auto\">is adekv\u00e1t m\u00f3don alkalmazni.\u00a0<\/span><span data-ccp-props=\"{&quot;201341983&quot;:0,&quot;335559739&quot;:0,&quot;335559740&quot;:276}\">\u00a0<\/span><\/p>\n<p><span data-olk-copy-source=\"MessageBody\">\u00a0<\/span><\/p>\n<h3>A tr\u00e9ning jellemz\u0151i:<\/h3>\n<ul>\n<li><span style=\"color: #000000\">A tr\u00e9ning maxim\u00e1lis l\u00e9tsz\u00e1ma az interakt\u00edv forma miatt 20 f\u0151<\/span><\/li>\n<li><span style=\"color: #000000\">A r\u00e9szv\u00e9tel a Semmelweis Egyetem b\u00e1rmely v\u00e9gzett hallgat\u00f3ja sz\u00e1m\u00e1ra ingyenes, de regisztr\u00e1ci\u00f3hoz k\u00f6t\u00f6tt.<\/span><\/li>\n<li>Tr\u00e9ner: Dr. Gyarmathy Mikl\u00f3s<\/li>\n<li><span style=\"color: #000000\"><strong>A soron k\u00f6vetkez\u0151 k\u00e9pz\u00e9s id\u0151pontja: 2026. m\u00e1jus 14., cs\u00fct\u00f6rt\u00f6k 17:00-20:00<\/strong><\/span><\/li>\n<li><span style=\"color: #000000\">A tanfolyam helysz\u00edne: <strong>T\u00e1rgyal\u00f3<\/strong> 1085 Budapest, \u00dcll\u0151i \u00fat 26. K\u00f6zponti Igazgat\u00e1si \u00c9p\u00fclet fsz. 6. terem\u00a0<\/span><\/li>\n<li><span style=\"color: #000000\">Fontos! A k\u00e9pz\u00e9sen az els\u0151 20 jelentkez\u0151 tud majd r\u00e9szt venni, a tov\u00e1bbiakban v\u00e1r\u00f3list\u00e1ra ker\u00fclnek a jelentkez\u0151k, k\u00e9rj\u00fck, hogy a jelentkez\u00e9st kezelj\u00e9k felel\u0151ss\u00e9ggel! Amennyiben a jelentkez\u0151 a k\u00e9pz\u00e9st nem mondja le \u00e9s nem jelenik meg a k\u00e9pz\u00e9sen, akkor ebben a f\u00e9l\u00e9vben az Alumni \u00e1ltal szervezett k\u00e9pz\u00e9seken m\u00e1r nem vehet r\u00e9szt.<\/span><\/li>\n<\/ul>\n<p style=\"text-align: center\"><a class=\"button\" href=\"https:\/\/outlook.office.com\/book\/Kpzsek@unisemmelweis.onmicrosoft.com\/s\/Ycs_fiBf8UKqRh1YhWgjjA2?ismsaljsauthenabled\" target=\"_blank\" rel=\"noopener\">JELENTKEZ\u00c9S<\/a><\/p>\n","protected":false},"excerpt":{"rendered":"<p>A konfliktuskezel\u00e9s strat\u00e9gi\u00e1k alatt azt a hozz\u00e1\u00e1ll\u00e1st, m\u00f3dszert, viselked\u00e9st \u00e9rtj\u00fck, ahogy a\u00a0konfliktusok eset\u00e9n a leggyakoribb, legjellemz\u0151bb m\u00f3don viselked\u00fcnk. J\u00f3, ha tiszt\u00e1ban\u00a0vagyunk vele, hogy az alap konfliktuskezel\u00e9si\u00a0strat\u00e9gi\u00e1k k\u00f6z\u00fcl melyiket alkalmazzuk\u00a0leggyakrabban. Ezeknek milyen el\u0151nyei \u00e9s\u00a0h\u00e1tr\u00e1nyai vannak. Vannak olyan konfliktuskezel\u00e9s\u00a0strat\u00e9gi\u00e1k, amiket j\u00f3l tudunk alkalmazni, m\u00edg m\u00e1s\u00a0strat\u00e9gi\u00e1k fejlesztend\u0151 ter\u00fcletek. A strat\u00e9gi\u00e1k\u00a0minden esetben vagy az \u00f6n\u00e9rv\u00e9nyes\u00edt\u00e9s, vagy az\u00a0egy\u00fcttm\u0171k\u00f6d\u00e9s dimenzi\u00f3k ment\u00e9n &hellip;<\/p>\n","protected":false},"author":101947,"featured_media":38848,"parent":4874,"menu_order":0,"comment_status":"closed","ping_status":"closed","template":"template-fullwidth.php","meta":{"_acf_changed":false,"footnotes":""},"categories":[336],"tags":[],"class_list":["post-38847","page","type-page","status-publish","has-post-thumbnail","hentry","category-aktualiskepzesek"],"acf":[],"publishpress_future_action":{"enabled":false,"date":"1970-01-01 01:00:00","action":"","terms":[],"taxonomy":"","browser_timezone_offset":0},"_links":{"self":[{"href":"https:\/\/semmelweis.hu\/alumni\/wp-json\/wp\/v2\/pages\/38847","targetHints":{"allow":["GET"]}}],"collection":[{"href":"https:\/\/semmelweis.hu\/alumni\/wp-json\/wp\/v2\/pages"}],"about":[{"href":"https:\/\/semmelweis.hu\/alumni\/wp-json\/wp\/v2\/types\/page"}],"author":[{"embeddable":true,"href":"https:\/\/semmelweis.hu\/alumni\/wp-json\/wp\/v2\/users\/101947"}],"replies":[{"embeddable":true,"href":"https:\/\/semmelweis.hu\/alumni\/wp-json\/wp\/v2\/comments?post=38847"}],"version-history":[{"count":8,"href":"https:\/\/semmelweis.hu\/alumni\/wp-json\/wp\/v2\/pages\/38847\/revisions"}],"predecessor-version":[{"id":41105,"href":"https:\/\/semmelweis.hu\/alumni\/wp-json\/wp\/v2\/pages\/38847\/revisions\/41105"}],"up":[{"embeddable":true,"href":"https:\/\/semmelweis.hu\/alumni\/wp-json\/wp\/v2\/pages\/4874"}],"wp:featuredmedia":[{"embeddable":true,"href":"https:\/\/semmelweis.hu\/alumni\/wp-json\/wp\/v2\/media\/38848"}],"wp:attachment":[{"href":"https:\/\/semmelweis.hu\/alumni\/wp-json\/wp\/v2\/media?parent=38847"}],"wp:term":[{"taxonomy":"category","embeddable":true,"href":"https:\/\/semmelweis.hu\/alumni\/wp-json\/wp\/v2\/categories?post=38847"},{"taxonomy":"post_tag","embeddable":true,"href":"https:\/\/semmelweis.hu\/alumni\/wp-json\/wp\/v2\/tags?post=38847"}],"curies":[{"name":"wp","href":"https:\/\/api.w.org\/{rel}","templated":true}]}}