{"id":38843,"date":"2026-01-08T14:00:31","date_gmt":"2026-01-08T13:00:31","guid":{"rendered":"https:\/\/semmelweis.hu\/alumni\/?page_id=38843"},"modified":"2026-03-26T09:45:09","modified_gmt":"2026-03-26T08:45:09","slug":"konfliktuskezeles-elmelete-es-gyakorlata-az-egeszsegugyben-2026-marcius-4-szerda","status":"publish","type":"page","link":"https:\/\/semmelweis.hu\/alumni\/szolgaltatasok\/kepzeseink\/szemelyes-kepzeseink\/konfliktuskezeles-elmelete-es-gyakorlata-az-egeszsegugyben-2026-marcius-4-szerda\/","title":{"rendered":"Konfliktuskezel\u00e9s elm\u00e9lete \u00e9s gyakorlata az eg\u00e9szs\u00e9g\u00fcgyben 2026. j\u00fanius 1., h\u00e9tf\u0151"},"content":{"rendered":"<p><span data-olk-copy-source=\"MessageBody\"><img loading=\"lazy\" decoding=\"async\" class=\"size-medium wp-image-38844 alignright\" src=\"https:\/\/semmelweis.hu\/alumni\/files\/2026\/01\/konfliktuskezelesi-technikak-modszerek-400x267.jpeg\" alt=\"\" width=\"400\" height=\"267\" srcset=\"https:\/\/semmelweis.hu\/alumni\/files\/2026\/01\/konfliktuskezelesi-technikak-modszerek-400x267.jpeg 400w, https:\/\/semmelweis.hu\/alumni\/files\/2026\/01\/konfliktuskezelesi-technikak-modszerek-768x512.jpeg 768w, https:\/\/semmelweis.hu\/alumni\/files\/2026\/01\/konfliktuskezelesi-technikak-modszerek-753x502.jpeg 753w, https:\/\/semmelweis.hu\/alumni\/files\/2026\/01\/konfliktuskezelesi-technikak-modszerek-203x135.jpeg 203w, https:\/\/semmelweis.hu\/alumni\/files\/2026\/01\/konfliktuskezelesi-technikak-modszerek.jpeg 800w\" sizes=\"auto, (max-width: 400px) 100vw, 400px\" \/>Az eg\u00e9szs\u00e9g\u00fcgyi szervezetekben a konfliktusok megjelen\u00e9se elker\u00fclhetetlen, k\u00fcl\u00f6n\u00f6sen nagy terhel\u00e9s, id\u0151nyom\u00e1s \u00e9s hierarchikus m\u0171k\u00f6d\u00e9s mellett. A konfliktusok kezel\u00e9se nem csup\u00e1n kommunik\u00e1ci\u00f3s k\u00e9rd\u00e9s, hanem vezet\u0151i kompetencia is. A tr\u00e9ning c\u00e9lja, hogy \u00e9rthet\u0151v\u00e9 tegye a konfliktusok kialakul\u00e1s\u00e1nak h\u00e1tter\u00e9t \u00e9s m\u0171k\u00f6d\u00e9s\u00e9t eg\u00e9szs\u00e9g\u00fcgyi k\u00f6rnyezetben. A r\u00e9sztvev\u0151k megismerik a leggyakoribb konfliktust\u00edpusokat \u00e9s azok tipikus kiv\u00e1lt\u00f3 okait.<\/span><\/p>\n<p>A tr\u00e9ning gyakorlati f\u00f3kusz\u00fa megk\u00f6zel\u00edt\u00e9st alkalmaz, konkr\u00e9t eszk\u00f6z\u00f6kkel \u00e9s struktur\u00e1lt m\u00f3dszerekkel. Sz\u00f3 esik a hat\u00e1rok kijel\u00f6l\u00e9s\u00e9r\u0151l, a visszajelz\u00e9s szerep\u00e9r\u0151l \u00e9s az \u00e9rzelmek kezel\u00e9s\u00e9r\u0151l konfliktus helyzetekben. A tr\u00e9ning c\u00e9lja, hogy a vezet\u0151k a konfliktusokat ne elker\u00fclend\u0151 probl\u00e9mak\u00e9nt, hanem kezelhet\u0151, tanul\u00e1st t\u00e1mogat\u00f3 helyzetk\u00e9nt \u00e9rtelmezz\u00e9k.<\/p>\n<h3>A tr\u00e9ning jellemz\u0151i:<\/h3>\n<ul>\n<li><span style=\"color: #000000\">A tr\u00e9ning maxim\u00e1lis l\u00e9tsz\u00e1ma az interakt\u00edv forma miatt 20 f\u0151<\/span><\/li>\n<li><span style=\"color: #000000\">A r\u00e9szv\u00e9tel a Semmelweis Egyetem b\u00e1rmely v\u00e9gzett hallgat\u00f3ja sz\u00e1m\u00e1ra ingyenes, de regisztr\u00e1ci\u00f3hoz k\u00f6t\u00f6tt.<\/span><\/li>\n<li>Tr\u00e9ner: Prof. Dr. Kar\u00e1csony P\u00e9ter<\/li>\n<li><span style=\"color: #000000\"><strong>A soron k\u00f6vetkez\u0151 k\u00e9pz\u00e9s id\u0151pontja: 2026. j\u00fanius 1., h\u00e9tf\u0151 17:00-20:00<\/strong><\/span><\/li>\n<li><span style=\"color: #000000\">A tanfolyam helysz\u00edne: <strong>T\u00e1rgyal\u00f3<\/strong> 1085 Budapest \u00dcll\u0151i \u00fat 26. K\u00f6zponti Igazgat\u00e1si \u00c9p\u00fclet Fszt. 5.<\/span><\/li>\n<li><span style=\"color: #000000\">Fontos! A k\u00e9pz\u00e9sen az els\u0151 20 jelentkez\u0151 tud majd r\u00e9szt venni, a tov\u00e1bbiakban v\u00e1r\u00f3list\u00e1ra ker\u00fclnek a jelentkez\u0151k, k\u00e9rj\u00fck, hogy a jelentkez\u00e9st kezelj\u00e9k felel\u0151ss\u00e9ggel! Amennyiben a jelentkez\u0151 a k\u00e9pz\u00e9st nem mondja le \u00e9s nem jelenik meg a k\u00e9pz\u00e9sen, akkor ebben a f\u00e9l\u00e9vben az Alumni \u00e1ltal szervezett k\u00e9pz\u00e9seken m\u00e1r nem vehet r\u00e9szt.<\/span><\/li>\n<\/ul>\n<p style=\"text-align: center\"><a class=\"button\" href=\"https:\/\/outlook.office.com\/book\/Kpzsek@unisemmelweis.onmicrosoft.com\/s\/N87cQGePzUCxDSvT-sG9Cg2?ismsaljsauthenabled\" target=\"_blank\" rel=\"noopener\">JELENTKEZ\u00c9S<\/a><\/p>\n","protected":false},"excerpt":{"rendered":"<p>Az eg\u00e9szs\u00e9g\u00fcgyi szervezetekben a konfliktusok megjelen\u00e9se elker\u00fclhetetlen, k\u00fcl\u00f6n\u00f6sen nagy terhel\u00e9s, id\u0151nyom\u00e1s \u00e9s hierarchikus m\u0171k\u00f6d\u00e9s mellett. A konfliktusok kezel\u00e9se nem csup\u00e1n kommunik\u00e1ci\u00f3s k\u00e9rd\u00e9s, hanem vezet\u0151i kompetencia is. A tr\u00e9ning c\u00e9lja, hogy \u00e9rthet\u0151v\u00e9 tegye a konfliktusok kialakul\u00e1s\u00e1nak h\u00e1tter\u00e9t \u00e9s m\u0171k\u00f6d\u00e9s\u00e9t eg\u00e9szs\u00e9g\u00fcgyi k\u00f6rnyezetben. A r\u00e9sztvev\u0151k megismerik a leggyakoribb konfliktust\u00edpusokat \u00e9s azok tipikus kiv\u00e1lt\u00f3 okait. A tr\u00e9ning gyakorlati f\u00f3kusz\u00fa &hellip;<\/p>\n","protected":false},"author":101947,"featured_media":38845,"parent":4874,"menu_order":0,"comment_status":"closed","ping_status":"closed","template":"template-fullwidth.php","meta":{"_acf_changed":false,"footnotes":""},"categories":[336],"tags":[],"class_list":["post-38843","page","type-page","status-publish","has-post-thumbnail","hentry","category-aktualiskepzesek"],"acf":[],"publishpress_future_action":{"enabled":false,"date":"1970-01-01 01:00:00","action":"","terms":[],"taxonomy":"","browser_timezone_offset":0},"_links":{"self":[{"href":"https:\/\/semmelweis.hu\/alumni\/wp-json\/wp\/v2\/pages\/38843","targetHints":{"allow":["GET"]}}],"collection":[{"href":"https:\/\/semmelweis.hu\/alumni\/wp-json\/wp\/v2\/pages"}],"about":[{"href":"https:\/\/semmelweis.hu\/alumni\/wp-json\/wp\/v2\/types\/page"}],"author":[{"embeddable":true,"href":"https:\/\/semmelweis.hu\/alumni\/wp-json\/wp\/v2\/users\/101947"}],"replies":[{"embeddable":true,"href":"https:\/\/semmelweis.hu\/alumni\/wp-json\/wp\/v2\/comments?post=38843"}],"version-history":[{"count":9,"href":"https:\/\/semmelweis.hu\/alumni\/wp-json\/wp\/v2\/pages\/38843\/revisions"}],"predecessor-version":[{"id":41139,"href":"https:\/\/semmelweis.hu\/alumni\/wp-json\/wp\/v2\/pages\/38843\/revisions\/41139"}],"up":[{"embeddable":true,"href":"https:\/\/semmelweis.hu\/alumni\/wp-json\/wp\/v2\/pages\/4874"}],"wp:featuredmedia":[{"embeddable":true,"href":"https:\/\/semmelweis.hu\/alumni\/wp-json\/wp\/v2\/media\/38845"}],"wp:attachment":[{"href":"https:\/\/semmelweis.hu\/alumni\/wp-json\/wp\/v2\/media?parent=38843"}],"wp:term":[{"taxonomy":"category","embeddable":true,"href":"https:\/\/semmelweis.hu\/alumni\/wp-json\/wp\/v2\/categories?post=38843"},{"taxonomy":"post_tag","embeddable":true,"href":"https:\/\/semmelweis.hu\/alumni\/wp-json\/wp\/v2\/tags?post=38843"}],"curies":[{"name":"wp","href":"https:\/\/api.w.org\/{rel}","templated":true}]}}