{"id":38831,"date":"2026-01-08T13:46:30","date_gmt":"2026-01-08T12:46:30","guid":{"rendered":"https:\/\/semmelweis.hu\/alumni\/?page_id=38831"},"modified":"2026-03-26T09:36:55","modified_gmt":"2026-03-26T08:36:55","slug":"boldogsag-7-lepesben-1-egeszseges-onkep-autentikus-en-kepviselet-es-harmonikus-kapcsolatok-2026-januar-21-szerda","status":"publish","type":"page","link":"https:\/\/semmelweis.hu\/alumni\/szolgaltatasok\/kepzeseink\/szemelyes-kepzeseink\/boldogsag-7-lepesben-1-egeszseges-onkep-autentikus-en-kepviselet-es-harmonikus-kapcsolatok-2026-januar-21-szerda\/","title":{"rendered":"Boldogs\u00e1g 7 l\u00e9p\u00e9sben 3. &#8211;\u00a0A kiteljesed\u00e9s id\u0151korl\u00e1tai \u00a0 2026. m\u00e1jus 5., kedd"},"content":{"rendered":"<p style=\"text-align: justify\"><img loading=\"lazy\" decoding=\"async\" class=\"alignright\" src=\"https:\/\/personalguide.hu\/wp-content\/uploads\/2021\/05\/boldogsag.jpg\" alt=\"Mi a boldogs\u00e1g titka? - PersonalGuide\" width=\"429\" height=\"293\" \/>Nincs olyan ember, nincs olyan \u00e9letter\u00fclet, aki \u00e9s ahol ne lenne \u00e9rintett a boldogs\u00e1gkeres\u00e9sben. Hogy meg\u00e9rts\u00fck, ez a keres\u00e9s mennyire fontos \u00e9s milyen m\u00e9lyen \u00f6sszekapcsol\u00f3dik a szem\u00e9lyes tudatoss\u00e1g \u00e9s harm\u00f3nia, illetve a szoci\u00e1lis kapcsol\u00f3d\u00e1sok \u00e9s karrier\u00e9p\u00edt\u00e9s sikeress\u00e9g\u00e9vel, ez a 3 r\u00e9szes csoportos coaching egy olyan 7 l\u00e9p\u00e9ses m\u00f3dszertanra \u00e9p\u00fcl, mely az \u00f6nismeret, a kapcsol\u00f3d\u00e1si dilemm\u00e1k, a k\u00f6z\u00f6ss\u00e9gis\u00e9g ter\u00fcleteit vizsg\u00e1lva k\u00f6zelebb viszi a r\u00e9sztvev\u0151ket saj\u00e1t boldogs\u00e1guk \u00e9s sikeress\u00e9g\u00fck megtal\u00e1l\u00e1s\u00e1hoz. A t\u00e9m\u00e1k t\u00e1rh\u00e1za \u00e9rinti a motiv\u00e1ci\u00f3, az alap\u00e9rt\u00e9kek, a d\u00f6nt\u00e9si dilemm\u00e1k \u00e9s az id\u0151, valamint az \u00f6n\u00e9rt\u00e9kel\u00e9s, az egy\u00fcttm\u0171k\u00f6d\u00e9s \u00e9s a kapcsolati szab\u00e1lyok k\u00e9rd\u00e9sk\u00f6r\u00e9t is, mik\u00f6zben saj\u00e1t, a r\u00e9sztvev\u0151k \u00e1ltal behozott esetek, tapasztalatok \u00e9s gondolatok seg\u00edts\u00e9g\u00e9vel kalauzol v\u00e9gig a folyamaton.<\/p>\n<p style=\"text-align: justify\">A k\u00e9pz\u00e9s sorozat t\u00e9m\u00e1i egym\u00e1sra \u00e9p\u00fclnek, \u00e1m az \u00f6sszes alkalmon val\u00f3n r\u00e9szv\u00e9tel nem felt\u00e9tlen\u00fcl sz\u00fcks\u00e9ges az \u00f6sszef\u00fcgg\u00e9sek meg\u00e9rt\u00e9s\u00e9hez.<\/p>\n<h3>A tr\u00e9ning jellemz\u0151i:<\/h3>\n<ul>\n<li><span style=\"color: #000000\">A tr\u00e9ning maxim\u00e1lis l\u00e9tsz\u00e1ma az interakt\u00edv forma miatt 20 f\u0151<\/span><\/li>\n<li><span style=\"color: #000000\">A r\u00e9szv\u00e9tel a Semmelweis Egyetem b\u00e1rmely v\u00e9gzett hallgat\u00f3ja sz\u00e1m\u00e1ra ingyenes, de regisztr\u00e1ci\u00f3hoz k\u00f6t\u00f6tt.<\/span><\/li>\n<li><span style=\"color: #000000\">Tr\u00e9ner: Ant\u00f3ny Korn\u00e9lia<\/span><\/li>\n<li><span style=\"color: #000000\"><strong>A soron k\u00f6vetkez\u0151 k\u00e9pz\u00e9s id\u0151pontja: 2026. m\u00e1jus 5., kedd 17:00-20:00<\/strong><\/span><\/li>\n<li><span style=\"color: #000000\">A tanfolyam helysz\u00edne: <strong>F\u00f6ldszinti T\u00e1rgyal\u00f3 &#8211; <\/strong>1085 Budapest \u00dcll\u0151i \u00fat 26. K\u00f6zponti Igazgat\u00e1si \u00c9p\u00fclet Fszt. 5.<\/span><\/li>\n<li><span style=\"color: #000000\">Fontos! A k\u00e9pz\u00e9sen az els\u0151 20 jelentkez\u0151 tud majd r\u00e9szt venni, a tov\u00e1bbiakban v\u00e1r\u00f3list\u00e1ra ker\u00fclnek a jelentkez\u0151k, k\u00e9rj\u00fck, hogy a jelentkez\u00e9st kezelj\u00e9k felel\u0151ss\u00e9ggel! Amennyiben a jelentkez\u0151 a k\u00e9pz\u00e9st nem mondja le \u00e9s nem jelenik meg a k\u00e9pz\u00e9sen, akkor ebben a f\u00e9l\u00e9vben az Alumni \u00e1ltal szervezett k\u00e9pz\u00e9seken m\u00e1r nem vehet r\u00e9szt.<\/span><\/li>\n<\/ul>\n<p style=\"text-align: center\"><a class=\"button\" href=\"https:\/\/outlook.office.com\/book\/Kpzsek@unisemmelweis.onmicrosoft.com\/s\/qn4ZDLR5-0GrJ1aWfmHSxQ2?ismsaljsauthenabled\" target=\"_blank\" rel=\"noopener\">Jelentkez\u00e9s<\/a><\/p>\n","protected":false},"excerpt":{"rendered":"<p>Nincs olyan ember, nincs olyan \u00e9letter\u00fclet, aki \u00e9s ahol ne lenne \u00e9rintett a boldogs\u00e1gkeres\u00e9sben. Hogy meg\u00e9rts\u00fck, ez a keres\u00e9s mennyire fontos \u00e9s milyen m\u00e9lyen \u00f6sszekapcsol\u00f3dik a szem\u00e9lyes tudatoss\u00e1g \u00e9s harm\u00f3nia, illetve a szoci\u00e1lis kapcsol\u00f3d\u00e1sok \u00e9s karrier\u00e9p\u00edt\u00e9s sikeress\u00e9g\u00e9vel, ez a 3 r\u00e9szes csoportos coaching egy olyan 7 l\u00e9p\u00e9ses m\u00f3dszertanra \u00e9p\u00fcl, mely az \u00f6nismeret, a kapcsol\u00f3d\u00e1si dilemm\u00e1k, &hellip;<\/p>\n","protected":false},"author":101947,"featured_media":41100,"parent":4874,"menu_order":0,"comment_status":"closed","ping_status":"closed","template":"template-fullwidth.php","meta":{"_acf_changed":false,"footnotes":""},"categories":[336],"tags":[],"class_list":["post-38831","page","type-page","status-publish","has-post-thumbnail","hentry","category-aktualiskepzesek"],"acf":[],"publishpress_future_action":{"enabled":false,"date":"1970-01-01 01:00:00","action":"","terms":[],"taxonomy":"","browser_timezone_offset":0},"_links":{"self":[{"href":"https:\/\/semmelweis.hu\/alumni\/wp-json\/wp\/v2\/pages\/38831","targetHints":{"allow":["GET"]}}],"collection":[{"href":"https:\/\/semmelweis.hu\/alumni\/wp-json\/wp\/v2\/pages"}],"about":[{"href":"https:\/\/semmelweis.hu\/alumni\/wp-json\/wp\/v2\/types\/page"}],"author":[{"embeddable":true,"href":"https:\/\/semmelweis.hu\/alumni\/wp-json\/wp\/v2\/users\/101947"}],"replies":[{"embeddable":true,"href":"https:\/\/semmelweis.hu\/alumni\/wp-json\/wp\/v2\/comments?post=38831"}],"version-history":[{"count":5,"href":"https:\/\/semmelweis.hu\/alumni\/wp-json\/wp\/v2\/pages\/38831\/revisions"}],"predecessor-version":[{"id":41132,"href":"https:\/\/semmelweis.hu\/alumni\/wp-json\/wp\/v2\/pages\/38831\/revisions\/41132"}],"up":[{"embeddable":true,"href":"https:\/\/semmelweis.hu\/alumni\/wp-json\/wp\/v2\/pages\/4874"}],"wp:featuredmedia":[{"embeddable":true,"href":"https:\/\/semmelweis.hu\/alumni\/wp-json\/wp\/v2\/media\/41100"}],"wp:attachment":[{"href":"https:\/\/semmelweis.hu\/alumni\/wp-json\/wp\/v2\/media?parent=38831"}],"wp:term":[{"taxonomy":"category","embeddable":true,"href":"https:\/\/semmelweis.hu\/alumni\/wp-json\/wp\/v2\/categories?post=38831"},{"taxonomy":"post_tag","embeddable":true,"href":"https:\/\/semmelweis.hu\/alumni\/wp-json\/wp\/v2\/tags?post=38831"}],"curies":[{"name":"wp","href":"https:\/\/api.w.org\/{rel}","templated":true}]}}