{"id":382,"date":"2019-08-27T19:09:52","date_gmt":"2019-08-27T17:09:52","guid":{"rendered":"http:\/\/semmelweis.hu\/alumni\/?page_id=382"},"modified":"2025-09-04T13:30:12","modified_gmt":"2025-09-04T11:30:12","slug":"jogi-onvedelem-az-orvos-jogai","status":"publish","type":"page","link":"https:\/\/semmelweis.hu\/alumni\/szolgaltatasok\/kepzeseink\/online-kepzeseink\/jogi-onvedelem-az-orvos-jogai\/","title":{"rendered":"Jogi \u00f6nv\u00e9delem &#8211; Az orvos jogai"},"content":{"rendered":"<h2 style=\"text-align: center\"><strong>\u00a0Jogi \u00f6nv\u00e9delem \u2013 Az orvos jogai<\/strong><\/h2>\n<h5 style=\"text-align: center\"><strong>7 alkalmas online k\u00e9pz\u00e9s<\/strong><\/h5>\n<h5 style=\"text-align: center\"><strong>Dr. Ungv\u00e1ry Botonddal<\/strong><\/h5>\n<p>&nbsp;<\/p>\n<p style=\"text-align: justify\"><img loading=\"lazy\" decoding=\"async\" class=\"wp-image-7575 alignleft\" src=\"https:\/\/semmelweis.hu\/alumni\/files\/2023\/10\/muhiba-round-300x266-1.png\" alt=\"\" width=\"192\" height=\"170\" \/>Hogyan el\u0151zhetj\u00fck meg, hogy a beteg pereljen? Milyen \u00faton ker\u00fclhet\u0151 el, hogy b\u00edr\u00f3s\u00e1gra ker\u00fclj\u00f6n az \u00fcgy? Milyen jogai vannak az orvosnak a gy\u00f3gy\u00edt\u00e1s \u00e9s a b\u00edr\u00f3s\u00e1gi elj\u00e1r\u00e1s sor\u00e1n? Erre a probl\u00e9mak\u00f6rre igyekszem majd kiel\u00e9g\u00edt\u0151 v\u00e1laszokat \u00e9s tan\u00e1csokat adni a r\u00e9sztvev\u0151knek. A c\u00e9l az legyen, hogy a gy\u00f3gy\u00edt\u00f3 b\u00e1tran merjen gy\u00f3gy\u00edtani, ne akad\u00e1lyozza a munk\u00e1j\u00e1t a f\u00e9lelem panaszokt\u00f3l, m\u0171hibaperekt\u0151l.<\/p>\n<div dir=\"auto\">\n<div dir=\"auto\" style=\"text-align: center\">\u00a0<\/div>\n<div dir=\"auto\" style=\"text-align: center\">\u00a0<\/div>\n<\/div>\n<div dir=\"auto\">\n<h5 dir=\"auto\" style=\"text-align: center\"><strong>A tr\u00e9ning alkalmak a k\u00f6vetkez\u0151k:<\/strong><\/h5>\n<div dir=\"auto\">\n<table style=\"border-collapse: collapse;width: 100%\">\n<tbody>\n<tr>\n<td style=\"width: 100%;text-align: center\">2025. szeptember 16. 17:00 \u2013 19:00<\/td>\n<\/tr>\n<tr>\n<td style=\"width: 100%;text-align: center\">2025. szeptember 23. 17:00 \u2013 19:00<\/td>\n<\/tr>\n<tr>\n<td style=\"width: 100%;text-align: center\">2025. szeptember 30. 17:00 \u2013 19:00<\/td>\n<\/tr>\n<tr>\n<td style=\"width: 100%;text-align: center\">2025. okt\u00f3ber 7. 17:00 \u2013 19:00<\/td>\n<\/tr>\n<tr>\n<td style=\"width: 100%;text-align: center\">2025. okt\u00f3ber 14. 17:00 \u2013 19:00<\/td>\n<\/tr>\n<tr>\n<td style=\"width: 100%;text-align: center\">2025. okt\u00f3ber 21. 17:00 \u2013 19:00<\/td>\n<\/tr>\n<tr>\n<td style=\"width: 100%;text-align: center\">2025. okt\u00f3ber 28. 17:00 \u2013 19:00<\/td>\n<\/tr>\n<\/tbody>\n<\/table>\n<\/div>\n<div dir=\"auto\">\u00a0<\/div>\n<\/div>\n<div dir=\"auto\" style=\"text-align: center\"><strong>A tanfolyam online ker\u00fcl megszervez\u00e9sre.<\/strong><\/div>\n<div dir=\"auto\">\u00a0<\/div>\n<div dir=\"auto\" style=\"text-align: justify\">Minden alkalom gyakorlati p\u00e9ld\u00e1k \u00e1tbesz\u00e9l\u00e9s\u00e9t \u00e9s gyakorlati feladatok v\u00e9gz\u00e9s\u00e9t is mag\u00e1ban foglalja. Az els\u0151 k\u00e9t alkalommal sok r\u00f6vid fejezetben t\u00e1rgyaln\u00e1nk a m\u0171hiba miatti felel\u0151ss\u00e9gre von\u00e1s probl\u00e9m\u00e1it, ut\u00e1na a m\u0171hibaperek buktat\u00f3ir\u00f3l, \u00e9s a s\u00fcrg\u0151ss\u00e9gi esetek kezel\u00e9s\u00e9r\u0151l lesz sz\u00f3.<\/div>\n<div dir=\"auto\">\u00a0<\/div>\n<div dir=\"auto\"><strong>Jelentkez\u00e9si hat\u00e1rid\u0151: 2025. szeptember 11. 23:59<\/strong><\/div>\n<div dir=\"auto\"><strong>Lemond\u00e1si hat\u00e1rid\u0151: 2025. szeptember 12. 12:00<\/strong><\/div>\n<div dir=\"auto\" style=\"text-align: justify\"><strong><br \/>\n<\/strong>(A tanfolyam maxim\u00e1lis l\u00e9tsz\u00e1ma 22 f\u0151. A r\u00e9szv\u00e9tel a jelentkez\u00e9s sorrendj\u00e9ben biztos\u00edtott.<\/div>\n<div dir=\"auto\" style=\"text-align: justify\">A tanfolyam betelte ut\u00e1n e-mailben kommunik\u00e1lunk a jelentkez\u0151kkel.<\/div>\n<div dir=\"auto\" style=\"text-align: justify\">Amennyiben a jelentkez\u0151 nem mondja le a r\u00e9szv\u00e9telt \u00e9s nem jelenik meg a k\u00e9pz\u00e9sen, akkor tov\u00e1bbi tanfolyamokra nem jelentkezhet az Alumni szervez\u00e9s\u00e9ben a k\u00f6vetkez\u0151 f\u00e9l\u00e9vben.)<\/div>\n<div dir=\"auto\">\u00a0<\/div>\n<div dir=\"auto\" style=\"text-align: center\"><strong>A jelentkez\u0151k sz\u00e1ma el\u00e9rte a maxim\u00e1lis l\u00e9tsz\u00e1mot, ez\u00e9rt a regisztr\u00e1ci\u00f3 lez\u00e1rult.<\/strong><\/div>\n<h5 style=\"text-align: center\">\u00a0<\/h5>\n<div dir=\"auto\" style=\"text-align: center\">\u00a0<\/div>\n","protected":false},"excerpt":{"rendered":"<p>\u00a0Jogi \u00f6nv\u00e9delem \u2013 Az orvos jogai 7 alkalmas online k\u00e9pz\u00e9s Dr. Ungv\u00e1ry Botonddal &nbsp; Hogyan el\u0151zhetj\u00fck meg, hogy a beteg pereljen? Milyen \u00faton ker\u00fclhet\u0151 el, hogy b\u00edr\u00f3s\u00e1gra ker\u00fclj\u00f6n az \u00fcgy? Milyen jogai vannak az orvosnak a gy\u00f3gy\u00edt\u00e1s \u00e9s a b\u00edr\u00f3s\u00e1gi elj\u00e1r\u00e1s sor\u00e1n? Erre a probl\u00e9mak\u00f6rre igyekszem majd kiel\u00e9g\u00edt\u0151 v\u00e1laszokat \u00e9s tan\u00e1csokat adni a r\u00e9sztvev\u0151knek. A &hellip;<\/p>\n","protected":false},"author":101158,"featured_media":0,"parent":790,"menu_order":0,"comment_status":"closed","ping_status":"closed","template":"","meta":{"_acf_changed":false,"footnotes":""},"categories":[],"tags":[],"class_list":["post-382","page","type-page","status-publish","hentry"],"acf":[],"publishpress_future_action":{"enabled":false,"date":"1970-01-01 01:00:00","action":"","terms":[],"taxonomy":"","browser_timezone_offset":0},"_links":{"self":[{"href":"https:\/\/semmelweis.hu\/alumni\/wp-json\/wp\/v2\/pages\/382","targetHints":{"allow":["GET"]}}],"collection":[{"href":"https:\/\/semmelweis.hu\/alumni\/wp-json\/wp\/v2\/pages"}],"about":[{"href":"https:\/\/semmelweis.hu\/alumni\/wp-json\/wp\/v2\/types\/page"}],"author":[{"embeddable":true,"href":"https:\/\/semmelweis.hu\/alumni\/wp-json\/wp\/v2\/users\/101158"}],"replies":[{"embeddable":true,"href":"https:\/\/semmelweis.hu\/alumni\/wp-json\/wp\/v2\/comments?post=382"}],"version-history":[{"count":12,"href":"https:\/\/semmelweis.hu\/alumni\/wp-json\/wp\/v2\/pages\/382\/revisions"}],"predecessor-version":[{"id":30163,"href":"https:\/\/semmelweis.hu\/alumni\/wp-json\/wp\/v2\/pages\/382\/revisions\/30163"}],"up":[{"embeddable":true,"href":"https:\/\/semmelweis.hu\/alumni\/wp-json\/wp\/v2\/pages\/790"}],"wp:attachment":[{"href":"https:\/\/semmelweis.hu\/alumni\/wp-json\/wp\/v2\/media?parent=382"}],"wp:term":[{"taxonomy":"category","embeddable":true,"href":"https:\/\/semmelweis.hu\/alumni\/wp-json\/wp\/v2\/categories?post=382"},{"taxonomy":"post_tag","embeddable":true,"href":"https:\/\/semmelweis.hu\/alumni\/wp-json\/wp\/v2\/tags?post=382"}],"curies":[{"name":"wp","href":"https:\/\/api.w.org\/{rel}","templated":true}]}}