{"id":379,"date":"2019-08-27T19:05:51","date_gmt":"2019-08-27T17:05:51","guid":{"rendered":"http:\/\/semmelweis.hu\/alumni\/?page_id=379"},"modified":"2019-09-29T15:10:09","modified_gmt":"2019-09-29T13:10:09","slug":"ujraelesztes","status":"publish","type":"page","link":"https:\/\/semmelweis.hu\/alumni\/szolgaltatasok\/kepzeseink\/korabbi-kepzeseink\/ujraelesztes\/","title":{"rendered":"\u00dajra\u00e9leszt\u00e9s"},"content":{"rendered":"<p><a href=\"https:\/\/semmelweis.hu\/alumni\/files\/2019\/08\/\u00fajra\u00e9leszt\u00e9s_icon.png\"><img loading=\"lazy\" decoding=\"async\" class=\"wp-image-319 alignleft\" src=\"https:\/\/semmelweis.hu\/alumni\/files\/2019\/08\/\u00fajra\u00e9leszt\u00e9s_icon.png\" alt=\"\" width=\"272\" height=\"272\" srcset=\"https:\/\/semmelweis.hu\/alumni\/files\/2019\/08\/\u00fajra\u00e9leszt\u00e9s_icon.png 832w, https:\/\/semmelweis.hu\/alumni\/files\/2019\/08\/\u00fajra\u00e9leszt\u00e9s_icon-150x150.png 150w, https:\/\/semmelweis.hu\/alumni\/files\/2019\/08\/\u00fajra\u00e9leszt\u00e9s_icon-300x300.png 300w, https:\/\/semmelweis.hu\/alumni\/files\/2019\/08\/\u00fajra\u00e9leszt\u00e9s_icon-768x768.png 768w, https:\/\/semmelweis.hu\/alumni\/files\/2019\/08\/\u00fajra\u00e9leszt\u00e9s_icon-753x753.png 753w\" sizes=\"auto, (max-width: 272px) 100vw, 272px\" \/><\/a>Nehezen mondhatja mag\u00e1t b\u00e1rki is hitelesen eg\u00e9szs\u00e9g\u00fcgyi v\u00e9gzetts\u00e9g\u0171nek, ha nem ismeri az alapszint\u0171 \u00fajra\u00e9leszt\u00e9s (basic life support, BLS) technik\u00e1j\u00e1t. Azonban a m\u00f3dszer \u201eismerete\u201d \u00f6nmag\u00e1ban m\u00e9g nem elegend\u0151: komoly l\u00e9lekjelenl\u00e9t \u00e9s rendszeres gyakorl\u00e1s sz\u00fcks\u00e9ges ahhoz, hogy \u00e9les helyzetben is probl\u00e9ma \u00e9s hiba n\u00e9lk\u00fcl alkalmazni tudjuk.<\/p>\n<p>Term\u00e9szetesen a Semmelweis Egyetem k\u00e9pz\u00e9seiben szinte minden\u00fctt kiemelt szerepet kap a BLS oktat\u00e1s \u2013 azonban az itt szerzett tud\u00e1s az \u00e9vek sor\u00e1n megfakul, ami teljesen term\u00e9szetes. Eg\u00e9szs\u00e9g\u00fcgyi dolgoz\u00f3k k\u00f6r\u00e9ben v\u00e9gzett felm\u00e9r\u00e9sek sor\u00e1n kimutatt\u00e1k, hogy m\u00e9g a napi szinten beteg\u00e1gy mellett mozg\u00f3k eset\u00e9ben is f\u00e9l \u00e9vente kellene friss\u00edteni az \u00fajra\u00e9leszt\u00e9si ismereteket ahhoz, hogy magabiztosan k\u00e9pesek legyenek haszn\u00e1lni azt \u00e9les helyzetben. Azaz: a BLS-t nem lehet eleget gyakorolni \u00e9s ism\u00e9telni.<\/p>\n<p>Ez\u00e9rt az Aneszteziol\u00f3giai \u00e9s Intenz\u00edv Ter\u00e1pi\u00e1s Klinika oktat\u00f3ival k\u00f6z\u00f6sen egyalkalmas feln\u0151tt alapszint\u0171 BLS kurzusokat ind\u00edtunk minden semmelweises hallgat\u00f3 sz\u00e1m\u00e1ra \u2013 mert sosem tudhatod, mikor ker\u00fclsz olyan helyzetbe, amikor \u00e9letet menthet ez a tud\u00e1s!<\/p>\n<p>&nbsp;<\/p>\n<h3>A m\u0171hely sor\u00e1n:<\/h3>\n<ul>\n<li>megtanulhatod, hogyan ismerd fel a kering\u00e9smeg\u00e1ll\u00e1s jeleit,<\/li>\n<li>gyakorolhatod a seg\u00edts\u00e9gh\u00edv\u00e1s, az alapszint\u0171 \u00fajra\u00e9leszt\u00e9s \u00e9s a stabil oldalfekv\u0151 helyzet, valamint a l\u00e9g\u00fati idegentest elt\u00e1vol\u00edt\u00e1s l\u00e9p\u00e9seit,<\/li>\n<li>az \u00fajra\u00e9leszt\u00e9s sor\u00e1n k\u00e9szs\u00e9gszinten elsaj\u00e1t\u00edthatod a mellkaskompresszi\u00f3 \u00e9s az eszk\u00f6z n\u00e9lk\u00fcli l\u00e9legeztet\u00e9s technik\u00e1j\u00e1t.<\/li>\n<\/ul>\n<p>A tanfolyamot mind kezd\u0151knek, mind pedig tud\u00e1sukat felfriss\u00edteni v\u00e1gy\u00f3knak aj\u00e1nljuk!<\/p>\n<p>A m\u0171hely alapvet\u0151 jellemz\u0151i:<\/p>\n<ul>\n<li>A m\u0171hely k\u00f6r\u00fclbel\u00fcl m\u00e1sf\u00e9l \u00f3r\u00e1s.<\/li>\n<li>A k\u00e9pz\u00e9s minimum 3 f\u0151 jelentkez\u00e9s eset\u00e9n indul. Maximum l\u00e9tsz\u00e1m: 12 f\u0151.<\/li>\n<li>Eszk\u00f6zt nem kell magaddal hoznod, azonban \u00e9rdemes \u00e1tgondolnod, van-e c\u00e9lzott k\u00e9rd\u00e9sed a t\u00e9m\u00e1val kapcsolatban. Ha van, mindenk\u00e9pp tedd fel, ez\u00e1ltal m\u00e1soknak is seg\u00edtesz a r\u00e9szletek tiszt\u00e1z\u00e1s\u00e1ban.<\/li>\n<li>A m\u0171helyre hallgat\u00f3i jogviszonnyal rendelkez\u0151 semmelweises hallgat\u00f3k\u00e9nt, \u00f6regdi\u00e1kk\u00e9nt vagy egyetemi dolgoz\u00f3k\u00e9nt jelentkezhetsz.<\/li>\n<li>A m\u0171hely ingyenes.<\/li>\n<\/ul>\n<p style=\"text-align: center\"><strong>A jelentkez\u00e9s lez\u00e1rult.<\/strong><\/p>\n","protected":false},"excerpt":{"rendered":"<p><a href=\"https:\/\/semmelweis.hu\/alumni\/files\/2019\/08\/\u00fajra\u00e9leszt\u00e9s_icon.png\"><\/a> Nehezen mondhatja mag\u00e1t b\u00e1rki is hitelesen eg\u00e9szs\u00e9g\u00fcgyi v\u00e9gzetts\u00e9g\u0171nek, ha nem ismeri az alapszint\u0171 \u00fajra\u00e9leszt\u00e9s (basic life support, BLS) technik\u00e1j\u00e1t. Azonban a m\u00f3dszer \u201eismerete\u201d \u00f6nmag\u00e1ban m\u00e9g nem elegend\u0151: komoly l\u00e9lekjelenl\u00e9t \u00e9s rendszeres gyakorl\u00e1s sz\u00fcks\u00e9ges ahhoz, hogy \u00e9les helyzetben is probl\u00e9ma \u00e9s hiba n\u00e9lk\u00fcl alkalmazni tudjuk. Term\u00e9szetesen a Semmelweis Egyetem k\u00e9pz\u00e9seiben szinte minden\u00fctt kiemelt szerepet kap a &hellip;<\/p>\n","protected":false},"author":101158,"featured_media":0,"parent":789,"menu_order":0,"comment_status":"closed","ping_status":"closed","template":"","meta":{"_acf_changed":false,"footnotes":""},"categories":[],"tags":[],"class_list":["post-379","page","type-page","status-publish","hentry"],"acf":[],"publishpress_future_action":{"enabled":false,"date":"1970-01-01 01:00:00","action":"","terms":[],"taxonomy":"","browser_timezone_offset":0},"_links":{"self":[{"href":"https:\/\/semmelweis.hu\/alumni\/wp-json\/wp\/v2\/pages\/379","targetHints":{"allow":["GET"]}}],"collection":[{"href":"https:\/\/semmelweis.hu\/alumni\/wp-json\/wp\/v2\/pages"}],"about":[{"href":"https:\/\/semmelweis.hu\/alumni\/wp-json\/wp\/v2\/types\/page"}],"author":[{"embeddable":true,"href":"https:\/\/semmelweis.hu\/alumni\/wp-json\/wp\/v2\/users\/101158"}],"replies":[{"embeddable":true,"href":"https:\/\/semmelweis.hu\/alumni\/wp-json\/wp\/v2\/comments?post=379"}],"version-history":[{"count":1,"href":"https:\/\/semmelweis.hu\/alumni\/wp-json\/wp\/v2\/pages\/379\/revisions"}],"predecessor-version":[{"id":380,"href":"https:\/\/semmelweis.hu\/alumni\/wp-json\/wp\/v2\/pages\/379\/revisions\/380"}],"up":[{"embeddable":true,"href":"https:\/\/semmelweis.hu\/alumni\/wp-json\/wp\/v2\/pages\/789"}],"wp:attachment":[{"href":"https:\/\/semmelweis.hu\/alumni\/wp-json\/wp\/v2\/media?parent=379"}],"wp:term":[{"taxonomy":"category","embeddable":true,"href":"https:\/\/semmelweis.hu\/alumni\/wp-json\/wp\/v2\/categories?post=379"},{"taxonomy":"post_tag","embeddable":true,"href":"https:\/\/semmelweis.hu\/alumni\/wp-json\/wp\/v2\/tags?post=379"}],"curies":[{"name":"wp","href":"https:\/\/api.w.org\/{rel}","templated":true}]}}