{"id":376,"date":"2019-08-27T19:02:09","date_gmt":"2019-08-27T17:02:09","guid":{"rendered":"http:\/\/semmelweis.hu\/alumni\/?page_id=376"},"modified":"2019-09-29T15:07:22","modified_gmt":"2019-09-29T13:07:22","slug":"fokuszban-a-boldogsag","status":"publish","type":"page","link":"https:\/\/semmelweis.hu\/alumni\/szolgaltatasok\/kepzeseink\/korabbi-kepzeseink\/fokuszban-a-boldogsag\/","title":{"rendered":"F\u00f3kuszban a boldogs\u00e1g"},"content":{"rendered":"<p><a href=\"https:\/\/semmelweis.hu\/alumni\/files\/2019\/08\/tudatosboldogs\u00e1g.png\"><img loading=\"lazy\" decoding=\"async\" class=\" wp-image-318 alignleft\" src=\"https:\/\/semmelweis.hu\/alumni\/files\/2019\/08\/tudatosboldogs\u00e1g-1024x1024.png\" alt=\"\" width=\"174\" height=\"174\" srcset=\"https:\/\/semmelweis.hu\/alumni\/files\/2019\/08\/tudatosboldogs\u00e1g-1024x1024.png 1024w, https:\/\/semmelweis.hu\/alumni\/files\/2019\/08\/tudatosboldogs\u00e1g-150x150.png 150w, https:\/\/semmelweis.hu\/alumni\/files\/2019\/08\/tudatosboldogs\u00e1g-300x300.png 300w, https:\/\/semmelweis.hu\/alumni\/files\/2019\/08\/tudatosboldogs\u00e1g-768x768.png 768w, https:\/\/semmelweis.hu\/alumni\/files\/2019\/08\/tudatosboldogs\u00e1g-753x753.png 753w, https:\/\/semmelweis.hu\/alumni\/files\/2019\/08\/tudatosboldogs\u00e1g.png 1287w\" sizes=\"auto, (max-width: 174px) 100vw, 174px\" \/><\/a>Mindannyian a boldogs\u00e1got keress\u00fck, azonban ez a XXI. sz\u00e1zad elej\u00e9n nem is olyan k\u00f6nny\u0171 feladat. Vagy m\u00e9gis? Ez a m\u0171hely az\u00e9rt j\u00f6tt l\u00e9tre, hogy gyakorlati tapasztalatok ment\u00e9n inform\u00e1ci\u00f3t adjon arr\u00f3l, mit mondanak a leg\u00fajabb kutat\u00e1sok a boldogs\u00e1gr\u00f3l.<br \/>\nEgy nehezen megfoghat\u00f3 t\u00e9ma, gyakorlatiasan, mell\u00e9besz\u00e9l\u00e9s n\u00e9lk\u00fcl.<br \/>\nM\u0171hely\u00fcnk olyan tud\u00e1ssal szeretn\u00e9 felruh\u00e1zni r\u00e9sztvev\u0151it, amellyel azok h\u00e9tk\u00f6znapi \u00e9let\u00fckben olyan d\u00f6nt\u00e9seket hozhatnak, melyek egy kiegyens\u00falyozott, harmonikus \u00e1llapot fel\u00e9 vezetnek. Ezt \u00fagy h\u00edvjuk, boldogs\u00e1g.<\/p>\n<p>Egy nehezen megfoghat\u00f3 t\u00e9m\u00e1t szeretn\u00e9nk tudom\u00e1nyos kutat\u00e1sokra alapozva megfoghat\u00f3v\u00e1 tenni. Az interakt\u00edv m\u0171hely jelent\u0151s r\u00e9sz\u00e9t saj\u00e1t-\u00e9lm\u00e9ny gyakorlatok t\u00f6ltik ki, ezekb\u0151l akkor tudsz legink\u00e1bb profit\u00e1lni, ha akt\u00edvan, legjobb tud\u00e1sod szerint veszel r\u00e9szt rajtuk.<br \/>\nEgy j\u00f3 hangulat\u00fa, laza est\u00e9vel k\u00e9sz\u00fcl\u00fcnk nektek, mely sor\u00e1n a h\u00e9tk\u00f6znapi \u00e9letbe \u00e1tvihet\u0151 tapasztalatok gy\u0171jt\u00e9s\u00e9re van lehet\u0151s\u00e9getek. K\u00e9sz\u00fcljetek nyitott besz\u00e9lget\u00e9sekre, interakt\u00edv p\u00e1rbesz\u00e9dekre, j\u00f3 \u00e9lm\u00e9nyekre. Ne k\u00e9sz\u00fcljetek Coelho id\u00e9zetekre.<\/p>\n<div>K\u00e9rlek a m\u0171helyre \u00fagy \u00e9rkezz, hogy a telefonodon vagy kinyomtatva (m\u00e9g jobb, ha elk\u00fcld\u00f6d az\u00a0<a href=\"mailto:adamtorok.md@gmail.com\" target=\"_blank\" rel=\"noopener noreferrer\">adamtorok.md@gmail.com<\/a>\u00a0c\u00edmre) hozd el egy \u00e1ltalad boldognak gondolt szem\u00e9ly k\u00e9p\u00e9t. \u0150 lehet h\u00edress\u00e9g, filmkarakter, rokon, bar\u00e1t, l\u00e9tez\u0151, vagy fikt\u00edv szem\u00e9ly.<\/div>\n<div><\/div>\n<h3>Mir\u0151l lesz sz\u00f3 a F\u00f3kuszban a boldogs\u00e1g m\u0171helyen?<\/h3>\n<div>\n<ul>\n<li>Mit mondanak a leg\u00fajabb kutat\u00e1sok a boldogs\u00e1gr\u00f3l?<\/li>\n<li>Mi nehez\u00edti az el\u00e9r\u00e9s\u00e9t a XXI. sz\u00e1zadban?<\/li>\n<li>Mennyiben f\u00fcgg a boldogs\u00e1g az anyagi javakt\u00f3l?<\/li>\n<li>Van-e tart\u00f3s boldogs\u00e1g?<\/li>\n<li>Milyen tulajdons\u00e1gaik vannak a magukat boldognak tart\u00f3 embereknek?<\/li>\n<\/ul>\n<\/div>\n<h3>A m\u0171hely alapvet\u0151 jellemz\u0151i:<\/h3>\n<div>\n<ul>\n<li>Ez egy kiscsoportos strukt\u00far\u00e1val m\u0171k\u00f6d\u0151 workshop. \u00cdgy minden r\u00e9sztvev\u0151 aktivit\u00e1s\u00e1ra sz\u00e1m\u00edtunk.<\/li>\n<li>A m\u0171hely rendszerint k\u00e9t \u00e9s f\u00e9l-h\u00e1rom \u00f3r\u00e1s, k\u00f6zben sz\u00fcnetet tartunk.<\/li>\n<li>\n<div>A k\u00e9pz\u00e9s minimum 5 f\u0151 jelentkez\u00e9s eset\u00e9n indul. Maximum 15 f\u0151 jelentkez\u00e9s\u00e9t tudjuk fogadni.<\/div>\n<\/li>\n<li>A fent le\u00edrt k\u00e9pen k\u00edv\u00fcl m\u00e1st nem kell hoznod.<\/li>\n<li>A m\u0171helyre hallgat\u00f3i jogviszonnyal rendelkez\u0151 semmelweises hallgat\u00f3k\u00e9nt jelentkezhetsz.<\/li>\n<li>A m\u0171hely ingyenes.<\/li>\n<\/ul>\n<p style=\"text-align: center\"><strong>A jelentkez\u00e9s lez\u00e1rult.<\/strong><\/p>\n<\/div>\n","protected":false},"excerpt":{"rendered":"<p><a href=\"https:\/\/semmelweis.hu\/alumni\/files\/2019\/08\/tudatosboldogs\u00e1g.png\"><\/a> Mindannyian a boldogs\u00e1got keress\u00fck, azonban ez a XXI. sz\u00e1zad elej\u00e9n nem is olyan k\u00f6nny\u0171 feladat. Vagy m\u00e9gis? Ez a m\u0171hely az\u00e9rt j\u00f6tt l\u00e9tre, hogy gyakorlati tapasztalatok ment\u00e9n inform\u00e1ci\u00f3t adjon arr\u00f3l, mit mondanak a leg\u00fajabb kutat\u00e1sok a boldogs\u00e1gr\u00f3l. Egy nehezen megfoghat\u00f3 t\u00e9ma, gyakorlatiasan, mell\u00e9besz\u00e9l\u00e9s n\u00e9lk\u00fcl. M\u0171hely\u00fcnk olyan tud\u00e1ssal szeretn\u00e9 felruh\u00e1zni r\u00e9sztvev\u0151it, amellyel azok h\u00e9tk\u00f6znapi \u00e9let\u00fckben olyan &hellip;<\/p>\n","protected":false},"author":101158,"featured_media":0,"parent":789,"menu_order":0,"comment_status":"closed","ping_status":"closed","template":"","meta":{"_acf_changed":false,"footnotes":""},"categories":[],"tags":[],"class_list":["post-376","page","type-page","status-publish","hentry"],"acf":[],"publishpress_future_action":{"enabled":false,"date":"1970-01-01 01:00:00","action":"","terms":[],"taxonomy":"","browser_timezone_offset":0},"_links":{"self":[{"href":"https:\/\/semmelweis.hu\/alumni\/wp-json\/wp\/v2\/pages\/376","targetHints":{"allow":["GET"]}}],"collection":[{"href":"https:\/\/semmelweis.hu\/alumni\/wp-json\/wp\/v2\/pages"}],"about":[{"href":"https:\/\/semmelweis.hu\/alumni\/wp-json\/wp\/v2\/types\/page"}],"author":[{"embeddable":true,"href":"https:\/\/semmelweis.hu\/alumni\/wp-json\/wp\/v2\/users\/101158"}],"replies":[{"embeddable":true,"href":"https:\/\/semmelweis.hu\/alumni\/wp-json\/wp\/v2\/comments?post=376"}],"version-history":[{"count":1,"href":"https:\/\/semmelweis.hu\/alumni\/wp-json\/wp\/v2\/pages\/376\/revisions"}],"predecessor-version":[{"id":377,"href":"https:\/\/semmelweis.hu\/alumni\/wp-json\/wp\/v2\/pages\/376\/revisions\/377"}],"up":[{"embeddable":true,"href":"https:\/\/semmelweis.hu\/alumni\/wp-json\/wp\/v2\/pages\/789"}],"wp:attachment":[{"href":"https:\/\/semmelweis.hu\/alumni\/wp-json\/wp\/v2\/media?parent=376"}],"wp:term":[{"taxonomy":"category","embeddable":true,"href":"https:\/\/semmelweis.hu\/alumni\/wp-json\/wp\/v2\/categories?post=376"},{"taxonomy":"post_tag","embeddable":true,"href":"https:\/\/semmelweis.hu\/alumni\/wp-json\/wp\/v2\/tags?post=376"}],"curies":[{"name":"wp","href":"https:\/\/api.w.org\/{rel}","templated":true}]}}