{"id":373,"date":"2019-08-27T18:59:06","date_gmt":"2019-08-27T16:59:06","guid":{"rendered":"http:\/\/semmelweis.hu\/alumni\/?page_id=373"},"modified":"2019-09-29T15:09:54","modified_gmt":"2019-09-29T13:09:54","slug":"temperamentum-disc-alapu-szemelyisegtipusok","status":"publish","type":"page","link":"https:\/\/semmelweis.hu\/alumni\/szolgaltatasok\/kepzeseink\/korabbi-kepzeseink\/temperamentum-disc-alapu-szemelyisegtipusok\/","title":{"rendered":"Temperamentum &#8211; DISC alap\u00fa szem\u00e9lyis\u00e9gt\u00edpusok"},"content":{"rendered":"<p><a href=\"https:\/\/semmelweis.hu\/alumni\/files\/2019\/08\/disc_icon.png\"><img loading=\"lazy\" decoding=\"async\" class=\"wp-image-310 alignleft\" src=\"https:\/\/semmelweis.hu\/alumni\/files\/2019\/08\/disc_icon.png\" alt=\"\" width=\"335\" height=\"334\" srcset=\"https:\/\/semmelweis.hu\/alumni\/files\/2019\/08\/disc_icon.png 990w, https:\/\/semmelweis.hu\/alumni\/files\/2019\/08\/disc_icon-150x150.png 150w, https:\/\/semmelweis.hu\/alumni\/files\/2019\/08\/disc_icon-300x300.png 300w, https:\/\/semmelweis.hu\/alumni\/files\/2019\/08\/disc_icon-768x768.png 768w, https:\/\/semmelweis.hu\/alumni\/files\/2019\/08\/disc_icon-753x753.png 753w\" sizes=\"auto, (max-width: 335px) 100vw, 335px\" \/><\/a>Hogyan viselkedsz \u00e9s reag\u00e1lsz stresszhelyzetben? Csapatmunka sor\u00e1n? A p\u00e1rkapcsolatodban? Csal\u00e1ddal, bar\u00e1tokkal meg\u00e9lt boldog, szomor\u00fa vagy \u00e9ppen fesz\u00fclt helyzetekben? Ha v\u00e1ltoztathatn\u00e1l a m\u0171k\u00f6d\u00e9seden, mihez fogn\u00e1l el\u0151sz\u00f6r?<\/p>\n<p>A szem\u00e9lyis\u00e9gtesztek napjainkban egyre elterjedtebb m\u00e1r a munkahelyi interj\u00fakon, felv\u00e9teli vizsgaszitu\u00e1ci\u00f3kon is. Napjainkban egy\u00e9rtelm\u0171, hogy a magas elv\u00e1r\u00e1sokat t\u00e1maszt\u00f3 munk\u00e1ltat\u00f3 m\u00e1r nem csak j\u00f3 szakembereket keres \u2013 hanem csapatj\u00e1t\u00e9kosokat vagy vezet\u0151ket, j\u00f3 kommunik\u00e1torokat, mozgat\u00f3rug\u00f3k\u00e9nt m\u0171k\u00f6d\u0151 alkalmazottakat, t\u00fcrelmes \u00e9s asszert\u00edv embereket. \u00c9ppen ez\u00e9rt ma m\u00e1r kifejezetten fontos figyelmet ford\u00edtanod a tanulm\u00e1nyaid mellett \u00f6nmagad (pszichol\u00f3giai, lelki) fejleszt\u00e9s\u00e9re is. Persze az el\u0151bb felsorolt elv\u00e1r\u00e1soknak egy\u00e1ltal\u00e1n nem (csak) az\u00e9rt \u00e9rdemes eleget tenned, hogy megkapj egy \u00e1ll\u00e1st \u2013 az \u00f6nismeret az \u00e9leted legk\u00fcl\u00f6nb\u00f6z\u0151bb ter\u00fcleteire lehet pozit\u00edv, sokszor ak\u00e1r sorsford\u00edt\u00f3 hat\u00e1ssal. \u00d6nmagad fejleszt\u00e9s\u00e9hez az els\u0151 l\u00e9p\u00e9s pedig a megismer\u00e9s.<\/p>\n<p>Napjainkban szem\u00e9lyis\u00e9gtesztek v\u00e9gtelen soran kering az interneten, azonban nem mindegy, melyiket \u00e9s hogyan t\u00f6lt\u00f6d ki (p\u00e9ld\u00e1ul az egyik legn\u00e9pszer\u0171bb tesztr\u0151l, a Myers-Briggs tesztr\u0151l, vagy r\u00f6vid\u00edtve MBTI-r\u00f3l is \u00e9vek \u00f3ta kimutatt\u00e1k, hogy nem ad val\u00f3ban megb\u00edzhat\u00f3 eredm\u00e9nyeket). Az el\u0151bbivel szemben viszont k\u00f6zkedvelt \u00e9s megbecs\u00fclt teszt a DISC, amelynek vil\u00e1g\u00e1ba most betekint\u00e9st nyerhetsz m\u0171hely\u00fcnk\u00f6n.<\/p>\n<p><strong>Fontos:<\/strong>\u00a0a m\u0171hely nem hivatott a l\u00e9lek legm\u00e9lyebb bugyrait f\u00fcrk\u00e9szni \u00e9s kiz\u00e1rt, hogy azt firtassuk, kinek milyen m\u00e9ly lelki gy\u00f6kerekb\u0151l fejl\u0151d\u00f6tt a szem\u00e9lyis\u00e9ge. A m\u0171hely c\u00e9lja az, hogy egy olyan eszk\u00f6zt adjon a kezedbe, amit azt\u00e1n magabiztosan haszn\u00e1lhatsz saj\u00e1t szem\u00e9lyis\u00e9gt\u00edpusod meg- \u00e9s felismer\u00e9s\u00e9re, elfogad\u00e1s\u00e1ra, \u00e9s\/vagy fejleszt\u00e9s\u00e9re.<\/p>\n<h3>A m\u0171hely v\u00e1rhat\u00f3 elemei:<\/h3>\n<ul>\n<li>a szem\u00e9lyis\u00e9gtesztek bemutat\u00e1sa<\/li>\n<li>a teszt kit\u00f6lt\u00e9se, ki\u00e9rt\u00e9kel\u00e9se<\/li>\n<li>az egyes t\u00edpusok megismer\u00e9se<\/li>\n<li>az alapos \u00f6nismeret el\u0151nyei a munk\u00e1ban, csapatban \u00e9s mag\u00e1n\u00e9letben<\/li>\n<li>bevezet\u00e9s az asszertivit\u00e1s vil\u00e1g\u00e1ba<\/li>\n<li>a felmer\u00fcl\u0151 k\u00e9rd\u00e9sek megbesz\u00e9l\u00e9se<\/li>\n<\/ul>\n<h3><\/h3>\n<h3>A m\u0171hely alapvet\u0151 jellemz\u0151i:<\/h3>\n<ul>\n<li>A m\u0171hely k\u00f6r\u00fclbel\u00fcl h\u00e1rom \u00f3r\u00e1s, \u00e1ltal\u00e1ban k\u00e9t sz\u00fcnettel.<\/li>\n<li>\n<div>A k\u00e9pz\u00e9s minimum 5 f\u0151 jelentkez\u00e9s eset\u00e9n indul. Maximum 12 f\u0151 jelentkez\u00e9s\u00e9t tudjuk fogadni.<\/div>\n<\/li>\n<li>Eszk\u00f6zt nem kell magaddal hoznod, azonban \u00e9rdemes \u00e1tgondolnod, van-e c\u00e9lzott k\u00e9rd\u00e9sd a t\u00e9m\u00e1val kapcsolatban. Ha van, mindenk\u00e9pp tedd fel, ez\u00e1ltal m\u00e1soknak is seg\u00edtesz a r\u00e9szletek tiszt\u00e1z\u00e1s\u00e1ban.<\/li>\n<li>A m\u0171helyre hallgat\u00f3i jogviszonnyal rendelkez\u0151 semmelweises hallgat\u00f3k\u00e9nt jelentkezhetsz.<\/li>\n<li>A m\u0171hely ingyenes.<\/li>\n<\/ul>\n<p style=\"text-align: center\"><strong>A jelentkez\u00e9s lez\u00e1rult.<\/strong><\/p>\n","protected":false},"excerpt":{"rendered":"<p><a href=\"https:\/\/semmelweis.hu\/alumni\/files\/2019\/08\/disc_icon.png\"><\/a> Hogyan viselkedsz \u00e9s reag\u00e1lsz stresszhelyzetben? Csapatmunka sor\u00e1n? A p\u00e1rkapcsolatodban? Csal\u00e1ddal, bar\u00e1tokkal meg\u00e9lt boldog, szomor\u00fa vagy \u00e9ppen fesz\u00fclt helyzetekben? Ha v\u00e1ltoztathatn\u00e1l a m\u0171k\u00f6d\u00e9seden, mihez fogn\u00e1l el\u0151sz\u00f6r? A szem\u00e9lyis\u00e9gtesztek napjainkban egyre elterjedtebb m\u00e1r a munkahelyi interj\u00fakon, felv\u00e9teli vizsgaszitu\u00e1ci\u00f3kon is. Napjainkban egy\u00e9rtelm\u0171, hogy a magas elv\u00e1r\u00e1sokat t\u00e1maszt\u00f3 munk\u00e1ltat\u00f3 m\u00e1r nem csak j\u00f3 szakembereket keres \u2013 hanem csapatj\u00e1t\u00e9kosokat vagy &hellip;<\/p>\n","protected":false},"author":101158,"featured_media":0,"parent":789,"menu_order":0,"comment_status":"closed","ping_status":"closed","template":"","meta":{"_acf_changed":false,"footnotes":""},"categories":[],"tags":[],"class_list":["post-373","page","type-page","status-publish","hentry"],"acf":[],"publishpress_future_action":{"enabled":false,"date":"1970-01-01 01:00:00","action":"","terms":[],"taxonomy":"","browser_timezone_offset":0},"_links":{"self":[{"href":"https:\/\/semmelweis.hu\/alumni\/wp-json\/wp\/v2\/pages\/373","targetHints":{"allow":["GET"]}}],"collection":[{"href":"https:\/\/semmelweis.hu\/alumni\/wp-json\/wp\/v2\/pages"}],"about":[{"href":"https:\/\/semmelweis.hu\/alumni\/wp-json\/wp\/v2\/types\/page"}],"author":[{"embeddable":true,"href":"https:\/\/semmelweis.hu\/alumni\/wp-json\/wp\/v2\/users\/101158"}],"replies":[{"embeddable":true,"href":"https:\/\/semmelweis.hu\/alumni\/wp-json\/wp\/v2\/comments?post=373"}],"version-history":[{"count":1,"href":"https:\/\/semmelweis.hu\/alumni\/wp-json\/wp\/v2\/pages\/373\/revisions"}],"predecessor-version":[{"id":374,"href":"https:\/\/semmelweis.hu\/alumni\/wp-json\/wp\/v2\/pages\/373\/revisions\/374"}],"up":[{"embeddable":true,"href":"https:\/\/semmelweis.hu\/alumni\/wp-json\/wp\/v2\/pages\/789"}],"wp:attachment":[{"href":"https:\/\/semmelweis.hu\/alumni\/wp-json\/wp\/v2\/media?parent=373"}],"wp:term":[{"taxonomy":"category","embeddable":true,"href":"https:\/\/semmelweis.hu\/alumni\/wp-json\/wp\/v2\/categories?post=373"},{"taxonomy":"post_tag","embeddable":true,"href":"https:\/\/semmelweis.hu\/alumni\/wp-json\/wp\/v2\/tags?post=373"}],"curies":[{"name":"wp","href":"https:\/\/api.w.org\/{rel}","templated":true}]}}