{"id":3723,"date":"2021-04-29T07:38:18","date_gmt":"2021-04-29T05:38:18","guid":{"rendered":"https:\/\/semmelweis.hu\/alumni\/?page_id=3723"},"modified":"2022-01-17T14:42:11","modified_gmt":"2022-01-17T13:42:11","slug":"dpr-adminisztrativ-adatbazisok-egyesitese-2020","status":"publish","type":"page","link":"https:\/\/semmelweis.hu\/alumni\/alumni-halozat\/diplomas-palyakovetesi-rendszer\/dpr-adminisztrativ-adatbazisok-egyesitese-2020\/","title":{"rendered":"DPR adminisztrat\u00edv adatb\u00e1zisok egyes\u00edt\u00e9se 2020"},"content":{"rendered":"\n<!-- iframe plugin v.4.9 wordpress.org\/plugins\/iframe\/ -->\n<iframe loading=\"lazy\" src=\"https:\/\/drive.google.com\/file\/d\/1II8ZXfQlxipT1FU7DiFpqH2loDbSXOUg\/preview\" width=\"100%\" height=\"480\" scrolling=\"yes\" class=\"iframe-class\" frameborder=\"0\"><\/iframe>\n\n","protected":false},"excerpt":{"rendered":"","protected":false},"author":101158,"featured_media":0,"parent":809,"menu_order":0,"comment_status":"closed","ping_status":"closed","template":"template-fullwidth.php","meta":{"_acf_changed":false,"footnotes":""},"categories":[],"tags":[],"class_list":["post-3723","page","type-page","status-publish","hentry"],"acf":[],"publishpress_future_action":{"enabled":false,"date":"1970-01-01 01:00:00","action":"","terms":[],"taxonomy":"","browser_timezone_offset":0},"_links":{"self":[{"href":"https:\/\/semmelweis.hu\/alumni\/wp-json\/wp\/v2\/pages\/3723","targetHints":{"allow":["GET"]}}],"collection":[{"href":"https:\/\/semmelweis.hu\/alumni\/wp-json\/wp\/v2\/pages"}],"about":[{"href":"https:\/\/semmelweis.hu\/alumni\/wp-json\/wp\/v2\/types\/page"}],"author":[{"embeddable":true,"href":"https:\/\/semmelweis.hu\/alumni\/wp-json\/wp\/v2\/users\/101158"}],"replies":[{"embeddable":true,"href":"https:\/\/semmelweis.hu\/alumni\/wp-json\/wp\/v2\/comments?post=3723"}],"version-history":[{"count":5,"href":"https:\/\/semmelweis.hu\/alumni\/wp-json\/wp\/v2\/pages\/3723\/revisions"}],"predecessor-version":[{"id":5061,"href":"https:\/\/semmelweis.hu\/alumni\/wp-json\/wp\/v2\/pages\/3723\/revisions\/5061"}],"up":[{"embeddable":true,"href":"https:\/\/semmelweis.hu\/alumni\/wp-json\/wp\/v2\/pages\/809"}],"wp:attachment":[{"href":"https:\/\/semmelweis.hu\/alumni\/wp-json\/wp\/v2\/media?parent=3723"}],"wp:term":[{"taxonomy":"category","embeddable":true,"href":"https:\/\/semmelweis.hu\/alumni\/wp-json\/wp\/v2\/categories?post=3723"},{"taxonomy":"post_tag","embeddable":true,"href":"https:\/\/semmelweis.hu\/alumni\/wp-json\/wp\/v2\/tags?post=3723"}],"curies":[{"name":"wp","href":"https:\/\/api.w.org\/{rel}","templated":true}]}}