{"id":365,"date":"2019-08-27T18:52:00","date_gmt":"2019-08-27T16:52:00","guid":{"rendered":"http:\/\/semmelweis.hu\/alumni\/?page_id=365"},"modified":"2019-09-29T15:09:16","modified_gmt":"2019-09-29T13:09:16","slug":"szakdolgozatiras","status":"publish","type":"page","link":"https:\/\/semmelweis.hu\/alumni\/szolgaltatasok\/kepzeseink\/korabbi-kepzeseink\/szakdolgozatiras\/","title":{"rendered":"Szakdolgozat\u00edr\u00e1s"},"content":{"rendered":"<p><a href=\"https:\/\/semmelweis.hu\/alumni\/files\/2019\/08\/szakdolgozat_icon.png\"><img loading=\"lazy\" decoding=\"async\" class=\"wp-image-316 alignleft\" src=\"https:\/\/semmelweis.hu\/alumni\/files\/2019\/08\/szakdolgozat_icon-1024x1024.png\" alt=\"\" width=\"235\" height=\"234\" srcset=\"https:\/\/semmelweis.hu\/alumni\/files\/2019\/08\/szakdolgozat_icon-1024x1024.png 1024w, https:\/\/semmelweis.hu\/alumni\/files\/2019\/08\/szakdolgozat_icon-150x150.png 150w, https:\/\/semmelweis.hu\/alumni\/files\/2019\/08\/szakdolgozat_icon-300x300.png 300w, https:\/\/semmelweis.hu\/alumni\/files\/2019\/08\/szakdolgozat_icon-768x768.png 768w, https:\/\/semmelweis.hu\/alumni\/files\/2019\/08\/szakdolgozat_icon-753x753.png 753w, https:\/\/semmelweis.hu\/alumni\/files\/2019\/08\/szakdolgozat_icon.png 1050w\" sizes=\"auto, (max-width: 235px) 100vw, 235px\" \/><\/a>Ahogy rengeteg minden m\u00e1snak, a szakdolgozat\u00edr\u00e1snak is megvan a saj\u00e1t m\u00f3dszertana. Meglep\u0151 lehet, de a legrosszabb dolog, amit tehetsz, ha \u201eegyszer\u0171en csak elkezded \u00edrni\u201d. Ehelyett sokkal ink\u00e1bb sz\u00e1m\u00edt egy j\u00f3l fel\u00e9p\u00edtett terv \u00e9s v\u00e1zlat;\u00a0egy \u00e1tgondolt szerkezet \u00e9s n\u00e9h\u00e1ny olyan tan\u00e1cs, amelynek k\u00f6sz\u00f6nhet\u0151en nem kell ut\u00f3lag \u00f3r\u00e1kon kereszt\u00fcl kozmetik\u00e1znod \u00e9s \u00e1tszerkesztened a sokoldalas sz\u00f6veged.<\/p>\n<p>A szakdolgozat m\u0171hely egyik legnagyobb el\u0151nye, hogy olyan \u00e1ll\u00edtottuk \u00f6ssze, akik magunk is meg\u00edrtunk m\u00e1r nem is egy szakdolgozatot, s\u0151t, a saj\u00e1tunk mellett rendszeresen jav\u00edtunk semmelweises munk\u00e1kat. Ennek k\u00f6sz\u00f6nhet\u0151en sz\u00e1mos olyan visszat\u00e9r\u0151 hib\u00e1t fedezt\u00fcnk fel, amelyek kiker\u00fcl\u00e9s\u00e9vel \u00e9lb\u0151l sz\u00ednvonalas, j\u00f3l szerkesztett, ez\u00e1ltal j\u00f3l k\u00f6vethet\u0151 dolgozatot \u00edrhatsz \u2013 ami a z\u00e1loga a pozit\u00edv b\u00edr\u00e1latnak. Persze a munka \u00e9rdemi r\u00e9sz\u00e9t csakis Te teheted bele, mi azonban seg\u00edthet\u00fcnk, hogy a belefektetett \u00f3r\u00e1id val\u00f3ban \u00e9rdemben hasznosuljanak, \u00e9s ne az \u00edr\u00e1s k\u00f6zep\u00e9n vagy v\u00e9g\u00e9n (pl\u00e1ne nehogy a b\u00edr\u00e1lat olvas\u00e1sakor) j\u00f6jj r\u00e1, hogy alapjaiban m\u00e1shogy kellett volna elindulnod.<\/p>\n<p>Mir\u0151l besz\u00e9l\u00fcnk a szakdolgozat m\u0171helyen?<\/p>\n<ul>\n<li>Hogyan v\u00e1lassz sz\u00e1modra legt\u00f6bb el\u0151nyt hoz\u00f3 szakdolgozat t\u00e9m\u00e1t?<\/li>\n<li>Mire figyelj a szakdolgozati t\u00e9mavezet\u0151ddel kapcsolatban?<\/li>\n<li>Hogyan tervezd meg a szakdolgozatod meg\u00edr\u00e1s\u00e1t?<\/li>\n<li>Milyen alapvet\u0151 r\u00e9szekb\u0151l \u00e1ll egy szakdolgozat \u00e9s mire figyelj azok meg\u00edr\u00e1sakor?<\/li>\n<li>Melyek azok a szerkeszt\u00e9si praktik\u00e1k, amelyek rendszerint nincsenek benne az \u00fatmutat\u00f3kban, m\u00e9gis fontosak?<\/li>\n<li>Hogyan kutass alapvet\u0151 irodalmat a szakdolgozatodhoz?<\/li>\n<li>Milyen hib\u00e1kat ker\u00fclj el, amelyeket rendszeresen elk\u00f6vetnek szakdolgozat-\u00edr\u00f3k?<\/li>\n<\/ul>\n<h3>A m\u0171hely alapvet\u0151 jellemz\u0151i:<\/h3>\n<ul>\n<li>A m\u0171hely rendszerint m\u00e1sf\u00e9l-k\u00e9t \u00f3r\u00e1s, sz\u00fcnet n\u00e9lk\u00fcl megy le.<\/li>\n<li>A hagyom\u00e1nyos m\u0171helyeinkt\u0151l elt\u00e9r\u0151en ink\u00e1bb interakt\u00edv el\u0151ad\u00e1s jelleg\u0171.<\/li>\n<li>A r\u00e9sztvev\u0151k sz\u00e1ma korl\u00e1tlan, az \u00fcl\u0151helyek sz\u00e1ma viszont v\u00e9ges, ez\u00e9rt \u00e9rdemes id\u0151ben \u00e9rkezni.<\/li>\n<li>Eszk\u00f6zt nem kell magaddal hoznod, azonban \u00e9rdemes \u00e1tgondolnod, van-e c\u00e9lzott k\u00e9rd\u00e9sd a t\u00e9m\u00e1val kapcsolatban. Ha van, mindenk\u00e9pp tedd fel, ez\u00e1ltal m\u00e1soknak is seg\u00edtesz a r\u00e9szletek tiszt\u00e1z\u00e1s\u00e1ban.<\/li>\n<li>A m\u0171hely anyaga gyakorlati tapasztalatok alapj\u00e1n ker\u00fclt kialak\u00edt\u00e1sra, ez\u00e9rt tartalmaz szubjekt\u00edv megl\u00e1t\u00e1sokat a m\u0171helytart\u00f3k r\u00e9sz\u00e9r\u0151l.<\/li>\n<li>A tippek jellege miatt a m\u0171hely anyag\u00e1t nem adjuk ki sem el\u0151tte, sem ut\u00e1na, azonban szabadon jegyzetelhetsz a teljes id\u0151tartam alatt.<\/li>\n<\/ul>\n<p>&nbsp;<\/p>\n<p style=\"text-align: center\"><strong>A jelentkez\u00e9si id\u0151szak lez\u00e1rult.<\/strong><\/p>\n","protected":false},"excerpt":{"rendered":"<p><a href=\"https:\/\/semmelweis.hu\/alumni\/files\/2019\/08\/szakdolgozat_icon.png\"><\/a> Ahogy rengeteg minden m\u00e1snak, a szakdolgozat\u00edr\u00e1snak is megvan a saj\u00e1t m\u00f3dszertana. Meglep\u0151 lehet, de a legrosszabb dolog, amit tehetsz, ha \u201eegyszer\u0171en csak elkezded \u00edrni\u201d. Ehelyett sokkal ink\u00e1bb sz\u00e1m\u00edt egy j\u00f3l fel\u00e9p\u00edtett terv \u00e9s v\u00e1zlat;\u00a0egy \u00e1tgondolt szerkezet \u00e9s n\u00e9h\u00e1ny olyan tan\u00e1cs, amelynek k\u00f6sz\u00f6nhet\u0151en nem kell ut\u00f3lag \u00f3r\u00e1kon kereszt\u00fcl kozmetik\u00e1znod \u00e9s \u00e1tszerkesztened a sokoldalas sz\u00f6veged. A szakdolgozat &hellip;<\/p>\n","protected":false},"author":101158,"featured_media":0,"parent":789,"menu_order":0,"comment_status":"closed","ping_status":"closed","template":"","meta":{"_acf_changed":false,"footnotes":""},"categories":[],"tags":[],"class_list":["post-365","page","type-page","status-publish","hentry"],"acf":[],"publishpress_future_action":{"enabled":false,"date":"1970-01-01 01:00:00","action":"","terms":[],"taxonomy":"","browser_timezone_offset":0},"_links":{"self":[{"href":"https:\/\/semmelweis.hu\/alumni\/wp-json\/wp\/v2\/pages\/365","targetHints":{"allow":["GET"]}}],"collection":[{"href":"https:\/\/semmelweis.hu\/alumni\/wp-json\/wp\/v2\/pages"}],"about":[{"href":"https:\/\/semmelweis.hu\/alumni\/wp-json\/wp\/v2\/types\/page"}],"author":[{"embeddable":true,"href":"https:\/\/semmelweis.hu\/alumni\/wp-json\/wp\/v2\/users\/101158"}],"replies":[{"embeddable":true,"href":"https:\/\/semmelweis.hu\/alumni\/wp-json\/wp\/v2\/comments?post=365"}],"version-history":[{"count":1,"href":"https:\/\/semmelweis.hu\/alumni\/wp-json\/wp\/v2\/pages\/365\/revisions"}],"predecessor-version":[{"id":366,"href":"https:\/\/semmelweis.hu\/alumni\/wp-json\/wp\/v2\/pages\/365\/revisions\/366"}],"up":[{"embeddable":true,"href":"https:\/\/semmelweis.hu\/alumni\/wp-json\/wp\/v2\/pages\/789"}],"wp:attachment":[{"href":"https:\/\/semmelweis.hu\/alumni\/wp-json\/wp\/v2\/media?parent=365"}],"wp:term":[{"taxonomy":"category","embeddable":true,"href":"https:\/\/semmelweis.hu\/alumni\/wp-json\/wp\/v2\/categories?post=365"},{"taxonomy":"post_tag","embeddable":true,"href":"https:\/\/semmelweis.hu\/alumni\/wp-json\/wp\/v2\/tags?post=365"}],"curies":[{"name":"wp","href":"https:\/\/api.w.org\/{rel}","templated":true}]}}