{"id":354,"date":"2019-08-26T20:16:20","date_gmt":"2019-08-26T18:16:20","guid":{"rendered":"http:\/\/semmelweis.hu\/alumni\/?page_id=354"},"modified":"2019-09-29T15:08:44","modified_gmt":"2019-09-29T13:08:44","slug":"nyilvanos-beszed-es-eloadastechnika","status":"publish","type":"page","link":"https:\/\/semmelweis.hu\/alumni\/szolgaltatasok\/kepzeseink\/korabbi-kepzeseink\/nyilvanos-beszed-es-eloadastechnika\/","title":{"rendered":"Nyilv\u00e1nos besz\u00e9d \u00e9s el\u0151ad\u00e1stechnika"},"content":{"rendered":"<p><a href=\"https:\/\/semmelweis.hu\/alumni\/files\/2019\/08\/m\u0171hely_nyilv\u00e1nos-besz\u00e9dicon.png\"><img loading=\"lazy\" decoding=\"async\" class=\"wp-image-312 alignleft\" src=\"https:\/\/semmelweis.hu\/alumni\/files\/2019\/08\/m\u0171hely_nyilv\u00e1nos-besz\u00e9dicon.png\" alt=\"\" width=\"206\" height=\"206\" srcset=\"https:\/\/semmelweis.hu\/alumni\/files\/2019\/08\/m\u0171hely_nyilv\u00e1nos-besz\u00e9dicon.png 821w, https:\/\/semmelweis.hu\/alumni\/files\/2019\/08\/m\u0171hely_nyilv\u00e1nos-besz\u00e9dicon-150x150.png 150w, https:\/\/semmelweis.hu\/alumni\/files\/2019\/08\/m\u0171hely_nyilv\u00e1nos-besz\u00e9dicon-300x300.png 300w, https:\/\/semmelweis.hu\/alumni\/files\/2019\/08\/m\u0171hely_nyilv\u00e1nos-besz\u00e9dicon-768x768.png 768w, https:\/\/semmelweis.hu\/alumni\/files\/2019\/08\/m\u0171hely_nyilv\u00e1nos-besz\u00e9dicon-753x753.png 753w\" sizes=\"auto, (max-width: 206px) 100vw, 206px\" \/><\/a><\/p>\n<p>K\u00f6z\u00f6ns\u00e9g el\u0151tt besz\u00e9lni, megnyilv\u00e1nulni komoly kih\u00edv\u00e1s \u00e9s sokak f\u00e9lelme \u2013 mik\u00f6zben k\u00f6z\u00f6ns\u00e9g el\u0151tt\u00a0<i>j\u00f3l<\/i>\u00a0besz\u00e9lni hatalmas siker\u00e9lm\u00e9ny \u00e9s rendk\u00edv\u00fcl j\u00f3 eml\u00e9k lehet. A kett\u0151 k\u00f6z\u00f6tt pedig sokszor puszt\u00e1n n\u00e9h\u00e1ny eszk\u00f6z \u00e9s gondolatmenet alkalmaz\u00e1sa a k\u00fcl\u00f6nbs\u00e9g. A j\u00f3l meg\u00edrt sz\u00f6veg mellett egy megfog\u00f3 nyilv\u00e1nos besz\u00e9d az, amellyel legink\u00e1bb lehet emberekre hatni \u2013 \u00e9ppen ez\u00e9rt ezen technika ismerete (ak\u00e1r csak felsz\u00ednesen is) komoly el\u0151ny b\u00e1rki sz\u00e1m\u00e1ra.<\/p>\n<p>M\u0171hely\u00fcnk c\u00e9lja, hogy betekint\u00e9st nyerj a besz\u00e9d- vagy el\u0151ad\u00e1sszerkeszt\u00e9s \u00e9s -tart\u00e1s alapjaiba, els\u0151sorban az egyik leggyakoribb kateg\u00f3ria, a k\u00f6zepesen hossz\u00fa, 10-20 perces el\u0151ad\u00e1sok vil\u00e1g\u00e1ban. Az alkalmak sor\u00e1n nem csak az \u00e1tfog\u00f3 elm\u00e9letet \u00e9s praktikus tippeket, tr\u00fckk\u00f6ket szeretn\u00e9nk \u00e1tadni, hanem gyakorlatban is visszajelz\u00e9st adni b\u00e1rmely r\u00e9sztvev\u0151nek, hiszen abb\u00f3l tanulhatsz a legt\u00f6bbet saj\u00e1t el\u0151ad\u00f3i k\u00e9szs\u00e9gedre vonatkoz\u00f3an.<\/p>\n<h3>A nyilv\u00e1nos besz\u00e9d m\u0171helyen az al\u00e1bbi k\u00e9rd\u00e9seket j\u00e1rjuk k\u00f6rbe:<\/h3>\n<ul>\n<li>Milyen a j\u00f3 el\u0151ad\u00f3i mindset, hogyan hangol\u00f3dj r\u00e1 \u00e9s k\u00e9sz\u00fclj fel egy besz\u00e9dre?<\/li>\n<li>Milyen elvek ment\u00e9n \u00e9rdemes megszerkeszteni egy besz\u00e9det, \u00e9s mit tegy\u00e9l, ha ak\u00e1r csak perceid vannak az \u00f6ssze\u00e1ll\u00edt\u00e1s\u00e1ra?<\/li>\n<li>Mit \u00e9rdemes tudnod az el\u0151ad\u00f3i megjelen\u00e9sr\u0151l? Mire figyelj besz\u00e9d k\u00f6zben a testeddel, besz\u00e9deddel, gesztusaiddal kapcsolatban?<\/li>\n<li>Hogyan kezelj adott el\u0151ad\u00f3i helyzeteket \u00e9s mik\u00e9nt ker\u00fcld el a lehets\u00e9ges buktat\u00f3kat?<\/li>\n<\/ul>\n<h3>A m\u0171hely alapvet\u0151 jellemz\u0151i:<\/h3>\n<ul>\n<li>A m\u0171hely k\u00f6r\u00fclbel\u00fcl h\u00e1rom \u00f3r\u00e1s, \u00e1ltal\u00e1ban k\u00e9t sz\u00fcnettel.<\/li>\n<li>\n<div>A k\u00e9pz\u00e9s minimum 5 f\u0151 jelentkez\u00e9s eset\u00e9n indul. Maximum 20 f\u0151 jelentkez\u00e9s\u00e9t tudjuk fogadni.<\/div>\n<\/li>\n<li>Eszk\u00f6zt nem kell magaddal hoznod, azonban \u00e9rdemes \u00e1tgondolnod, van-e c\u00e9lzott k\u00e9rd\u00e9sd a t\u00e9m\u00e1val kapcsolatban. Ha van, mindenk\u00e9pp tedd fel, ez\u00e1ltal m\u00e1soknak is seg\u00edtesz a r\u00e9szletek tiszt\u00e1z\u00e1s\u00e1ban.<\/li>\n<li>A m\u0171helyre hallgat\u00f3i jogviszonnyal rendelkez\u0151 semmelweises hallgat\u00f3k\u00e9nt jelentkezhetsz.<\/li>\n<li>A m\u0171hely ingyenes.<\/li>\n<\/ul>\n<p style=\"text-align: center\"><b>A jelentkez\u00e9s lez\u00e1rult.<\/b><\/p>\n","protected":false},"excerpt":{"rendered":"<p><a href=\"https:\/\/semmelweis.hu\/alumni\/files\/2019\/08\/m\u0171hely_nyilv\u00e1nos-besz\u00e9dicon.png\"><\/a> K\u00f6z\u00f6ns\u00e9g el\u0151tt besz\u00e9lni, megnyilv\u00e1nulni komoly kih\u00edv\u00e1s \u00e9s sokak f\u00e9lelme \u2013 mik\u00f6zben k\u00f6z\u00f6ns\u00e9g el\u0151tt\u00a0j\u00f3l\u00a0besz\u00e9lni hatalmas siker\u00e9lm\u00e9ny \u00e9s rendk\u00edv\u00fcl j\u00f3 eml\u00e9k lehet. A kett\u0151 k\u00f6z\u00f6tt pedig sokszor puszt\u00e1n n\u00e9h\u00e1ny eszk\u00f6z \u00e9s gondolatmenet alkalmaz\u00e1sa a k\u00fcl\u00f6nbs\u00e9g. A j\u00f3l meg\u00edrt sz\u00f6veg mellett egy megfog\u00f3 nyilv\u00e1nos besz\u00e9d az, amellyel legink\u00e1bb lehet emberekre hatni \u2013 \u00e9ppen ez\u00e9rt ezen technika ismerete (ak\u00e1r &hellip;<\/p>\n","protected":false},"author":101158,"featured_media":0,"parent":789,"menu_order":0,"comment_status":"closed","ping_status":"closed","template":"","meta":{"_acf_changed":false,"footnotes":""},"categories":[],"tags":[],"class_list":["post-354","page","type-page","status-publish","hentry"],"acf":[],"publishpress_future_action":{"enabled":false,"date":"1970-01-01 01:00:00","action":"","terms":[],"taxonomy":"","browser_timezone_offset":0},"_links":{"self":[{"href":"https:\/\/semmelweis.hu\/alumni\/wp-json\/wp\/v2\/pages\/354","targetHints":{"allow":["GET"]}}],"collection":[{"href":"https:\/\/semmelweis.hu\/alumni\/wp-json\/wp\/v2\/pages"}],"about":[{"href":"https:\/\/semmelweis.hu\/alumni\/wp-json\/wp\/v2\/types\/page"}],"author":[{"embeddable":true,"href":"https:\/\/semmelweis.hu\/alumni\/wp-json\/wp\/v2\/users\/101158"}],"replies":[{"embeddable":true,"href":"https:\/\/semmelweis.hu\/alumni\/wp-json\/wp\/v2\/comments?post=354"}],"version-history":[{"count":2,"href":"https:\/\/semmelweis.hu\/alumni\/wp-json\/wp\/v2\/pages\/354\/revisions"}],"predecessor-version":[{"id":356,"href":"https:\/\/semmelweis.hu\/alumni\/wp-json\/wp\/v2\/pages\/354\/revisions\/356"}],"up":[{"embeddable":true,"href":"https:\/\/semmelweis.hu\/alumni\/wp-json\/wp\/v2\/pages\/789"}],"wp:attachment":[{"href":"https:\/\/semmelweis.hu\/alumni\/wp-json\/wp\/v2\/media?parent=354"}],"wp:term":[{"taxonomy":"category","embeddable":true,"href":"https:\/\/semmelweis.hu\/alumni\/wp-json\/wp\/v2\/categories?post=354"},{"taxonomy":"post_tag","embeddable":true,"href":"https:\/\/semmelweis.hu\/alumni\/wp-json\/wp\/v2\/tags?post=354"}],"curies":[{"name":"wp","href":"https:\/\/api.w.org\/{rel}","templated":true}]}}