{"id":2968,"date":"2020-07-14T20:34:13","date_gmt":"2020-07-14T18:34:13","guid":{"rendered":"https:\/\/semmelweis.hu\/alumni\/?page_id=2968"},"modified":"2025-07-09T10:01:49","modified_gmt":"2025-07-09T08:01:49","slug":"tablo","status":"publish","type":"page","link":"https:\/\/semmelweis.hu\/alumni\/alumni-halozat\/akikre-buszkek-vagyunk\/tablo\/","title":{"rendered":"Tabl\u00f3 arch\u00edvum"},"content":{"rendered":"<p><span style=\"font-size: 1rem\"><div class=\"responsive-tabs\">\n<h2 class=\"tabtitle\">\u00c1OK<\/h2>\n<div class=\"tabcontent\">\n<\/span><\/p>\n<table style=\"border-collapse: collapse;width: 100%;height: 32px\">\n<tbody>\n<tr style=\"height: 32px\">\n<td style=\"width: 100%;height: 32px\">\n<p><iframe loading=\"lazy\" src=\"https:\/\/drive.google.com\/file\/d\/1moGPSZlgTykVkv-1QghkQSADljSQEuFg\/preview\" width=\"100%\" height=\"480\"><span data-mce-type=\"bookmark\" style=\"width: 0px;overflow: hidden;line-height: 0\" class=\"mce_SELRES_start\">\ufeff<\/span><\/iframe><\/p>\n<p style=\"text-align: center\"><strong>\u00c1ltal\u00e1nos Orvostudom\u00e1nyi Kar 2019-ben v\u00e9gzettek<\/strong><\/p>\n<\/td>\n<\/tr>\n<tr>\n<td style=\"width: 100%\">\n<p><iframe loading=\"lazy\" src=\"https:\/\/drive.google.com\/file\/d\/1cywvL3vbAUgxQP5FbOou-i0CQgc-av8I\/preview\" width=\"100%\" height=\"480\"><span data-mce-type=\"bookmark\" style=\"width: 0px;overflow: hidden;line-height: 0\" class=\"mce_SELRES_start\">\ufeff<\/span><\/iframe><\/p>\n<p style=\"text-align: center\"><strong>\u00c1ltal\u00e1nos Orvostudom\u00e1nyi Kar 2018-ban v\u00e9gzettek<\/strong><br \/>\n<a href=\"https:\/\/drive.google.com\/file\/d\/1nG2Ik0p4U3LvSIvPmREOahZDq_YP7Bem\/view?usp=sharing\"><strong><em>Teljes m\u00e9ret\u0171 k\u00e9p let\u00f6lt\u00e9se<\/em><\/strong><\/a><\/p>\n<\/td>\n<\/tr>\n<tr>\n<td style=\"width: 100%\">\n<p><iframe loading=\"lazy\" src=\"https:\/\/drive.google.com\/file\/d\/19RciCvNRdyX1J-wspFlABhu9zHIzr9t5\/preview\" width=\"100%\" height=\"480\"><\/iframe><\/p>\n<p style=\"text-align: center\"><strong>\u00c1ltal\u00e1nos Orvostudom\u00e1nyi Kar 2017-ben v\u00e9gzettek<\/strong><\/p>\n<\/td>\n<\/tr>\n<tr>\n<td style=\"width: 100%\">\n<p><iframe loading=\"lazy\" src=\"https:\/\/drive.google.com\/file\/d\/1me1cV8setUIGKA2Gb0J0oR_yb1bRDe3S\/preview\" width=\"100%\" height=\"480\"><span data-mce-type=\"bookmark\" style=\"width: 0px;overflow: hidden;line-height: 0\" class=\"mce_SELRES_start\">\ufeff<\/span><\/iframe><\/p>\n<p style=\"text-align: center\"><strong>\u00c1ltal\u00e1nos Orvostudom\u00e1nyi Kar 2016-ban v\u00e9gzettek<\/strong><\/p>\n<\/td>\n<\/tr>\n<tr>\n<td style=\"width: 100%\">\n<p style=\"text-align: left\"><iframe loading=\"lazy\" src=\"https:\/\/drive.google.com\/file\/d\/1R9CqaJft51GxfaGYnfM-lm35lkTyBNnk\/preview\" width=\"100%\" height=\"480\"><span data-mce-type=\"bookmark\" style=\"width: 0px;overflow: hidden;line-height: 0\" class=\"mce_SELRES_start\">\ufeff<\/span><\/iframe><\/p>\n<p style=\"text-align: center\"><strong>\u00c1ltal\u00e1nos Orvostudom\u00e1nyi Kar 2015-ben v\u00e9gzettek<\/strong><\/p>\n<\/td>\n<\/tr>\n<tr>\n<td style=\"width: 100%\">\n<p style=\"text-align: left\"><iframe loading=\"lazy\" src=\"https:\/\/drive.google.com\/file\/d\/10zHpAR0gCO2-iB7TB-pC4aNhoxV8MJkp\/preview\" width=\"100%\" height=\"480\"><span data-mce-type=\"bookmark\" style=\"width: 0px;overflow: hidden;line-height: 0\" class=\"mce_SELRES_start\">\ufeff<\/span><\/iframe><\/p>\n<p style=\"text-align: center\"><strong>\u00c1ltal\u00e1nos Orvostudom\u00e1nyi Kar 2011-ben v\u00e9gzettek<\/strong><\/p>\n<\/td>\n<\/tr>\n<tr>\n<td style=\"width: 100%\">\n<p style=\"text-align: left\"><iframe loading=\"lazy\" src=\"https:\/\/drive.google.com\/file\/d\/1FBXBQDj8Cdui0kWnGl6ONNcKWwD6dyxS\/preview\" width=\"100%\" height=\"480\"><span data-mce-type=\"bookmark\" style=\"width: 0px;overflow: hidden;line-height: 0\" class=\"mce_SELRES_start\">\ufeff<\/span><\/iframe><\/p>\n<p style=\"text-align: center\"><strong>\u00c1ltal\u00e1nos Orvostudom\u00e1nyi Kar 2010-ben v\u00e9gzettek<\/strong><\/p>\n<\/td>\n<\/tr>\n<tr>\n<td style=\"width: 100%\">\n<p style=\"text-align: center\"><strong><img loading=\"lazy\" decoding=\"async\" class=\"alignnone size-medium wp-image-27340\" src=\"https:\/\/semmelweis.hu\/alumni\/files\/2025\/07\/thumbnail_fe1e2dbe1493b5b9b322ca16b57694c8-400x283.jpg\" alt=\"\" width=\"400\" height=\"283\" srcset=\"https:\/\/semmelweis.hu\/alumni\/files\/2025\/07\/thumbnail_fe1e2dbe1493b5b9b322ca16b57694c8-400x283.jpg 400w, https:\/\/semmelweis.hu\/alumni\/files\/2025\/07\/thumbnail_fe1e2dbe1493b5b9b322ca16b57694c8-1024x724.jpg 1024w, https:\/\/semmelweis.hu\/alumni\/files\/2025\/07\/thumbnail_fe1e2dbe1493b5b9b322ca16b57694c8-768x543.jpg 768w, https:\/\/semmelweis.hu\/alumni\/files\/2025\/07\/thumbnail_fe1e2dbe1493b5b9b322ca16b57694c8-1536x1086.jpg 1536w, https:\/\/semmelweis.hu\/alumni\/files\/2025\/07\/thumbnail_fe1e2dbe1493b5b9b322ca16b57694c8-753x532.jpg 753w, https:\/\/semmelweis.hu\/alumni\/files\/2025\/07\/thumbnail_fe1e2dbe1493b5b9b322ca16b57694c8.jpg 1920w\" sizes=\"auto, (max-width: 400px) 100vw, 400px\" \/>\u00c1ltal\u00e1nos Orvostudom\u00e1nyi Kar 1990-ben v\u00e9gzettek<\/strong><\/p>\n<\/td>\n<\/tr>\n<\/tbody>\n<\/table>\n<p><span style=\"font-size: 1rem\">\n<\/div><h2 class=\"tabtitle\">ETK<\/h2>\n<div class=\"tabcontent\">\n<\/span><\/p>\n<table style=\"border-collapse: collapse;width: 100%\">\n<tbody>\n<tr>\n<td style=\"width: 100%\">\n<p><iframe loading=\"lazy\" src=\"https:\/\/drive.google.com\/file\/d\/18yzzWeGG2jpxGE_jriI_3gfSEJYk_sT6\/preview\" width=\"100%\" height=\"480\"><span data-mce-type=\"bookmark\" style=\"width: 0px;overflow: hidden;line-height: 0\" class=\"mce_SELRES_start\">\ufeff<\/span><\/iframe><\/p>\n<p style=\"text-align: center\"><strong>Eg\u00e9szs\u00e9gtudom\u00e1nyi Kar 2019-ben v\u00e9gzettek<\/strong><\/p>\n<\/td>\n<\/tr>\n<tr>\n<td style=\"width: 100%\">\n<p><iframe loading=\"lazy\" src=\"https:\/\/drive.google.com\/file\/d\/1HMFTi5iogy-XfH39O8qKQ62UijgHrABq\/preview\" width=\"100%\" height=\"480\"><\/iframe><\/p>\n<p style=\"text-align: center\"><strong>Eg\u00e9szs\u00e9gtudom\u00e1nyi Kar 2018-ban v\u00e9gzettek<\/strong><\/p>\n<\/td>\n<\/tr>\n<tr>\n<td style=\"width: 100%\">\n<p><iframe loading=\"lazy\" src=\"https:\/\/drive.google.com\/file\/d\/1XKBp3zbYTUJE1M9YsgGQvC9LnsNQSIFr\/preview\" width=\"100%\" height=\"480\"><span data-mce-type=\"bookmark\" style=\"width: 0px;overflow: hidden;line-height: 0\" class=\"mce_SELRES_start\">\ufeff<\/span><\/iframe><\/p>\n<p style=\"text-align: center\"><strong>Eg\u00e9szs\u00e9gtudom\u00e1nyi Kar 2017-ben v\u00e9gzettek<\/strong><\/p>\n<\/td>\n<\/tr>\n<tr>\n<td style=\"width: 100%\">\n<p><iframe loading=\"lazy\" src=\"https:\/\/drive.google.com\/file\/d\/1alidFD5BRmDao623WAqfXEv_CL9mQRmP\/preview\" width=\"100%\" height=\"480\"><\/iframe><\/p>\n<p style=\"text-align: center\"><strong>Eg\u00e9szs\u00e9gtudom\u00e1nyi Kar 2016-ban v\u00e9gzettek<\/strong><\/p>\n<\/td>\n<\/tr>\n<\/tbody>\n<\/table>\n<p><span style=\"font-size: 1rem\">\n<\/div><h2 class=\"tabtitle\">GYTK<\/h2>\n<div class=\"tabcontent\">\n<\/span><\/p>\n<table style=\"font-size: 1rem;width: 100%;height: 10px\">\n<tbody>\n<tr style=\"height: 33px\">\n<td style=\"width: 100%;height: 10px\">\n<p><iframe loading=\"lazy\" src=\"https:\/\/drive.google.com\/file\/d\/192WiA1iDw1DNQFAETaQAtPRDICGtGMNV\/preview\" width=\"100%\" height=\"480\"><span data-mce-type=\"bookmark\" style=\"width: 0px;overflow: hidden;line-height: 0\" class=\"mce_SELRES_start\">\ufeff<\/span><\/iframe><\/p>\n<p style=\"text-align: center\"><strong>Gy\u00f3gyszer\u00e9sztudom\u00e1nyi Kar 2016-ban v\u00e9gzettek<\/strong><\/p>\n<\/td>\n<\/tr>\n<\/tbody>\n<\/table>\n<p><span style=\"font-size: 1rem\">\n<\/div><h2 class=\"tabtitle\">FOK<\/h2>\n<div class=\"tabcontent\">\n<\/span><\/p>\n<table style=\"border-collapse: collapse;width: 100%\">\n<tbody>\n<tr>\n<td style=\"width: 100%\">\n<p><iframe loading=\"lazy\" src=\"https:\/\/drive.google.com\/file\/d\/1P8ZVNRUTg8_u8oY-oxVwu_XL_P1KmUW6\/preview\" width=\"100%\" height=\"480\"><\/iframe><\/p>\n<p style=\"text-align: center\"><strong>Fogorvostudom\u00e1nyi Kar 2019-ben v\u00e9gzettek<\/strong><\/p>\n<\/td>\n<\/tr>\n<tr>\n<td style=\"width: 100%\">\n<p><iframe loading=\"lazy\" src=\"https:\/\/drive.google.com\/file\/d\/1jPj3ZztIu3pu5hPmh9xaZ1vzLltdT0a4\/preview\" width=\"100%\" height=\"480\"><span data-mce-type=\"bookmark\" style=\"width: 0px;overflow: hidden;line-height: 0\" class=\"mce_SELRES_start\">\ufeff<\/span><\/iframe><\/p>\n<p style=\"text-align: center\"><strong>Fogorvostudom\u00e1nyi Kar 2017-ben v\u00e9gzettek<\/strong><\/p>\n<\/td>\n<\/tr>\n<tr>\n<td style=\"width: 100%\">\n<p><iframe loading=\"lazy\" src=\"https:\/\/drive.google.com\/file\/d\/1UW-yiAsu6Bxa2sVLY5fUzONWdP-m7FyV\/preview\" width=\"100%\" height=\"480\"><span data-mce-type=\"bookmark\" style=\"width: 0px;overflow: hidden;line-height: 0\" class=\"mce_SELRES_start\">\ufeff<\/span><\/iframe><\/p>\n<p style=\"text-align: center\"><strong>Fogorvostudom\u00e1nyi Kar 2016-ban v\u00e9gzettek<\/strong><\/p>\n<\/td>\n<\/tr>\n<\/tbody>\n<\/table>\n<p><span style=\"font-size: 1rem\">\n<\/div><h2 class=\"tabtitle\">International graduates<\/h2>\n<div class=\"tabcontent\">\n<\/span><\/p>\n<table style=\"border-collapse: collapse;width: 100%\">\n<tbody>\n<tr>\n<td style=\"width: 100%\">\n<p><iframe loading=\"lazy\" src=\"https:\/\/drive.google.com\/file\/d\/13P-ZCmCRvISo__2o9dQpglbhrA8HUyQo\/preview\" width=\"100%\" height=\"480\"><span data-mce-type=\"bookmark\" style=\"width: 0px;overflow: hidden;line-height: 0\" class=\"mce_SELRES_start\">\ufeff<\/span><\/iframe><\/p>\n<p style=\"text-align: center\"><strong>International Program &#8211; Faculty of Medicine 2019<\/strong><\/p>\n<\/td>\n<\/tr>\n<tr>\n<td style=\"width: 100%\">\n<p><iframe loading=\"lazy\" src=\"https:\/\/drive.google.com\/file\/d\/1B4ZEL_V7GQRA36aUn8qb-0W0MNPaxKnf\/preview\" width=\"100%\" height=\"480\"><span data-mce-type=\"bookmark\" style=\"width: 0px;overflow: hidden;line-height: 0\" class=\"mce_SELRES_start\">\ufeff<\/span><\/iframe><\/p>\n<p style=\"text-align: center\"><strong>International Program &#8211; Faculty of Dentistry &amp; Faculty of Pharmacy 2019<\/strong><\/p>\n<\/td>\n<\/tr>\n<tr>\n<td style=\"width: 100%\">\n<p><iframe loading=\"lazy\" src=\"https:\/\/drive.google.com\/file\/d\/1dLRH_40okQP-PjLf-BuDf4rvt1qOwjbn\/preview\" width=\"100%\" height=\"480\"><\/iframe><\/p>\n<p style=\"text-align: center\"><strong>International Program &#8211; Faculty of Medicine 2018<br \/>\n<a href=\"https:\/\/drive.google.com\/file\/d\/1Ne8gvwEPLwpHiFIcUL-hgUI_LmbgR-Hp\/view?usp=sharing\">Full size image<\/a><\/strong><\/p>\n<\/td>\n<\/tr>\n<tr>\n<td style=\"width: 100%\">\n<p><iframe loading=\"lazy\" src=\"https:\/\/drive.google.com\/file\/d\/1mCLwXjWt2YI-iZr6QmNUo3_RMCcdvBjl\/preview\" width=\"100%\" height=\"480\"><span data-mce-type=\"bookmark\" style=\"width: 0px;overflow: hidden;line-height: 0\" class=\"mce_SELRES_start\">\ufeff<\/span><\/iframe><\/p>\n<p style=\"text-align: center\"><strong>International Program &#8211; Faculty of Dentistry &amp; Faculty of Pharmacy 2018<br \/>\n<a href=\"https:\/\/drive.google.com\/file\/d\/1WGPxiBNQc7r88JAV-1ozIxv5WygGY00A\/view?usp=sharing\">Full size image<\/a><\/strong><\/p>\n<\/td>\n<\/tr>\n<tr>\n<td style=\"width: 100%\">\n<p><iframe loading=\"lazy\" src=\"https:\/\/drive.google.com\/file\/d\/1S2394b_Q8-KUARl1pWQUkaUVsl6nCvtf\/preview\" width=\"100%\" height=\"480\"><span data-mce-type=\"bookmark\" style=\"width: 0px;overflow: hidden;line-height: 0\" class=\"mce_SELRES_start\">\ufeff<\/span><\/iframe><\/p>\n<p style=\"text-align: center\"><strong>International Program &#8211; Faculty of Medicine 2017<\/strong><\/p>\n<\/td>\n<\/tr>\n<tr>\n<td style=\"width: 100%\">\n<p><iframe loading=\"lazy\" src=\"https:\/\/drive.google.com\/file\/d\/1fr2H-Z3sU-8Gu7KMqK0DkAYlwcYhspjI\/preview\" width=\"100%\" height=\"480\"><span data-mce-type=\"bookmark\" style=\"width: 0px;overflow: hidden;line-height: 0\" class=\"mce_SELRES_start\">\ufeff<\/span><\/iframe><\/p>\n<p style=\"text-align: center\"><strong>International Program &#8211; Faculty of Dentistry &amp; Faculty of Pharmacy 2017<\/strong><\/p>\n<\/td>\n<\/tr>\n<tr>\n<td style=\"width: 100%\">\n<p><iframe loading=\"lazy\" src=\"https:\/\/drive.google.com\/file\/d\/1ET3P859ihXucgOf3jMFBF2mJ4xuPA3fU\/preview\" width=\"100%\" height=\"480\"><span data-mce-type=\"bookmark\" style=\"width: 0px;overflow: hidden;line-height: 0\" class=\"mce_SELRES_start\">\ufeff<\/span><\/iframe><\/p>\n<p style=\"text-align: center\"><strong>International Program &#8211; Faculty of Medicine &amp; Faculty of Dentistry &amp; Faculty of Pharmacy 2016<\/strong><\/p>\n<\/td>\n<\/tr>\n<\/tbody>\n<\/table>\n<\/div><\/div>\n","protected":false},"excerpt":{"rendered":"<p>\ufeff \u00c1ltal\u00e1nos Orvostudom\u00e1nyi Kar 2019-ben v\u00e9gzettek \ufeff \u00c1ltal\u00e1nos Orvostudom\u00e1nyi Kar 2018-ban v\u00e9gzettek <a href=\"https:\/\/drive.google.com\/file\/d\/1nG2Ik0p4U3LvSIvPmREOahZDq_YP7Bem\/view?usp=sharing\">Teljes m\u00e9ret\u0171 k\u00e9p let\u00f6lt\u00e9se<\/a> \u00c1ltal\u00e1nos Orvostudom\u00e1nyi Kar 2017-ben v\u00e9gzettek \ufeff \u00c1ltal\u00e1nos Orvostudom\u00e1nyi Kar 2016-ban v\u00e9gzettek \ufeff \u00c1ltal\u00e1nos Orvostudom\u00e1nyi Kar 2015-ben v\u00e9gzettek \ufeff \u00c1ltal\u00e1nos Orvostudom\u00e1nyi Kar 2011-ben v\u00e9gzettek \ufeff \u00c1ltal\u00e1nos Orvostudom\u00e1nyi Kar 2010-ben v\u00e9gzettek \u00c1ltal\u00e1nos Orvostudom\u00e1nyi Kar 1990-ben v\u00e9gzettek \ufeff Eg\u00e9szs\u00e9gtudom\u00e1nyi Kar 2019-ben v\u00e9gzettek Eg\u00e9szs\u00e9gtudom\u00e1nyi Kar 2018-ban v\u00e9gzettek &hellip;<\/p>\n","protected":false},"author":101158,"featured_media":0,"parent":807,"menu_order":9,"comment_status":"closed","ping_status":"closed","template":"","meta":{"_acf_changed":false,"footnotes":""},"categories":[],"tags":[],"class_list":["post-2968","page","type-page","status-publish","hentry"],"acf":[],"publishpress_future_action":{"enabled":false,"date":"1970-01-01 01:00:00","action":"","terms":[],"taxonomy":"","browser_timezone_offset":0},"_links":{"self":[{"href":"https:\/\/semmelweis.hu\/alumni\/wp-json\/wp\/v2\/pages\/2968","targetHints":{"allow":["GET"]}}],"collection":[{"href":"https:\/\/semmelweis.hu\/alumni\/wp-json\/wp\/v2\/pages"}],"about":[{"href":"https:\/\/semmelweis.hu\/alumni\/wp-json\/wp\/v2\/types\/page"}],"author":[{"embeddable":true,"href":"https:\/\/semmelweis.hu\/alumni\/wp-json\/wp\/v2\/users\/101158"}],"replies":[{"embeddable":true,"href":"https:\/\/semmelweis.hu\/alumni\/wp-json\/wp\/v2\/comments?post=2968"}],"version-history":[{"count":10,"href":"https:\/\/semmelweis.hu\/alumni\/wp-json\/wp\/v2\/pages\/2968\/revisions"}],"predecessor-version":[{"id":4538,"href":"https:\/\/semmelweis.hu\/alumni\/wp-json\/wp\/v2\/pages\/2968\/revisions\/4538"}],"up":[{"embeddable":true,"href":"https:\/\/semmelweis.hu\/alumni\/wp-json\/wp\/v2\/pages\/807"}],"wp:attachment":[{"href":"https:\/\/semmelweis.hu\/alumni\/wp-json\/wp\/v2\/media?parent=2968"}],"wp:term":[{"taxonomy":"category","embeddable":true,"href":"https:\/\/semmelweis.hu\/alumni\/wp-json\/wp\/v2\/categories?post=2968"},{"taxonomy":"post_tag","embeddable":true,"href":"https:\/\/semmelweis.hu\/alumni\/wp-json\/wp\/v2\/tags?post=2968"}],"curies":[{"name":"wp","href":"https:\/\/api.w.org\/{rel}","templated":true}]}}