{"id":281,"date":"2019-08-25T11:29:13","date_gmt":"2019-08-25T09:29:13","guid":{"rendered":"http:\/\/semmelweis.hu\/alumni\/?page_id=281"},"modified":"2020-04-25T18:21:41","modified_gmt":"2020-04-25T16:21:41","slug":"career-guidance-and-residency-program-conference","status":"publish","type":"page","link":"https:\/\/semmelweis.hu\/alumni\/en\/services\/allevents\/previous-events\/career-guidance-and-residency-program-conference\/","title":{"rendered":"Career Guidance and Residency Program Conference (HUN)"},"content":{"rendered":"<div class=\"et_pb_module et_pb_text et_pb_text_1 et_pb_bg_layout_light et_pb_text_align_justified\">\n<div class=\"et_pb_text_inner\">\n<h1 style=\"text-align: center\"><span style=\"color: #800000\">A JELENTKEZ\u00c9S LEZ\u00c1RULT!<\/span><\/h1>\n<p style=\"text-align: center\"><span class=\"_4n-j _fbReactionComponent__eventDetailsContentTags fsl\" data-testid=\"event-permalink-details\">Mik\u00e9nt jutsz majd el a diplom\u00e1d \u00e1tv\u00e9tel\u00e9t\u0151l az els\u0151 munkahelyedig? Mi a k\u00fcl\u00f6nbs\u00e9g a szakk\u00e9pz\u00e9s \u00e9s t\u00f6rzsk\u00e9pz\u00e9s k\u00f6z\u00f6tt? Milyen keretsz\u00e1mok \u00e9s \u00f6szt\u00f6nd\u00edjak vannak \u00e9s ezek hogyan \u00e9rinthet T\u00e9ged? Mikor \u00e9rdemes PhD-znod \u00e9s hogyan t\u00f6rt\u00e9nik a doktori jelentkez\u00e9s?<\/span><\/p>\n<p style=\"text-align: center\">Ha ilyen \u00e9s ehhez hasonl\u00f3 k\u00e9rd\u00e9seid vannak, akkor mindenk\u00e9ppen ott a helyed a P\u00e1lyaorient\u00e1ci\u00f3s \u00e9s Rezidensk\u00e9pz\u00e9si T\u00e1j\u00e9koztat\u00f3n!<\/p>\n<\/div>\n<\/div>\n<div class=\"et_pb_module et_pb_text et_pb_text_2 et_pb_bg_layout_light et_pb_text_align_justified\">\n<div class=\"et_pb_text_inner\">\n<h3><span class=\"_4n-j _fbReactionComponent__eventDetailsContentTags fsl\" data-testid=\"event-permalink-details\"><strong>A legfontosabb inform\u00e1ci\u00f3k:<\/strong> <\/span><\/h3>\n<p><span class=\"_4n-j _fbReactionComponent__eventDetailsContentTags fsl\" data-testid=\"event-permalink-details\"><strong>Id\u0151pont:<\/strong>\u00a02017. \u00e1prilis 19. (szerda) 13-19 \u00f3ra k\u00f6z\u00f6tt <strong>Helysz\u00edn:<\/strong>\u00a0Semmelweis Egyetem Nagyv\u00e1rad t\u00e9ri Elm\u00e9leti T\u00f6mbj\u00e9nek aul\u00e1ja \u00e9s d\u00edszterme (<a href=\"https:\/\/goo.gl\/maps\/hJCP1bs5nWw\">1089 Budapest, Nagyv\u00e1rad t\u00e9r 4.<\/a>) <\/span> <span class=\"_4n-j _fbReactionComponent__eventDetailsContentTags fsl\" data-testid=\"event-permalink-details\"><span class=\"text_exposed_show\">A program ingyenes, de regisztr\u00e1ci\u00f3hoz k\u00f6t\u00f6tt, amit az al\u00e1bbi linken tehetsz meg:\u00a0<a href=\"https:\/\/goo.gl\/forms\/Jew9XJspOzHvF9Uk1\">https:\/\/goo.gl\/forms\/Jew9XJspOzHvF9Uk1<\/a><\/span><\/span><\/p>\n<h5><strong>Az esem\u00e9ny programja:<\/strong><\/h5>\n<p>14:00 \u2013 14:15 Megnyit\u00f3 16:00 \u2013 16:15 K\u00f6sz\u00f6nt\u0151 16:15 \u2013 16:30 T\u00e1j\u00e9koztat\u00f3 a tudom\u00e1nyos fokozatszerz\u00e9sr\u0151l 16:30 \u2013 17:00 T\u00e1j\u00e9koztat\u00f3 a rezidensk\u00e9pz\u00e9sr\u0151l \u00e9s rendszerbe v\u00e9telr\u0151l 17:00 \u2013 17:45 F\u00f3rum <strong>A standok l\u00e1togat\u00e1s\u00e1ra a rendezv\u00e9ny teljes ideje alatt lehets\u00e9ges a hallgat\u00f3k sz\u00e1m\u00e1ra.<\/strong><\/div>\n<\/div>\n<div class=\"et_pb_module et_pb_text et_pb_text_3 et_pb_bg_layout_light et_pb_text_align_justified\">\n<div class=\"et_pb_text_inner\"><span class=\"_4n-j _fbReactionComponent__eventDetailsContentTags fsl\" data-testid=\"event-permalink-details\">Id\u00e9n is t\u00f6m\u00f6r, gyakorlati, praktikus tan\u00e1csokkal \u00e9s t\u00e1j\u00e9koztat\u00f3val k\u00e9sz\u00fcl\u00fcnk Neked \u2013 emellett pedig ny\u00edlt f\u00f3rum keret\u00e9ben szem\u00e9lyesen k\u00e9rdezhetsz a szakk\u00e9pz\u00e9sben meghat\u00e1roz\u00f3 szerepl\u0151kt\u0151l, az \u00c1llamtitk\u00e1rs\u00e1gt\u00f3l kezdve az egyetemi vezet\u0151k\u00f6n \u00e1t a rendszert \u00e1tl\u00e1t\u00f3 szakk\u00e9pz\u00e9si titk\u00e1rs\u00e1gokig.<\/span> Mindezek mellett \u00fajdons\u00e1gk\u00e9nt t\u00f6bb tucat\u00a0<span class=\"text_exposed_show\">k\u00f3rh\u00e1z is kitelep\u00fcl a NET aul\u00e1j\u00e1ba, ahol minden k\u00e9rd\u00e9sedre v\u00e1laszt kaphatsz a k\u00f3rh\u00e1zak egyedi aj\u00e1nlatair\u00f3l \u00e9s k\u00fcl\u00f6nb\u00f6z\u0151 rezidensi lehet\u0151s\u00e9gekr\u0151l!<\/span> Ha m\u00e9g nem tudod, hogy hol fogod rezidensi \u00e9veidet elt\u00f6lteni, vagy csak t\u00e1gabb k\u00e9pet szeretn\u00e9l kapni a karrierlehet\u0151s\u00e9geidr\u0151l, akkor itt a helyed! A rendezv\u00e9ny els\u0151sorban \u00f6t\u00f6d \u00e9s hatod \u00e9ves \u00c1OK-s \u00e9s FOK-os hallgat\u00f3knak sz\u00f3l, de minden \u00e9rdekl\u0151d\u0151t sz\u00edvesen v\u00e1runk.<\/div>\n<\/div>\n<div class=\"et_pb_module et_pb_text et_pb_text_4 et_pb_bg_layout_light et_pb_text_align_justified\">\n<div class=\"et_pb_text_inner\">\n<h4 style=\"text-align: center\"><strong>Az esem\u00e9ny sor\u00e1n az al\u00e1bbi szervezetek standjai v\u00e1rj\u00e1k az \u00e9rdekl\u0151d\u0151ket:<\/strong><\/h4>\n<p style=\"text-align: center\">\u00c1llami Eg\u00e9szs\u00e9g\u00fcgyi Ell\u00e1t\u00f3 K\u00f6zpont Emberi Er\u0151forr\u00e1s Fejleszt\u00e9si F\u0151igazgat\u00f3s\u00e1g<\/p>\n<p style=\"text-align: center\">Alm\u00e1si Balogh P\u00e1l K\u00f3rh\u00e1z<\/p>\n<p style=\"text-align: center\">B\u00e1cs-Kiskun Megyei K\u00f3rh\u00e1z a Szegedi Tudom\u00e1nyegyetem \u00c1ltal\u00e1nos Orvostudom\u00e1nyi Kar Oktat\u00f3 K\u00f3rh\u00e1za<\/p>\n<p style=\"text-align: center\">Bajai Szent R\u00f3kus K\u00f3rh\u00e1z<\/p>\n<p style=\"text-align: center\">B\u00e9k\u00e9s Megyei K\u00f6zponti K\u00f3rh\u00e1z<\/p>\n<p style=\"text-align: center\">Dr. Kenessey Albert K\u00f3rh\u00e1z \u2013 Rendel\u0151int\u00e9zet<\/p>\n<p style=\"text-align: center\">K\u00e1tai G\u00e1bor K\u00f3rh\u00e1z<\/p>\n<p style=\"text-align: center\">Koch R\u00f3bert K\u00f3rh\u00e1z \u00e9s Rendel\u0151int\u00e9zet<\/p>\n<p style=\"text-align: center\">Magyar Rezidens Sz\u00f6vets\u00e9g<\/p>\n<p style=\"text-align: center\">Markhot Ferenc Oktat\u00f3k\u00f3rh\u00e1z \u00e9s Rendel\u0151int\u00e9zet<\/p>\n<p style=\"text-align: center\">Markusovszky Egyetemi Oktat\u00f3k\u00f3rh\u00e1z<\/p>\n<p style=\"text-align: center\">Semmelweis Egyetem<\/p>\n<p style=\"text-align: center\">Semmelweis Egyetem Doktorandusz \u00d6nkorm\u00e1nyzat (D\u00d6K)<\/p>\n<p style=\"text-align: center\">Somogy Megyei Kaposi M\u00f3r Oktat\u00f3 K\u00f3rh\u00e1z \/ KE Eg\u00e9szs\u00e9g\u00fcgyi K\u00f6zpont PET Medicopus Nonprofit Kft.<\/p>\n<p style=\"text-align: center\">Soproni Erzs\u00e9bet Oktat\u00f3 K\u00f3rh\u00e1z \u00e9s Rehabilit\u00e1ci\u00f3s Int\u00e9zet<\/p>\n<p style=\"text-align: center\">Szabolcs-Szatm\u00e1r-Bereg Megyei K\u00f3rh\u00e1zak \u00e9s Egyetemi Oktat\u00f3k\u00f3rh\u00e1z<\/p>\n<p style=\"text-align: center\">Szent L\u00e1z\u00e1r Megyei K\u00f3rh\u00e1z<\/p>\n<p style=\"text-align: center\">Szent Pantaleon K\u00f3rh\u00e1z-Rendel\u0151int\u00e9zet Duna\u00fajv\u00e1ros<\/p>\n<p style=\"text-align: center\">Toldy Ferenc K\u00f3rh\u00e1z \u00e9s Rendel\u0151int\u00e9zet<\/p>\n<p style=\"text-align: center\">Tolna Megyei Balassa J\u00e1nos K\u00f3rh\u00e1z<\/p>\n<p style=\"text-align: center\">Zala Megyei Szent Rafael K\u00f3rh\u00e1z<\/p>\n<p style=\"text-align: center\"><em>Az esem\u00e9nyt a Semmelweis Egyetem Alumni Igazgat\u00f3s\u00e1ga \u00e9s a Magyar Rezidens Sz\u00f6vets\u00e9g k\u00f6z\u00f6sen szervezi.<\/em><\/p>\n<\/div>\n<\/div>\n","protected":false},"excerpt":{"rendered":"<p>A JELENTKEZ\u00c9S LEZ\u00c1RULT! Mik\u00e9nt jutsz majd el a diplom\u00e1d \u00e1tv\u00e9tel\u00e9t\u0151l az els\u0151 munkahelyedig? Mi a k\u00fcl\u00f6nbs\u00e9g a szakk\u00e9pz\u00e9s \u00e9s t\u00f6rzsk\u00e9pz\u00e9s k\u00f6z\u00f6tt? Milyen keretsz\u00e1mok \u00e9s \u00f6szt\u00f6nd\u00edjak vannak \u00e9s ezek hogyan \u00e9rinthet T\u00e9ged? Mikor \u00e9rdemes PhD-znod \u00e9s hogyan t\u00f6rt\u00e9nik a doktori jelentkez\u00e9s? Ha ilyen \u00e9s ehhez hasonl\u00f3 k\u00e9rd\u00e9seid vannak, akkor mindenk\u00e9ppen ott a helyed a P\u00e1lyaorient\u00e1ci\u00f3s \u00e9s &hellip;<\/p>\n","protected":false},"author":101158,"featured_media":0,"parent":1128,"menu_order":0,"comment_status":"closed","ping_status":"closed","template":"","meta":{"_acf_changed":false,"footnotes":""},"categories":[],"tags":[],"class_list":["post-281","page","type-page","status-publish","hentry"],"acf":[],"publishpress_future_action":{"enabled":false,"date":"1970-01-01 01:00:00","action":"","terms":[],"taxonomy":"","browser_timezone_offset":0},"_links":{"self":[{"href":"https:\/\/semmelweis.hu\/alumni\/wp-json\/wp\/v2\/pages\/281","targetHints":{"allow":["GET"]}}],"collection":[{"href":"https:\/\/semmelweis.hu\/alumni\/wp-json\/wp\/v2\/pages"}],"about":[{"href":"https:\/\/semmelweis.hu\/alumni\/wp-json\/wp\/v2\/types\/page"}],"author":[{"embeddable":true,"href":"https:\/\/semmelweis.hu\/alumni\/wp-json\/wp\/v2\/users\/101158"}],"replies":[{"embeddable":true,"href":"https:\/\/semmelweis.hu\/alumni\/wp-json\/wp\/v2\/comments?post=281"}],"version-history":[{"count":3,"href":"https:\/\/semmelweis.hu\/alumni\/wp-json\/wp\/v2\/pages\/281\/revisions"}],"predecessor-version":[{"id":2432,"href":"https:\/\/semmelweis.hu\/alumni\/wp-json\/wp\/v2\/pages\/281\/revisions\/2432"}],"up":[{"embeddable":true,"href":"https:\/\/semmelweis.hu\/alumni\/wp-json\/wp\/v2\/pages\/1128"}],"wp:attachment":[{"href":"https:\/\/semmelweis.hu\/alumni\/wp-json\/wp\/v2\/media?parent=281"}],"wp:term":[{"taxonomy":"category","embeddable":true,"href":"https:\/\/semmelweis.hu\/alumni\/wp-json\/wp\/v2\/categories?post=281"},{"taxonomy":"post_tag","embeddable":true,"href":"https:\/\/semmelweis.hu\/alumni\/wp-json\/wp\/v2\/tags?post=281"}],"curies":[{"name":"wp","href":"https:\/\/api.w.org\/{rel}","templated":true}]}}