{"id":28090,"date":"2025-08-27T12:22:40","date_gmt":"2025-08-27T10:22:40","guid":{"rendered":"https:\/\/semmelweis.hu\/alumni\/?page_id=28090"},"modified":"2026-01-26T09:56:12","modified_gmt":"2026-01-26T08:56:12","slug":"28090-2","status":"publish","type":"page","link":"https:\/\/semmelweis.hu\/alumni\/szolgaltatasok\/kepzeseink\/szemelyes-kepzeseink\/28090-2\/","title":{"rendered":"Szem\u00e9lyis\u00e9gtipol\u00f3gia a gyakorlatban 2026. febru\u00e1r 28., szombat"},"content":{"rendered":"<h3 data-start=\"108\" data-end=\"221\"><strong data-start=\"108\" data-end=\"219\">Szem\u00e9lyis\u00e9gtipol\u00f3gia a gyakorlatban (DISC Modell \u2013 \u00datmutat\u00f3 a Sikeres Kapcsolatokhoz a Mad\u00e1rvil\u00e1g T\u00fckr\u00e9ben)<\/strong><\/h3>\n<h6 data-start=\"223\" data-end=\"591\"><img loading=\"lazy\" decoding=\"async\" class=\" wp-image-28091 alignright\" src=\"https:\/\/semmelweis.hu\/alumni\/files\/2025\/08\/disc-400x363.png\" alt=\"\" width=\"263\" height=\"239\" srcset=\"https:\/\/semmelweis.hu\/alumni\/files\/2025\/08\/disc-400x363.png 400w, https:\/\/semmelweis.hu\/alumni\/files\/2025\/08\/disc.png 660w\" sizes=\"auto, (max-width: 263px) 100vw, 263px\" \/>K\u00e9pzelje el, hogy egy k\u00fcl\u00f6nleges mad\u00e1rvil\u00e1gban j\u00e1r\u2026 \u00d6n vajon melyik mad\u00e1r lenne? Egy sas, aki magabiztosan \u00e9s hat\u00e1rozottan k\u00e9pviseli a szakmai \u00e1ll\u00e1spontj\u00e1t? Esetleg egy papag\u00e1j, aki mindig nyitott, besz\u00e9des \u00e9s kapcsolat\u00e9p\u00edt\u0151? Net\u00e1n egy galamb, aki harm\u00f3ni\u00e1t teremt a csapatban \u00e9s a p\u00e1ciensekkel? Vagy egy bagoly, aki \u00e1tgondoltan, prec\u00edzen \u00e9s alaposan hoz d\u00f6nt\u00e9seket?<\/h6>\n<p data-start=\"593\" data-end=\"797\">Az eg\u00e9szs\u00e9g\u00fcgy k\u00fcl\u00f6nleges terep a kommunik\u00e1ci\u00f3 sz\u00e1m\u00e1ra. Itt minden egyes kapcsolat sz\u00e1m\u00edt a p\u00e1ciens bizalm\u00e1t\u00f3l kezdve a csapaton bel\u00fcli egy\u00fcttm\u0171k\u00f6d\u00e9sig. A DISC modell seg\u00edt abban, hogy jobban meg\u00e9rts\u00fck:<\/p>\n<ul data-start=\"798\" data-end=\"1062\">\n<li data-start=\"798\" data-end=\"871\">\n<p data-start=\"800\" data-end=\"871\">hogyan gondolkodnak \u00e9s reag\u00e1lnak k\u00fcl\u00f6nb\u00f6z\u0151 viselked\u00e9s-t\u00edpus\u00fa emberek,<\/p>\n<\/li>\n<li data-start=\"872\" data-end=\"977\">\n<p data-start=\"874\" data-end=\"977\">hogyan tudunk hat\u00e9konyabban kapcsolatot \u00e9p\u00edteni \u2013 ak\u00e1r stresszes, \u00e9rzelmileg terhelt helyzetekben is,<\/p>\n<\/li>\n<li data-start=\"978\" data-end=\"1062\">\n<p data-start=\"980\" data-end=\"1062\">\u00e9s hogyan alkalmazkodhatunk \u00fagy, hogy k\u00f6zben hitelesek \u00e9s magabiztosak maradunk.<\/p>\n<\/li>\n<\/ul>\n<p data-start=\"1064\" data-end=\"1114\">A 4 \u00f3r\u00e1s interakt\u00edv workshop sor\u00e1n a r\u00e9sztvev\u0151k:<\/p>\n<ul data-start=\"1115\" data-end=\"1511\">\n<li data-start=\"1115\" data-end=\"1161\">\n<p data-start=\"1117\" data-end=\"1161\">felfedezik saj\u00e1t kommunik\u00e1ci\u00f3s st\u00edlusukat,<\/p>\n<\/li>\n<li data-start=\"1162\" data-end=\"1248\">\n<p data-start=\"1164\" data-end=\"1248\">megtanulj\u00e1k felismerni a p\u00e1ciensek, hozz\u00e1tartoz\u00f3k \u00e9s koll\u00e9g\u00e1k viselked\u00e9s t\u00edpusait,<\/p>\n<\/li>\n<li data-start=\"1249\" data-end=\"1356\">\n<p data-start=\"1251\" data-end=\"1356\">helyzetgyakorlatokon kereszt\u00fcl pr\u00f3b\u00e1lhatj\u00e1k ki a tanultakat, \u00e9letszer\u0171 k\u00f6rnyezetb\u0151l vett szitu\u00e1ci\u00f3kban,<\/p>\n<\/li>\n<li data-start=\"1357\" data-end=\"1443\">\n<p data-start=\"1359\" data-end=\"1443\">olyan eszk\u00f6z\u00f6ket kapnak, amelyekkel a mindennapi helyzetek g\u00f6rd\u00fcl\u00e9kenyebb\u00e9 v\u00e1lnak,<\/p>\n<\/li>\n<li data-start=\"1444\" data-end=\"1511\">\n<p data-start=\"1446\" data-end=\"1511\">mindezek \u00e1ltal a bizalmi kapcsolatok kialakulnak, meger\u0151s\u00f6dnek.<\/p>\n<\/li>\n<\/ul>\n<p data-start=\"1513\" data-end=\"1699\">A madarak vil\u00e1ga k\u00f6nnyen \u00e9rthet\u0151 metafora \u2013 a felismer\u00e9sek pedig azonnal alkalmazhat\u00f3k a rendel\u0151ben, a gy\u00f3gyszert\u00e1rban, a p\u00e1ciensekkel t\u00f6rt\u00e9n\u0151 kommunik\u00e1ci\u00f3ban, vagy a vezet\u0151i irod\u00e1ban.<\/p>\n<h3>A tr\u00e9ning jellemz\u0151i:<\/h3>\n<ul>\n<li>A tanfolyamot offline tartjuk.\u00a0<\/li>\n<li>A workshop10:00-t\u00f3l 14:00-ig tart. A tr\u00e9ning tematik\u00e1ja egy \u00edvet k\u00f6vet, ez\u00e9rt annak \u00e9rdemes jelentkezni, aki a teljes id\u0151tartamban jelen tud lenni.<\/li>\n<li>A tr\u00e9ning maxim\u00e1lis l\u00e9tsz\u00e1ma az interakt\u00edv forma miatt 20 f\u0151<\/li>\n<li>A r\u00e9szv\u00e9tel a Semmelweis Egyetem b\u00e1rmely v\u00e9gzett hallgat\u00f3ja sz\u00e1m\u00e1ra ingyenes, de regisztr\u00e1ci\u00f3hoz k\u00f6t\u00f6tt.<\/li>\n<li>Tr\u00e9ner: Dr. Gyarmathy Mikl\u00f3s<\/li>\n<li><strong>A soron k\u00f6vetkez\u0151 k\u00e9pz\u00e9s id\u0151pontja: 2026. febru\u00e1r 28., szombat 10:00-14:00.<\/strong><\/li>\n<li>A tanfolyam helysz\u00edne: 1085 Budapest, \u00dcll\u0151i \u00fat 26. K\u00f6zponti Igazgat\u00e1si \u00c9p\u00fclet fsz. 6. terem\u00a0<\/li>\n<li>Fontos! A k\u00e9pz\u00e9sen az els\u0151 20 jelentkez\u0151 tud majd r\u00e9szt venni, a tov\u00e1bbiakban v\u00e1r\u00f3list\u00e1ra ker\u00fclnek a jelentkez\u0151k, k\u00e9rj\u00fck, hogy a jelentkez\u00e9st kezelj\u00e9k felel\u0151ss\u00e9ggel! Amennyiben a jelentkez\u0151 a k\u00e9pz\u00e9st nem mondja le \u00e9s nem jelenik meg a k\u00e9pz\u00e9sen, akkor ebben a f\u00e9l\u00e9vben az Alumni \u00e1ltal szervezett k\u00e9pz\u00e9seken m\u00e1r nem vehet r\u00e9szt.\u00a0<\/li>\n<\/ul>\n<p style=\"text-align: center\"><a href=\"https:\/\/outlook.office.com\/book\/Kpzsek@unisemmelweis.onmicrosoft.com\/s\/m6KFrD5Tj0KeVyU2Bqlh9A2?ismsaljsauthenabled\"><strong>JELENTKEZ\u00c9S<\/strong><\/a><\/p>\n","protected":false},"excerpt":{"rendered":"<p>Szem\u00e9lyis\u00e9gtipol\u00f3gia a gyakorlatban (DISC Modell \u2013 \u00datmutat\u00f3 a Sikeres Kapcsolatokhoz a Mad\u00e1rvil\u00e1g T\u00fckr\u00e9ben) K\u00e9pzelje el, hogy egy k\u00fcl\u00f6nleges mad\u00e1rvil\u00e1gban j\u00e1r\u2026 \u00d6n vajon melyik mad\u00e1r lenne? Egy sas, aki magabiztosan \u00e9s hat\u00e1rozottan k\u00e9pviseli a szakmai \u00e1ll\u00e1spontj\u00e1t? Esetleg egy papag\u00e1j, aki mindig nyitott, besz\u00e9des \u00e9s kapcsolat\u00e9p\u00edt\u0151? Net\u00e1n egy galamb, aki harm\u00f3ni\u00e1t teremt a csapatban \u00e9s a p\u00e1ciensekkel? &hellip;<\/p>\n","protected":false},"author":101947,"featured_media":28092,"parent":4874,"menu_order":0,"comment_status":"closed","ping_status":"closed","template":"","meta":{"_acf_changed":false,"footnotes":""},"categories":[336],"tags":[],"class_list":["post-28090","page","type-page","status-publish","has-post-thumbnail","hentry","category-aktualiskepzesek"],"acf":[],"publishpress_future_action":{"enabled":false,"date":"1970-01-01 01:00:00","action":"","terms":[],"taxonomy":"","browser_timezone_offset":0},"_links":{"self":[{"href":"https:\/\/semmelweis.hu\/alumni\/wp-json\/wp\/v2\/pages\/28090","targetHints":{"allow":["GET"]}}],"collection":[{"href":"https:\/\/semmelweis.hu\/alumni\/wp-json\/wp\/v2\/pages"}],"about":[{"href":"https:\/\/semmelweis.hu\/alumni\/wp-json\/wp\/v2\/types\/page"}],"author":[{"embeddable":true,"href":"https:\/\/semmelweis.hu\/alumni\/wp-json\/wp\/v2\/users\/101947"}],"replies":[{"embeddable":true,"href":"https:\/\/semmelweis.hu\/alumni\/wp-json\/wp\/v2\/comments?post=28090"}],"version-history":[{"count":10,"href":"https:\/\/semmelweis.hu\/alumni\/wp-json\/wp\/v2\/pages\/28090\/revisions"}],"predecessor-version":[{"id":39517,"href":"https:\/\/semmelweis.hu\/alumni\/wp-json\/wp\/v2\/pages\/28090\/revisions\/39517"}],"up":[{"embeddable":true,"href":"https:\/\/semmelweis.hu\/alumni\/wp-json\/wp\/v2\/pages\/4874"}],"wp:featuredmedia":[{"embeddable":true,"href":"https:\/\/semmelweis.hu\/alumni\/wp-json\/wp\/v2\/media\/28092"}],"wp:attachment":[{"href":"https:\/\/semmelweis.hu\/alumni\/wp-json\/wp\/v2\/media?parent=28090"}],"wp:term":[{"taxonomy":"category","embeddable":true,"href":"https:\/\/semmelweis.hu\/alumni\/wp-json\/wp\/v2\/categories?post=28090"},{"taxonomy":"post_tag","embeddable":true,"href":"https:\/\/semmelweis.hu\/alumni\/wp-json\/wp\/v2\/tags?post=28090"}],"curies":[{"name":"wp","href":"https:\/\/api.w.org\/{rel}","templated":true}]}}