{"id":28054,"date":"2025-08-26T16:11:25","date_gmt":"2025-08-26T14:11:25","guid":{"rendered":"https:\/\/semmelweis.hu\/alumni\/?page_id=28054"},"modified":"2026-01-23T11:36:39","modified_gmt":"2026-01-23T10:36:39","slug":"munkahelyi-elismeresnyelvek-alkalmazasa-2025-december-4-csutortok","status":"publish","type":"page","link":"https:\/\/semmelweis.hu\/alumni\/szolgaltatasok\/kepzeseink\/szemelyes-kepzeseink\/munkahelyi-elismeresnyelvek-alkalmazasa-2025-december-4-csutortok\/","title":{"rendered":"Munkahelyi elismer\u00e9snyelvek alkalmaz\u00e1sa 2025. december 4., cs\u00fct\u00f6rt\u00f6k"},"content":{"rendered":"<h3 data-start=\"119\" data-end=\"852\">Munkahelyi elismer\u00e9snyelvek alkalmaz\u00e1sa<\/h3>\n<p style=\"text-align: justify\" data-start=\"119\" data-end=\"852\"><img loading=\"lazy\" decoding=\"async\" class=\"alignright\" src=\"https:\/\/concordia-od.hu\/wp-content\/uploads\/2020\/03\/megbecsules-munkahelyi-elismeres-nyelvek.jpg\" alt=\"Megbecs\u00fcl\u00e9s - A munkahelyi elismer\u00e9s 5 nyelve - concordia-od.hu - concordia-od.hu - Concordia Szervezet- \u00e9s Vezet\u00e9sfejleszt\u00e9si Kft.\" width=\"569\" height=\"342\" \/>Egy egyszer\u0171 \u201ek\u00f6sz\u00f6n\u00f6m\u201d sokszor csod\u00e1kra k\u00e9pes. De vajon mindenki ugyan\u00fagy \u00e9rzi, hogy \u00e9rt\u00e9kelik a munk\u00e1j\u00e1t? Az interakt\u00edv el\u0151ad\u00e1s a munkahelyi elismer\u00e9snyelvek fontoss\u00e1g\u00e1t t\u00e1rja fel, \u00e9s megmutatja, hogyan adhatjuk meg koll\u00e9g\u00e1inknak \u2013 legyenek \u0151k beosztottak, vezet\u0151k vagy \u00e9ppen munkat\u00e1rsak \u2013 azt a fajta elismer\u00e9st, amire val\u00f3ban sz\u00fcks\u00e9g\u00fck van ahhoz, hogy elk\u00f6telezettek, motiv\u00e1ltak \u00e9s egy\u00fcttm\u0171k\u00f6d\u0151ek maradjanak.<\/p>\n<h5 data-start=\"119\" data-end=\"852\">Az \u00e9let minden ter\u00fclet\u00e9n, de tal\u00e1n napjainkban az eg\u00e9szs\u00e9g\u00fcgyben kiemelten fontos, hogy k\u00e9pesek legy\u00fcnk:<br data-start=\"636\" data-end=\"639\" \/><br \/>\n\u2022 felismerni, kire, milyen t\u00edpus\u00fa elismer\u00e9s hat a legink\u00e1bb,<br data-start=\"699\" data-end=\"702\" \/><br \/>\n\u2022 szem\u00e9lyre szabottan kommunik\u00e1lni \u2013 ak\u00e1r szavakkal, ak\u00e1r tettekkel, ak\u00e1r id\u0151r\u00e1ford\u00edt\u00e1ssal,<br data-start=\"793\" data-end=\"796\" \/><br \/>\n\u2022 be\u00e9p\u00edteni ezeket a h\u00e9tk\u00f6znapi (vezet\u0151i) gyakorlatba.<\/h5>\n<h5 data-start=\"854\" data-end=\"1162\">Az interakt\u00edv el\u0151ad\u00e1s sor\u00e1n a r\u00e9sztvev\u0151k:<br data-start=\"895\" data-end=\"898\" \/><br \/>\n\u2022 megismerik az \u00f6t elismer\u00e9snyelvet \u00e9s azok hat\u00e1s\u00e1t a munkat\u00e1rsak motiv\u00e1ci\u00f3j\u00e1ra,<br data-start=\"978\" data-end=\"981\" \/><br \/>\n\u2022 konkr\u00e9t p\u00e9ld\u00e1kon kereszt\u00fcl l\u00e1tj\u00e1k, hogyan haszn\u00e1lhat\u00f3k ezek a mindennapokban,<br data-start=\"1060\" data-end=\"1063\" \/><br \/>\n\u2022 gyakorlati eszk\u00f6z\u00f6ket kapnak ahhoz, hogy m\u00e1r m\u00e1snapt\u00f3l er\u0151sebb, t\u00e1mogat\u00f3bb l\u00e9gk\u00f6rt teremtsenek.<\/h5>\n<p data-start=\"1164\" data-end=\"1309\">Az eredm\u00e9ny? Loj\u00e1lisabb, el\u00e9gedettebb \u00e9s lelkesebb munkat\u00e1rsak, ahol mindenki \u00e9rzi, a munk\u00e1ja sz\u00e1m\u00edt, \u00e9s \u0151 maga is \u00e9rt\u00e9kes r\u00e9sze a k\u00f6z\u00f6ss\u00e9gnek.<\/p>\n<h3>A tr\u00e9ning jellemz\u0151i:<\/h3>\n<ul>\n<li>A tr\u00e9ning17:00-20:00-ig tart.\u00a0<\/li>\n<li>A tr\u00e9ning maxim\u00e1lis l\u00e9tsz\u00e1ma az interakt\u00edv forma miatt 20 f\u0151<\/li>\n<li>A r\u00e9szv\u00e9tel a Semmelweis Egyetem b\u00e1rmely v\u00e9gzett hallgat\u00f3ja sz\u00e1m\u00e1ra ingyenes, de regisztr\u00e1ci\u00f3hoz k\u00f6t\u00f6tt.<\/li>\n<li>Tr\u00e9ner: Dr. Gyarmathy Mikl\u00f3s<\/li>\n<li><strong>A soron k\u00f6vetkez\u0151 k\u00e9pz\u00e9s id\u0151pontja: 2025. december 4., cs\u00fct\u00f6rt\u00f6k 17:00-20:00<\/strong><\/li>\n<li>A tanfolyam helysz\u00edne: 1085 Budapest, \u00dcll\u0151i \u00fat 26. K\u00f6zponti Igazgat\u00e1si \u00c9p\u00fclet fsz. 6. terem\u00a0<\/li>\n<li>Fontos! A k\u00e9pz\u00e9sen az els\u0151 20 jelentkez\u0151 tud majd r\u00e9szt venni, a tov\u00e1bbiakban v\u00e1r\u00f3list\u00e1ra ker\u00fclnek a jelentkez\u0151k, k\u00e9rj\u00fck, hogy a jelentkez\u00e9st kezelj\u00e9k felel\u0151ss\u00e9ggel! Amennyiben a jelentkez\u0151 a k\u00e9pz\u00e9st nem mondja le \u00e9s nem jelenik meg a k\u00e9pz\u00e9sen, akkor ebben a f\u00e9l\u00e9vben az Alumni \u00e1ltal szervezett k\u00e9pz\u00e9seken m\u00e1r nem vehet r\u00e9szt.\u00a0<\/li>\n<\/ul>\n<p style=\"text-align: center\">\u00a0<\/p>\n","protected":false},"excerpt":{"rendered":"<p>Munkahelyi elismer\u00e9snyelvek alkalmaz\u00e1sa Egy egyszer\u0171 \u201ek\u00f6sz\u00f6n\u00f6m\u201d sokszor csod\u00e1kra k\u00e9pes. De vajon mindenki ugyan\u00fagy \u00e9rzi, hogy \u00e9rt\u00e9kelik a munk\u00e1j\u00e1t? Az interakt\u00edv el\u0151ad\u00e1s a munkahelyi elismer\u00e9snyelvek fontoss\u00e1g\u00e1t t\u00e1rja fel, \u00e9s megmutatja, hogyan adhatjuk meg koll\u00e9g\u00e1inknak \u2013 legyenek \u0151k beosztottak, vezet\u0151k vagy \u00e9ppen munkat\u00e1rsak \u2013 azt a fajta elismer\u00e9st, amire val\u00f3ban sz\u00fcks\u00e9g\u00fck van ahhoz, hogy elk\u00f6telezettek, motiv\u00e1ltak \u00e9s &hellip;<\/p>\n","protected":false},"author":101947,"featured_media":28055,"parent":4874,"menu_order":0,"comment_status":"closed","ping_status":"closed","template":"template-fullwidth.php","meta":{"_acf_changed":false,"footnotes":""},"categories":[336],"tags":[],"class_list":["post-28054","page","type-page","status-publish","has-post-thumbnail","hentry","category-aktualiskepzesek"],"acf":[],"publishpress_future_action":{"enabled":false,"date":"1970-01-01 01:00:00","action":"","terms":[],"taxonomy":"","browser_timezone_offset":0},"_links":{"self":[{"href":"https:\/\/semmelweis.hu\/alumni\/wp-json\/wp\/v2\/pages\/28054","targetHints":{"allow":["GET"]}}],"collection":[{"href":"https:\/\/semmelweis.hu\/alumni\/wp-json\/wp\/v2\/pages"}],"about":[{"href":"https:\/\/semmelweis.hu\/alumni\/wp-json\/wp\/v2\/types\/page"}],"author":[{"embeddable":true,"href":"https:\/\/semmelweis.hu\/alumni\/wp-json\/wp\/v2\/users\/101947"}],"replies":[{"embeddable":true,"href":"https:\/\/semmelweis.hu\/alumni\/wp-json\/wp\/v2\/comments?post=28054"}],"version-history":[{"count":4,"href":"https:\/\/semmelweis.hu\/alumni\/wp-json\/wp\/v2\/pages\/28054\/revisions"}],"predecessor-version":[{"id":39303,"href":"https:\/\/semmelweis.hu\/alumni\/wp-json\/wp\/v2\/pages\/28054\/revisions\/39303"}],"up":[{"embeddable":true,"href":"https:\/\/semmelweis.hu\/alumni\/wp-json\/wp\/v2\/pages\/4874"}],"wp:featuredmedia":[{"embeddable":true,"href":"https:\/\/semmelweis.hu\/alumni\/wp-json\/wp\/v2\/media\/28055"}],"wp:attachment":[{"href":"https:\/\/semmelweis.hu\/alumni\/wp-json\/wp\/v2\/media?parent=28054"}],"wp:term":[{"taxonomy":"category","embeddable":true,"href":"https:\/\/semmelweis.hu\/alumni\/wp-json\/wp\/v2\/categories?post=28054"},{"taxonomy":"post_tag","embeddable":true,"href":"https:\/\/semmelweis.hu\/alumni\/wp-json\/wp\/v2\/tags?post=28054"}],"curies":[{"name":"wp","href":"https:\/\/api.w.org\/{rel}","templated":true}]}}