{"id":27962,"date":"2025-08-25T14:20:50","date_gmt":"2025-08-25T12:20:50","guid":{"rendered":"https:\/\/semmelweis.hu\/alumni\/?page_id=27962"},"modified":"2026-03-25T19:29:51","modified_gmt":"2026-03-25T18:29:51","slug":"tudatos-celtervezes-avagy-en-es-az-ikigai","status":"publish","type":"page","link":"https:\/\/semmelweis.hu\/alumni\/szolgaltatasok\/kepzeseink\/szemelyes-kepzeseink\/tudatos-celtervezes-avagy-en-es-az-ikigai\/","title":{"rendered":"Tudatos c\u00e9ltervez\u00e9s, avagy \u00e9n \u00e9s az IKIGAI 2026. \u00e1prilis 14., kedd \u00e9s j\u00fanius 2., kedd"},"content":{"rendered":"<h3><img loading=\"lazy\" decoding=\"async\" class=\" wp-image-27963 alignright\" src=\"https:\/\/semmelweis.hu\/alumni\/files\/2025\/08\/ikiagi-400x236.png\" alt=\"\" width=\"473\" height=\"279\" srcset=\"https:\/\/semmelweis.hu\/alumni\/files\/2025\/08\/ikiagi-400x236.png 400w, https:\/\/semmelweis.hu\/alumni\/files\/2025\/08\/ikiagi-768x452.png 768w, https:\/\/semmelweis.hu\/alumni\/files\/2025\/08\/ikiagi-753x443.png 753w, https:\/\/semmelweis.hu\/alumni\/files\/2025\/08\/ikiagi.png 929w\" sizes=\"auto, (max-width: 473px) 100vw, 473px\" \/>Tudatos c\u00e9ltervez\u00e9s, avagy \u00e9n \u00e9s az IKIGAI<\/h3>\n<p style=\"text-align: justify\">Az interakt\u00edv alkalom a munkahelyi j\u00f3ll\u00e9t k\u00e9rd\u00e9s\u00e9t a jap\u00e1n IKIGAI modellen kereszt\u00fcl k\u00f6zel\u00edti meg, mely a teljes \u00e9let, az \u00f6nbeteljes\u00fcl\u00e9s filoz\u00f3fi\u00e1j\u00e1ra \u00e9p\u00fcl. A csoportos alkalom sor\u00e1n beazonos\u00edtjuk, hogy egy\u00e9ni szinten mi az, amit szeret\u00fcnk, amiben j\u00f3k vagyunk, amire sz\u00fcks\u00e9ge van a k\u00f6rnyezet\u00fcnknek \u00e9s aminek \u00e9rt\u00e9ke is van a munk\u00e1nkban, \u00e9s foglalkozunk azzal, hogy mik\u00e9nt tal\u00e1lhatjuk meg ak\u00e1r alternat\u00edv m\u00f3don a karrier\u00fcnkben azt, ami nem csak motiv\u00e1ci\u00f3t, de \u00f6r\u00f6met is okoz a sz\u00e1munkra. Olyan r\u00e9sztvev\u0151k sz\u00e1m\u00e1ra lehet hasznos a workshop, akik a ki\u00e9g\u00e9s fel\u00e9 haladnak, vagy m\u00e1r nem tal\u00e1lnak \u00f6r\u00f6m\u00f6t a munk\u00e1jukban, vagy akik tudatosan szeretn\u00e9k megtervezni szakmai fejl\u0151d\u00e9s\u00fcket, vagy munkahely-, illetve p\u00e1lyav\u00e1lt\u00e1son gondolkodnak \u00e9s fontos sz\u00e1mukra, hogy j\u00f3 ir\u00e1nyba l\u00e9pjenek. A karrierrel kapcsolatos dilemm\u00e1k mellett lehet\u0151s\u00e9g ny\u00edlik a szem\u00e9lyes amb\u00edci\u00f3k \u00e9s motiv\u00e1ci\u00f3k felt\u00e1r\u00e1s\u00e1ra is.<\/p>\n<p>&nbsp;<\/p>\n<h3>A tr\u00e9ning jellemz\u0151i:<\/h3>\n<ul>\n<li>A tanfolyamot offline tartjuk.\u00a0<\/li>\n<li>A tr\u00e9ning 17:00-t\u00f3l 20:00-ig tart. A tr\u00e9ning tematik\u00e1ja egy \u00edvet k\u00f6vet, ez\u00e9rt annak \u00e9rdemes jelentkezni, aki a teljes id\u0151tartamban jelen tud lenni.<\/li>\n<li>A tr\u00e9ning maxim\u00e1lis l\u00e9tsz\u00e1ma az interakt\u00edv forma miatt 20 f\u0151<\/li>\n<li>A r\u00e9szv\u00e9tel a Semmelweis Egyetem b\u00e1rmely v\u00e9gzett hallgat\u00f3ja sz\u00e1m\u00e1ra ingyenes, de regisztr\u00e1ci\u00f3hoz k\u00f6t\u00f6tt.<\/li>\n<li>Tr\u00e9ner: Ant\u00f3ny Korn\u00e9lia<\/li>\n<li><strong>A soron k\u00f6vetkez\u0151 k\u00e9pz\u00e9s id\u0151pontja: 2026. \u00e1prilis 14., kedd vagy j\u00fanius 2., kedd 17:00-20:00<\/strong><\/li>\n<li>A tanfolyam helysz\u00edne: 1085 Budapest, \u00dcll\u0151i \u00fat 26. K\u00f6zponti Igazgat\u00e1si \u00c9p\u00fclet fsz. 6. terem\u00a0<\/li>\n<li>Fontos! A k\u00e9pz\u00e9sen az els\u0151 20 jelentkez\u0151 tud majd r\u00e9szt venni, a tov\u00e1bbiakban v\u00e1r\u00f3list\u00e1ra ker\u00fclnek a jelentkez\u0151k, k\u00e9rj\u00fck, hogy a jelentkez\u00e9st kezelj\u00e9k felel\u0151ss\u00e9ggel! Amennyiben a jelentkez\u0151 a k\u00e9pz\u00e9st nem mondja le \u00e9s nem jelenik meg a k\u00e9pz\u00e9sen, akkor ebben a f\u00e9l\u00e9vben az Alumni \u00e1ltal szervezett k\u00e9pz\u00e9seken m\u00e1r nem vehet r\u00e9szt.\u00a0<\/li>\n<\/ul>\n<p style=\"text-align: center\"><a class=\"button\" href=\"https:\/\/outlook.office.com\/book\/Kpzsek@unisemmelweis.onmicrosoft.com\/s\/jq9K4y7lgEeyeAdKDJ5kfw2?ismsaljsauthenabled\" target=\"_blank\" rel=\"noopener\">Jelentkez\u00e9s<\/a><\/p>\n","protected":false},"excerpt":{"rendered":"<p>Tudatos c\u00e9ltervez\u00e9s, avagy \u00e9n \u00e9s az IKIGAI Az interakt\u00edv alkalom a munkahelyi j\u00f3ll\u00e9t k\u00e9rd\u00e9s\u00e9t a jap\u00e1n IKIGAI modellen kereszt\u00fcl k\u00f6zel\u00edti meg, mely a teljes \u00e9let, az \u00f6nbeteljes\u00fcl\u00e9s filoz\u00f3fi\u00e1j\u00e1ra \u00e9p\u00fcl. A csoportos alkalom sor\u00e1n beazonos\u00edtjuk, hogy egy\u00e9ni szinten mi az, amit szeret\u00fcnk, amiben j\u00f3k vagyunk, amire sz\u00fcks\u00e9ge van a k\u00f6rnyezet\u00fcnknek \u00e9s aminek \u00e9rt\u00e9ke is van a &hellip;<\/p>\n","protected":false},"author":101947,"featured_media":27964,"parent":4874,"menu_order":0,"comment_status":"closed","ping_status":"closed","template":"template-fullwidth.php","meta":{"_acf_changed":false,"footnotes":""},"categories":[336],"tags":[],"class_list":["post-27962","page","type-page","status-publish","has-post-thumbnail","hentry","category-aktualiskepzesek"],"acf":[],"publishpress_future_action":{"enabled":false,"date":"1970-01-01 01:00:00","action":"","terms":[],"taxonomy":"","browser_timezone_offset":0},"_links":{"self":[{"href":"https:\/\/semmelweis.hu\/alumni\/wp-json\/wp\/v2\/pages\/27962","targetHints":{"allow":["GET"]}}],"collection":[{"href":"https:\/\/semmelweis.hu\/alumni\/wp-json\/wp\/v2\/pages"}],"about":[{"href":"https:\/\/semmelweis.hu\/alumni\/wp-json\/wp\/v2\/types\/page"}],"author":[{"embeddable":true,"href":"https:\/\/semmelweis.hu\/alumni\/wp-json\/wp\/v2\/users\/101947"}],"replies":[{"embeddable":true,"href":"https:\/\/semmelweis.hu\/alumni\/wp-json\/wp\/v2\/comments?post=27962"}],"version-history":[{"count":8,"href":"https:\/\/semmelweis.hu\/alumni\/wp-json\/wp\/v2\/pages\/27962\/revisions"}],"predecessor-version":[{"id":41110,"href":"https:\/\/semmelweis.hu\/alumni\/wp-json\/wp\/v2\/pages\/27962\/revisions\/41110"}],"up":[{"embeddable":true,"href":"https:\/\/semmelweis.hu\/alumni\/wp-json\/wp\/v2\/pages\/4874"}],"wp:featuredmedia":[{"embeddable":true,"href":"https:\/\/semmelweis.hu\/alumni\/wp-json\/wp\/v2\/media\/27964"}],"wp:attachment":[{"href":"https:\/\/semmelweis.hu\/alumni\/wp-json\/wp\/v2\/media?parent=27962"}],"wp:term":[{"taxonomy":"category","embeddable":true,"href":"https:\/\/semmelweis.hu\/alumni\/wp-json\/wp\/v2\/categories?post=27962"},{"taxonomy":"post_tag","embeddable":true,"href":"https:\/\/semmelweis.hu\/alumni\/wp-json\/wp\/v2\/tags?post=27962"}],"curies":[{"name":"wp","href":"https:\/\/api.w.org\/{rel}","templated":true}]}}