{"id":27943,"date":"2025-08-25T13:11:01","date_gmt":"2025-08-25T11:11:01","guid":{"rendered":"https:\/\/semmelweis.hu\/alumni\/?page_id=27943"},"modified":"2026-02-03T09:56:39","modified_gmt":"2026-02-03T08:56:39","slug":"a-vezetoi-munka-dilemmai-es-megoldasai-vezetoi-mastermind-sorozat-2025-szeptember-23-kedd","status":"publish","type":"page","link":"https:\/\/semmelweis.hu\/alumni\/szolgaltatasok\/kepzeseink\/szemelyes-kepzeseink\/a-vezetoi-munka-dilemmai-es-megoldasai-vezetoi-mastermind-sorozat-2025-szeptember-23-kedd\/","title":{"rendered":"Vezet\u0151i Mastermind sorozat &#8211; A vezet\u0151i munka dilemm\u00e1i \u00e9s megold\u00e1sai"},"content":{"rendered":"<h3 data-start=\"238\" data-end=\"323\"><img loading=\"lazy\" decoding=\"async\" class=\"size-medium wp-image-27945 alignright\" src=\"https:\/\/semmelweis.hu\/alumni\/files\/2025\/08\/are-leaders-born-or-made-400x315.jpg\" alt=\"\" width=\"400\" height=\"315\" srcset=\"https:\/\/semmelweis.hu\/alumni\/files\/2025\/08\/are-leaders-born-or-made-400x315.jpg 400w, https:\/\/semmelweis.hu\/alumni\/files\/2025\/08\/are-leaders-born-or-made-768x605.jpg 768w, https:\/\/semmelweis.hu\/alumni\/files\/2025\/08\/are-leaders-born-or-made-753x593.jpg 753w, https:\/\/semmelweis.hu\/alumni\/files\/2025\/08\/are-leaders-born-or-made.jpg 781w\" sizes=\"auto, (max-width: 400px) 100vw, 400px\" \/>A vezet\u0151i munka dilemm\u00e1i \u00e9s megold\u00e1sai \u2013 Vezet\u0151i Mastermind sorozat<\/h3>\n<p data-start=\"325\" data-end=\"721\">\u00a0<\/p>\n<p>A csoportos, 6 egym\u00e1sra \u00e9p\u00fcl\u0151 t\u00e9mafeldolgoz\u00e1s a piaci k\u00f6rnyezetben m\u0171k\u00f6d\u0151 k\u00f6zepes- \u00e9s nagyv\u00e1llalatok sikeres vezet\u0151i gyakorlataira \u00e9p\u00fcl. A mesterelme c\u00e9lja, hogy az eg\u00e9szs\u00e9g\u00fcgyben jelenleg is vezet\u0151k\u00e9nt m\u0171k\u00f6d\u0151, illetve olyan vezet\u0151i szerepk\u00f6rben \u00e9s feladatokkal dolgoz\u00f3 r\u00e9sztvev\u0151knek seg\u00edtsen, akik a h\u00e9tk\u00f6znapok munkahelyi kih\u00edv\u00e1saira keresik a konkr\u00e9t megold\u00e1sokat. A kurzus minden egyes alkalm\u00e1n val\u00f3 r\u00e9szv\u00e9tel nagyban n\u00f6veli a megszerzett tud\u00e1s gyakorlatba \u00fcltet\u00e9s\u00e9nek siker\u00e9t.<\/p>\n<h5 style=\"text-align: center\"><a class=\"button\" href=\"https:\/\/outlook.office.com\/book\/Kpzsek@unisemmelweis.onmicrosoft.com\/s\/C1mtbjcgFkKwYJ7hOb_6Dw2?ismsaljsauthenabled\" target=\"_blank\" rel=\"noopener\">JELENTKEZ\u00c9S<\/a><\/h5>\n<p>\nB\u00e1r a sorozat b\u00e1rmely alkalma l\u00e1togathat\u00f3 az al\u00e1bbi fel\u00e9p\u00edt\u00e9s figyelembev\u00e9tel\u00e9vel, a teljes k\u00e9p jobb meg\u00e9rt\u00e9se ok\u00e1n a regisztr\u00e1ci\u00f3t egyben, a 6 alkalomra vonatkoz\u00f3an fogadjuk el. A mesterelme sorozat a k\u00f6vetkez\u0151 t\u00e9m\u00e1k k\u00f6r\u00e9 \u00e9p\u00fcl:<\/p>\n<h5>1. vezet\u0151i identit\u00e1s \u00e9s szerepek \u2013 janu\u00e1r<\/h5>\n<p style=\"padding-left: 40px\">a. vezet\u0151i st\u00edlusok,<\/p>\n<p style=\"padding-left: 40px\">b. vezet\u0151i szerepek,<\/p>\n<p style=\"padding-left: 40px\">c. a vezet\u0151i szerepek dilemm\u00e1i,<\/p>\n<p style=\"padding-left: 40px\">d. \u00f6nazonoss\u00e1g vezet\u0151k\u00e9nt<\/p>\n<h5>2. vezet\u0151i keretek \u2013 febru\u00e1r<\/h5>\n<p style=\"padding-left: 40px\">a. feladatok,<\/p>\n<p style=\"padding-left: 40px\">b. felel\u0151ss\u00e9g,<\/p>\n<p style=\"padding-left: 40px\">c. hat\u00e1sk\u00f6r,<\/p>\n<p style=\"padding-left: 40px\">d. kompetenci\u00e1k<\/p>\n<h5>3. szervezeti strukt\u00fara \u00e9s munkaszervez\u00e9s \u2013 m\u00e1rcius<\/h5>\n<p style=\"padding-left: 40px\">a. csapat\u00f6sszet\u00e9tel,<\/p>\n<p style=\"padding-left: 40px\">b. kiv\u00e1laszt\u00e1s,<\/p>\n<p style=\"padding-left: 40px\">c. er\u0151forr\u00e1sok,<\/p>\n<p style=\"padding-left: 40px\">d. deleg\u00e1l\u00e1s \u00e9s sz\u00e1monk\u00e9r\u00e9s<\/p>\n<h5>4. people management 1. \u2013 \u00e1prilis<\/h5>\n<p style=\"padding-left: 40px\">a. coach t\u00edpus\u00fa vezet\u00e9si st\u00edlusok \u00e9s technik\u00e1k 1.,<\/p>\n<p style=\"padding-left: 40px\">b. munkat\u00e1rsak motiv\u00e1l\u00e1sa,<\/p>\n<p style=\"padding-left: 40px\">c. munkat\u00e1rsak \u00e9rt\u00e9kel\u00e9se,<\/p>\n<p style=\"padding-left: 40px\">d. a megtart\u00e1s eszk\u00f6zei<\/p>\n<h5>5. people management 2. \u2013 m\u00e1jus<\/h5>\n<p style=\"padding-left: 40px\">a. coach t\u00edpus\u00fa vezet\u00e9si st\u00edlusok \u00e9s technik\u00e1k 2.,<\/p>\n<p style=\"padding-left: 40px\">b. szem\u00e9lyk\u00f6zi konfliktusok megel\u0151z\u00e9se \u00e9s kialakul\u00e1sa,<\/p>\n<p style=\"padding-left: 40px\">c. szem\u00e9lyk\u00f6zi konfliktusok kezel\u00e9se,<\/p>\n<p style=\"padding-left: 40px\">d. a medi\u00e1ci\u00f3 eszk\u00f6zei<\/p>\n<h5>6. strat\u00e9giai \u00e9s operat\u00edv d\u00f6nt\u00e9sek \u00e9s HR folyamatok a szervezetfejleszt\u00e9s szemsz\u00f6g\u00e9b\u0151l \u2013 j\u00fanius<\/h5>\n<p style=\"padding-left: 40px\">a. d\u00f6nt\u00e9si modellek \u00e9s folyamatok,<\/p>\n<p style=\"padding-left: 40px\">b. bels\u0151 rendszerek (T\u00c9R, onboarding, Exit, talent management),<\/p>\n<p style=\"padding-left: 40px\">c. fejleszt\u00e9si eszk\u00f6z\u00f6k<\/p>\n<p>&nbsp;<\/p>\n<h3>A tr\u00e9ning jellemz\u0151i:<\/h3>\n<ul>\n<li><span style=\"color: #000000\">A tr\u00e9ning 17:00-t\u00f3l 20:00-ig tart. A tr\u00e9ning tematik\u00e1ja egy \u00edvet k\u00f6vet, ez\u00e9rt annak \u00e9rdemes jelentkezni, aki a teljes id\u0151tartamban jelen tud lenni.<\/span><\/li>\n<li><span style=\"color: #000000\">A tr\u00e9ning maxim\u00e1lis l\u00e9tsz\u00e1ma az interakt\u00edv forma miatt 20 f\u0151<\/span><\/li>\n<li><span style=\"color: #000000\">A r\u00e9szv\u00e9tel a Semmelweis Egyetem b\u00e1rmely v\u00e9gzett hallgat\u00f3ja sz\u00e1m\u00e1ra ingyenes, de regisztr\u00e1ci\u00f3hoz k\u00f6t\u00f6tt.<\/span><\/li>\n<li><span style=\"color: #000000\">Tr\u00e9ner: Ant\u00f3ny Korn\u00e9lia<\/span><\/li>\n<li><span style=\"color: #000000\"><strong>A tr\u00e9ning id\u0151pontjai:<br \/>\n<\/strong><\/span><span style=\"color: #000000\"><strong>2026. janu\u00e1r 30., p\u00e9ntek,<br \/>\n2026. febru\u00e1r 17., kedd,<br \/>\n2026. m\u00e1rcius 17., kedd,<br \/>\n2026. \u00e1prilis 28., kedd,<br \/>\n2026. m\u00e1jus 19., kedd,<br \/>\n2026. j\u00fanius 9., kedd<br \/>\n<\/strong><\/span><\/li>\n<li><span style=\"color: #000000\">A tanfolyam helysz\u00edne: 1085 Budapest, \u00dcll\u0151i \u00fat 26. K\u00f6zponti Igazgat\u00e1si \u00c9p\u00fclet fsz. 6. terem\u00a0<\/span><\/li>\n<li style=\"text-align: justify\"><span style=\"color: #000000\">Fontos! A k\u00e9pz\u00e9sen az els\u0151 20 jelentkez\u0151 tud majd r\u00e9szt venni, a tov\u00e1bbiakban v\u00e1r\u00f3list\u00e1ra ker\u00fclnek a jelentkez\u0151k, k\u00e9rj\u00fck, hogy a jelentkez\u00e9st kezelj\u00e9k felel\u0151ss\u00e9ggel! Amennyiben a jelentkez\u0151 a k\u00e9pz\u00e9st nem mondja le \u00e9s nem jelenik meg a k\u00e9pz\u00e9sen, akkor ebben a f\u00e9l\u00e9vben az Alumni \u00e1ltal szervezett k\u00e9pz\u00e9seken m\u00e1r nem vehet r\u00e9szt.\u00a0<\/span><\/li>\n<\/ul>\n<h5 style=\"text-align: center\"><a class=\"button\" href=\"https:\/\/outlook.office.com\/book\/Kpzsek@unisemmelweis.onmicrosoft.com\/s\/C1mtbjcgFkKwYJ7hOb_6Dw2?ismsaljsauthenabled\" target=\"_blank\" rel=\"noopener\">JELENTKEZ\u00c9S<\/a><\/h5>\n","protected":false},"excerpt":{"rendered":"<p>A vezet\u0151i munka dilemm\u00e1i \u00e9s megold\u00e1sai \u2013 Vezet\u0151i Mastermind sorozat \u00a0 A csoportos, 6 egym\u00e1sra \u00e9p\u00fcl\u0151 t\u00e9mafeldolgoz\u00e1s a piaci k\u00f6rnyezetben m\u0171k\u00f6d\u0151 k\u00f6zepes- \u00e9s nagyv\u00e1llalatok sikeres vezet\u0151i gyakorlataira \u00e9p\u00fcl. A mesterelme c\u00e9lja, hogy az eg\u00e9szs\u00e9g\u00fcgyben jelenleg is vezet\u0151k\u00e9nt m\u0171k\u00f6d\u0151, illetve olyan vezet\u0151i szerepk\u00f6rben \u00e9s feladatokkal dolgoz\u00f3 r\u00e9sztvev\u0151knek seg\u00edtsen, akik a h\u00e9tk\u00f6znapok munkahelyi kih\u00edv\u00e1saira keresik a konkr\u00e9t &hellip;<\/p>\n","protected":false},"author":101947,"featured_media":27946,"parent":4874,"menu_order":0,"comment_status":"closed","ping_status":"closed","template":"template-fullwidth.php","meta":{"_acf_changed":false,"footnotes":""},"categories":[336],"tags":[],"class_list":["post-27943","page","type-page","status-publish","has-post-thumbnail","hentry","category-aktualiskepzesek"],"acf":[],"publishpress_future_action":{"enabled":false,"date":"1970-01-01 01:00:00","action":"","terms":[],"taxonomy":"","browser_timezone_offset":0},"_links":{"self":[{"href":"https:\/\/semmelweis.hu\/alumni\/wp-json\/wp\/v2\/pages\/27943","targetHints":{"allow":["GET"]}}],"collection":[{"href":"https:\/\/semmelweis.hu\/alumni\/wp-json\/wp\/v2\/pages"}],"about":[{"href":"https:\/\/semmelweis.hu\/alumni\/wp-json\/wp\/v2\/types\/page"}],"author":[{"embeddable":true,"href":"https:\/\/semmelweis.hu\/alumni\/wp-json\/wp\/v2\/users\/101947"}],"replies":[{"embeddable":true,"href":"https:\/\/semmelweis.hu\/alumni\/wp-json\/wp\/v2\/comments?post=27943"}],"version-history":[{"count":11,"href":"https:\/\/semmelweis.hu\/alumni\/wp-json\/wp\/v2\/pages\/27943\/revisions"}],"predecessor-version":[{"id":39640,"href":"https:\/\/semmelweis.hu\/alumni\/wp-json\/wp\/v2\/pages\/27943\/revisions\/39640"}],"up":[{"embeddable":true,"href":"https:\/\/semmelweis.hu\/alumni\/wp-json\/wp\/v2\/pages\/4874"}],"wp:featuredmedia":[{"embeddable":true,"href":"https:\/\/semmelweis.hu\/alumni\/wp-json\/wp\/v2\/media\/27946"}],"wp:attachment":[{"href":"https:\/\/semmelweis.hu\/alumni\/wp-json\/wp\/v2\/media?parent=27943"}],"wp:term":[{"taxonomy":"category","embeddable":true,"href":"https:\/\/semmelweis.hu\/alumni\/wp-json\/wp\/v2\/categories?post=27943"},{"taxonomy":"post_tag","embeddable":true,"href":"https:\/\/semmelweis.hu\/alumni\/wp-json\/wp\/v2\/tags?post=27943"}],"curies":[{"name":"wp","href":"https:\/\/api.w.org\/{rel}","templated":true}]}}