{"id":27929,"date":"2025-08-25T11:40:13","date_gmt":"2025-08-25T09:40:13","guid":{"rendered":"https:\/\/semmelweis.hu\/alumni\/?page_id=27929"},"modified":"2026-03-26T09:48:16","modified_gmt":"2026-03-26T08:48:16","slug":"tudasmenedzsment-az-egeszsegugyben-tudas-megorzese-atadasa-bizalom-a-szervezetben-2025-szeptember-16-kedd","status":"publish","type":"page","link":"https:\/\/semmelweis.hu\/alumni\/szolgaltatasok\/kepzeseink\/szemelyes-kepzeseink\/tudasmenedzsment-az-egeszsegugyben-tudas-megorzese-atadasa-bizalom-a-szervezetben-2025-szeptember-16-kedd\/","title":{"rendered":"Tud\u00e1smenedzsment az eg\u00e9szs\u00e9g\u00fcgyben: tud\u00e1s meg\u0151rz\u00e9se, \u00e1tad\u00e1sa, bizalom a szervezetben 2026. j\u00fanius 3., szerda"},"content":{"rendered":"<h3 data-start=\"156\" data-end=\"246\"><img loading=\"lazy\" decoding=\"async\" class=\"alignright wp-image-27933 \" src=\"https:\/\/semmelweis.hu\/alumni\/files\/2025\/08\/GettyImages-2158419693.jpg\" alt=\"\" width=\"580\" height=\"387\" srcset=\"https:\/\/semmelweis.hu\/alumni\/files\/2025\/08\/GettyImages-2158419693.jpg 1536w, https:\/\/semmelweis.hu\/alumni\/files\/2025\/08\/GettyImages-2158419693-400x267.jpg 400w, https:\/\/semmelweis.hu\/alumni\/files\/2025\/08\/GettyImages-2158419693-1024x683.jpg 1024w, https:\/\/semmelweis.hu\/alumni\/files\/2025\/08\/GettyImages-2158419693-768x512.jpg 768w, https:\/\/semmelweis.hu\/alumni\/files\/2025\/08\/GettyImages-2158419693-753x502.jpg 753w, https:\/\/semmelweis.hu\/alumni\/files\/2025\/08\/GettyImages-2158419693-203x135.jpg 203w\" sizes=\"auto, (max-width: 580px) 100vw, 580px\" \/>Tud\u00e1smenedzsment az eg\u00e9szs\u00e9g\u00fcgyben: tud\u00e1s meg\u0151rz\u00e9se, \u00e1tad\u00e1sa, bizalom a szervezetben<\/h3>\n<p style=\"text-align: justify\" data-start=\"248\" data-end=\"631\">Az eg\u00e9szs\u00e9g\u00fcgyi int\u00e9zm\u00e9nyekben a szakmai tud\u00e1s folyamatos fejl\u0151d\u00e9se \u00e9s meg\u0151rz\u00e9se kulcsfontoss\u00e1g\u00fa a magas sz\u00ednvonal\u00fa betegell\u00e1t\u00e1s biztos\u00edt\u00e1s\u00e1hoz. A mindennapokban azonban gyakran el\u0151fordul, hogy a felhalmozott tapasztalat \u00e9s tud\u00e1s egy\u00e9nekn\u00e9l marad, \u00e9s nem \u00e9p\u00fcl be a szervezet k\u00f6z\u00f6s gyakorlat\u00e1ba. Ez hossz\u00fa t\u00e1von nemcsak a hat\u00e9konys\u00e1got, hanem a betegbiztons\u00e1got is vesz\u00e9lyeztetheti.<\/p>\n<p style=\"text-align: justify\" data-start=\"633\" data-end=\"1214\">Az el\u0151ad\u00e1s sor\u00e1n \u00e1ttekintj\u00fck, hogyan t\u00e1mogathat\u00f3 a tud\u00e1s meg\u0151rz\u00e9se \u00e9s rendszerszint\u0171 \u00e1tad\u00e1sa az eg\u00e9szs\u00e9g\u00fcgyi k\u00f6rnyezetben. Kiemelt figyelmet kapnak azok a m\u00f3dszerek, amelyek el\u0151seg\u00edtik a bizalom \u00e9s a transzparens kommunik\u00e1ci\u00f3 kult\u00far\u00e1j\u00e1nak kialak\u00edt\u00e1s\u00e1t, hiszen a tud\u00e1smegoszt\u00e1s alapja mindig a biztons\u00e1gos szervezeti k\u00f6zeg. Foglalkozunk azzal, hogyan lehet hat\u00e9konyan bevonni a k\u00fcl\u00f6nb\u00f6z\u0151 gener\u00e1ci\u00f3k tapasztalatait, mik\u00e9nt alak\u00edthat\u00f3k ki mentor\u00e1l\u00e1si \u00e9s tud\u00e1s\u00e1tad\u00e1si folyamatok, \u00e9s hogyan lehet a digit\u00e1lis eszk\u00f6z\u00f6ket a mindennapi munk\u00e1t t\u00e1mogat\u00f3 tud\u00e1s\u00e1raml\u00e1s szolg\u00e1lat\u00e1ba \u00e1ll\u00edtani.<\/p>\n<p style=\"text-align: justify\" data-start=\"1216\" data-end=\"1428\">A k\u00e9pz\u00e9s c\u00e9lja, hogy a r\u00e9sztvev\u0151k gyakorlati eszk\u00f6z\u00f6ket kapjanak a tud\u00e1s tudatos menedzsel\u00e9s\u00e9hez, \u00e9s olyan szervezeti kult\u00far\u00e1t er\u0151s\u00edtsenek, amelyben a tud\u00e1s megoszt\u00e1sa \u00e9rt\u00e9k, a bizalom pedig alapvet\u0151 er\u0151forr\u00e1s.<\/p>\n<h3>A tr\u00e9ning jellemz\u0151i:<\/h3>\n<ul>\n<li><span style=\"color: #000000\">A tr\u00e9ning 17:00-t\u0151l 20:00-ig tart. A tr\u00e9ning tematik\u00e1ja egy \u00edvet k\u00f6vet, ez\u00e9rt annak \u00e9rdemes jelentkezni, aki a teljes id\u0151tartamban jelen tud lenni.<\/span><\/li>\n<li><span style=\"color: #000000\">A tr\u00e9ning maxim\u00e1lis l\u00e9tsz\u00e1ma az interakt\u00edv forma miatt 20 f\u0151<\/span><\/li>\n<li><span style=\"color: #000000\">A r\u00e9szv\u00e9tel a Semmelweis Egyetem b\u00e1rmely v\u00e9gzett hallgat\u00f3ja sz\u00e1m\u00e1ra ingyenes, de regisztr\u00e1ci\u00f3hoz k\u00f6t\u00f6tt.<\/span><\/li>\n<li><span style=\"color: #000000\">Tr\u00e9ner: Prof. Dr. Kar\u00e1csony P\u00e9ter<\/span><\/li>\n<li><span style=\"color: #000000\"><strong>A soron k\u00f6vetkez\u0151 k\u00e9pz\u00e9s id\u0151pontja: 2026. j\u00fanius 3., szerda 17:00-20:00<\/strong><\/span><\/li>\n<li><span style=\"color: #000000\">A tanfolyam helysz\u00edne: 1085 Budapest, \u00dcll\u0151i \u00fat 26. K\u00f6zponti Igazgat\u00e1si \u00c9p\u00fclet 1. emelet 108. (Szalon)<\/span><\/li>\n<li><span style=\"color: #000000\">Fontos! A k\u00e9pz\u00e9sen az els\u0151 20 jelentkez\u0151 tud majd r\u00e9szt venni, a tov\u00e1bbiakban v\u00e1r\u00f3list\u00e1ra ker\u00fclnek a jelentkez\u0151k, k\u00e9rj\u00fck, hogy a jelentkez\u00e9st kezelj\u00e9k felel\u0151ss\u00e9ggel! Amennyiben a jelentkez\u0151 a k\u00e9pz\u00e9st nem mondja le \u00e9s nem jelenik meg a k\u00e9pz\u00e9sen, akkor ebben a f\u00e9l\u00e9vben az Alumni \u00e1ltal szervezett k\u00e9pz\u00e9seken m\u00e1r nem vehet r\u00e9szt.<\/span><\/li>\n<\/ul>\n<p style=\"text-align: center\"><a class=\"button\" href=\"https:\/\/outlook.office.com\/book\/Kpzsek@unisemmelweis.onmicrosoft.com\/s\/kbg4CN-23kibJgbkpIhbvQ2?ismsaljsauthenabled\" target=\"_blank\" rel=\"noopener\">JELENTKEZ\u00c9S<\/a><\/p>\n","protected":false},"excerpt":{"rendered":"<p>Tud\u00e1smenedzsment az eg\u00e9szs\u00e9g\u00fcgyben: tud\u00e1s meg\u0151rz\u00e9se, \u00e1tad\u00e1sa, bizalom a szervezetben Az eg\u00e9szs\u00e9g\u00fcgyi int\u00e9zm\u00e9nyekben a szakmai tud\u00e1s folyamatos fejl\u0151d\u00e9se \u00e9s meg\u0151rz\u00e9se kulcsfontoss\u00e1g\u00fa a magas sz\u00ednvonal\u00fa betegell\u00e1t\u00e1s biztos\u00edt\u00e1s\u00e1hoz. A mindennapokban azonban gyakran el\u0151fordul, hogy a felhalmozott tapasztalat \u00e9s tud\u00e1s egy\u00e9nekn\u00e9l marad, \u00e9s nem \u00e9p\u00fcl be a szervezet k\u00f6z\u00f6s gyakorlat\u00e1ba. Ez hossz\u00fa t\u00e1von nemcsak a hat\u00e9konys\u00e1got, hanem a betegbiztons\u00e1got &hellip;<\/p>\n","protected":false},"author":101947,"featured_media":27932,"parent":4874,"menu_order":0,"comment_status":"closed","ping_status":"closed","template":"template-fullwidth.php","meta":{"_acf_changed":false,"footnotes":""},"categories":[336],"tags":[],"class_list":["post-27929","page","type-page","status-publish","has-post-thumbnail","hentry","category-aktualiskepzesek"],"acf":[],"publishpress_future_action":{"enabled":false,"date":"1970-01-01 01:00:00","action":"","terms":[],"taxonomy":"","browser_timezone_offset":0},"_links":{"self":[{"href":"https:\/\/semmelweis.hu\/alumni\/wp-json\/wp\/v2\/pages\/27929","targetHints":{"allow":["GET"]}}],"collection":[{"href":"https:\/\/semmelweis.hu\/alumni\/wp-json\/wp\/v2\/pages"}],"about":[{"href":"https:\/\/semmelweis.hu\/alumni\/wp-json\/wp\/v2\/types\/page"}],"author":[{"embeddable":true,"href":"https:\/\/semmelweis.hu\/alumni\/wp-json\/wp\/v2\/users\/101947"}],"replies":[{"embeddable":true,"href":"https:\/\/semmelweis.hu\/alumni\/wp-json\/wp\/v2\/comments?post=27929"}],"version-history":[{"count":10,"href":"https:\/\/semmelweis.hu\/alumni\/wp-json\/wp\/v2\/pages\/27929\/revisions"}],"predecessor-version":[{"id":41143,"href":"https:\/\/semmelweis.hu\/alumni\/wp-json\/wp\/v2\/pages\/27929\/revisions\/41143"}],"up":[{"embeddable":true,"href":"https:\/\/semmelweis.hu\/alumni\/wp-json\/wp\/v2\/pages\/4874"}],"wp:featuredmedia":[{"embeddable":true,"href":"https:\/\/semmelweis.hu\/alumni\/wp-json\/wp\/v2\/media\/27932"}],"wp:attachment":[{"href":"https:\/\/semmelweis.hu\/alumni\/wp-json\/wp\/v2\/media?parent=27929"}],"wp:term":[{"taxonomy":"category","embeddable":true,"href":"https:\/\/semmelweis.hu\/alumni\/wp-json\/wp\/v2\/categories?post=27929"},{"taxonomy":"post_tag","embeddable":true,"href":"https:\/\/semmelweis.hu\/alumni\/wp-json\/wp\/v2\/tags?post=27929"}],"curies":[{"name":"wp","href":"https:\/\/api.w.org\/{rel}","templated":true}]}}