{"id":26889,"date":"2025-06-16T11:53:16","date_gmt":"2025-06-16T09:53:16","guid":{"rendered":"https:\/\/semmelweis.hu\/alumni\/?page_id=26889"},"modified":"2025-09-05T16:16:14","modified_gmt":"2025-09-05T14:16:14","slug":"alumni-akademia-2025","status":"publish","type":"page","link":"https:\/\/semmelweis.hu\/alumni\/rendezvenyek\/alumni-akademia-2025\/","title":{"rendered":"Alumni Akad\u00e9mia 2025"},"content":{"rendered":"<h3>\u00a0<\/h3>\n<h3 style=\"text-align: center\">ALUMNI AKAD\u00c9MIA 2025<\/h3>\n<p>&nbsp;<\/p>\n<p style=\"text-align: justify\">A Semmelweis Alumni \u00f6r\u00f6mmel \u00e9rtes\u00edti, hogy v\u00e1laszul a v\u00e9gzett hallgat\u00f3k r\u00e9sz\u00e9r\u0151l \u00e9rkez\u0151 nagy l\u00e9tsz\u00e1m\u00fa k\u00e9pz\u00e9si ig\u00e9nyekre, <strong>id\u00e9n j\u00faliusban els\u0151 alkalommal ker\u00fcl megrendez\u00e9sre az Alumni Akad\u00e9mia<\/strong>.<\/p>\n<p style=\"text-align: justify\">A h\u00e1romnapos esem\u00e9ny idei k\u00f6zponti t\u00e9m\u00e1ja: <strong>a kapcsol\u00f3d\u00e1s<\/strong>.<span style=\"font-size: 1rem\">C\u00e9lunk, hogy tartalmas, inspir\u00e1l\u00f3 \u00e9s gyakorlatias programot k\u00edn\u00e1ljunk mindazoknak, akik szeretn\u00e9nek elm\u00e9ly\u00fclni az \u00f6nismeret, a szakmai k\u00f6z\u00f6ss\u00e9gi jelenl\u00e9t \u00e9s a t\u00e1rsadalmi felel\u0151ss\u00e9gv\u00e1llal\u00e1s k\u00e9rd\u00e9seiben.<\/span><\/p>\n<p><img loading=\"lazy\" decoding=\"async\" class=\"alignright\" src=\"https:\/\/semmelweis.hu\/alumni\/files\/2025\/06\/Akademia_foto-1-scaled.jpg\" width=\"252\" height=\"168\" \/>Az Akad\u00e9mia programja:<\/p>\n<ul>\n<li><strong>3 kerekasztal-besz\u00e9lget\u00e9s<\/strong><\/li>\n<li><strong>6 el\u0151ad\u00e1s<\/strong><\/li>\n<li><strong>6 csoportos foglalkoz\u00e1s (workshop)<\/strong><\/li>\n<\/ul>\n<p style=\"text-align: justify\">A nyit\u00f3napon a \u201e<strong>Kapcsol\u00f3d\u00e1s \u00f6nmagammal<\/strong>\u201d t\u00e9mak\u00f6r ker\u00fcl k\u00f6z\u00e9ppontba, m\u00edg a m\u00e1sodik nap a \u201e<strong>Kapcsol\u00f3d\u00e1s a k\u00f6rnyezetemmel<\/strong>\u201d k\u00e9rd\u00e9sk\u00f6r\u00e9re f\u00f3kusz\u00e1l. A z\u00e1r\u00f3napon a k\u00e9t aspektus egym\u00e1ssal val\u00f3 \u00f6sszefon\u00f3d\u00e1sa ker\u00fcl ter\u00edt\u00e9kre \u2013 mind az el\u0151ad\u00e1sokban, mind a k\u00f6z\u00f6s gondolkod\u00e1sra h\u00edv\u00f3 kerekasztal-besz\u00e9lget\u00e9sekben \u00e9s interakt\u00edv m\u0171helymunk\u00e1kban.<\/p>\n<p style=\"text-align: justify\">Neves el\u0151ad\u00f3inkt\u00f3l hallhatjuk, hogyan gondolkodnak a kapcsol\u00f3d\u00e1s egy\u00e9ni \u00e9s t\u00e1rsadalmi vet\u00fcleteir\u0151l, m\u00edg az akt\u00edv r\u00e9szv\u00e9telre v\u00e1llalkoz\u00f3k sz\u00e1m\u00e1ra vezetett networking program keret\u00e9ben is lehet\u0151s\u00e9g ny\u00edlik tapasztalat- \u00e9s n\u00e9z\u0151pontmegoszt\u00e1sra.<\/p>\n<p style=\"text-align: justify\">A <strong>kapcsol\u00f3d\u00e1s<\/strong> szellem\u00e9ben mindh\u00e1rom nap lehet\u0151s\u00e9get teremt szem\u00e9lyes tal\u00e1lkoz\u00e1sokra, k\u00f6z\u00f6s gondolkod\u00e1sra \u00e9s szakmai fejl\u0151d\u00e9sre.<\/p>\n<h5 style=\"text-align: justify\"><b>A r\u00e9szv\u00e9tel d\u00edjmentes, de a workshopok \u00e9s csoportos foglalkoz\u00e1sok l\u00e9tsz\u00e1mhoz k\u00f6t\u00f6ttek \u2013 ez\u00e9rt k\u00e9rj\u00fck, regisztr\u00e1ljon miel\u0151bb!<\/b><\/h5>\n<p><a class=\"button\" href=\"https:\/\/semmelweis.hu\/alumni\/2025\/06\/16\/alumni-akademia-program-menete\/\" target=\"_blank\" rel=\"noopener\">A program menete itt olvashat\u00f3!<\/a><\/p>\n<p><b>Helysz\u00edn: 1085 Budapest, \u00dcll\u0151i \u00fat 26. K\u00f6zponti Igazgat\u00e1si \u00c9p\u00fclet<br \/>\nId\u0151pont: 2025. j\u00falius 24-25-26.<\/b><\/p>\n<p><a class=\"button\" href=\"https:\/\/semmelweis.hu\/alumni\/2025\/06\/16\/alumni-akademia-reszletes-program\/\" target=\"_blank\" rel=\"noopener\">R\u00e9szletes program<\/a><br \/>\nB\u00edzunk benne, hogy \u00d6n is r\u00e9szese lesz ennek az \u00faj kezdem\u00e9nyez\u00e9snek, \u00e9s szem\u00e9lyesen is \u00fcdv\u00f6z\u00f6lhetj\u00fck az Alumni Akad\u00e9mi\u00e1n!<\/p>\n<p>Jelentkez\u00e9s\u00e9rt kattintson ide:<\/p>\n\n<div class=\"wpcf7 no-js\" id=\"wpcf7-f26875-o1\" lang=\"hu-HU\" dir=\"ltr\" data-wpcf7-id=\"26875\">\n<div class=\"screen-reader-response\"><p role=\"status\" aria-live=\"polite\" aria-atomic=\"true\"><\/p> <ul><\/ul><\/div>\n<form action=\"\/alumni\/wp-json\/wp\/v2\/pages\/26889#wpcf7-f26875-o1\" method=\"post\" class=\"wpcf7-form init\" aria-label=\"Kapcsolatfelv\u00e9teli \u0171rlap\" novalidate=\"novalidate\" data-status=\"init\">\n<div style=\"display: none;\">\n<input type=\"hidden\" name=\"_wpcf7\" value=\"26875\" \/>\n<input type=\"hidden\" name=\"_wpcf7_version\" value=\"6.0.5\" \/>\n<input type=\"hidden\" name=\"_wpcf7_locale\" value=\"hu_HU\" \/>\n<input type=\"hidden\" name=\"_wpcf7_unit_tag\" value=\"wpcf7-f26875-o1\" \/>\n<input type=\"hidden\" name=\"_wpcf7_container_post\" value=\"0\" \/>\n<input type=\"hidden\" name=\"_wpcf7_posted_data_hash\" value=\"\" \/>\n<input type=\"hidden\" name=\"_wpcf7_recaptcha_response\" value=\"\" \/>\n<\/div>\n<p><label> N\u00e9v<br \/>\n<span class=\"wpcf7-form-control-wrap\" data-name=\"your-name\"><input size=\"40\" maxlength=\"400\" class=\"wpcf7-form-control wpcf7-text wpcf7-validates-as-required\" autocomplete=\"name\" aria-required=\"true\" aria-invalid=\"false\" value=\"\" type=\"text\" name=\"your-name\" \/><\/span> <\/label>\n<\/p>\n<p><label> E-mail c\u00edm<br \/>\n<span class=\"wpcf7-form-control-wrap\" data-name=\"your-email\"><input size=\"40\" maxlength=\"400\" class=\"wpcf7-form-control wpcf7-email wpcf7-validates-as-required wpcf7-text wpcf7-validates-as-email\" autocomplete=\"email\" aria-required=\"true\" aria-invalid=\"false\" value=\"\" type=\"email\" name=\"your-email\" \/><\/span> <\/label>\n<\/p>\n<p><label> Telefonsz\u00e1m* (k\u00f6telez\u0151)<br \/>\n<span class=\"wpcf7-form-control-wrap\" data-name=\"Tel\"><input size=\"40\" maxlength=\"400\" class=\"wpcf7-form-control wpcf7-tel wpcf7-text wpcf7-validates-as-tel\" aria-invalid=\"false\" value=\"\" type=\"tel\" name=\"Tel\" \/><\/span> <\/label>\n<\/p>\n<p><label> Melyik karon v\u00e9gzett?* (k\u00f6telez\u0151)<br \/>\n<span class=\"wpcf7-form-control-wrap\" data-name=\"Kar\"><select class=\"wpcf7-form-control wpcf7-select\" aria-invalid=\"false\" name=\"Kar\"><option value=\"- K\u00e9rj\u00fck, v\u00e1lasszon egy opci\u00f3t\">- K\u00e9rj\u00fck, v\u00e1lasszon egy opci\u00f3t<\/option><option value=\"\u00c1ltal\u00e1nos Orvostudom\u00e1nyi Kar\">\u00c1ltal\u00e1nos Orvostudom\u00e1nyi Kar<\/option><option value=\"Eg\u00e9szs\u00e9gtudom\u00e1nyi Kar\">Eg\u00e9szs\u00e9gtudom\u00e1nyi Kar<\/option><option value=\"Fogorvostudom\u00e1nyi Kar\">Fogorvostudom\u00e1nyi Kar<\/option><option value=\"Gy\u00f3gyszer\u00e9sztudom\u00e1nyi Kar\">Gy\u00f3gyszer\u00e9sztudom\u00e1nyi Kar<\/option><option value=\"Eg\u00e9szs\u00e9g\u00fcgyi K\u00f6zszolg\u00e1lati Kar\">Eg\u00e9szs\u00e9g\u00fcgyi K\u00f6zszolg\u00e1lati Kar<\/option><option value=\"Pet\u0151 Andr\u00e1s Kar\">Pet\u0151 Andr\u00e1s Kar<\/option><option value=\"Doktori Iskola\">Doktori Iskola<\/option><\/select><\/span> <\/label>\n<\/p>\n<p><label> Melyik \u00e9vben v\u00e9gzett?* (k\u00f6telez\u0151)<br \/>\n<span class=\"wpcf7-form-control-wrap\" data-name=\"Vegzes\"><input class=\"wpcf7-form-control wpcf7-number wpcf7-validates-as-number\" aria-invalid=\"false\" value=\"\" type=\"number\" name=\"Vegzes\" \/><\/span><\/label>\n<\/p>\n<p><label>Szakvizsga - Szakk\u00e9pes\u00edt\u00e9s - ha van:<br \/>\n<span class=\"wpcf7-form-control-wrap\" data-name=\"Szakvizsga\"><input size=\"40\" maxlength=\"400\" class=\"wpcf7-form-control wpcf7-text\" aria-invalid=\"false\" value=\"\" type=\"text\" name=\"Szakvizsga\" \/><\/span> <\/label>\n<\/p>\n<p><label> Jelenlegi munkahely, munkak\u00f6r:<br \/>\n<span class=\"wpcf7-form-control-wrap\" data-name=\"Jelenlegi\"><input size=\"40\" maxlength=\"400\" class=\"wpcf7-form-control wpcf7-text\" aria-invalid=\"false\" value=\"\" type=\"text\" name=\"Jelenlegi\" \/><\/span> <\/label>\n<\/p>\n<p><label> Kor\u00e1bbi munkahely, munkak\u00f6r (nyug\u00e1llom\u00e1nyba vonul\u00e1s eset\u00e9n):<br \/>\n<span class=\"wpcf7-form-control-wrap\" data-name=\"Korabbi\"><input size=\"40\" maxlength=\"400\" class=\"wpcf7-form-control wpcf7-text\" aria-invalid=\"false\" value=\"\" type=\"text\" name=\"Korabbi\" \/><\/span> <\/label>\n<\/p>\n<hr \/>\n<p><label><strong>Adatv\u00e9delmi nyilatkozat: Az al\u00e1bbi hozz\u00e1j\u00e1rul\u00e1s b\u00e1rmikor h\u00e1tr\u00e1nyos k\u00f6vetkezm\u00e9ny n\u00e9lk\u00fcl visszavonhat\u00f3, ugyanakkor a hozz\u00e1j\u00e1rul\u00e1s visszavon\u00e1sa nem \u00e9rinti a visszavon\u00e1st megel\u0151z\u0151 adatkezel\u00e9s jogszer\u0171s\u00e9g\u00e9t. Az al\u00e1bbi nyilatkozat kit\u00f6lt\u00e9se felhatalmaz\u00e1st ad a Semmelweis Egyetem Alumni Igazgat\u00f3s\u00e1ga r\u00e9sz\u00e9re a k\u00f6z\u00f6lt adatok helyess\u00e9g\u00e9nek ellen\u0151rz\u00e9s\u00e9re. Az Alumni Igazgat\u00f3s\u00e1g adatkezel\u00e9si t\u00e1j\u00e9koztat\u00f3ja <a href=\"https:\/\/semmelweis.hu\/alumni\/alumni-halozat\/adatvedelem\/\" target=\"_blank\">ide kattintva olvashat\u00f3 el<\/a>. <\/strong><br \/>\n<span class=\"wpcf7-form-control-wrap\" data-name=\"hirlevel-en\"><span class=\"wpcf7-form-control wpcf7-radio\"><span class=\"wpcf7-list-item first last\"><label><input type=\"radio\" name=\"hirlevel-en\" value=\"Ez\u00faton kijelentem, \u00e9s k\u00fcld\u00e9s gomb megnyom\u00e1s\u00e1val elfogadom, hogy elolvastam \u00e9s meg\u00e9rtettem az adatkezel\u00e9si t\u00e1j\u00e9koztat\u00f3t \u00e9s az abban foglalt jogaim ismeret\u00e9ben hozz\u00e1j\u00e1rulok ahhoz, hogy a Semmelweis Egyetem Alumni Igazgat\u00f3s\u00e1ga (sz\u00e9khely: 1085 Budapest \u00dcll\u0151i \u00fat 26..; ad\u00f3sz\u00e1ma: 19308674-2-44) szem\u00e9lyes adataimat az adatkezel\u00e9si t\u00e1j\u00e9koztat\u00f3ban foglaltak szerint kezelje. Egy\u00fattal kijelentem, hogy hozz\u00e1j\u00e1rul\u00e1som \u00f6nk\u00e9ntes \u00e9s megfelel\u0151 t\u00e1j\u00e9koztat\u00e1son alapul.\" \/><span class=\"wpcf7-list-item-label\">Ez\u00faton kijelentem, \u00e9s k\u00fcld\u00e9s gomb megnyom\u00e1s\u00e1val elfogadom, hogy elolvastam \u00e9s meg\u00e9rtettem az adatkezel\u00e9si t\u00e1j\u00e9koztat\u00f3t \u00e9s az abban foglalt jogaim ismeret\u00e9ben hozz\u00e1j\u00e1rulok ahhoz, hogy a Semmelweis Egyetem Alumni Igazgat\u00f3s\u00e1ga (sz\u00e9khely: 1085 Budapest \u00dcll\u0151i \u00fat 26..; ad\u00f3sz\u00e1ma: 19308674-2-44) szem\u00e9lyes adataimat az adatkezel\u00e9si t\u00e1j\u00e9koztat\u00f3ban foglaltak szerint kezelje. Egy\u00fattal kijelentem, hogy hozz\u00e1j\u00e1rul\u00e1som \u00f6nk\u00e9ntes \u00e9s megfelel\u0151 t\u00e1j\u00e9koztat\u00e1son alapul.<\/span><\/label><\/span><\/span><\/span><\/label>\n<\/p>\n<p><input class=\"wpcf7-form-control wpcf7-submit has-spinner\" type=\"submit\" value=\"Bek\u00fcld\u00e9s\" \/>\n<\/p><div class=\"wpcf7-response-output\" aria-hidden=\"true\"><\/div>\n<\/form>\n<\/div>\n\n","protected":false},"excerpt":{"rendered":"<p>\u00a0 ALUMNI AKAD\u00c9MIA 2025 &nbsp; A Semmelweis Alumni \u00f6r\u00f6mmel \u00e9rtes\u00edti, hogy v\u00e1laszul a v\u00e9gzett hallgat\u00f3k r\u00e9sz\u00e9r\u0151l \u00e9rkez\u0151 nagy l\u00e9tsz\u00e1m\u00fa k\u00e9pz\u00e9si ig\u00e9nyekre, id\u00e9n j\u00faliusban els\u0151 alkalommal ker\u00fcl megrendez\u00e9sre az Alumni Akad\u00e9mia. A h\u00e1romnapos esem\u00e9ny idei k\u00f6zponti t\u00e9m\u00e1ja: a kapcsol\u00f3d\u00e1s.C\u00e9lunk, hogy tartalmas, inspir\u00e1l\u00f3 \u00e9s gyakorlatias programot k\u00edn\u00e1ljunk mindazoknak, akik szeretn\u00e9nek elm\u00e9ly\u00fclni az \u00f6nismeret, a szakmai k\u00f6z\u00f6ss\u00e9gi jelenl\u00e9t &hellip;<\/p>\n","protected":false},"author":102489,"featured_media":0,"parent":1130,"menu_order":0,"comment_status":"closed","ping_status":"closed","template":"","meta":{"_acf_changed":false,"footnotes":""},"categories":[],"tags":[],"class_list":["post-26889","page","type-page","status-publish","hentry"],"acf":[],"publishpress_future_action":{"enabled":false,"date":"1970-01-01 01:00:00","action":"","terms":[],"taxonomy":"","browser_timezone_offset":0},"_links":{"self":[{"href":"https:\/\/semmelweis.hu\/alumni\/wp-json\/wp\/v2\/pages\/26889","targetHints":{"allow":["GET"]}}],"collection":[{"href":"https:\/\/semmelweis.hu\/alumni\/wp-json\/wp\/v2\/pages"}],"about":[{"href":"https:\/\/semmelweis.hu\/alumni\/wp-json\/wp\/v2\/types\/page"}],"author":[{"embeddable":true,"href":"https:\/\/semmelweis.hu\/alumni\/wp-json\/wp\/v2\/users\/102489"}],"replies":[{"embeddable":true,"href":"https:\/\/semmelweis.hu\/alumni\/wp-json\/wp\/v2\/comments?post=26889"}],"version-history":[{"count":10,"href":"https:\/\/semmelweis.hu\/alumni\/wp-json\/wp\/v2\/pages\/26889\/revisions"}],"predecessor-version":[{"id":26918,"href":"https:\/\/semmelweis.hu\/alumni\/wp-json\/wp\/v2\/pages\/26889\/revisions\/26918"}],"up":[{"embeddable":true,"href":"https:\/\/semmelweis.hu\/alumni\/wp-json\/wp\/v2\/pages\/1130"}],"wp:attachment":[{"href":"https:\/\/semmelweis.hu\/alumni\/wp-json\/wp\/v2\/media?parent=26889"}],"wp:term":[{"taxonomy":"category","embeddable":true,"href":"https:\/\/semmelweis.hu\/alumni\/wp-json\/wp\/v2\/categories?post=26889"},{"taxonomy":"post_tag","embeddable":true,"href":"https:\/\/semmelweis.hu\/alumni\/wp-json\/wp\/v2\/tags?post=26889"}],"curies":[{"name":"wp","href":"https:\/\/api.w.org\/{rel}","templated":true}]}}