{"id":268,"date":"2019-08-25T11:17:02","date_gmt":"2019-08-25T09:17:02","guid":{"rendered":"http:\/\/semmelweis.hu\/alumni\/?page_id=268"},"modified":"2020-10-26T14:30:35","modified_gmt":"2020-10-26T13:30:35","slug":"semmelweis-talks-2","status":"publish","type":"page","link":"https:\/\/semmelweis.hu\/alumni\/en\/services\/allevents\/semmelweis-talks-2\/","title":{"rendered":"Semmelweis Talks"},"content":{"rendered":"<div class=\"et_pb_section et_pb_section_1 et_section_regular\">\n<div class=\"et_pb_row et_pb_row_1\">\n<div class=\"et_pb_text_inner\" style=\"text-align: center\">\u00a0<\/div>\n<div class=\"et_pb_column et_pb_column_4_4 et_pb_column_1 et_pb_css_mix_blend_mode_passthrough et-last-child\">\n<div class=\"et_pb_module et_pb_text et_pb_text_1 et_pb_bg_layout_light et_pb_text_align_justified\">\n<div style=\"text-align: center\">The goal of the Semmelweis Talks lectures is to improve different abilities of our students. <br \/>All the lecturers brought to you are outstanding representatives of their professions who talk about topics affecting current and former students as well.<\/div>\n<\/div>\n<\/div>\n<\/div>\n<\/div>\n<div class=\"et_pb_section et_pb_section_2 et_section_regular\">\n<div class=\"et_pb_row et_pb_row_2\" style=\"text-align: center\">\n<div class=\"et_pb_column et_pb_column_4_4 et_pb_column_2 et_pb_css_mix_blend_mode_passthrough et-last-child\">\n<div class=\"et_pb_module et_pb_divider et_pb_divider_0 et_pb_divider_position_ et_pb_space\">\n<div class=\"et_pb_divider_internal\">\u00a0<\/div>\n<\/div>\n<\/div>\n<\/div>\n<div class=\"et_pb_row et_pb_row_3 et_pb_row_1-4_1-2_1-4\">\n<div class=\"et_pb_column et_pb_column_1_4 et_pb_column_3 et_pb_css_mix_blend_mode_passthrough et_pb_column_empty\" style=\"text-align: center\">\u00a0<\/div>\n<div class=\"et_pb_column et_pb_column_1_2 et_pb_column_4 et_pb_css_mix_blend_mode_passthrough\">\n<div class=\"et_pb_module et_pb_text et_pb_text_2 et_pb_bg_layout_light et_pb_text_align_center\">\n<h1 class=\"et_pb_text_inner\" style=\"text-align: center\"><strong>Our lectures<\/strong><\/h1>\n<\/div>\n<\/div>\n<div class=\"et_pb_column et_pb_column_1_4 et_pb_column_5 et_pb_css_mix_blend_mode_passthrough et_pb_column_empty\">\u00a0<\/div>\n<\/div>\n<div class=\"et_pb_row et_pb_row_4\">\n<div class=\"et_pb_column et_pb_column_4_4 et_pb_column_6 et_pb_css_mix_blend_mode_passthrough et-last-child\">\n<div class=\"et_pb_module et_pb_divider et_pb_divider_1 et_pb_divider_position_ et_pb_space\">\n<div class=\"et_pb_divider_internal\">\n<table style=\"height: 2699px;width: 100%\">\n<tbody>\n<tr style=\"height: 150px\">\n<td style=\"width: 1374px;height: 150px\">\n<p><a href=\"https:\/\/semmelweis.hu\/alumni\/files\/2020\/02\/garami_zsolt.png\"><img loading=\"lazy\" decoding=\"async\" class=\"wp-image-2337 alignleft\" src=\"https:\/\/semmelweis.hu\/alumni\/files\/2020\/02\/garami_zsolt.png\" alt=\"\" width=\"151\" height=\"137\" \/><\/a><strong><b>Dr. Zsolt Garami: Robots in the operating room (HUN)<br \/><em>12 February 2020<\/em><\/b><\/strong><strong><b><em> 6 pm.<\/em><\/b><\/strong>\u00a0<a href=\"https:\/\/semmelweis.hu\/alumni\/2020\/02\/18\/semmelweis-talks-a-terminator-robotok-a-mutoben\/\"><strong>More &gt;&gt;<\/strong><\/a><strong><b><br \/><\/b><\/strong><\/p>\n<\/td>\n<\/tr>\n<tr style=\"height: 123px\">\n<td style=\"width: 1374px;height: 123px\"><strong><b><a href=\"https:\/\/semmelweis.hu\/alumni\/files\/2019\/10\/mesko1.png\"><img loading=\"lazy\" decoding=\"async\" class=\" wp-image-966 alignleft\" src=\"https:\/\/semmelweis.hu\/alumni\/files\/2019\/10\/mesko1.png\" alt=\"\" width=\"150\" height=\"150\" srcset=\"https:\/\/semmelweis.hu\/alumni\/files\/2019\/10\/mesko1.png 226w, https:\/\/semmelweis.hu\/alumni\/files\/2019\/10\/mesko1-150x150.png 150w\" sizes=\"auto, (max-width: 150px) 100vw, 150px\" \/><\/a>Dr. Bertalan Mesk\u00f3: Sci-fi in the health care industry (HUN)<\/b><\/strong><em><strong><b> <br \/>15 October 2019 6 pm. <\/b><\/strong><\/em><a href=\"https:\/\/semmelweis.hu\/alumni\/rendezvenyek\/semmelweis-talks\/science-fiction-az-egeszsegugyben-dr-mesko-bertalan-eloadas\/\"><strong>More &gt;&gt;<\/strong><\/a><b> <\/b><\/td>\n<\/tr>\n<tr style=\"height: 163px\">\n<td style=\"height: 199px;width: 1374px\"><strong><b><a href=\"https:\/\/semmelweis.hu\/alumni\/files\/2019\/08\/marky_adam_round-1.png\"><img loading=\"lazy\" decoding=\"async\" class=\" wp-image-542 alignleft\" src=\"https:\/\/semmelweis.hu\/alumni\/files\/2019\/08\/marky_adam_round-1.png\" alt=\"\" width=\"151\" height=\"151\" srcset=\"https:\/\/semmelweis.hu\/alumni\/files\/2019\/08\/marky_adam_round-1.png 226w, https:\/\/semmelweis.hu\/alumni\/files\/2019\/08\/marky_adam_round-1-150x150.png 150w\" sizes=\"auto, (max-width: 151px) 100vw, 151px\" \/><\/a>Dr. \u00c1d\u00e1m M\u00e1rky: The health strategy \u2013 Lifestyle medicine and sustainable health care system (HUN)<\/b> <br \/><em><b>25 February 2019 6 pm. <\/b><\/em><\/strong><strong><a href=\"https:\/\/semmelweis.hu\/alumni\/rendezvenyek\/semmelweis-talks\/az-egeszseg-strategia-eletmod-orvostan-es-fenntarthato-egeszsegugy\/\">More &gt;&gt;<\/a><\/strong><\/td>\n<\/tr>\n<tr style=\"height: 178px\">\n<td style=\"height: 178px;width: 1374px\"><strong><b><a href=\"https:\/\/semmelweis.hu\/alumni\/files\/2019\/08\/bakacsi-round-1.png\"><img loading=\"lazy\" decoding=\"async\" class=\" wp-image-544 alignleft\" src=\"https:\/\/semmelweis.hu\/alumni\/files\/2019\/08\/bakacsi-round-1.png\" alt=\"\" width=\"150\" height=\"165\" \/><\/a>Dr. Gyula Bakacsi: Hierarchy in health care (HUN)<\/b> <br \/><em><b>25 March 2019 6 pm. <\/b><\/em><\/strong><strong><a href=\"https:\/\/semmelweis.hu\/alumni\/rendezvenyek\/semmelweis-talks\/hierarchia-az-egeszsegugyben\/\">More &gt;&gt;<\/a><\/strong><\/td>\n<\/tr>\n<tr style=\"height: 160px\">\n<td style=\"height: 160px;width: 1374px\">\n<p><strong><a href=\"https:\/\/semmelweis.hu\/alumni\/files\/2019\/08\/limpar-imre-round.png\"><img loading=\"lazy\" decoding=\"async\" class=\" wp-image-545 alignleft\" src=\"https:\/\/semmelweis.hu\/alumni\/files\/2019\/08\/limpar-imre-round.png\" alt=\"\" width=\"155\" height=\"148\" srcset=\"https:\/\/semmelweis.hu\/alumni\/files\/2019\/08\/limpar-imre-round.png 361w, https:\/\/semmelweis.hu\/alumni\/files\/2019\/08\/limpar-imre-round-300x286.png 300w\" sizes=\"auto, (max-width: 155px) 100vw, 155px\" \/><\/a>Imre Limp\u00e1r: In the footsteps of secret ingredients \u2013 Facts and misconceptions from the psychology of success (HUN) <br \/><em>02 May 2019 6 pm.<\/em><\/strong><span class=\"_4n-j _3cht fsl\" data-testid=\"event-permalink-details\"><span class=\"text_exposed_show\">\u00a0<\/span><\/span><strong><a href=\"https:\/\/semmelweis.hu\/alumni\/rendezvenyek\/semmelweis-talks\/titkos-osszetevok-nyomaban-tenyek-es-tevhitek-a-siker-pszichologiajabol\/\">More &gt;&gt;<\/a><\/strong><\/p>\n<\/td>\n<\/tr>\n<tr style=\"height: 163px\">\n<td style=\"height: 163px;width: 1374px\">\n<div class=\"et_pb_row et_pb_row_8\">\n<div class=\"et_pb_column et_pb_column_4_4 et_pb_column_13 et_pb_css_mix_blend_mode_passthrough et-last-child\">\n<div class=\"et_pb_module et_pb_divider et_pb_divider_2 et_pb_divider_position_ et_pb_space\">\n<div class=\"et_pb_divider_internal\"><strong style=\"font-size: 1rem\"><a href=\"https:\/\/semmelweis.hu\/alumni\/files\/2019\/08\/pusztaiadam-icon.png\"><img loading=\"lazy\" decoding=\"async\" class=\" wp-image-546 alignleft\" src=\"https:\/\/semmelweis.hu\/alumni\/files\/2019\/08\/pusztaiadam-icon.png\" alt=\"\" width=\"150\" height=\"149\" srcset=\"https:\/\/semmelweis.hu\/alumni\/files\/2019\/08\/pusztaiadam-icon.png 700w, https:\/\/semmelweis.hu\/alumni\/files\/2019\/08\/pusztaiadam-icon-150x150.png 150w, https:\/\/semmelweis.hu\/alumni\/files\/2019\/08\/pusztaiadam-icon-300x300.png 300w\" sizes=\"auto, (max-width: 150px) 100vw, 150px\" \/><\/a><\/strong><\/div>\n<\/div>\n<\/div>\n<\/div>\n<div class=\"et_pb_row et_pb_row_11\">\n<div class=\"et_pb_column et_pb_column_2_3 et_pb_column_19 et_pb_css_mix_blend_mode_passthrough\">\n<div class=\"et_pb_module et_pb_text et_pb_text_7 et_pb_bg_layout_light et_pb_text_align_justified\">\n<div class=\"et_pb_text_inner\"><strong>\u00c1d\u00e1m Pusztai: Gamification and the health care (HUN)<em><br \/>29 October 2018<\/em><\/strong> <strong><a href=\"https:\/\/semmelweis.hu\/alumni\/rendezvenyek\/semmelweis-talks\/gamification-es-az-egeszsegugy\/\">More &gt;&gt;<\/a><\/strong><\/div>\n<\/div>\n<\/div>\n<\/div>\n<\/td>\n<\/tr>\n<tr style=\"height: 163px\">\n<td style=\"height: 163px;width: 1374px\"><strong><a href=\"https:\/\/semmelweis.hu\/alumni\/files\/2019\/08\/katajanos_icon.png\"><img loading=\"lazy\" decoding=\"async\" class=\" wp-image-547 alignleft\" src=\"https:\/\/semmelweis.hu\/alumni\/files\/2019\/08\/katajanos_icon-1024x1024.png\" alt=\"\" width=\"150\" height=\"150\" srcset=\"https:\/\/semmelweis.hu\/alumni\/files\/2019\/08\/katajanos_icon-1024x1024.png 1024w, https:\/\/semmelweis.hu\/alumni\/files\/2019\/08\/katajanos_icon-150x150.png 150w, https:\/\/semmelweis.hu\/alumni\/files\/2019\/08\/katajanos_icon-300x300.png 300w, https:\/\/semmelweis.hu\/alumni\/files\/2019\/08\/katajanos_icon-768x768.png 768w, https:\/\/semmelweis.hu\/alumni\/files\/2019\/08\/katajanos_icon-753x753.png 753w, https:\/\/semmelweis.hu\/alumni\/files\/2019\/08\/katajanos_icon.png 1662w\" sizes=\"auto, (max-width: 150px) 100vw, 150px\" \/><\/a>Dr. J\u00e1nos Kata: Studying in the 21st century (HUN)<br \/><em>03 May 2018<\/em><\/strong><span class=\"_4n-j _3cht fsl\" data-testid=\"event-permalink-details\"><span class=\"text_exposed_show\">\u00a0<\/span><\/span><strong><a href=\"https:\/\/semmelweis.hu\/alumni\/rendezvenyek\/semmelweis-talks\/tanulas-a-xxi-szazadban\/\">More &gt;&gt;<\/a><\/strong><\/td>\n<\/tr>\n<tr style=\"height: 183px\">\n<td style=\"height: 183px;width: 1374px\"><strong><a href=\"https:\/\/semmelweis.hu\/alumni\/files\/2019\/08\/kissgergelyikon.png\"><img loading=\"lazy\" decoding=\"async\" class=\" wp-image-548 alignleft\" src=\"https:\/\/semmelweis.hu\/alumni\/files\/2019\/08\/kissgergelyikon.png\" alt=\"\" width=\"150\" height=\"149\" srcset=\"https:\/\/semmelweis.hu\/alumni\/files\/2019\/08\/kissgergelyikon.png 287w, https:\/\/semmelweis.hu\/alumni\/files\/2019\/08\/kissgergelyikon-150x150.png 150w\" sizes=\"auto, (max-width: 150px) 100vw, 150px\" \/><\/a>Gergely Kiss: Sports on! (HUN)<br \/><em>05 April 2018<\/em><\/strong><span class=\"_4n-j _3cht fsl\" data-testid=\"event-permalink-details\"><span class=\"text_exposed_show\">\u00a0<\/span><\/span><strong><a href=\"https:\/\/semmelweis.hu\/alumni\/rendezvenyek\/semmelweis-talks\/sportra-fel\/\">More &gt;&gt;<\/a><\/strong><\/td>\n<\/tr>\n<tr style=\"height: 33px\">\n<td style=\"height: 33px;width: 1374px\"><strong><a href=\"https:\/\/semmelweis.hu\/alumni\/files\/2019\/08\/orvos-toth-noemi-st.png\"><img loading=\"lazy\" decoding=\"async\" class=\" wp-image-549 alignleft\" src=\"https:\/\/semmelweis.hu\/alumni\/files\/2019\/08\/orvos-toth-noemi-st.png\" alt=\"\" width=\"150\" height=\"150\" srcset=\"https:\/\/semmelweis.hu\/alumni\/files\/2019\/08\/orvos-toth-noemi-st.png 700w, https:\/\/semmelweis.hu\/alumni\/files\/2019\/08\/orvos-toth-noemi-st-150x150.png 150w, https:\/\/semmelweis.hu\/alumni\/files\/2019\/08\/orvos-toth-noemi-st-300x300.png 300w\" sizes=\"auto, (max-width: 150px) 100vw, 150px\" \/><\/a>No\u00e9mi Orvos-T\u00f3th: In Love or War? (HUN)<br \/><em>28 February 2018<\/em><\/strong><span class=\"_4n-j _3cht fsl\" data-testid=\"event-permalink-details\"><span class=\"text_exposed_show\">\u00a0<\/span><\/span><strong><a href=\"https:\/\/semmelweis.hu\/alumni\/rendezvenyek\/semmelweis-talks\/szerelemben-vagy-haboruban\/\">More &gt;&gt;<\/a><\/strong><\/td>\n<\/tr>\n<tr style=\"height: 33px\">\n<td style=\"height: 33px;width: 1374px\">\n<p><strong><a href=\"https:\/\/semmelweis.hu\/alumni\/files\/2019\/08\/zalaba-sts-el\u0151ad\u00f3.png\"><img loading=\"lazy\" decoding=\"async\" class=\" wp-image-550 alignleft\" src=\"https:\/\/semmelweis.hu\/alumni\/files\/2019\/08\/zalaba-sts-el\u0151ad\u00f3.png\" alt=\"\" width=\"150\" height=\"150\" srcset=\"https:\/\/semmelweis.hu\/alumni\/files\/2019\/08\/zalaba-sts-el\u0151ad\u00f3.png 636w, https:\/\/semmelweis.hu\/alumni\/files\/2019\/08\/zalaba-sts-el\u0151ad\u00f3-150x150.png 150w, https:\/\/semmelweis.hu\/alumni\/files\/2019\/08\/zalaba-sts-el\u0151ad\u00f3-300x300.png 300w\" sizes=\"auto, (max-width: 150px) 100vw, 150px\" \/><\/a>Kriszti\u00e1n Zalaba:<\/strong><strong>\u00a0Time management from a new perspective (HUN)<br \/><em>30 November 2017<\/em><\/strong><span class=\"_4n-j _3cht fsl\" data-testid=\"event-permalink-details\">\u00a0<\/span><strong><a href=\"https:\/\/semmelweis.hu\/alumni\/rendezvenyek\/semmelweis-talks\/idomenedzsment-uj-szemlelettel\/\">More &gt;&gt;<\/a><\/strong><\/p>\n<\/td>\n<\/tr>\n<tr style=\"height: 33px\">\n<td style=\"height: 33px;width: 1374px\"><strong><a href=\"https:\/\/semmelweis.hu\/alumni\/files\/2019\/08\/szarka-dorottya-ikon.png\"><img loading=\"lazy\" decoding=\"async\" class=\" wp-image-551 alignleft\" src=\"https:\/\/semmelweis.hu\/alumni\/files\/2019\/08\/szarka-dorottya-ikon-1024x1024.png\" alt=\"\" width=\"150\" height=\"150\" srcset=\"https:\/\/semmelweis.hu\/alumni\/files\/2019\/08\/szarka-dorottya-ikon-1024x1024.png 1024w, https:\/\/semmelweis.hu\/alumni\/files\/2019\/08\/szarka-dorottya-ikon-150x150.png 150w, https:\/\/semmelweis.hu\/alumni\/files\/2019\/08\/szarka-dorottya-ikon-300x300.png 300w, https:\/\/semmelweis.hu\/alumni\/files\/2019\/08\/szarka-dorottya-ikon-768x768.png 768w, https:\/\/semmelweis.hu\/alumni\/files\/2019\/08\/szarka-dorottya-ikon-753x753.png 753w, https:\/\/semmelweis.hu\/alumni\/files\/2019\/08\/szarka-dorottya-ikon.png 1200w\" sizes=\"auto, (max-width: 150px) 100vw, 150px\" \/><\/a>Dorottya Szarka: Fashion diets (HUN)<br \/><em>31 October 2017<\/em><\/strong>\u00a0<strong><a href=\"https:\/\/semmelweis.hu\/alumni\/rendezvenyek\/semmelweis-talks\/divatdietak\/\">More &gt;&gt;<\/a><\/strong><\/td>\n<\/tr>\n<tr style=\"height: 33px\">\n<td style=\"height: 33px;width: 1374px\"><strong><a href=\"https:\/\/semmelweis.hu\/alumni\/files\/2019\/08\/robin-youngson.png\"><img loading=\"lazy\" decoding=\"async\" class=\" wp-image-552 alignleft\" src=\"https:\/\/semmelweis.hu\/alumni\/files\/2019\/08\/robin-youngson.png\" alt=\"\" width=\"150\" height=\"150\" srcset=\"https:\/\/semmelweis.hu\/alumni\/files\/2019\/08\/robin-youngson.png 984w, https:\/\/semmelweis.hu\/alumni\/files\/2019\/08\/robin-youngson-150x150.png 150w, https:\/\/semmelweis.hu\/alumni\/files\/2019\/08\/robin-youngson-300x300.png 300w, https:\/\/semmelweis.hu\/alumni\/files\/2019\/08\/robin-youngson-768x768.png 768w, https:\/\/semmelweis.hu\/alumni\/files\/2019\/08\/robin-youngson-753x753.png 753w\" sizes=\"auto, (max-width: 150px) 100vw, 150px\" \/><\/a>Dr. Robin Youngson: For a more humane health care system (ENG)<br \/><em>16 October 2017<\/em><\/strong>\u00a0<strong><a href=\"https:\/\/semmelweis.hu\/alumni\/rendezvenyek\/semmelweis-talks\/emberibb-egeszsegugyert\/\">More &gt;&gt;<\/a><\/strong><\/td>\n<\/tr>\n<tr style=\"height: 203px\">\n<td style=\"width: 1374px;height: 203px\"><strong><a href=\"https:\/\/semmelweis.hu\/alumni\/files\/2019\/08\/simorpeter-icon.png\"><img loading=\"lazy\" decoding=\"async\" class=\" wp-image-553 alignleft\" src=\"https:\/\/semmelweis.hu\/alumni\/files\/2019\/08\/simorpeter-icon.png\" alt=\"\" width=\"150\" height=\"150\" srcset=\"https:\/\/semmelweis.hu\/alumni\/files\/2019\/08\/simorpeter-icon.png 669w, https:\/\/semmelweis.hu\/alumni\/files\/2019\/08\/simorpeter-icon-150x150.png 150w, https:\/\/semmelweis.hu\/alumni\/files\/2019\/08\/simorpeter-icon-300x300.png 300w\" sizes=\"auto, (max-width: 150px) 100vw, 150px\" \/><\/a>P\u00e9ter Simor: On the verge of sleep and awareness: from the physiology of sleep to the conscious experience (HUN)<br \/><em>25 September 2017<\/em><\/strong><span class=\"_4n-j _3cht fsl\" data-testid=\"event-permalink-details\"><span class=\"_4n-j _fbReactionComponent__eventDetailsContentTags fsl\" data-testid=\"event-permalink-details\">\u00a0<\/span><\/span><strong><a href=\"https:\/\/semmelweis.hu\/alumni\/rendezvenyek\/semmelweis-talks\/alvas-es-ebrenlet-hataran-az-alvasfiziologiatol-a-tudati-elmenyekig\/\">More &gt;&gt;<\/a><\/strong><\/td>\n<\/tr>\n<tr style=\"height: 203px\">\n<td style=\"width: 1374px;height: 203px\"><strong><a href=\"https:\/\/semmelweis.hu\/alumni\/files\/2019\/08\/kov\u00e1csy_zsombor_icon-1.png\"><img loading=\"lazy\" decoding=\"async\" class=\" wp-image-556 alignleft\" src=\"https:\/\/semmelweis.hu\/alumni\/files\/2019\/08\/kov\u00e1csy_zsombor_icon-1.png\" alt=\"\" width=\"150\" height=\"150\" srcset=\"https:\/\/semmelweis.hu\/alumni\/files\/2019\/08\/kov\u00e1csy_zsombor_icon-1.png 231w, https:\/\/semmelweis.hu\/alumni\/files\/2019\/08\/kov\u00e1csy_zsombor_icon-1-150x150.png 150w\" sizes=\"auto, (max-width: 150px) 100vw, 150px\" \/><\/a>Zsombor Kov\u00e1csy: Legal pitfalls in health care and how to avoid them (HUN)<br \/><em>03 May 2017<\/em><\/strong><span class=\"_4n-j _3cht fsl\" data-testid=\"event-permalink-details\"><span class=\"_4n-j _fbReactionComponent__eventDetailsContentTags fsl\" data-testid=\"event-permalink-details\">\u00a0<\/span><\/span><strong><a href=\"https:\/\/semmelweis.hu\/alumni\/rendezvenyek\/semmelweis-talks\/jogi-buktatok-es-kivedesuk-az-egeszsegugyben\/\">More &gt;&gt;<\/a><\/strong><\/td>\n<\/tr>\n<tr style=\"height: 203px\">\n<td style=\"width: 1374px;height: 203px\"><strong><a href=\"https:\/\/semmelweis.hu\/alumni\/files\/2019\/08\/cserh\u00e1ti_zolt\u00e1n_icon.png\"><img loading=\"lazy\" decoding=\"async\" class=\" wp-image-557 alignleft\" src=\"https:\/\/semmelweis.hu\/alumni\/files\/2019\/08\/cserh\u00e1ti_zolt\u00e1n_icon.png\" alt=\"\" width=\"151\" height=\"151\" srcset=\"https:\/\/semmelweis.hu\/alumni\/files\/2019\/08\/cserh\u00e1ti_zolt\u00e1n_icon.png 198w, https:\/\/semmelweis.hu\/alumni\/files\/2019\/08\/cserh\u00e1ti_zolt\u00e1n_icon-150x150.png 150w\" sizes=\"auto, (max-width: 151px) 100vw, 151px\" \/><\/a>Zolt\u00e1n Cserh\u00e1ti: From stress to happiness (HUN)<br \/><em>27 March 2017<\/em><\/strong><span class=\"_4n-j _3cht fsl\" data-testid=\"event-permalink-details\"><span class=\"_4n-j _fbReactionComponent__eventDetailsContentTags fsl\" data-testid=\"event-permalink-details\">\u00a0<\/span><\/span><strong><a href=\"https:\/\/semmelweis.hu\/alumni\/rendezvenyek\/semmelweis-talks\/a-stressztol-a-boldogsagig\/\">More &gt;&gt;<\/a><\/strong><\/td>\n<\/tr>\n<tr style=\"height: 233px\">\n<td style=\"width: 1374px;height: 233px\"><strong><a href=\"https:\/\/semmelweis.hu\/alumni\/files\/2019\/08\/molnar_adam_icon.png\"><img loading=\"lazy\" decoding=\"async\" class=\" wp-image-558 alignleft\" src=\"https:\/\/semmelweis.hu\/alumni\/files\/2019\/08\/molnar_adam_icon.png\" alt=\"\" width=\"150\" height=\"150\" srcset=\"https:\/\/semmelweis.hu\/alumni\/files\/2019\/08\/molnar_adam_icon.png 771w, https:\/\/semmelweis.hu\/alumni\/files\/2019\/08\/molnar_adam_icon-150x150.png 150w, https:\/\/semmelweis.hu\/alumni\/files\/2019\/08\/molnar_adam_icon-300x300.png 300w, https:\/\/semmelweis.hu\/alumni\/files\/2019\/08\/molnar_adam_icon-768x768.png 768w, https:\/\/semmelweis.hu\/alumni\/files\/2019\/08\/molnar_adam_icon-753x753.png 753w\" sizes=\"auto, (max-width: 150px) 100vw, 150px\" \/><\/a>Adam Molnar: Hack yourself to beat procrastination (ENG)<br \/><em><span class=\"_4n-j _fbReactionComponent__eventDetailsContentTags fsl\" data-testid=\"event-permalink-details\"><span class=\"text_exposed_show\">22 February 2017<\/span><\/span><\/em><\/strong><span class=\"_4n-j _fbReactionComponent__eventDetailsContentTags fsl\" data-testid=\"event-permalink-details\">\u00a0<strong><a href=\"https:\/\/semmelweis.hu\/alumni\/rendezvenyek\/semmelweis-talks\/hack-yourself-to-beat-procrastination\/\">More&gt;&gt;<\/a><\/strong><\/span><\/td>\n<\/tr>\n<tr style=\"height: 233px\">\n<td style=\"width: 1374px;height: 233px\"><strong><a href=\"https:\/\/semmelweis.hu\/alumni\/files\/2019\/08\/p\u00e1l-feri-atya-icon.png\"><img loading=\"lazy\" decoding=\"async\" class=\" wp-image-559 alignleft\" src=\"https:\/\/semmelweis.hu\/alumni\/files\/2019\/08\/p\u00e1l-feri-atya-icon.png\" alt=\"\" width=\"150\" height=\"150\" srcset=\"https:\/\/semmelweis.hu\/alumni\/files\/2019\/08\/p\u00e1l-feri-atya-icon.png 359w, https:\/\/semmelweis.hu\/alumni\/files\/2019\/08\/p\u00e1l-feri-atya-icon-150x150.png 150w, https:\/\/semmelweis.hu\/alumni\/files\/2019\/08\/p\u00e1l-feri-atya-icon-300x300.png 300w\" sizes=\"auto, (max-width: 150px) 100vw, 150px\" \/><\/a>Ferenc P\u00e1l: Career and family for health care workers (HUN)<br \/><em>02 November 2016<\/em><\/strong><span class=\"_4n-j _3cht fsl\" data-testid=\"event-permalink-details\">\u00a0<\/span><strong><a href=\"https:\/\/semmelweis.hu\/alumni\/rendezvenyek\/semmelweis-talks\/karrier-es-csalad-egeszsegugyiskent\/\">More &gt;&gt;<\/a><\/strong><\/td>\n<\/tr>\n<tr style=\"height: 173px\">\n<td style=\"width: 1374px;height: 173px\"><strong><a href=\"https:\/\/semmelweis.hu\/alumni\/files\/2019\/08\/m\u00e1rky-\u00e1d\u00e1m-icon.png\"><img loading=\"lazy\" decoding=\"async\" class=\"wp-image-560 alignleft\" src=\"https:\/\/semmelweis.hu\/alumni\/files\/2019\/08\/m\u00e1rky-\u00e1d\u00e1m-icon.png\" alt=\"\" width=\"150\" height=\"150\" srcset=\"https:\/\/semmelweis.hu\/alumni\/files\/2019\/08\/m\u00e1rky-\u00e1d\u00e1m-icon.png 444w, https:\/\/semmelweis.hu\/alumni\/files\/2019\/08\/m\u00e1rky-\u00e1d\u00e1m-icon-150x150.png 150w, https:\/\/semmelweis.hu\/alumni\/files\/2019\/08\/m\u00e1rky-\u00e1d\u00e1m-icon-300x300.png 300w\" sizes=\"auto, (max-width: 150px) 100vw, 150px\" \/><\/a>\u00c1d\u00e1m M\u00e1rky: Mindfulness in the health care (HUN)<br \/><em>26 September 2016<\/em><\/strong><span class=\"_4n-j _3cht fsl\" data-testid=\"event-permalink-details\">\u00a0<\/span><strong><a href=\"https:\/\/semmelweis.hu\/alumni\/rendezvenyek\/semmelweis-talks\/mindfulness-az-egeszsegugyben\/\">More &gt;&gt;<\/a><\/strong><\/td>\n<\/tr>\n<\/tbody>\n<\/table>\n<\/div>\n<\/div>\n<\/div>\n<\/div>\n<div class=\"et_pb_row et_pb_row_5\">\n<div class=\"et_pb_column et_pb_column_1_3 et_pb_column_7 et_pb_css_mix_blend_mode_passthrough\">\n<div class=\"et_pb_module et_pb_image et_pb_image_0 et_always_center_on_mobile et-animated et_had_animation\">\u00a0<\/div>\n<\/div>\n<\/div>\n<div class=\"et_pb_row et_pb_row_20\">\n<div class=\"et_pb_column et_pb_column_2_3 et_pb_column_37 et_pb_css_mix_blend_mode_passthrough\">\n<div class=\"et_pb_module et_pb_text et_pb_text_16 et_pb_bg_layout_light et_pb_text_align_justified\">\n<div class=\"et_pb_text_inner\">\u00a0<\/div>\n<\/div>\n<\/div>\n<\/div>\n<div class=\"et_pb_row et_pb_row_21\">\n<div class=\"et_pb_column et_pb_column_1_3 et_pb_column_38 et_pb_css_mix_blend_mode_passthrough\">\n<div class=\"et_pb_module et_pb_image et_pb_image_13 et_always_center_on_mobile et-animated et_had_animation\">\u00a0<\/div>\n<\/div>\n<div class=\"et_pb_column et_pb_column_2_3 et_pb_column_39 et_pb_css_mix_blend_mode_passthrough\">\n<div class=\"et_pb_module et_pb_text et_pb_text_17 et_pb_bg_layout_light et_pb_text_align_justified\">\n<div class=\"et_pb_text_inner\">\u00a0<\/div>\n<\/div>\n<\/div>\n<\/div>\n<div class=\"et_pb_row et_pb_row_22\">\n<div class=\"et_pb_column et_pb_column_1_3 et_pb_column_40 et_pb_css_mix_blend_mode_passthrough\">\n<div class=\"et_pb_module et_pb_image et_pb_image_14 et_always_center_on_mobile et-animated et_had_animation\">\u00a0<\/div>\n<\/div>\n<div class=\"et_pb_column et_pb_column_2_3 et_pb_column_41 et_pb_css_mix_blend_mode_passthrough\">\n<div class=\"et_pb_module et_pb_text et_pb_text_18 et_pb_bg_layout_light et_pb_text_align_justified\">\n<div class=\"et_pb_text_inner\">\u00a0<\/div>\n<\/div>\n<\/div>\n<\/div>\n<div class=\"et_pb_row et_pb_row_23\">\n<div class=\"et_pb_column et_pb_column_1_3 et_pb_column_42 et_pb_css_mix_blend_mode_passthrough\">\n<div class=\"et_pb_module et_pb_image et_pb_image_15 et_always_center_on_mobile et-animated et_had_animation\">\u00a0<\/div>\n<\/div>\n<div class=\"et_pb_column et_pb_column_2_3 et_pb_column_43 et_pb_css_mix_blend_mode_passthrough\">\n<div class=\"et_pb_module et_pb_text et_pb_text_19 et_pb_bg_layout_light et_pb_text_align_justified\">\n<div class=\"et_pb_text_inner\">\u00a0<\/div>\n<\/div>\n<\/div>\n<\/div>\n<\/div>\n","protected":false},"excerpt":{"rendered":"<p>\u00a0 The goal of the Semmelweis Talks lectures is to improve different abilities of our students. All the lecturers brought to you are outstanding representatives of their professions who talk about topics affecting current and former students as well. \u00a0 \u00a0 Our lectures \u00a0 <a href=\"https:\/\/semmelweis.hu\/alumni\/files\/2020\/02\/garami_zsolt.png\"><\/a> Dr. Zsolt Garami: Robots in the operating room (HUN)12 February 2020 &hellip;<\/p>\n","protected":false},"author":101158,"featured_media":0,"parent":1134,"menu_order":0,"comment_status":"closed","ping_status":"closed","template":"template-fullwidth.php","meta":{"_acf_changed":false,"footnotes":""},"categories":[],"tags":[],"class_list":["post-268","page","type-page","status-publish","hentry"],"acf":[],"publishpress_future_action":{"enabled":false,"date":"1970-01-01 01:00:00","action":"","terms":[],"taxonomy":"","browser_timezone_offset":0},"_links":{"self":[{"href":"https:\/\/semmelweis.hu\/alumni\/wp-json\/wp\/v2\/pages\/268","targetHints":{"allow":["GET"]}}],"collection":[{"href":"https:\/\/semmelweis.hu\/alumni\/wp-json\/wp\/v2\/pages"}],"about":[{"href":"https:\/\/semmelweis.hu\/alumni\/wp-json\/wp\/v2\/types\/page"}],"author":[{"embeddable":true,"href":"https:\/\/semmelweis.hu\/alumni\/wp-json\/wp\/v2\/users\/101158"}],"replies":[{"embeddable":true,"href":"https:\/\/semmelweis.hu\/alumni\/wp-json\/wp\/v2\/comments?post=268"}],"version-history":[{"count":10,"href":"https:\/\/semmelweis.hu\/alumni\/wp-json\/wp\/v2\/pages\/268\/revisions"}],"predecessor-version":[{"id":3400,"href":"https:\/\/semmelweis.hu\/alumni\/wp-json\/wp\/v2\/pages\/268\/revisions\/3400"}],"up":[{"embeddable":true,"href":"https:\/\/semmelweis.hu\/alumni\/wp-json\/wp\/v2\/pages\/1134"}],"wp:attachment":[{"href":"https:\/\/semmelweis.hu\/alumni\/wp-json\/wp\/v2\/media?parent=268"}],"wp:term":[{"taxonomy":"category","embeddable":true,"href":"https:\/\/semmelweis.hu\/alumni\/wp-json\/wp\/v2\/categories?post=268"},{"taxonomy":"post_tag","embeddable":true,"href":"https:\/\/semmelweis.hu\/alumni\/wp-json\/wp\/v2\/tags?post=268"}],"curies":[{"name":"wp","href":"https:\/\/api.w.org\/{rel}","templated":true}]}}