{"id":25509,"date":"2025-03-13T13:04:11","date_gmt":"2025-03-13T12:04:11","guid":{"rendered":"https:\/\/semmelweis.hu\/alumni\/?page_id=25509"},"modified":"2026-04-01T10:08:20","modified_gmt":"2026-04-01T08:08:20","slug":"teniszbajnoksag","status":"publish","type":"page","link":"https:\/\/semmelweis.hu\/alumni\/rendezvenyek\/teniszbajnoksag\/","title":{"rendered":"Alumni Teniszbajnoks\u00e1g"},"content":{"rendered":"<p><a href=\"https:\/\/forms.office.com\/e\/53RaEeXz54?origin=lprLink\"><img loading=\"lazy\" decoding=\"async\" class=\"wp-image-25508  aligncenter\" src=\"https:\/\/semmelweis.hu\/alumni\/files\/2025\/03\/Borito_Alumni-Teniszbajnoksag.png\" alt=\"\" width=\"1167\" height=\"658\" srcset=\"https:\/\/semmelweis.hu\/alumni\/files\/2025\/03\/Borito_Alumni-Teniszbajnoksag.png 1640w, https:\/\/semmelweis.hu\/alumni\/files\/2025\/03\/Borito_Alumni-Teniszbajnoksag-400x225.png 400w, https:\/\/semmelweis.hu\/alumni\/files\/2025\/03\/Borito_Alumni-Teniszbajnoksag-1024x577.png 1024w, https:\/\/semmelweis.hu\/alumni\/files\/2025\/03\/Borito_Alumni-Teniszbajnoksag-768x433.png 768w, https:\/\/semmelweis.hu\/alumni\/files\/2025\/03\/Borito_Alumni-Teniszbajnoksag-1536x865.png 1536w, https:\/\/semmelweis.hu\/alumni\/files\/2025\/03\/Borito_Alumni-Teniszbajnoksag-753x424.png 753w\" sizes=\"auto, (max-width: 1167px) 100vw, 1167px\" \/><\/a><\/p>\n<h6 style=\"text-align: center\"><strong>2026-ban ism\u00e9t tavaszt\u00f3l \u0151szig tart\u00f3 Teniszbajnoks\u00e1got hirdet az Alumni igazgat\u00f3s\u00e1g!<\/strong><\/h6>\n<h6>\u00a0<\/h6>\n<h6 style=\"text-align: center\"><strong><u>A verseny c\u00e9lja<\/u><\/strong><\/h6>\n<h6 style=\"text-align: center\">Rendszeres j\u00e1t\u00e9klehet\u0151s\u00e9g biztos\u00edt\u00e1sa a teniszt szeret\u0151 Semmelweis alumnusoknak, hallgat\u00f3knak, egyetemi polg\u00e1roknak.<\/h6>\n<h5 style=\"text-align: center\"><u>Jelentkez\u00e9s<\/u><\/h5>\n<h6 style=\"text-align: center\">Jelentkez\u00e9si id\u0151szak:<\/h6>\n<p style=\"text-align: center\"><span style=\"font-size: 18pt\"><strong style=\"color: #1e2326;font-family: 'PT serif', serif;text-align: left\">2026. \u00e1prilis 1. \u2013 \u00e1prilis 10.<\/strong><\/span><\/p>\n<p style=\"text-align: center\"><a class=\"button\" href=\"https:\/\/forms.cloud.microsoft\/e\/tWd6kFSUxJ?origin=lprLink\" target=\"_blank\" rel=\"noopener\">TENISZBAJNOKS\u00c1G JELENTKEZ\u00c9SI FEL\u00dcLET<\/a><\/p>\n<h5 style=\"text-align: center\"><u>Menetrend<\/u><\/h5>\n<h6 style=\"text-align: center\">A 10 fordul\u00f3s verseny id\u0151beoszt\u00e1sa: <strong>2026. \u00e1prilis &#8211; augusztus<\/strong><\/h6>\n<p>&nbsp;<\/p>\n<div class=\"fontos_div\">\n<h6 style=\"text-align: justify\"><strong><u>Kapcsolat<\/u><\/strong><\/h6>\n<\/div>\n<h6 style=\"text-align: justify\">A kapcsolatfelv\u00e9tel megk\u00f6nny\u00edt\u00e9se \u00e9rdek\u00e9ben Facebook csoportot hozunk l\u00e9tre, melyben a j\u00e1t\u00e9kosok \u00e9s a szervez\u0151k szerepelnek. A csoportban lesznek majd el\u00e9rhet\u0151ek az eredm\u00e9nyek, az adott fordul\u00f3 meccsei, illetve a teljes sorsol\u00e1s.<\/h6>\n<h6><span style=\"font-size: 14pt\"><em>K\u00e9rj\u00fck, felmer\u00fcl\u0151 k\u00e9rd\u00e9s eset\u00e9n \u00edrjatok a\u00a0teniszbajnoks\u00e1g@semmelweis.hu\u00a0 email c\u00edm\u00fcnkre!<\/em><\/span><\/h6>\n<p>&nbsp;<\/p>\n<div class=\"fontos_div\">\n<h6 style=\"text-align: justify\"><strong><u>Sorsol\u00e1s<\/u><\/strong><\/h6>\n<\/div>\n<h6 style=\"text-align: justify\">\u00c1prilis els\u0151 het\u00e9ben a szervez\u0151k elk\u00e9sz\u00edtik a sorsol\u00e1st, amely a honlapon ezen a fel\u00fcleten, illetve az esem\u00e9ny Facebook csoportj\u00e1ban is megoszt\u00e1sra ker\u00fcl.<\/h6>\n<h6 style=\"text-align: justify\">\u00a0<\/h6>\n<div class=\"fontos_div\">\n<h6 style=\"text-align: justify\"><strong><u>Verseny lebonyol\u00edt\u00e1sa<\/u><\/strong><\/h6>\n<\/div>\n<h6 style=\"text-align: justify\">A jelentkez\u0151ket kateg\u00f3ri\u00e1nk\u00e9nt \u00e9s nemenk\u00e9nt csoportokba soroljuk a regisztr\u00e1ci\u00f3k sz\u00e1m\u00e1t\u00f3l f\u00fcgg\u0151en, majd elk\u00e9sz\u00edtj\u00fck a sorsol\u00e1st.\u00a0<\/h6>\n<h6 style=\"text-align: justify\">A verseny 10 fordul\u00f3s lesz, minden fordul\u00f3ban a megadott k\u00e9t hetes peri\u00f3dusban kell lej\u00e1tszani a soron k\u00f6vetkez\u0151 meccset.<\/h6>\n<h6 style=\"text-align: justify\">Az els\u0151 fordul\u00f3 <strong>2026. \u00e1prilis 13. &#8211; \u00e1prilis 26.<\/strong> k\u00f6z\u00f6tt zajlik majd.<\/h6>\n<p>&nbsp;<\/p>\n<div class=\"fontos_div\">\n<h6><strong><u>Fordul\u00f3k<\/u><\/strong><\/h6>\n<\/div>\n<ol>\n<li>\n<h6>fordul\u00f3: \u00e1prilis 13. &#8211; \u00e1prilis 26.<\/h6>\n<\/li>\n<li>\n<h6>fordul\u00f3: \u00e1prilis 27. &#8211; m\u00e1jus 10.<\/h6>\n<\/li>\n<li>\n<h6>fordul\u00f3: m\u00e1jus 11. &#8211; m\u00e1jus 24.<\/h6>\n<\/li>\n<li>\n<h6>fordul\u00f3: m\u00e1jus 25. &#8211; j\u00fanius 7.<\/h6>\n<\/li>\n<li>\n<h6>fordul\u00f3: j\u00fanius 8. &#8211; j\u00fanius 21.<\/h6>\n<\/li>\n<li>\n<h6>fordul\u00f3: j\u00fanius 22. &#8211; j\u00falius 5.<\/h6>\n<\/li>\n<li>\n<h6>fordul\u00f3: j\u00falius 6. &#8211; j\u00falius 19.<\/h6>\n<\/li>\n<li>\n<h6>fordul\u00f3: j\u00falius 20. &#8211; augusztus 2.<\/h6>\n<\/li>\n<li>\n<h6>fordul\u00f3: augusztus 3. &#8211; augusztus 16.<\/h6>\n<\/li>\n<li>\n<h6>fordul\u00f3: augusztus 17.- augusztus 29.<\/h6>\n<\/li>\n<\/ol>\n<h6><strong>Nagyd\u00f6nt\u0151 id\u0151pontja: augusztus 29-30. <\/strong><\/h6>\n<p>&nbsp;<\/p>\n<div class=\"fontos_div\">\n<h6 style=\"text-align: justify\"><strong><u>J\u00e1t\u00e9kszab\u00e1lyok \u00e9s technikai inform\u00e1ci\u00f3k<\/u><\/strong><\/h6>\n<\/div>\n<h6 style=\"text-align: justify\">Az adott fordul\u00f3 k\u00e9t het\u00e9re jut\u00f3 meccs id\u0151pontja soha nem el\u0151re eld\u00f6nt\u00f6tt, azt a meccset j\u00e1tsz\u00f3 felek besz\u00e9lik meg egym\u00e1s k\u00f6z\u00f6tt, hogy mikor \u00e9s hol szeretn\u00e9k lej\u00e1tszani.<\/h6>\n<h6 style=\"text-align: justify\">Az eredm\u00e9nyeket legk\u00e9s\u0151bb a k\u00e9thetes fordul\u00f3 v\u00e9g\u00e9ig, vas\u00e1rnap d\u00e9lut\u00e1n 16.00-ig kell elk\u00fcldeni a szervez\u0151knek, akik mindig aktualiz\u00e1lj\u00e1k a tabell\u00e1t.<\/h6>\n<h6 style=\"text-align: justify\">Amennyiben az adott p\u00e1r nem tudja lej\u00e1tszani az adott k\u00e9t h\u00e9tben a meccs\u00e9t lehet\u0151s\u00e9g van egy fordul\u00f3val kor\u00e1bban, illetve egy fordul\u00f3val k\u00e9s\u0151bb is lej\u00e1tszani a meccset, azonban err\u0151l a szervez\u0151ket t\u00e1j\u00e9koztatni kell, \u00e9s legk\u00e9s\u0151bb a k\u00f6vetkez\u0151 fordul\u00f3 v\u00e9g\u00e9ig az eredm\u00e9nyeket el kell k\u00fcldeni. Term\u00e9szetesen az utols\u00f3 fordul\u00f3 meccseit nem lehet k\u00e9s\u0151bbre halasztani.<\/h6>\n<h6 style=\"text-align: justify\">Amennyiben a meccset nem tudja a k\u00e9t f\u00e9l lej\u00e1tszani a megadott hat\u00e1rid\u0151ig, a t\u00e1bl\u00e1zatba 0-0, \u00e9s 0 pont ker\u00fcl majd be eredm\u00e9nyk\u00e9nt.<\/h6>\n<h6 style=\"text-align: justify\">Pontegyenl\u0151s\u00e9g eset\u00e9n szettar\u00e1ny, majd egym\u00e1s elleni eredm\u00e9ny d\u00f6nt.<\/h6>\n<h6 style=\"text-align: justify\">A meccseket alapvet\u0151en salakos p\u00e1ly\u00e1n kell lej\u00e1tszani, de ha mindk\u00e9t f\u00e9l beleegyezik, lehet m\u00e1s bor\u00edt\u00e1st is v\u00e1lasztani. A meccsek k\u00e9t nyert szettig tartanak. A meccs eredm\u00e9ny\u00e9t a gy\u0151ztes f\u00e9lnek kell a szervez\u0151kkel k\u00f6z\u00f6lnie.<\/h6>\n<h6 style=\"text-align: justify\">A 10 fordul\u00f3 ut\u00e1n a jelentkez\u0151k sz\u00e1m\u00e1t\u00f3l f\u00fcgg\u0151en minden csoport legjobb 2-4 j\u00e1t\u00e9kosa j\u00e1tszik egym\u00e1ssal a Nagyd\u00f6nt\u0151ben eld\u00f6ntve a bajnoki c\u00edm sors\u00e1t.<\/h6>\n<h6 style=\"text-align: justify\">A nagyd\u00f6nt\u0151 id\u0151pontja a 8. h\u00e9t v\u00e9g\u00e9n ker\u00fcl bejelent\u00e9sre.<\/h6>\n<p>&nbsp;<\/p>\n<div class=\"fontos_div\">\n<h6><strong><u>Nyerem\u00e9ny<\/u><\/strong><\/h6>\n<\/div>\n<h6>Minden csoport els\u0151 helyezettje Kup\u00e1t, a dobog\u00f3sok pedig \u00e9rmet kapnak.<\/h6>\n<p>&nbsp;<\/p>\n<h6 style=\"text-align: center\"><strong><span style=\"font-size: 18pt\">Sok sikert k\u00edv\u00e1nunk a j\u00e1t\u00e9kosoknak!<\/span><\/strong><\/h6>\n<h6 style=\"text-align: center\">Semmelweis Egyetem Alumni Igazgat\u00f3s\u00e1g<\/h6>\n<p style=\"text-align: center\">\u00a0<\/p>\n","protected":false},"excerpt":{"rendered":"<p><a href=\"https:\/\/forms.office.com\/e\/53RaEeXz54?origin=lprLink\"><\/a> 2026-ban ism\u00e9t tavaszt\u00f3l \u0151szig tart\u00f3 Teniszbajnoks\u00e1got hirdet az Alumni igazgat\u00f3s\u00e1g! \u00a0 A verseny c\u00e9lja Rendszeres j\u00e1t\u00e9klehet\u0151s\u00e9g biztos\u00edt\u00e1sa a teniszt szeret\u0151 Semmelweis alumnusoknak, hallgat\u00f3knak, egyetemi polg\u00e1roknak. Jelentkez\u00e9s Jelentkez\u00e9si id\u0151szak: 2026. \u00e1prilis 1. \u2013 \u00e1prilis 10. <a class=\"button\" href=\"https:\/\/forms.cloud.microsoft\/e\/tWd6kFSUxJ?origin=lprLink\" target=\"_blank\" rel=\"noopener\">TENISZBAJNOKS\u00c1G JELENTKEZ\u00c9SI FEL\u00dcLET<\/a> Menetrend A 10 fordul\u00f3s verseny id\u0151beoszt\u00e1sa: 2026. \u00e1prilis &#8211; augusztus &nbsp; Kapcsolat A kapcsolatfelv\u00e9tel megk\u00f6nny\u00edt\u00e9se \u00e9rdek\u00e9ben Facebook csoportot hozunk l\u00e9tre, melyben &hellip;<\/p>\n","protected":false},"author":101627,"featured_media":25519,"parent":1130,"menu_order":10,"comment_status":"closed","ping_status":"closed","template":"template-fullwidth.php","meta":{"_acf_changed":false,"footnotes":""},"categories":[378],"tags":[],"class_list":["post-25509","page","type-page","status-publish","has-post-thumbnail","hentry","category-teniszbajnoksag"],"acf":[],"publishpress_future_action":{"enabled":false,"date":"1970-01-01 01:00:00","action":"","terms":[],"taxonomy":"","browser_timezone_offset":0},"_links":{"self":[{"href":"https:\/\/semmelweis.hu\/alumni\/wp-json\/wp\/v2\/pages\/25509","targetHints":{"allow":["GET"]}}],"collection":[{"href":"https:\/\/semmelweis.hu\/alumni\/wp-json\/wp\/v2\/pages"}],"about":[{"href":"https:\/\/semmelweis.hu\/alumni\/wp-json\/wp\/v2\/types\/page"}],"author":[{"embeddable":true,"href":"https:\/\/semmelweis.hu\/alumni\/wp-json\/wp\/v2\/users\/101627"}],"replies":[{"embeddable":true,"href":"https:\/\/semmelweis.hu\/alumni\/wp-json\/wp\/v2\/comments?post=25509"}],"version-history":[{"count":7,"href":"https:\/\/semmelweis.hu\/alumni\/wp-json\/wp\/v2\/pages\/25509\/revisions"}],"predecessor-version":[{"id":41184,"href":"https:\/\/semmelweis.hu\/alumni\/wp-json\/wp\/v2\/pages\/25509\/revisions\/41184"}],"up":[{"embeddable":true,"href":"https:\/\/semmelweis.hu\/alumni\/wp-json\/wp\/v2\/pages\/1130"}],"wp:featuredmedia":[{"embeddable":true,"href":"https:\/\/semmelweis.hu\/alumni\/wp-json\/wp\/v2\/media\/25519"}],"wp:attachment":[{"href":"https:\/\/semmelweis.hu\/alumni\/wp-json\/wp\/v2\/media?parent=25509"}],"wp:term":[{"taxonomy":"category","embeddable":true,"href":"https:\/\/semmelweis.hu\/alumni\/wp-json\/wp\/v2\/categories?post=25509"},{"taxonomy":"post_tag","embeddable":true,"href":"https:\/\/semmelweis.hu\/alumni\/wp-json\/wp\/v2\/tags?post=25509"}],"curies":[{"name":"wp","href":"https:\/\/api.w.org\/{rel}","templated":true}]}}