{"id":2483,"date":"2020-04-25T20:13:59","date_gmt":"2020-04-25T18:13:59","guid":{"rendered":"http:\/\/semmelweis.hu\/alumni\/?page_id=2483"},"modified":"2020-10-26T14:32:57","modified_gmt":"2020-10-26T13:32:57","slug":"autogenic-training","status":"publish","type":"page","link":"https:\/\/semmelweis.hu\/alumni\/en\/services\/trainings\/previous-trainings\/autogenic-training\/","title":{"rendered":"Autogenic training (HUN)"},"content":{"rendered":"<p><a href=\"https:\/\/semmelweis.hu\/alumni\/files\/2019\/08\/tr\u00e9ning_autog\u00e9n_icon-e1486471961358.jpeg\"><img loading=\"lazy\" decoding=\"async\" class=\"wp-image-400 alignleft\" src=\"https:\/\/semmelweis.hu\/alumni\/files\/2019\/08\/tr\u00e9ning_autog\u00e9n_icon-e1486471961358.jpeg\" alt=\"\" width=\"270\" height=\"270\" srcset=\"https:\/\/semmelweis.hu\/alumni\/files\/2019\/08\/tr\u00e9ning_autog\u00e9n_icon-e1486471961358.jpeg 800w, https:\/\/semmelweis.hu\/alumni\/files\/2019\/08\/tr\u00e9ning_autog\u00e9n_icon-e1486471961358-150x150.jpeg 150w, https:\/\/semmelweis.hu\/alumni\/files\/2019\/08\/tr\u00e9ning_autog\u00e9n_icon-e1486471961358-300x300.jpeg 300w, https:\/\/semmelweis.hu\/alumni\/files\/2019\/08\/tr\u00e9ning_autog\u00e9n_icon-e1486471961358-768x771.jpeg 768w, https:\/\/semmelweis.hu\/alumni\/files\/2019\/08\/tr\u00e9ning_autog\u00e9n_icon-e1486471961358-753x756.jpeg 753w\" sizes=\"auto, (max-width: 270px) 100vw, 270px\" \/><\/a><span style=\"font-size: 1rem\">The autogenic training (AT) was developed by a German doctor (J.H. Schultz) in the 1920s<\/span>. He did that by using yoga adjusted to the western thinking. That&#8217;s why we strongly believe that this technique is the easiest relaxation method to pick up. Its positive somatic and spiritual effects were proven by clinical trials. Hence, the AT respects the rules of the evidence based medicine, as well. The essence of this technique is the frequent practice with which the practitioner will be able to tune his autonomic nervous system towards a much more relaxed state. The reach of this state leads to a psychovegetative balance. It takes 8-12 weeks to learn the 6 basic practices after which you can work with images and target the use the AT at its highest levels.<\/p>\n<h3>\u00a0<\/h3>\n<h3>About the training:<\/h3>\n<ul>\n<li>The training is held 8 times, once a week with a small group (max. 14 people).<\/li>\n<li>For free.<\/li>\n<li>Before the training there is a personal consultation with the trainer about the motivation and experiences.<\/li>\n<li>Only Semmelweis citizens, students and alumni can apply for the training.<\/li>\n<\/ul>\n<table style=\"border-collapse: collapse;width: 100%\">\n<tbody>\n<tr>\n<td style=\"width: 50%;text-align: right\">\n<h3><strong>TRAINER:<\/strong><\/h3>\n<\/td>\n<td style=\"width: 50%\"><a href=\"https:\/\/semmelweis.hu\/alumni\/files\/2019\/08\/marky_adam_round-1.png\"><img loading=\"lazy\" decoding=\"async\" class=\"aligncenter size-full wp-image-542\" src=\"https:\/\/semmelweis.hu\/alumni\/files\/2019\/08\/marky_adam_round-1.png\" alt=\"\" width=\"226\" height=\"226\" srcset=\"https:\/\/semmelweis.hu\/alumni\/files\/2019\/08\/marky_adam_round-1.png 226w, https:\/\/semmelweis.hu\/alumni\/files\/2019\/08\/marky_adam_round-1-150x150.png 150w\" sizes=\"auto, (max-width: 226px) 100vw, 226px\" \/><\/a><\/p>\n<p style=\"text-align: center\"><strong>DR. \u00c1D\u00c1M M\u00c1RKY<\/strong><\/p>\n<\/td>\n<\/tr>\n<\/tbody>\n<\/table>\n<table style=\"border-collapse: collapse;width: 100%;height: 296px\">\n<tbody>\n<tr style=\"height: 33px\">\n<td style=\"width: 36.1091%;height: 33px;text-align: center\">\n<h2><span style=\"color: #000000\">DATE<\/span><\/h2>\n<\/td>\n<td style=\"width: 63.8909%;height: 33px;text-align: center\">\n<h2><span style=\"color: #000000;\"><strong>LOCATION<\/strong><\/span><\/h2>\n<\/td>\n<\/tr>\n<tr style=\"height: 33px\">\n<td style=\"width: 36.1091%;height: 33px;text-align: center\">This application is currently inactive.<\/td>\n<td style=\"width: 63.8909%;height: 33px;text-align: center\">This application is currently inactive.<\/td>\n<\/tr>\n<tr style=\"height: 33px\">\n<td style=\"width: 36.1091%;height: 33px;text-align: center\">\u00a0<\/td>\n<td style=\"width: 63.8909%;height: 33px;text-align: center\">\u00a0<\/td>\n<\/tr>\n<\/tbody>\n<\/table>\n<table style=\"border-collapse: collapse;width: 100%\">\n<tbody>\n<tr>\n<td style=\"width: 44.7636%;text-align: center\"><strong><em>Add the event to your Google Calendar:<\/em><img loading=\"lazy\" decoding=\"async\" class=\"aligncenter wp-image-943\" src=\"https:\/\/semmelweis.hu\/alumni\/files\/2019\/10\/Google-Calendar-icon.png\" alt=\"\" width=\"50\" height=\"50\" srcset=\"https:\/\/semmelweis.hu\/alumni\/files\/2019\/10\/Google-Calendar-icon.png 512w, https:\/\/semmelweis.hu\/alumni\/files\/2019\/10\/Google-Calendar-icon-150x150.png 150w, https:\/\/semmelweis.hu\/alumni\/files\/2019\/10\/Google-Calendar-icon-300x300.png 300w\" sizes=\"auto, (max-width: 50px) 100vw, 50px\" \/><\/strong><\/td>\n<\/tr>\n<\/tbody>\n<\/table>\n<h2 style=\"text-align: center\"><b>YOU CAN APPLY HERE:<\/b><\/h2>\n\n<!-- iframe plugin v.4.9 wordpress.org\/plugins\/iframe\/ -->\n<iframe loading=\"lazy\" src=\"https:\/\/docs.google.com\/forms\/d\/e\/1FAIpQLSfigkM2UfzIEp8mOadC0KiJ16sY1Xy-mYA8k7mPoWOo7XRhQg\/viewform?embedded=true\" width=\"100%\" height=\"1320\" scrolling=\"yes\" class=\"iframe-class\" frameborder=\"0\"><\/iframe>\n\n","protected":false},"excerpt":{"rendered":"<p><a href=\"https:\/\/semmelweis.hu\/alumni\/files\/2019\/08\/tr\u00e9ning_autog\u00e9n_icon-e1486471961358.jpeg\"><\/a> The autogenic training (AT) was developed by a German doctor (J.H. Schultz) in the 1920s. He did that by using yoga adjusted to the western thinking. That&#8217;s why we strongly believe that this technique is the easiest relaxation method to pick up. Its positive somatic and spiritual effects were proven by clinical trials. Hence, the &hellip;<\/p>\n","protected":false},"author":101158,"featured_media":0,"parent":1086,"menu_order":0,"comment_status":"closed","ping_status":"closed","template":"","meta":{"_acf_changed":false,"footnotes":""},"categories":[],"tags":[],"class_list":["post-2483","page","type-page","status-publish","hentry"],"acf":[],"publishpress_future_action":{"enabled":false,"date":"1970-01-01 01:00:00","action":"","terms":[],"taxonomy":"","browser_timezone_offset":0},"_links":{"self":[{"href":"https:\/\/semmelweis.hu\/alumni\/wp-json\/wp\/v2\/pages\/2483","targetHints":{"allow":["GET"]}}],"collection":[{"href":"https:\/\/semmelweis.hu\/alumni\/wp-json\/wp\/v2\/pages"}],"about":[{"href":"https:\/\/semmelweis.hu\/alumni\/wp-json\/wp\/v2\/types\/page"}],"author":[{"embeddable":true,"href":"https:\/\/semmelweis.hu\/alumni\/wp-json\/wp\/v2\/users\/101158"}],"replies":[{"embeddable":true,"href":"https:\/\/semmelweis.hu\/alumni\/wp-json\/wp\/v2\/comments?post=2483"}],"version-history":[{"count":10,"href":"https:\/\/semmelweis.hu\/alumni\/wp-json\/wp\/v2\/pages\/2483\/revisions"}],"predecessor-version":[{"id":3404,"href":"https:\/\/semmelweis.hu\/alumni\/wp-json\/wp\/v2\/pages\/2483\/revisions\/3404"}],"up":[{"embeddable":true,"href":"https:\/\/semmelweis.hu\/alumni\/wp-json\/wp\/v2\/pages\/1086"}],"wp:attachment":[{"href":"https:\/\/semmelweis.hu\/alumni\/wp-json\/wp\/v2\/media?parent=2483"}],"wp:term":[{"taxonomy":"category","embeddable":true,"href":"https:\/\/semmelweis.hu\/alumni\/wp-json\/wp\/v2\/categories?post=2483"},{"taxonomy":"post_tag","embeddable":true,"href":"https:\/\/semmelweis.hu\/alumni\/wp-json\/wp\/v2\/tags?post=2483"}],"curies":[{"name":"wp","href":"https:\/\/api.w.org\/{rel}","templated":true}]}}