{"id":2457,"date":"2020-04-25T19:53:07","date_gmt":"2020-04-25T17:53:07","guid":{"rendered":"http:\/\/semmelweis.hu\/alumni\/?page_id=2457"},"modified":"2024-08-29T14:55:34","modified_gmt":"2024-08-29T12:55:34","slug":"kepzeseink","status":"publish","type":"page","link":"https:\/\/semmelweis.hu\/alumni\/szolgaltatasok\/kepzeseink\/","title":{"rendered":"K\u00e9pz\u00e9seink"},"content":{"rendered":"<h3 style=\"text-align: justify\">Kor\u00e1bbi k\u00e9pz\u00e9seink siker\u00e9re \u00e9s azokkal kapcsolatos visszajelz\u00e9seikre val\u00f3 tekintettel b\u0151v\u00fclt portf\u00f3li\u00f3val v\u00e1rjuk \u00d6n\u00f6ket ingyenes k\u00e9pz\u00e9seinken online \u00e9s szem\u00e9lyes form\u00e1ban is!\u00a0<\/h3>\n<p>Aktu\u00e1lis k\u00e9pz\u00e9seinkkel kapcsolatos r\u00e9szletes inform\u00e1ci\u00f3\u00e9rt, illetve jelentkez\u00e9shez k\u00e9rj\u00fck keress\u00e9k fel az al\u00e1bbi oldalainkat:<\/p>\n<ul style=\"list-style-type: square\">\n<li><a href=\"https:\/\/semmelweis.hu\/alumni\/szolgaltatasok\/kepzeseink\/szemelyes-kepzeseink\/\">Szem\u00e9lyes k\u00e9pz\u00e9seink<\/a><\/li>\n<li><a href=\"https:\/\/semmelweis.hu\/alumni\/szolgaltatasok\/kepzeseink\/online-kepzeseink\/\">Online v\u00e9gezhet\u0151 k\u00e9pz\u00e9seink<\/a><\/li>\n<\/ul>\n","protected":false},"excerpt":{"rendered":"<p>Kor\u00e1bbi k\u00e9pz\u00e9seink siker\u00e9re \u00e9s azokkal kapcsolatos visszajelz\u00e9seikre val\u00f3 tekintettel b\u0151v\u00fclt portf\u00f3li\u00f3val v\u00e1rjuk \u00d6n\u00f6ket ingyenes k\u00e9pz\u00e9seinken online \u00e9s szem\u00e9lyes form\u00e1ban is!\u00a0<br \/>\nAktu\u00e1lis k\u00e9pz\u00e9seinkkel kapcsolatos r\u00e9szletes inform\u00e1ci\u00f3\u00e9rt, illetve jelentkez\u00e9shez k\u00e9rj\u00fck keress\u00e9k fel az al\u00e1bbi oldalainkat:<\/p>\n<p><a href=\"https:\/\/semmelweis.hu\/alumni\/szolgaltatasok\/kepzeseink\/szemelyes-kepzeseink\/\">Szem\u00e9lyes k\u00e9pz\u00e9seink<\/a><br \/>\n<a href=\"https:\/\/semmelweis.hu\/alumni\/szolgaltatasok\/kepzeseink\/online-kepzeseink\/\">Online v\u00e9gezhet\u0151 k\u00e9pz\u00e9seink<\/a><\/p>\n","protected":false},"author":101158,"featured_media":0,"parent":21,"menu_order":0,"comment_status":"closed","ping_status":"closed","template":"","meta":{"_acf_changed":false,"footnotes":""},"categories":[],"tags":[],"class_list":["post-2457","page","type-page","status-publish","hentry"],"acf":[],"publishpress_future_action":{"enabled":false,"date":"1970-01-01 01:00:00","action":"","terms":[],"taxonomy":"","browser_timezone_offset":0},"_links":{"self":[{"href":"https:\/\/semmelweis.hu\/alumni\/wp-json\/wp\/v2\/pages\/2457","targetHints":{"allow":["GET"]}}],"collection":[{"href":"https:\/\/semmelweis.hu\/alumni\/wp-json\/wp\/v2\/pages"}],"about":[{"href":"https:\/\/semmelweis.hu\/alumni\/wp-json\/wp\/v2\/types\/page"}],"author":[{"embeddable":true,"href":"https:\/\/semmelweis.hu\/alumni\/wp-json\/wp\/v2\/users\/101158"}],"replies":[{"embeddable":true,"href":"https:\/\/semmelweis.hu\/alumni\/wp-json\/wp\/v2\/comments?post=2457"}],"version-history":[{"count":6,"href":"https:\/\/semmelweis.hu\/alumni\/wp-json\/wp\/v2\/pages\/2457\/revisions"}],"predecessor-version":[{"id":17658,"href":"https:\/\/semmelweis.hu\/alumni\/wp-json\/wp\/v2\/pages\/2457\/revisions\/17658"}],"up":[{"embeddable":true,"href":"https:\/\/semmelweis.hu\/alumni\/wp-json\/wp\/v2\/pages\/21"}],"wp:attachment":[{"href":"https:\/\/semmelweis.hu\/alumni\/wp-json\/wp\/v2\/media?parent=2457"}],"wp:term":[{"taxonomy":"category","embeddable":true,"href":"https:\/\/semmelweis.hu\/alumni\/wp-json\/wp\/v2\/categories?post=2457"},{"taxonomy":"post_tag","embeddable":true,"href":"https:\/\/semmelweis.hu\/alumni\/wp-json\/wp\/v2\/tags?post=2457"}],"curies":[{"name":"wp","href":"https:\/\/api.w.org\/{rel}","templated":true}]}}