{"id":2371,"date":"2020-02-23T18:11:28","date_gmt":"2020-02-23T17:11:28","guid":{"rendered":"http:\/\/semmelweis.hu\/alumni\/?page_id=2371"},"modified":"2024-04-10T08:51:04","modified_gmt":"2024-04-10T06:51:04","slug":"career-guidance-faculty-of-pharmacy","status":"publish","type":"page","link":"https:\/\/semmelweis.hu\/alumni\/en\/services\/career-guidance-faculty-of-pharmacy\/","title":{"rendered":"Career Guidance &#8211; Faculty of Pharmacy"},"content":{"rendered":"<p style=\"text-align: right\"><a href=\"https:\/\/semmelweis.hu\/alumni\/files\/2020\/01\/Madar\u00e1sz-B\u00e1lint.jpg\"><img loading=\"lazy\" decoding=\"async\" class=\"wp-image-1377 alignleft\" src=\"https:\/\/semmelweis.hu\/alumni\/files\/2020\/01\/Madar\u00e1sz-B\u00e1lint-849x1024.jpg\" alt=\"\" width=\"215\" height=\"259\" srcset=\"https:\/\/semmelweis.hu\/alumni\/files\/2020\/01\/Madar\u00e1sz-B\u00e1lint-849x1024.jpg 849w, https:\/\/semmelweis.hu\/alumni\/files\/2020\/01\/Madar\u00e1sz-B\u00e1lint-249x300.jpg 249w, https:\/\/semmelweis.hu\/alumni\/files\/2020\/01\/Madar\u00e1sz-B\u00e1lint-768x927.jpg 768w, https:\/\/semmelweis.hu\/alumni\/files\/2020\/01\/Madar\u00e1sz-B\u00e1lint-753x909.jpg 753w, https:\/\/semmelweis.hu\/alumni\/files\/2020\/01\/Madar\u00e1sz-B\u00e1lint.jpg 1393w\" sizes=\"auto, (max-width: 215px) 100vw, 215px\" \/><\/a><strong>B\u00e1lint Madar\u00e1sz, Pharm.D.<br \/>\n<\/strong>In 2018, I graduated as a pharmacist.<br \/>\nCurrently, I am a PhD student at the university.<br \/>\nAfter my graduation, I spent a year abroad in the form of internship.<br \/>\nI always asked myself if I am doing the right thing, walking on the right path regarding my career.<br \/>\nI faced a lot of problems and life situations.<br \/>\nI had my ups and downs. Finally, I decided to plan and make my own future. I might can help with yours as well.<\/p>\n<p>&nbsp;<\/p>\n<p style=\"text-align: center\">\u00a0<\/p>\n<p>&nbsp;<\/p>\n<p><b><a href=\"https:\/\/semmelweis.hu\/alumni\/files\/2020\/02\/Jakab_G\u00e9za.png\"><img loading=\"lazy\" decoding=\"async\" class=\" wp-image-2280 alignleft\" src=\"https:\/\/semmelweis.hu\/alumni\/files\/2020\/02\/Jakab_G\u00e9za.png\" alt=\"\" width=\"199\" height=\"209\" \/><\/a>G\u00e9za Jakab, Pharm.D.<\/b><\/p>\n<p>Graduated as a pharmacist, 2016<br \/>\nProject manager since 2019<\/p>\n<p>&nbsp;<\/p>\n<p style=\"text-align: right\">Working at the Department of Pharmaceutics of the Semmelweis University.<br \/>\nCurrently, in the last year of PhD studies. Holding classes in Hungarian, German and English languages.<br \/>\nI am happy to see every colleague and\/or pharmacy students on my career guidance appointments who would like to know more about the pharmacist profession or just curious about the opportunities after graduation.<\/p>\n<p>&nbsp;<\/p>\n<p style=\"text-align: center\"><strong>YOU CAN SIGN UP BELOW:<\/strong><\/p>\n\n<!-- iframe plugin v.4.9 wordpress.org\/plugins\/iframe\/ -->\n<iframe loading=\"lazy\" src=\"https:\/\/docs.google.com\/forms\/d\/e\/1FAIpQLScjnnrP9N11DhOIUq5Q3QfcGV6-86aegGPGrTvlh-SJttNEvg\/viewform?embedded=true\" width=\"100%\" height=\"1577\" scrolling=\"yes\" class=\"iframe-class\" frameborder=\"0\"><\/iframe>\n\n<p>&nbsp;<\/p>\n<p style=\"text-align: center\"><strong>EL\u00c9GEDETTS\u00c9GI K\u00c9RD\u0150\u00cdV:<\/strong><\/p>\n\n<!-- iframe plugin v.4.9 wordpress.org\/plugins\/iframe\/ -->\n<iframe loading=\"lazy\" src=\"https:\/\/docs.google.com\/forms\/d\/e\/1FAIpQLSeEdfUFQeANrA9b5dfFZS8_Q5SII0jt0Lw2l1EKE9oW44S1sQ\/viewform?embedded=true\" width=\"100%\" height=\"2762\" scrolling=\"yes\" class=\"iframe-class\" frameborder=\"0\"><\/iframe>\n\n<p>&nbsp;<\/p>\n<p><strong>B\u00e1lint Madar\u00e1sz, Pharm.D.<br \/>\n<\/strong>In 2018, I graduated as a pharmacist.<br \/>\nCurrently, I am a PhD student at the university.<br \/>\nAfter my graduation, I spent a year abroad in the form of internship.<br \/>\nI always asked myself if I am doing the right thing, walking on the right path regarding my career.<br \/>\nI faced a lot of problems and life situations.<br \/>\nI had my ups and downs. Finally, I decided to plan and make my own future. I might can help with yours as well.<\/p>\n","protected":false},"excerpt":{"rendered":"<p><a href=\"https:\/\/semmelweis.hu\/alumni\/files\/2020\/01\/Madar\u00e1sz-B\u00e1lint.jpg\"><\/a> B\u00e1lint Madar\u00e1sz, Pharm.D. In 2018, I graduated as a pharmacist. Currently, I am a PhD student at the university. After my graduation, I spent a year abroad in the form of internship. I always asked myself if I am doing the right thing, walking on the right path regarding my career. I faced a lot &hellip;<\/p>\n","protected":false},"author":101158,"featured_media":0,"parent":1122,"menu_order":0,"comment_status":"closed","ping_status":"closed","template":"","meta":{"_acf_changed":false,"footnotes":""},"categories":[],"tags":[],"class_list":["post-2371","page","type-page","status-publish","hentry"],"acf":[],"publishpress_future_action":{"enabled":false,"date":"1970-01-01 01:00:00","action":"","terms":[],"taxonomy":"","browser_timezone_offset":0},"_links":{"self":[{"href":"https:\/\/semmelweis.hu\/alumni\/wp-json\/wp\/v2\/pages\/2371","targetHints":{"allow":["GET"]}}],"collection":[{"href":"https:\/\/semmelweis.hu\/alumni\/wp-json\/wp\/v2\/pages"}],"about":[{"href":"https:\/\/semmelweis.hu\/alumni\/wp-json\/wp\/v2\/types\/page"}],"author":[{"embeddable":true,"href":"https:\/\/semmelweis.hu\/alumni\/wp-json\/wp\/v2\/users\/101158"}],"replies":[{"embeddable":true,"href":"https:\/\/semmelweis.hu\/alumni\/wp-json\/wp\/v2\/comments?post=2371"}],"version-history":[{"count":6,"href":"https:\/\/semmelweis.hu\/alumni\/wp-json\/wp\/v2\/pages\/2371\/revisions"}],"predecessor-version":[{"id":15288,"href":"https:\/\/semmelweis.hu\/alumni\/wp-json\/wp\/v2\/pages\/2371\/revisions\/15288"}],"up":[{"embeddable":true,"href":"https:\/\/semmelweis.hu\/alumni\/wp-json\/wp\/v2\/pages\/1122"}],"wp:attachment":[{"href":"https:\/\/semmelweis.hu\/alumni\/wp-json\/wp\/v2\/media?parent=2371"}],"wp:term":[{"taxonomy":"category","embeddable":true,"href":"https:\/\/semmelweis.hu\/alumni\/wp-json\/wp\/v2\/categories?post=2371"},{"taxonomy":"post_tag","embeddable":true,"href":"https:\/\/semmelweis.hu\/alumni\/wp-json\/wp\/v2\/tags?post=2371"}],"curies":[{"name":"wp","href":"https:\/\/api.w.org\/{rel}","templated":true}]}}