{"id":2363,"date":"2020-02-23T12:05:36","date_gmt":"2020-02-23T11:05:36","guid":{"rendered":"http:\/\/semmelweis.hu\/alumni\/?page_id=2363"},"modified":"2020-02-23T17:58:42","modified_gmt":"2020-02-23T16:58:42","slug":"career-guidance-faculty-of-dentistry","status":"publish","type":"page","link":"https:\/\/semmelweis.hu\/alumni\/en\/services\/career-guidance-faculty-of-dentistry\/","title":{"rendered":"Career guidance &#8211; Faculty of Dentistry"},"content":{"rendered":"<p><a href=\"https:\/\/semmelweis.hu\/alumni\/files\/2020\/02\/Kov\u00e1cs-Alexandra.jpg\"><img loading=\"lazy\" decoding=\"async\" class=\" wp-image-2292 alignleft\" src=\"https:\/\/semmelweis.hu\/alumni\/files\/2020\/02\/Kov\u00e1cs-Alexandra.jpg\" alt=\"\" width=\"235\" height=\"371\" srcset=\"https:\/\/semmelweis.hu\/alumni\/files\/2020\/02\/Kov\u00e1cs-Alexandra.jpg 331w, https:\/\/semmelweis.hu\/alumni\/files\/2020\/02\/Kov\u00e1cs-Alexandra-253x400.jpg 253w\" sizes=\"auto, (max-width: 235px) 100vw, 235px\" \/><\/a><strong>Alexandra Kov\u00e1cs, D.M.D.<\/strong><\/p>\n<p>In 2017, I graduated from Semmelweis University&#8217;s Faculty of Dentistry with a summa cum laude qualification.<\/p>\n<p>Since my graduation, I have been working at the Department of General Dental Precilincal Practice of the Faculty of Dentistry, currently as a resident.<br \/>\nIn September 2019 I started my PhD studies.<br \/>\nMy research topic is the drug-induced xerostomy.<br \/>\nI try to participate actively in the work of the Doctoral Students&#8217; Union, thus representing the interests of the PhD students.<\/p>\n<p style=\"text-align: center\"><strong>CONTACT:<\/strong><\/p>\n<table style=\"border-collapse: collapse;width: 100%;height: 64px\">\n<tbody>\n<tr style=\"height: 32px\">\n<td style=\"width: 11.0182%;text-align: left;height: 32px\">E-mail:<\/td>\n<td style=\"width: 88.9818%;height: 32px\">kovacs.alexandra9401@gmail.com<\/td>\n<\/tr>\n<tr style=\"height: 32px\">\n<td style=\"width: 11.0182%;text-align: left;height: 32px\">Phone:<\/td>\n<td style=\"width: 88.9818%;height: 32px\">+36305297071<\/td>\n<\/tr>\n<\/tbody>\n<\/table>\n<p>&nbsp;<\/p>\n<p style=\"text-align: center\"><strong>YOU CAN SIGN UP BELOW:<\/strong><\/p>\n\n<!-- iframe plugin v.4.9 wordpress.org\/plugins\/iframe\/ -->\n<iframe loading=\"lazy\" src=\"https:\/\/docs.google.com\/forms\/d\/e\/1FAIpQLSfSLqyHzJvas5TCEovCQZd8bvhP7HoBvbMRr45pcOvL9aHRgg\/viewform?embedded=true\" width=\"100%\" height=\"1574\" scrolling=\"yes\" class=\"iframe-class\" frameborder=\"0\"><\/iframe>\n\n<p>&nbsp;<\/p>\n<p style=\"text-align: center\"><strong>EL\u00c9GEDETTS\u00c9GI K\u00c9RD\u0150\u00cdV:<\/strong><\/p>\n\n<!-- iframe plugin v.4.9 wordpress.org\/plugins\/iframe\/ -->\n<iframe loading=\"lazy\" src=\"https:\/\/docs.google.com\/forms\/d\/e\/1FAIpQLSebiW-NuEvHnfoppLkZwckzfdCEYLLcBSl66scGuSglLLUu-A\/viewform?embedded=true\" width=\"100%\" height=\"2762\" scrolling=\"yes\" class=\"iframe-class\" frameborder=\"0\"><\/iframe>\n\n","protected":false},"excerpt":{"rendered":"<p><a href=\"https:\/\/semmelweis.hu\/alumni\/files\/2020\/02\/Kov\u00e1cs-Alexandra.jpg\"><\/a> Alexandra Kov\u00e1cs, D.M.D. In 2017, I graduated from Semmelweis University&#8217;s Faculty of Dentistry with a summa cum laude qualification. Since my graduation, I have been working at the Department of General Dental Precilincal Practice of the Faculty of Dentistry, currently as a resident. In September 2019 I started my PhD studies. My research topic is &hellip;<\/p>\n","protected":false},"author":101158,"featured_media":0,"parent":1122,"menu_order":0,"comment_status":"closed","ping_status":"closed","template":"","meta":{"_acf_changed":false,"footnotes":""},"categories":[],"tags":[],"class_list":["post-2363","page","type-page","status-publish","hentry"],"acf":[],"publishpress_future_action":{"enabled":false,"date":"1970-01-01 01:00:00","action":"","terms":[],"taxonomy":"","browser_timezone_offset":0},"_links":{"self":[{"href":"https:\/\/semmelweis.hu\/alumni\/wp-json\/wp\/v2\/pages\/2363","targetHints":{"allow":["GET"]}}],"collection":[{"href":"https:\/\/semmelweis.hu\/alumni\/wp-json\/wp\/v2\/pages"}],"about":[{"href":"https:\/\/semmelweis.hu\/alumni\/wp-json\/wp\/v2\/types\/page"}],"author":[{"embeddable":true,"href":"https:\/\/semmelweis.hu\/alumni\/wp-json\/wp\/v2\/users\/101158"}],"replies":[{"embeddable":true,"href":"https:\/\/semmelweis.hu\/alumni\/wp-json\/wp\/v2\/comments?post=2363"}],"version-history":[{"count":8,"href":"https:\/\/semmelweis.hu\/alumni\/wp-json\/wp\/v2\/pages\/2363\/revisions"}],"predecessor-version":[{"id":4185,"href":"https:\/\/semmelweis.hu\/alumni\/wp-json\/wp\/v2\/pages\/2363\/revisions\/4185"}],"up":[{"embeddable":true,"href":"https:\/\/semmelweis.hu\/alumni\/wp-json\/wp\/v2\/pages\/1122"}],"wp:attachment":[{"href":"https:\/\/semmelweis.hu\/alumni\/wp-json\/wp\/v2\/media?parent=2363"}],"wp:term":[{"taxonomy":"category","embeddable":true,"href":"https:\/\/semmelweis.hu\/alumni\/wp-json\/wp\/v2\/categories?post=2363"},{"taxonomy":"post_tag","embeddable":true,"href":"https:\/\/semmelweis.hu\/alumni\/wp-json\/wp\/v2\/tags?post=2363"}],"curies":[{"name":"wp","href":"https:\/\/api.w.org\/{rel}","templated":true}]}}