{"id":22005,"date":"2025-01-14T15:17:52","date_gmt":"2025-01-14T14:17:52","guid":{"rendered":"https:\/\/semmelweis.hu\/alumni\/?page_id=22005"},"modified":"2026-02-20T10:50:27","modified_gmt":"2026-02-20T09:50:27","slug":"accommodation","status":"publish","type":"page","link":"https:\/\/semmelweis.hu\/alumni\/en\/international-alumni-meeting-2025\/accommodation\/","title":{"rendered":"Accommodation"},"content":{"rendered":"<h6>During the International Alumni Meeting,<br \/>\nsome hotels in Budapest provide participants with discounted accommodation.<\/h6>\n<h6>\u00a0<\/h6>\n<h6><b><span data-contrast=\"auto\">Dean\u2019s College Hotel<\/span><\/b><span data-contrast=\"auto\">\u202f<\/span><span data-ccp-props=\"{}\">\u00a0<\/span><\/h6>\n<h6><img loading=\"lazy\" decoding=\"async\" class=\"alignleft\" src=\"https:\/\/cf.bstatic.com\/xdata\/images\/hotel\/max1280x900\/589278129.jpg?k=73886bfd34ca17a6c67ac2108511c912dea2f9304d7962b4ea0a25e3b671b8bc&amp;o=&amp;hp=1\" alt=\"K\u00e9p a sz\u00e1ll\u00e1sr\u00f3l a gal\u00e9ri\u00e1ban\" width=\"350\" height=\"233\" \/><img loading=\"lazy\" decoding=\"async\" class=\"alignright\" src=\"https:\/\/cf.bstatic.com\/xdata\/images\/hotel\/max1280x900\/346931912.jpg?k=d5602b7c66624ae7019078866d3c4c520704d7bd2347472b4abdbcb23bd35413&amp;o=&amp;hp=1\" alt=\"K\u00e9p a sz\u00e1ll\u00e1sr\u00f3l a gal\u00e9ri\u00e1ban\" width=\"348\" height=\"232\" \/><\/h6>\n<h6>\u00a0<\/h6>\n<h6>\u00a0<\/h6>\n<h6>\u00a0<\/h6>\n<h6>\u00a0<\/h6>\n<h6>\u00a0<\/h6>\n<h6>\u00a0<\/h6>\n<h6>Location: H-1094 Budapest, T\u0171zolt\u00f3 u. 50-56.<\/h6>\n<h6>Tel: +36 70\u202f626 7776 <a href=\"https:\/\/deansbudapest.com\/en\">https:\/\/deansbudapest.com\/en<\/a><\/h6>\n<h6>Discount: <strong>10%<\/strong><\/h6>\n<h6>Promotional code:<strong> SEALUMNI<\/strong><\/h6>\n<h6>\u00a0<\/h6>\n<h6><b><span data-contrast=\"auto\">Danubius Hotel Astoria<\/span><\/b><span data-contrast=\"auto\">\u202f<\/span><span data-ccp-props=\"{}\">\u00a0<\/span><\/h6>\n<h6><img loading=\"lazy\" decoding=\"async\" class=\" wp-image-4778 alignleft\" src=\"https:\/\/semmelweis.hu\/alumni\/files\/2022\/12\/832445837-400x266.jpg\" alt=\"\" width=\"347\" height=\"231\" srcset=\"https:\/\/semmelweis.hu\/alumni\/files\/2022\/12\/832445837-400x266.jpg 400w, https:\/\/semmelweis.hu\/alumni\/files\/2022\/12\/832445837-768x511.jpg 768w, https:\/\/semmelweis.hu\/alumni\/files\/2022\/12\/832445837-753x501.jpg 753w, https:\/\/semmelweis.hu\/alumni\/files\/2022\/12\/832445837-203x135.jpg 203w, https:\/\/semmelweis.hu\/alumni\/files\/2022\/12\/832445837.jpg 1000w\" sizes=\"auto, (max-width: 347px) 100vw, 347px\" \/><img loading=\"lazy\" decoding=\"async\" class=\"alignright\" src=\"https:\/\/cf.bstatic.com\/xdata\/images\/hotel\/max1280x900\/388189868.jpg?k=8ac92de8265137cc556f2bd3ed3a8998011625062efb7dcab943e752cd77d461&amp;o=&amp;hp=1\" alt=\"K\u00e9p a sz\u00e1ll\u00e1sr\u00f3l a gal\u00e9ri\u00e1ban\" width=\"348\" height=\"232\" \/><\/h6>\n<h6>Location: HU-1053 Budapest, Kossuth Lajos utca 19-21.<\/h6>\n<h6>Tel.: +36 1 889 6000<\/h6>\n<h6><a href=\"https:\/\/www.danubiushotels.com\/hu\/szallodak-budapest\/danubius-hotel-astoria\">https:\/\/www.danubiushotels.com\/hu\/szallodak-budapest\/danubius-hotel-astoria<\/a><\/h6>\n<h6>Discount: <strong>18%<\/strong><\/h6>\n<h6>Promotional code: <strong>SEALUMNI25<\/strong><\/h6>\n<h6>\u00a0<\/h6>\n<h6><b><span data-contrast=\"auto\">Danubius Hotel Arena<\/span><\/b><span data-contrast=\"auto\">\u202f<\/span><span data-ccp-props=\"{}\">\u00a0<\/span><\/h6>\n<h6><img loading=\"lazy\" decoding=\"async\" class=\" wp-image-22006 alignleft\" src=\"https:\/\/semmelweis.hu\/alumni\/files\/2025\/01\/Danubius-Hotel-Arena\u202f--400x266.jpg\" alt=\"\" width=\"347\" height=\"231\" srcset=\"https:\/\/semmelweis.hu\/alumni\/files\/2025\/01\/Danubius-Hotel-Arena\u202f--400x266.jpg 400w, https:\/\/semmelweis.hu\/alumni\/files\/2025\/01\/Danubius-Hotel-Arena\u202f--1024x681.jpg 1024w, https:\/\/semmelweis.hu\/alumni\/files\/2025\/01\/Danubius-Hotel-Arena\u202f--768x511.jpg 768w, https:\/\/semmelweis.hu\/alumni\/files\/2025\/01\/Danubius-Hotel-Arena\u202f--753x501.jpg 753w, https:\/\/semmelweis.hu\/alumni\/files\/2025\/01\/Danubius-Hotel-Arena\u202f--203x135.jpg 203w, https:\/\/semmelweis.hu\/alumni\/files\/2025\/01\/Danubius-Hotel-Arena\u202f-.jpg 1360w\" sizes=\"auto, (max-width: 347px) 100vw, 347px\" \/><img loading=\"lazy\" decoding=\"async\" class=\"wp-image-22007 alignright\" src=\"https:\/\/semmelweis.hu\/alumni\/files\/2025\/01\/Danubius-Hotel-Arena\u202f-2-400x266.jpg\" alt=\"\" width=\"347\" height=\"231\" srcset=\"https:\/\/semmelweis.hu\/alumni\/files\/2025\/01\/Danubius-Hotel-Arena\u202f-2-400x266.jpg 400w, https:\/\/semmelweis.hu\/alumni\/files\/2025\/01\/Danubius-Hotel-Arena\u202f-2-1024x681.jpg 1024w, https:\/\/semmelweis.hu\/alumni\/files\/2025\/01\/Danubius-Hotel-Arena\u202f-2-768x511.jpg 768w, https:\/\/semmelweis.hu\/alumni\/files\/2025\/01\/Danubius-Hotel-Arena\u202f-2-753x501.jpg 753w, https:\/\/semmelweis.hu\/alumni\/files\/2025\/01\/Danubius-Hotel-Arena\u202f-2-203x135.jpg 203w, https:\/\/semmelweis.hu\/alumni\/files\/2025\/01\/Danubius-Hotel-Arena\u202f-2.jpg 1360w\" sizes=\"auto, (max-width: 347px) 100vw, 347px\" \/><\/h6>\n<h6>\u00a0<\/h6>\n<h6>Location: HU-1148 Budapest, Ifj\u00fas\u00e1g \u00fatja 1-3.<\/h6>\n<h6>Tel.: +36 1 889 5200<\/h6>\n<h6><a href=\"https:\/\/www.danubiushotels.com\/hu\/szallodak-budapest\/danubius-hotel-arena\">https:\/\/www.danubiushotels.com\/hu\/szallodak-budapest\/danubius-hotel-arena<\/a><\/h6>\n<h6>Discount: <strong>18%<\/strong><\/h6>\n<h6>Promotional code: <strong>SEALUMNI25<\/strong><\/h6>\n<h6>\u00a0<\/h6>\n<h6><b><span data-contrast=\"auto\">Danubius Hotel Erzs\u00e9bet<\/span><\/b><span data-contrast=\"auto\">\u202f<\/span><span data-ccp-props=\"{}\">\u00a0<\/span><\/h6>\n<h6><img loading=\"lazy\" decoding=\"async\" class=\"alignleft\" src=\"https:\/\/lh3.googleusercontent.com\/p\/AF1QipMIblmGH77QxnZMhrLZnUgqJ9MLQf8JiUI4j6j4=s1360-w1360-h1020\" alt=\"Fot\u00f3\" width=\"347\" height=\"261\" \/><img loading=\"lazy\" decoding=\"async\" class=\"alignright\" src=\"https:\/\/lh3.googleusercontent.com\/p\/AF1QipPgAm3BfEuIxeiRiwsdUA3cGYFpb-zDyXcgutZ0=s1360-w1360-h1020\" alt=\"Fot\u00f3\" width=\"347\" height=\"260\" \/><\/h6>\n<h6>Location: HU-1053 Budapest, K\u00e1rolyi utca 11-15.<\/h6>\n<h6>Tel.: +36 1 889 3700<\/h6>\n<h6><a href=\"https:\/\/www.danubiushotels.com\/hu\/szallodak-budapest\/hotel-erzsebet-city-center\">https:\/\/www.danubiushotels.com\/hu\/szallodak-budapest\/hotel-erzsebet-city-center<\/a><\/h6>\n<h6>Discount: <strong>18%<\/strong><\/h6>\n<h6>Promotional code: <strong>SEALUMNI25<\/strong><\/h6>\n<h6><span data-contrast=\"auto\">\u202f<\/span><span data-ccp-props=\"{}\">\u00a0<\/span><\/h6>\n<h6><b><span data-contrast=\"auto\">Danubius Hotel Hungaria<\/span><\/b><span data-contrast=\"auto\">\u202f<\/span><span data-ccp-props=\"{}\">\u00a0<\/span><\/h6>\n<h6><img loading=\"lazy\" decoding=\"async\" class=\"\" src=\"https:\/\/www.danubiushotels.com\/w\/accomms\/0_1000\/0\/any\/hungaria_kulso_1600x900-maxi3728.jpg\" width=\"347\" height=\"195\" \/><img loading=\"lazy\" decoding=\"async\" class=\"alignright\" src=\"https:\/\/lh3.googleusercontent.com\/p\/AF1QipOPwiaQPZcJcnaTgvEXg4ZAM9Ub7RrKx_zXI6tw=s1360-w1360-h1020\" alt=\"Fot\u00f3 a k\u00f6vetkez\u0151r\u0151l: keleti\" width=\"347\" height=\"231\" \/><\/h6>\n<h6>Location: HU-1074 Budapest, R\u00e1k\u00f3czi \u00fat 90.<\/h6>\n<h6>Tel.: +36 1 889 4400<\/h6>\n<h6><a href=\"https:\/\/www.danubiushotels.com\/hu\/szallodak-budapest\/hotel-hungaria-city-center\">https:\/\/www.danubiushotels.com\/hu\/szallodak-budapest\/hotel-hungaria-city-center<\/a><\/h6>\n<h6>Discount: <strong>18%<\/strong><\/h6>\n<h6>Promotional code: <strong>SEALUMNI25<\/strong><\/h6>\n<h6><span data-contrast=\"auto\">\u202f<\/span><span data-ccp-props=\"{}\">\u00a0<\/span><\/h6>\n<h6><span data-contrast=\"auto\">\u202f<\/span><\/h6>\n<h6><b><span data-contrast=\"auto\">Alta Moda Fashion Hotel<\/span><\/b><span data-contrast=\"auto\">\u202f<\/span><span data-ccp-props=\"{}\">\u00a0<\/span><\/h6>\n<h6><img loading=\"lazy\" decoding=\"async\" class=\"alignleft\" src=\"https:\/\/lh3.googleusercontent.com\/p\/AF1QipOqbPkzZnk496xSYjJNDqi9i4xF1Npc73PQjHGg=s680-w680-h510\" alt=\"Fot\u00f3\" width=\"194\" height=\"259\" \/><\/h6>\n<h6><img loading=\"lazy\" decoding=\"async\" class=\"alignright\" src=\"https:\/\/www.mellowmoodhotels.com\/wp-content\/uploads\/2021\/06\/d78_0796-1920x1080.jpg\" width=\"411\" height=\"231\" \/><\/h6>\n<h6>\u00a0<\/h6>\n<h6>\u00a0<\/h6>\n<h6>\u00a0<\/h6>\n<h6>\u00a0<\/h6>\n<h6>\u00a0<\/h6>\n<h6>\u00a0<\/h6>\n<h6>\u00a0<\/h6>\n<h6>Location: HU-1056 Budapest, V\u00e1ci utca 77.<\/h6>\n<h6>Tel.: +36 1\u202f799 0077<\/h6>\n<h6><a href=\"https:\/\/www.mellowmoodhotels.com\/hotels\/alta-moda-fashion-hotel\/\">https:\/\/www.mellowmoodhotels.com\/hotels\/alta-moda-fashion-hotel\/<\/a><\/h6>\n<h6>Discount:<strong> 10%<\/strong><\/h6>\n<h6>Promotional code: <strong>SE2025<\/strong><\/h6>\n<h6><span data-contrast=\"auto\">\u202f<\/span><span data-ccp-props=\"{}\">\u00a0<\/span><\/h6>\n<h6><b><span data-contrast=\"auto\">Harm\u00f3nia Palota<\/span><\/b><span data-contrast=\"auto\">\u202f<\/span><span data-ccp-props=\"{}\">\u00a0<\/span><\/h6>\n<h6><img loading=\"lazy\" decoding=\"async\" class=\"alignleft\" src=\"https:\/\/harmoniapalota.hu\/wp-content\/uploads\/2023\/06\/436395456-1-1200x700_c.jpg\" alt=\"436395456\" width=\"346\" height=\"202\" \/><img loading=\"lazy\" decoding=\"async\" class=\"alignright\" src=\"https:\/\/harmoniapalota.hu\/wp-content\/uploads\/2019\/10\/207_02.jpg\" alt=\"207_02\" width=\"347\" height=\"202\" \/><\/h6>\n<h6>Location: HU-1088 Budapest, M\u00fazeum utca 9.<\/h6>\n<h6>Tel.: +36 70\u202f577 0300<\/h6>\n<h6><a href=\"https:\/\/harmoniapalota.hu\/\">https:\/\/harmoniapalota.hu\/<\/a><\/h6>\n<h6>Discount:<strong> 20%<\/strong><\/h6>\n<h6>Promotional code: <strong>SOTE2025<\/strong><\/h6>\n<h6><span data-ccp-props=\"{}\">\u00a0<\/span><\/h6>\n","protected":false},"excerpt":{"rendered":"<p>During the International Alumni Meeting, some hotels in Budapest provide participants with discounted accommodation. \u00a0 Dean\u2019s College Hotel\u202f\u00a0 \u00a0 \u00a0 \u00a0 \u00a0 \u00a0 \u00a0 Location: H-1094 Budapest, T\u0171zolt\u00f3 u. 50-56. Tel: +36 70\u202f626 7776 <a href=\"https:\/\/deansbudapest.com\/en\">https:\/\/deansbudapest.com\/en<\/a> Discount: 10% Promotional code: SEALUMNI \u00a0 Danubius Hotel Astoria\u202f\u00a0 Location: HU-1053 Budapest, Kossuth Lajos utca 19-21. Tel.: +36 1 889 6000 &hellip;<\/p>\n","protected":false},"author":101947,"featured_media":0,"parent":21200,"menu_order":0,"comment_status":"closed","ping_status":"closed","template":"","meta":{"_acf_changed":false,"footnotes":""},"categories":[],"tags":[],"class_list":["post-22005","page","type-page","status-publish","hentry"],"acf":[],"publishpress_future_action":{"enabled":false,"date":"1970-01-01 01:00:00","action":"","terms":[],"taxonomy":"","browser_timezone_offset":0},"_links":{"self":[{"href":"https:\/\/semmelweis.hu\/alumni\/wp-json\/wp\/v2\/pages\/22005","targetHints":{"allow":["GET"]}}],"collection":[{"href":"https:\/\/semmelweis.hu\/alumni\/wp-json\/wp\/v2\/pages"}],"about":[{"href":"https:\/\/semmelweis.hu\/alumni\/wp-json\/wp\/v2\/types\/page"}],"author":[{"embeddable":true,"href":"https:\/\/semmelweis.hu\/alumni\/wp-json\/wp\/v2\/users\/101947"}],"replies":[{"embeddable":true,"href":"https:\/\/semmelweis.hu\/alumni\/wp-json\/wp\/v2\/comments?post=22005"}],"version-history":[{"count":10,"href":"https:\/\/semmelweis.hu\/alumni\/wp-json\/wp\/v2\/pages\/22005\/revisions"}],"predecessor-version":[{"id":22027,"href":"https:\/\/semmelweis.hu\/alumni\/wp-json\/wp\/v2\/pages\/22005\/revisions\/22027"}],"up":[{"embeddable":true,"href":"https:\/\/semmelweis.hu\/alumni\/wp-json\/wp\/v2\/pages\/21200"}],"wp:attachment":[{"href":"https:\/\/semmelweis.hu\/alumni\/wp-json\/wp\/v2\/media?parent=22005"}],"wp:term":[{"taxonomy":"category","embeddable":true,"href":"https:\/\/semmelweis.hu\/alumni\/wp-json\/wp\/v2\/categories?post=22005"},{"taxonomy":"post_tag","embeddable":true,"href":"https:\/\/semmelweis.hu\/alumni\/wp-json\/wp\/v2\/tags?post=22005"}],"curies":[{"name":"wp","href":"https:\/\/api.w.org\/{rel}","templated":true}]}}