{"id":21200,"date":"2024-11-18T14:22:54","date_gmt":"2024-11-18T13:22:54","guid":{"rendered":"https:\/\/semmelweis.hu\/alumni\/?page_id=21200"},"modified":"2025-05-23T11:20:55","modified_gmt":"2025-05-23T09:20:55","slug":"international-alumni-meeting-2025","status":"publish","type":"page","link":"https:\/\/semmelweis.hu\/alumni\/en\/international-alumni-meeting-2025\/","title":{"rendered":"INTERNATIONAL ALUMNI MEETING 2025"},"content":{"rendered":"<h2 style=\"text-align: center\"><span data-contrast=\"auto\">INTERNATIONAL ALUMNI MEETING 2025<\/span><span data-ccp-props=\"{&quot;201341983&quot;:0,&quot;335559738&quot;:120,&quot;335559739&quot;:120,&quot;335559740&quot;:276}\">\u00a0<\/span><\/h2>\n<h6 style=\"text-align: center\"><span style=\"font-size: 18pt\">Date and time:<\/span><br \/>\n<span style=\"font-size: 18pt\"><strong>17-18 May, 2025\u00a0<\/strong><\/span><\/h6>\n<h6 style=\"text-align: center\"><span style=\"font-size: 18pt\">Venue: <strong>Semmelweis University<br \/>\n<\/strong><\/span><\/h6>\n<h6 style=\"text-align: center\"><em><span style=\"font-size: 12pt\">Opening ceremony, Roundtable discussion:<\/span><\/em><\/h6>\n<h6 style=\"text-align: center\"><strong><span style=\"font-size: 18pt\">Rector&#8217;s building<\/span><br \/>\n<\/strong><\/h6>\n<h6 style=\"text-align: center\"><strong><span style=\"font-size: 14pt\">1085 Budapest, \u00dcll\u0151i street 26.<\/span><\/strong><\/h6>\n<h6 style=\"text-align: center\"><em><span style=\"font-size: 12pt\">Gala Dinner and afterparty:<\/span><\/em><\/h6>\n<h6 style=\"text-align: center\"><strong><span style=\"font-size: 18pt\">Basic Medical Science Center (EOK)<\/span><br \/>\n<span style=\"font-size: 14pt\">1094 Budapest, T\u0171zolt\u00f3 street 37-47.<\/span><\/strong><\/h6>\n<h6 style=\"text-align: center\"><span style=\"font-size: 14pt\" data-ccp-props=\"{&quot;201341983&quot;:0,&quot;335559738&quot;:120,&quot;335559739&quot;:120,&quot;335559740&quot;:276}\"><em>The event is <strong>free for the alumni<\/strong> of Semmelweis University.<\/em><\/span><\/h6>\n<h6 style=\"text-align: center\"><span data-ccp-props=\"{&quot;201341983&quot;:0,&quot;335559738&quot;:120,&quot;335559739&quot;:120,&quot;335559740&quot;:276}\">\u00a0<\/span><\/h6>\n<h5 style=\"text-align: center\"><a class=\"button\" href=\"https:\/\/forms.office.com\/e\/NJJzWqYqdw?origin=lprLink\" target=\"_blank\" rel=\"noopener\">REGISTRATION<\/a><\/h5>\n<h6 style=\"text-align: center\"><span style=\"font-size: 14pt;color: #ff0000\"><em>Please note that if you register after May 16th, we cannot guarantee your participation <\/em><\/span><span style=\"font-size: 14pt;color: #ff0000\"><em>in some program elements, such as the Danube cruise, which has limited seating.<\/em><\/span><\/h6>\n<p><a href=\"https:\/\/forms.office.com\/e\/NJJzWqYqdw?origin=lprLink\"><img loading=\"lazy\" decoding=\"async\" class=\"aligncenter size-full wp-image-21910\" src=\"https:\/\/semmelweis.hu\/alumni\/files\/2025\/01\/Jubileumi_Evfolyamtalalkozo_2025_FB_Event_cover_jo.png\" alt=\"\" width=\"1920\" height=\"1006\" srcset=\"https:\/\/semmelweis.hu\/alumni\/files\/2025\/01\/Jubileumi_Evfolyamtalalkozo_2025_FB_Event_cover_jo.png 1920w, https:\/\/semmelweis.hu\/alumni\/files\/2025\/01\/Jubileumi_Evfolyamtalalkozo_2025_FB_Event_cover_jo-400x210.png 400w, https:\/\/semmelweis.hu\/alumni\/files\/2025\/01\/Jubileumi_Evfolyamtalalkozo_2025_FB_Event_cover_jo-1024x537.png 1024w, https:\/\/semmelweis.hu\/alumni\/files\/2025\/01\/Jubileumi_Evfolyamtalalkozo_2025_FB_Event_cover_jo-768x402.png 768w, https:\/\/semmelweis.hu\/alumni\/files\/2025\/01\/Jubileumi_Evfolyamtalalkozo_2025_FB_Event_cover_jo-1536x805.png 1536w, https:\/\/semmelweis.hu\/alumni\/files\/2025\/01\/Jubileumi_Evfolyamtalalkozo_2025_FB_Event_cover_jo-753x395.png 753w\" sizes=\"auto, (max-width: 1920px) 100vw, 1920px\" \/><\/a><\/p>\n<p><b><span data-contrast=\"auto\">\u202f<\/span><\/b><\/p>\n<h3 style=\"text-align: center\">Program Plan <span style=\"font-size: 10pt\"><i>(We reserve the right to change the program)<\/i><\/span><\/h3>\n<h6><strong><span style=\"text-decoration: underline\"><em>Day 1: 17th May Saturday<\/em> &#8211; <span style=\"font-size: 14pt\">Get together event and visiting of the Semmelweis University<\/span><\/span><\/strong><\/h6>\n<h6><span style=\"font-size: 14pt\">Venue: <strong>Semmelweis University, Semmelweis Salon<\/strong> <em>(location: 1085 Budapest, \u00dcll\u0151i street 26., 1st floor)<\/em><\/span><\/h6>\n<h6>\u00a0<\/h6>\n<h6><span style=\"font-size: 14pt\"><strong>9:00-10:00am\u00a0 \u00a0 \u00a0 \u00a0 \u00a0<\/strong>Registration\u00a0<\/span><\/h6>\n<h6><span style=\"font-size: 14pt\"><strong>10:00am-\u00a0 \u00a0 \u00a0 \u00a0 \u00a0 \u00a0 \u00a0 \u00a0 \u00a0<\/strong>Opening ceremony &#8211; welcome speech with <\/span><strong><span style=\"font-size: 14pt\">Prof. Dr. Al\u00e1n Alp\u00e1r, vice-rector for international studies<\/span><\/strong><\/h6>\n<h6><span style=\"font-size: 14pt\"><strong>10:00am-12:30pm\u00a0 <\/strong>Roundtable discussion: <em>Semmelweis back and now<\/em><\/span><\/h6>\n<h6><span style=\"font-size: 12pt\">The participants of the roundtable discussion will be:<\/span><\/h6>\n<ul style=\"list-style-type: circle\">\n<li class=\"x_elementToProof\">\n<h6><span style=\"font-size: 14pt\"><strong>Prof. Dr. Al\u00e1n Alp\u00e1r<\/strong>, vice-rector for international studies<\/span><\/h6>\n<\/li>\n<li class=\"x_elementToProof\">\n<h6><span style=\"font-size: 14pt\"><strong>Prof. Dr. Istv\u00e1n Gera<\/strong><\/span><\/h6>\n<\/li>\n<li class=\"x_elementToProof\">\n<h6><span style=\"font-size: 14pt\">Semmelweis&#8217; alumni <strong>Dr. Loucas Christodoulou<\/strong><\/span><\/h6>\n<\/li>\n<li class=\"x_elementToProof\">\n<h6><span style=\"font-size: 14pt\">Alumni Director <strong>Dr. Tam\u00e1s Heged\u00fcs<\/strong><\/span><\/h6>\n<\/li>\n<\/ul>\n<h6><span style=\"font-size: 12pt\">Roundtable discussion schedule:<\/span><\/h6>\n<h6><span style=\"font-size: 12pt\"><strong>10:00am &#8211; 11:00am <\/strong>Roundtable discussion part 1<\/span><\/h6>\n<h6><span style=\"font-size: 12pt\"><strong>11:00am &#8211; 11:20am<\/strong> Coffee Break <span class=\"OYPEnA font-feature-liga-off font-feature-clig-off font-feature-calt-off text-decoration-none text-strikethrough-none\">in the lobby<\/span> <\/span><\/h6>\n<h6><span style=\"font-size: 12pt\"><strong>11:20am &#8211; 12:30 pm<\/strong> Roundtable discussion part 2<\/span><\/h6>\n<h6>\u00a0<\/h6>\n<div class=\"keretes\">\n<h6><span style=\"font-size: 12pt\"><strong><em>Guided tours to:<br \/>\n<\/em><\/strong>1: Basic Medical Science Center (EOK) (<em>location:\u00a01094 Budapest, T\u0171zolt\u00f3 street 37-47.<\/em>)<\/span><span style=\"font-size: 12pt\"><em><br \/>\n<\/em>2: Dental Center (<em>location: 1088 Bp, Szentkir\u00e1lyi street 47.)<br \/>\n<\/em>3: Pet\u0151 Institute (<em>location: 1125 Bp, K\u00fatv\u00f6lgyi street 6.)<br \/>\n<\/em>4: V\u00e1rosmajor Clinical Centre (<em>location: 1122 Bp, V\u00e1rosmajor street 68.)\u00a0<br \/>\n<\/em>5: McDaniel College Budapest<em> (location: 1071\u00a0Bp Bethlen G\u00e1bor square\u00a0 2.)\u00a0<\/em><\/span><\/h6>\n<p><span style=\"font-size: 12pt\"><i>A total of 4 buses will depart, but due to time constraints, you can only visit one location.\u00a0<\/i><\/span><\/p>\n<\/div>\n<h6><span style=\"font-size: 14pt\"><strong>12:30 &#8211; 1:30pm\u00a0 \u00a0 \u00a0 \u00a0 <\/strong>Lunch Break <span style=\"font-size: 12pt\"><em>(during the lunch break, there will be in-house catering in the lobby)<\/em><\/span><\/span><\/h6>\n<h6><span style=\"font-size: 14pt\"><strong>2:00 &#8211; 4:00pm\u00a0 \u00a0 <\/strong>\u00a0 \u00a0 Building tours of Semmelweis University \u2013 <span style=\"font-size: 12pt\"><em>optional (bus transportation will be available between locations)<\/em><\/span><\/span><\/h6>\n<h6><span style=\"font-size: 14pt\"><strong>2:00 &#8211;\u00a0 \u00a0 \u00a0 \u00a0 \u00a0 \u00a0 \u00a0 \u00a0 \u00a0 \u00a0 \u00a0 \u00a0<\/strong>Meeting in Central Building&#8217;s\u00a0parking lot\u00a0<span style=\"font-size: 12pt\">(<em>location: \u00dcll\u0151i street 26.)<\/em><\/span><\/span><\/h6>\n<h6><b data-olk-copy-source=\"MessageBody\">2:00-2:10pm<\/b>\u00a0 \u00a0 \u00a0 \u00a0 \u00a0 <span style=\"font-size: 14pt\">Briefing, boarding the buses<\/span><\/h6>\n<h6>\u00a0<\/h6>\n<p>&nbsp;<\/p>\n<p>&nbsp;<\/p>\n<h6><strong><span style=\"font-size: 14pt\">Gala dinner and Afterparty<\/span><\/strong><\/h6>\n<h6><span style=\"font-size: 14pt\">Venue: <strong>Semmelweis University, Basic Medical Science Center (EOK)<\/strong><em>(location: <\/em><em>1094 Budapest, T\u0171zolt\u00f3 street 37-47.)<\/em><\/span><\/h6>\n<ul>\n<li>\n<h6><em>Gala dinner dress code: Semi formal<\/em><\/h6>\n<\/li>\n<\/ul>\n<h6><span style=\"font-size: 14pt\">\u00a0<\/span><\/h6>\n<h6><strong>5:30pm<\/strong>\u00a0 \u00a0 \u00a0 \u00a0 \u00a0 \u00a0 \u00a0 \u00a0 \u00a0 \u00a0Guests arriving and <span style=\"font-size: 14pt\">registration<\/span><\/h6>\n<h6><strong>6.00-8.00pm\u00a0 \u00a0 \u00a0 \u00a0 <\/strong>G<span style=\"font-size: 14pt\">ala dinner with live music<\/span><\/h6>\n<h6><span style=\"font-size: 14pt\"><strong>6:00-6:30pm\u00a0 \u00a0 \u00a0 \u00a0 \u00a0 \u00a0<\/strong>Rector\u2019s welcome speech and presentation about the top achievements of Semmelweis University &#8211; with <strong>Dr. B\u00e9la Merkely, rector of Semmelweis University<\/strong><\/span><\/h6>\n<h6><span style=\"font-size: 14pt\"><strong>6:30-6:45pm\u00a0 \u00a0 \u00a0 \u00a0 \u00a0 \u00a0<\/strong>Hungarian folk-dancing performance by the folk dance group<strong>\u00a0<\/strong>of Semmelweis University<strong>\u00a0<\/strong><\/span><\/h6>\n<h6><span style=\"font-size: 14pt\"><strong>8:00-11:00pm\u00a0 \u00a0 \u00a0 \u00a0 \u00a0 <\/strong>Afterparty with live music<\/span><\/h6>\n<h6><strong>11:pm\u00a0<\/strong> \u00a0 \u00a0 \u00a0 \u00a0 \u00a0 \u00a0 \u00a0 \u00a0 \u00a0 \u00a0 \u00a0 Day1\u00a0closure<\/h6>\n<h6><u><img loading=\"lazy\" decoding=\"async\" class=\"alignnone size-medium wp-image-26395\" src=\"https:\/\/semmelweis.hu\/alumni\/files\/2025\/05\/RS197568_433A7519-scr-400x258.jpg\" alt=\"\" width=\"400\" height=\"258\" srcset=\"https:\/\/semmelweis.hu\/alumni\/files\/2025\/05\/RS197568_433A7519-scr-400x258.jpg 400w, https:\/\/semmelweis.hu\/alumni\/files\/2025\/05\/RS197568_433A7519-scr-1024x660.jpg 1024w, https:\/\/semmelweis.hu\/alumni\/files\/2025\/05\/RS197568_433A7519-scr-768x495.jpg 768w, https:\/\/semmelweis.hu\/alumni\/files\/2025\/05\/RS197568_433A7519-scr-753x485.jpg 753w, https:\/\/semmelweis.hu\/alumni\/files\/2025\/05\/RS197568_433A7519-scr.jpg 1168w\" sizes=\"auto, (max-width: 400px) 100vw, 400px\" \/> <img loading=\"lazy\" decoding=\"async\" class=\"alignnone  wp-image-26396\" src=\"https:\/\/semmelweis.hu\/alumni\/files\/2025\/05\/RS173539_KA__5591-scr-400x267.jpg\" alt=\"\" width=\"394\" height=\"263\" srcset=\"https:\/\/semmelweis.hu\/alumni\/files\/2025\/05\/RS173539_KA__5591-scr-400x267.jpg 400w, https:\/\/semmelweis.hu\/alumni\/files\/2025\/05\/RS173539_KA__5591-scr-1024x683.jpg 1024w, https:\/\/semmelweis.hu\/alumni\/files\/2025\/05\/RS173539_KA__5591-scr-768x512.jpg 768w, https:\/\/semmelweis.hu\/alumni\/files\/2025\/05\/RS173539_KA__5591-scr-753x502.jpg 753w, https:\/\/semmelweis.hu\/alumni\/files\/2025\/05\/RS173539_KA__5591-scr-203x135.jpg 203w, https:\/\/semmelweis.hu\/alumni\/files\/2025\/05\/RS173539_KA__5591-scr.jpg 1200w\" sizes=\"auto, (max-width: 394px) 100vw, 394px\" \/><\/u><u><\/u><\/h6>\n<p>&nbsp;<\/p>\n<h6><em><strong><span style=\"text-decoration: underline\">Day 2: 18th May Sunday- <span style=\"font-size: 14pt\">Cultural Programs in Budapest<\/span><\/span><\/strong><\/em><u><\/u><\/h6>\n<h6><strong>9:00am\u00a0 \u00a0 \u00a0 \u00a0 \u00a0 \u00a0 \u00a0 <\/strong><span style=\"font-size: 14pt\">Meeting in Basic Medical Science Center (EOK) <span style=\"font-size: 12pt\">(<em>location:\u00a01094 Budapest, T\u0171zolt\u00f3 street 37-47.<\/em>) &#8211; <\/span><\/span><span style=\"font-size: 12pt\">bus transportation will be available<\/span><\/h6>\n<h6><span style=\"font-size: 14pt\"><strong>9:30-11.30am<\/strong>\u00a0 \u00a0 \u00a0 \u00a0Guided visiting of the Buda Castle or Semmelweis Museum<\/span><\/h6>\n<p><span style=\"font-size: 14pt\">&#8211; B<i>us transportation will be available between locations<\/i><\/span><\/p>\n<p><span style=\"font-size: 14pt\"><em><span style=\"color: #1e2326;font-family: 'PT serif', serif\">&#8211; After visiting the Buda Castle and the Museum, we will provide a bus back to the EOK (in case you do not participate in the ship&#8217;s lunch)<\/span><\/em><\/span><\/p>\n<p>&nbsp;<\/p>\n<h6><span style=\"font-size: 14pt\"><strong>Danube lunch cruise on <a href=\"https:\/\/riverdiva.hu\/en\/\">River D\u00edva<\/a>\u00a0<\/strong><\/span><\/h6>\n<h6><span style=\"font-size: 14pt\"><strong>Cruise ship departure spot is<\/strong> : <em>1117 Budapest, Henryk Slawik rakpart, Infopark Port 1<\/em> (next to A38) &#8211; <a href=\"https:\/\/www.google.com\/maps\/place\/Kik%C3%B6t%C5%91\/@47.4727404,19.0623985,18z\/data=!4m19!1m12!4m11!1m3!2m2!1d19.0644013!2d47.4727403!1m6!1m2!1s0x4741ddb0b5e49f6b:0x9a145e2c7f82d7aa!2zQnVkYXBlc3QsIE1hZ3lhciBUdWTDs3NvayBLw7Zyw7p0amEsIDExMTc!2m2!1d19.0646268!2d47.4717766!3m5!1s0x4741ddb0b5e49f6b:0x9a145e2c7f82d7aa!8m2!3d47.4717766!4d19.0646268!16s%2Fg%2F11h116m736?entry=ttu&amp;g_ep=EgoyMDI1MDUxMy4xIKXMDSoASAFQAw%3D%3D\">location here<\/a><\/span><\/h6>\n<ul>\n<li>\n<h6><em><span style=\"font-size: 14pt\">Danube lunch cruise<\/span><\/em><em> dress code: Semi formal<\/em><\/h6>\n<\/li>\n<\/ul>\n<h6><img loading=\"lazy\" decoding=\"async\" class=\"wp-image-26393 size-medium alignleft\" src=\"https:\/\/semmelweis.hu\/alumni\/files\/2025\/05\/Kepernyofelvetel-19-masolata-400x201.png\" alt=\"\" width=\"400\" height=\"201\" \/><\/h6>\n<h6><span style=\"font-size: 14pt\"><strong><img loading=\"lazy\" decoding=\"async\" class=\"wp-image-26397  alignleft\" src=\"https:\/\/semmelweis.hu\/alumni\/files\/2025\/05\/RS173709_KA__6406-scr-1-400x267.jpg\" alt=\"\" width=\"310\" height=\"207\" srcset=\"https:\/\/semmelweis.hu\/alumni\/files\/2025\/05\/RS173709_KA__6406-scr-1-400x267.jpg 400w, https:\/\/semmelweis.hu\/alumni\/files\/2025\/05\/RS173709_KA__6406-scr-1-1024x683.jpg 1024w, https:\/\/semmelweis.hu\/alumni\/files\/2025\/05\/RS173709_KA__6406-scr-1-768x512.jpg 768w, https:\/\/semmelweis.hu\/alumni\/files\/2025\/05\/RS173709_KA__6406-scr-1-753x502.jpg 753w, https:\/\/semmelweis.hu\/alumni\/files\/2025\/05\/RS173709_KA__6406-scr-1-203x135.jpg 203w, https:\/\/semmelweis.hu\/alumni\/files\/2025\/05\/RS173709_KA__6406-scr-1.jpg 1200w\" sizes=\"auto, (max-width: 310px) 100vw, 310px\" \/><\/strong><\/span><\/h6>\n<h6>\u00a0<\/h6>\n<h6>\u00a0<\/h6>\n<h6>\u00a0<\/h6>\n<h6>\u00a0<\/h6>\n<h6>\u00a0<\/h6>\n<h6><span style=\"font-size: 14pt\"><strong>12:00-1:00pm<\/strong>\u00a0 \u00a0 \u00a0 \u00a0 \u00a0 <strong>Welcome and registration<\/strong> &#8211; <em><span style=\"text-decoration: underline\">Please arrive on time, as the boat will depart from the port at 1:00 PM. There will be no possibility to wait longer. Thank you for your cooperation!<\/span><\/em><\/span><\/h6>\n<h6><strong>1.00pm\u00a0 \u00a0 \u00a0 \u00a0 \u00a0 \u00a0 \u00a0 \u00a0 \u00a0<\/strong>The boat departs from the port, Danube lunch cruise begins. <span style=\"font-size: 14pt\"><em>It is scheduled to dock again at 3:00 PM. \u00a0<\/em><\/span><\/h6>\n<h6><span style=\"font-size: 14pt\"><strong>1:00-3:00pm\u00a0<\/strong> \u00a0 \u00a0 \u00a0 \u00a0 \u00a0Lunch combined with a sightseeing boat cruise<\/span><\/h6>\n<h6><strong>3:00pm\u00a0 \u00a0 \u00a0 \u00a0 \u00a0 \u00a0 \u00a0 \u00a0 <\/strong>Event closure <span style=\"font-size: 14pt\"><span style=\"font-size: 12pt\">&#8211; <\/span><\/span><span style=\"font-size: 12pt\">bus transportation will be available to EOK (l<\/span><span style=\"font-size: 14pt\"><span style=\"font-size: 12pt\"><em>ocation: 1094 Budapest, T\u0171zolt\u00f3 street 37-47.)<\/em><\/span><\/span><\/h6>\n<p>&nbsp;<\/p>\n<h6 style=\"text-align: left\"><span style=\"font-size: 14pt\"><strong>Participation cost:<\/strong><\/span><\/h6>\n<h6 style=\"text-align: left\"><span style=\"font-size: 14pt\">The event is <strong>free for the alumni<\/strong> of Semmelweis University.<em><br \/>\n<\/em>If you are arriving with guests, they need to buy tickets. <\/span><span style=\"font-size: 14pt\"><strong><em>A ticket for the alumni&#8217;s guest costs 100 euro \/ person.<\/em><\/strong><\/span><\/h6>\n<h6 style=\"text-align: center\"><a class=\"button\" href=\"https:\/\/www.tickettailor.com\/checkout\/view-event\/id\/4892139\/chk\/557c\/?modal_widget=true&amp;widget=true\" target=\"_blank\" rel=\"noopener\">BUY GUEST TICKET<\/a><\/h6>\n<p>&nbsp;<\/p>\n<blockquote>\n<h6 style=\"text-align: justify\"><em>&#8222;The outstanding professional achievements of Semmelweis University graduates and the alumni community are acknowledged worldwide. Our former students are key ambassadors for the university, who their alma mater is proud of and who are always welcome to return, which feels like a homecoming&#8221;<\/em> &#8211; <strong>Dr. Tam\u00e1s Heged\u00fcs, Head of the Alumni Directorate.<\/strong><\/h6>\n<\/blockquote>\n<h6 style=\"text-align: center\">Dr. Tam\u00e1s Heged\u00fcs alumni director shared exciting details about the meeting.<\/h6>\n<h6 style=\"text-align: center\">You can read the interview with him on the university&#8217;s website: <a class=\"button\" href=\"https:\/\/semmelweis.hu\/english\/2025\/01\/once-again-semmelweis-hosts-an-international-alumni-reunion\/\" target=\"_blank\" rel=\"noopener\">READ THE INTERVIEW HERE<\/a><\/h6>\n<p>&nbsp;<\/p>\n<div class=\"keretes\">\n<h6><span style=\"font-size: 14pt\"><span style=\"color: #ff0000\"><strong>HAVE A BIG HEART!<\/strong><\/span> \u2013 Support the purchase of a new MRI for the Pediatric Department. Various levels of support tickets are available, contributing to the Semmelweis University Foundation.\u00a0<\/span><\/p>\n<p><span style=\"font-size: 14pt\">Semmelweis University is dedicated to help maintain children\u2019s health and to continuously develop patient care quality. Our current goal is to acquire a modern MRI machine designed exclusively for pediatric patients. This innovative equipment will enable faster, more accurate diagnoses and provide a more comfortable examination experience for our youngest patients, helping to shorten their path to recovery.\u00a0<\/span><\/p>\n<p><span style=\"font-size: 14pt\"><b>Help us make cutting-edge medical technology accessible to more children! Together, we can create a better and safer future!<\/b>\u00a0<\/span><\/h6>\n<ul>\n<li data-leveltext=\"\uf0a7\" data-font=\"Wingdings\" data-listid=\"7\" data-list-defn-props=\"{&quot;335552541&quot;:1,&quot;335559685&quot;:1080,&quot;335559991&quot;:360,&quot;469769226&quot;:&quot;Wingdings&quot;,&quot;469769242&quot;:[9642],&quot;469777803&quot;:&quot;left&quot;,&quot;469777804&quot;:&quot;\uf0a7&quot;,&quot;469777815&quot;:&quot;hybridMultilevel&quot;}\" data-aria-posinset=\"1\" data-aria-level=\"1\">\n<h6><span style=\"font-size: 14pt\">Bronze Level Support: 100 EUR \/ per person\u00a0<\/span><\/h6>\n<\/li>\n<\/ul>\n<ul>\n<li data-leveltext=\"\uf0a7\" data-font=\"Wingdings\" data-listid=\"7\" data-list-defn-props=\"{&quot;335552541&quot;:1,&quot;335559685&quot;:1080,&quot;335559991&quot;:360,&quot;469769226&quot;:&quot;Wingdings&quot;,&quot;469769242&quot;:[9642],&quot;469777803&quot;:&quot;left&quot;,&quot;469777804&quot;:&quot;\uf0a7&quot;,&quot;469777815&quot;:&quot;hybridMultilevel&quot;}\" data-aria-posinset=\"2\" data-aria-level=\"1\">\n<h6><span style=\"font-size: 14pt\">Silver Level Support: 200 EUR \/ per person\u00a0<\/span><\/h6>\n<\/li>\n<li data-leveltext=\"\uf0a7\" data-font=\"Wingdings\" data-listid=\"7\" data-list-defn-props=\"{&quot;335552541&quot;:1,&quot;335559685&quot;:1080,&quot;335559991&quot;:360,&quot;469769226&quot;:&quot;Wingdings&quot;,&quot;469769242&quot;:[9642],&quot;469777803&quot;:&quot;left&quot;,&quot;469777804&quot;:&quot;\uf0a7&quot;,&quot;469777815&quot;:&quot;hybridMultilevel&quot;}\" data-aria-posinset=\"3\" data-aria-level=\"1\">\n<h6><span style=\"font-size: 14pt\" data-contrast=\"auto\">Gold Level Support: 300 EUR \/ per person<\/span><\/h6>\n<\/li>\n<\/ul>\n<h6 style=\"text-align: center\"><a class=\"button\" href=\"https:\/\/www.tickettailor.com\/checkout\/view-event\/id\/4892139\/chk\/557c\/?modal_widget=true&amp;widget=true\" target=\"_blank\" rel=\"noopener\">DONATE<\/a><\/h6>\n<\/div>\n<h5><b data-olk-copy-source=\"MessageBody\">Accommodation<\/b><\/h5>\n<h6>During the International Alumni Meeting, some hotels in Budapest provide participants with discounted accommodation.<\/h6>\n<h6 style=\"text-align: center\"><a class=\"button\" href=\"https:\/\/semmelweis.hu\/alumni\/en\/international-alumni-meeting-2025\/accommodation\/\" target=\"_blank\" rel=\"noopener\">For more details click here<\/a><\/h6>\n<p>&nbsp;<\/p>\n<p>&nbsp;<\/p>\n<div class=\"fontos_div\">\n<h6 style=\"text-align: center\"><span style=\"font-size: 14pt\">For more details follow our event on <\/span><a class=\"button\" href=\"https:\/\/www.facebook.com\/events\/563095159792217\" target=\"_blank\" rel=\"noopener\">FACEBOOK<\/a><\/h6>\n<\/div>\n<h6>\u00a0<\/h6>\n<h6><span style=\"font-size: 14pt\">Once again, the <strong>registration<\/strong> for the event can be accessed through this link: <\/span><span style=\"font-size: 14pt\"><a href=\"https:\/\/forms.office.com\/e\/NJJzWqYqdw?origin=lprLink\"><strong>https:\/\/forms.office.com\/e\/NJJzWqYqdw?origin=lprLink<\/strong><\/a><\/span><\/h6>\n<div class=\"fontos_div\">\n<h6><span style=\"font-size: 14pt\">For further information please contact us at <a href=\"mailto:alumni@semmelweis.hu\"><strong>alumni@semmelweis.hu<\/strong><\/a>!<\/span><\/h6>\n<\/div>\n<blockquote>\n<h6><span style=\"font-size: 14pt\"><strong>Help spread the word!<\/strong> We hope to have as many Semmelweis alumni members attend as possible, so please feel free to share this with your Semmelweis friends!<\/span><\/h6>\n<\/blockquote>\n<h6>\u00a0<\/h6>\n<h6><strong>We look forward to seeing you at the reunion!<\/strong><\/h6>\n<h6>Best regards,<br \/>\n<strong>Semmelweis Alumni Directorate<\/strong><\/h6>\n<h6>\u00a0<\/h6>\n<h6>\u00a0<\/h6>\n<p>________________________________________________________________________<\/p>\n<h6><em>We reserve the right to change the program.<\/em><\/h6>\n<h6><em><u>The event is not open to the press!<\/u><\/em><\/h6>\n<h6><em>Photographs may be taken at the event, in which visitors to the event may be recognizable. The event organizer intends to use the photographs to promote the event and the university!<\/em><\/h6>\n","protected":false},"excerpt":{"rendered":"<p>INTERNATIONAL ALUMNI MEETING 2025\u00a0 Date and time: 17-18 May, 2025\u00a0 Venue: Semmelweis University Opening ceremony, Roundtable discussion: Rector&#8217;s building 1085 Budapest, \u00dcll\u0151i street 26. Gala Dinner and afterparty: Basic Medical Science Center (EOK) 1094 Budapest, T\u0171zolt\u00f3 street 37-47. The event is free for the alumni of Semmelweis University. \u00a0 <a class=\"button\" href=\"https:\/\/forms.office.com\/e\/NJJzWqYqdw?origin=lprLink\" target=\"_blank\" rel=\"noopener\">REGISTRATION<\/a> Please note that if you register &hellip;<\/p>\n","protected":false},"author":101947,"featured_media":21498,"parent":0,"menu_order":0,"comment_status":"closed","ping_status":"closed","template":"template-fullwidth.php","meta":{"_acf_changed":false,"footnotes":""},"categories":[187,275,58],"tags":[],"class_list":["post-21200","page","type-page","status-publish","has-post-thumbnail","hentry","category-events","category-internationalmeetings-en","category-news"],"acf":[],"publishpress_future_action":{"enabled":false,"date":"1970-01-01 01:00:00","action":"","terms":[],"taxonomy":"","browser_timezone_offset":0},"_links":{"self":[{"href":"https:\/\/semmelweis.hu\/alumni\/wp-json\/wp\/v2\/pages\/21200","targetHints":{"allow":["GET"]}}],"collection":[{"href":"https:\/\/semmelweis.hu\/alumni\/wp-json\/wp\/v2\/pages"}],"about":[{"href":"https:\/\/semmelweis.hu\/alumni\/wp-json\/wp\/v2\/types\/page"}],"author":[{"embeddable":true,"href":"https:\/\/semmelweis.hu\/alumni\/wp-json\/wp\/v2\/users\/101947"}],"replies":[{"embeddable":true,"href":"https:\/\/semmelweis.hu\/alumni\/wp-json\/wp\/v2\/comments?post=21200"}],"version-history":[{"count":12,"href":"https:\/\/semmelweis.hu\/alumni\/wp-json\/wp\/v2\/pages\/21200\/revisions"}],"predecessor-version":[{"id":26733,"href":"https:\/\/semmelweis.hu\/alumni\/wp-json\/wp\/v2\/pages\/21200\/revisions\/26733"}],"wp:featuredmedia":[{"embeddable":true,"href":"https:\/\/semmelweis.hu\/alumni\/wp-json\/wp\/v2\/media\/21498"}],"wp:attachment":[{"href":"https:\/\/semmelweis.hu\/alumni\/wp-json\/wp\/v2\/media?parent=21200"}],"wp:term":[{"taxonomy":"category","embeddable":true,"href":"https:\/\/semmelweis.hu\/alumni\/wp-json\/wp\/v2\/categories?post=21200"},{"taxonomy":"post_tag","embeddable":true,"href":"https:\/\/semmelweis.hu\/alumni\/wp-json\/wp\/v2\/tags?post=21200"}],"curies":[{"name":"wp","href":"https:\/\/api.w.org\/{rel}","templated":true}]}}