{"id":17482,"date":"2026-01-20T10:22:11","date_gmt":"2026-01-20T09:22:11","guid":{"rendered":"https:\/\/semmelweis.hu\/alumni\/?page_id=17482"},"modified":"2026-03-25T19:28:26","modified_gmt":"2026-03-25T18:28:26","slug":"szemelyisegtipologia-alapjai","status":"publish","type":"page","link":"https:\/\/semmelweis.hu\/alumni\/szolgaltatasok\/kepzeseink\/szemelyes-kepzeseink\/szemelyisegtipologia-alapjai\/","title":{"rendered":"Szem\u00e9lyis\u00e9gtipol\u00f3gia alapjai 2026. \u00e1prilis 27., h\u00e9tf\u0151"},"content":{"rendered":"<h1 style=\"text-align: justify\"><img decoding=\"async\" class=\"alignleft\" src=\"https:\/\/semmelweis.hu\/alumni\/files\/2024\/08\/Szemelyisegtip.jpeg\" alt=\"\" \/>szem\u00e9lyis\u00e9gtipol\u00f3gia alapjai (DISC Modell \u2013 \u00datmutat\u00f3 a Sikeres<br \/>\nKapcsolatokhoz a Mad\u00e1rvil\u00e1g T\u00fckr\u00e9ben)<\/h1>\n<p>K\u00e9pzelje el, hogy egy k\u00fcl\u00f6nleges mad\u00e1rvil\u00e1gban j\u00e1r\u2026<br \/>\n\u00d6n vajon melyik mad\u00e1r lenne? Egy sas, aki magabiztosan \u00e9s hat\u00e1rozottan k\u00e9pviseli a szakmai \u00e1ll\u00e1spontj\u00e1t? Esetleg egy papag\u00e1j, aki mindig nyitott, besz\u00e9des \u00e9s kapcsolat\u00e9p\u00edt\u0151? Net\u00e1n egy galamb, aki harm\u00f3ni\u00e1t teremt a csapatban \u00e9s a p\u00e1ciensekkel? Vagy egy bagoly, aki \u00e1tgondoltan, prec\u00edzen \u00e9s alaposan hoz d\u00f6nt\u00e9seket? Az eg\u00e9szs\u00e9g\u00fcgy k\u00fcl\u00f6nleges terep a kommunik\u00e1ci\u00f3 sz\u00e1m\u00e1ra. Itt minden egyes kapcsolat sz\u00e1m\u00edt a p\u00e1ciens bizalm\u00e1t\u00f3l kezdve a csapaton bel\u00fcli egy\u00fcttm\u0171k\u00f6d\u00e9sig. A DISC modell seg\u00edt abban, hogy jobban meg\u00e9rts\u00fck: <br \/>\n\u2022 hogyan gondolkodnak \u00e9s reag\u00e1lnak k\u00fcl\u00f6nb\u00f6z\u0151 viselked\u00e9s-t\u00edpus\u00fa emberek, <br \/>\n\u2022 hogyan tudunk hat\u00e9konyabban kapcsolatot \u00e9p\u00edteni \u2013 ak\u00e1r stresszes, \u00e9rzelmileg terhelt helyzetekben is, <br \/>\n\u2022 \u00e9s hogyan alkalmazkodhatunk \u00fagy, hogy k\u00f6zben hitelesek \u00e9s magabiztosak maradunk.<br \/>\nA madarak vil\u00e1ga k\u00f6nnyen \u00e9rthet\u0151 metafora \u2013 a felismer\u00e9sek pedig azonnal alkalmazhat\u00f3k a rendel\u0151ben, a gy\u00f3gyszert\u00e1rban, a p\u00e1ciensekkel t\u00f6rt\u00e9n\u0151 kommunik\u00e1ci\u00f3ban, vagy a vezet\u0151i <br \/>\nirod\u00e1ban.<\/p>\n<p>&nbsp;<\/p>\n<h3>A tr\u00e9ning jellemz\u0151i:<\/h3>\n<ul>\n<li><span style=\"color: #000000\">A tanfolyamot offline tartjuk.\u00a0<\/span><\/li>\n<li><span style=\"color: #000000\">A tr\u00e9ning 17:00-t\u00f3l 20:00-ig tart. A tr\u00e9ning tematik\u00e1ja egy \u00edvet k\u00f6vet, ez\u00e9rt annak \u00e9rdemes jelentkezni, aki a teljes id\u0151tartamban jelen tud lenni.<\/span><\/li>\n<li><span style=\"color: #000000\">A tr\u00e9ning maxim\u00e1lis l\u00e9tsz\u00e1ma az interakt\u00edv forma miatt 20 f\u0151<\/span><\/li>\n<li><span style=\"color: #000000\">A r\u00e9szv\u00e9tel a Semmelweis Egyetem b\u00e1rmely v\u00e9gzett hallgat\u00f3ja sz\u00e1m\u00e1ra ingyenes, de regisztr\u00e1ci\u00f3hoz k\u00f6t\u00f6tt.<\/span><\/li>\n<li><span style=\"color: #000000\">Tr\u00e9ner: Dr. Gyarmathy Mikl\u00f3s<\/span><\/li>\n<li><span style=\"color: #000000\"><strong>A soron k\u00f6vetkez\u0151 k\u00e9pz\u00e9s id\u0151pontja: 2026. \u00e1prilis 27., h\u00e9tf\u0151 17:00-20:00.<\/strong><\/span><\/li>\n<li><span style=\"color: #000000\">A tanfolyam helysz\u00edne: 1085 Budapest, \u00dcll\u0151i \u00fat 26. K\u00f6zponti Igazgat\u00e1si \u00c9p\u00fclet fsz. 6. terem\u00a0<\/span><\/li>\n<li style=\"text-align: justify\"><span style=\"color: #000000\">Fontos! A k\u00e9pz\u00e9sen az els\u0151 20 jelentkez\u0151 tud majd r\u00e9szt venni, a tov\u00e1bbiakban v\u00e1r\u00f3list\u00e1ra ker\u00fclnek a jelentkez\u0151k, k\u00e9rj\u00fck, hogy a jelentkez\u00e9st kezelj\u00e9k felel\u0151ss\u00e9ggel! Amennyiben a jelentkez\u0151 a k\u00e9pz\u00e9st nem mondja le \u00e9s nem jelenik meg a k\u00e9pz\u00e9sen, akkor ebben a f\u00e9l\u00e9vben az Alumni \u00e1ltal szervezett k\u00e9pz\u00e9seken m\u00e1r nem vehet r\u00e9szt.\u00a0<\/span><\/li>\n<\/ul>\n<p style=\"text-align: center\"><a class=\"button\" href=\"https:\/\/outlook.office.com\/book\/Kpzsek@unisemmelweis.onmicrosoft.com\/s\/AnxJuf4dSU62X2rwg8QQUg2?ismsaljsauthenabled\" target=\"_blank\" rel=\"noopener\">JELENTKEZ\u00c9S<\/a><\/p>\n","protected":false},"excerpt":{"rendered":"<p>szem\u00e9lyis\u00e9gtipol\u00f3gia alapjai (DISC Modell \u2013 \u00datmutat\u00f3 a Sikeres Kapcsolatokhoz a Mad\u00e1rvil\u00e1g T\u00fckr\u00e9ben) K\u00e9pzelje el, hogy egy k\u00fcl\u00f6nleges mad\u00e1rvil\u00e1gban j\u00e1r\u2026 \u00d6n vajon melyik mad\u00e1r lenne? Egy sas, aki magabiztosan \u00e9s hat\u00e1rozottan k\u00e9pviseli a szakmai \u00e1ll\u00e1spontj\u00e1t? Esetleg egy papag\u00e1j, aki mindig nyitott, besz\u00e9des \u00e9s kapcsolat\u00e9p\u00edt\u0151? Net\u00e1n egy galamb, aki harm\u00f3ni\u00e1t teremt a csapatban \u00e9s a p\u00e1ciensekkel? Vagy &hellip;<\/p>\n","protected":false},"author":101627,"featured_media":27815,"parent":4874,"menu_order":0,"comment_status":"closed","ping_status":"closed","template":"template-fullwidth.php","meta":{"_acf_changed":false,"footnotes":""},"categories":[336],"tags":[],"class_list":["post-17482","page","type-page","status-publish","has-post-thumbnail","hentry","category-aktualiskepzesek"],"acf":[],"publishpress_future_action":{"enabled":false,"date":"1970-01-01 01:00:00","action":"","terms":[],"taxonomy":"","browser_timezone_offset":0},"_links":{"self":[{"href":"https:\/\/semmelweis.hu\/alumni\/wp-json\/wp\/v2\/pages\/17482","targetHints":{"allow":["GET"]}}],"collection":[{"href":"https:\/\/semmelweis.hu\/alumni\/wp-json\/wp\/v2\/pages"}],"about":[{"href":"https:\/\/semmelweis.hu\/alumni\/wp-json\/wp\/v2\/types\/page"}],"author":[{"embeddable":true,"href":"https:\/\/semmelweis.hu\/alumni\/wp-json\/wp\/v2\/users\/101627"}],"replies":[{"embeddable":true,"href":"https:\/\/semmelweis.hu\/alumni\/wp-json\/wp\/v2\/comments?post=17482"}],"version-history":[{"count":11,"href":"https:\/\/semmelweis.hu\/alumni\/wp-json\/wp\/v2\/pages\/17482\/revisions"}],"predecessor-version":[{"id":41119,"href":"https:\/\/semmelweis.hu\/alumni\/wp-json\/wp\/v2\/pages\/17482\/revisions\/41119"}],"up":[{"embeddable":true,"href":"https:\/\/semmelweis.hu\/alumni\/wp-json\/wp\/v2\/pages\/4874"}],"wp:featuredmedia":[{"embeddable":true,"href":"https:\/\/semmelweis.hu\/alumni\/wp-json\/wp\/v2\/media\/27815"}],"wp:attachment":[{"href":"https:\/\/semmelweis.hu\/alumni\/wp-json\/wp\/v2\/media?parent=17482"}],"wp:term":[{"taxonomy":"category","embeddable":true,"href":"https:\/\/semmelweis.hu\/alumni\/wp-json\/wp\/v2\/categories?post=17482"},{"taxonomy":"post_tag","embeddable":true,"href":"https:\/\/semmelweis.hu\/alumni\/wp-json\/wp\/v2\/tags?post=17482"}],"curies":[{"name":"wp","href":"https:\/\/api.w.org\/{rel}","templated":true}]}}