{"id":17231,"date":"2024-08-29T10:29:04","date_gmt":"2024-08-29T08:29:04","guid":{"rendered":"https:\/\/semmelweis.hu\/alumni\/?page_id=17231"},"modified":"2026-01-26T10:11:12","modified_gmt":"2026-01-26T09:11:12","slug":"imposztorszindroma-motivacio-es-inspiracio-a-munkaban-2024-12-03","status":"publish","type":"page","link":"https:\/\/semmelweis.hu\/alumni\/szolgaltatasok\/kepzeseink\/szemelyes-kepzeseink\/imposztorszindroma-motivacio-es-inspiracio-a-munkaban-2024-12-03\/","title":{"rendered":"Imposztor szindr\u00f3ma, motiv\u00e1ci\u00f3 \u00e9s inspir\u00e1ci\u00f3 a munk\u00e1ban (online) 2026. febru\u00e1r 3., kedd"},"content":{"rendered":"<h3 style=\"text-align: justify\"><img loading=\"lazy\" decoding=\"async\" class=\"alignright\" src=\"https:\/\/semmelweis.hu\/alumni\/files\/2024\/08\/Imposztor.jpg\" alt=\"\" width=\"364\" height=\"241\" \/><span style=\"font-size: 24pt\"><strong>Imposztor szindr\u00f3ma, motiv\u00e1ci\u00f3 \u00e9s inspir\u00e1ci\u00f3 a munk\u00e1ban, avagy az \u00f6nbecs\u00fcl\u00e9s \u00e9s \u00f6nbizalom hat\u00e1rai <\/strong><\/span><\/h3>\n<p style=\"text-align: justify\">A workshop c\u00e9lja, hogy sz\u00e9lesre t\u00e1rja az \u00f6nismeret ajt\u00f3it \u00e9s betekint\u00e9st adjon abba, hogy milyen fontos az \u00f6nbecs\u00fcl\u00e9s, az \u00f6nbizalom, ak\u00e1r munk\u00e1r\u00f3l, ak\u00e1r a h\u00e9tk\u00f6znapi boldogul\u00e1sunkr\u00f3l van sz\u00f3. Sokszor karrierutunk sikeress\u00e9ge nem azon m\u00falik, hogy milyen eredm\u00e9nyesek vagyunk, milyen v\u00e9gzetts\u00e9ggel rendelkez\u00fcnk. Ezek felett \u00e1ll mindaz, ami a magunkr\u00f3l kialak\u00edtott bels\u0151 \u00e9s k\u00fcls\u0151 k\u00e9phez k\u00f6t\u0151dik, ahhoz, hogy mennyire vagyunk k\u00e9pesek felismerni \u00e9s t\u00e1mogatni saj\u00e1t emberi \u00e9rt\u00e9keinket, adotts\u00e1gainkat, kompetenci\u00e1inkat, avagy mennyire jellemz\u0151 r\u00e1nk, hogy ink\u00e1bb h\u00e1tr\u00e1ltatjuk a halad\u00e1sunkat saj\u00e1t \u00f6nszabot\u00e1zsunk vagy alacsony \u00f6n\u00e9rt\u00e9kel\u00e9s\u00fcnk miatt. Az interakt\u00edv alkalom seg\u00edts\u00e9get ny\u00fajt a hib\u00e1s bels\u0151 m\u0171k\u00f6d\u00e9seinkre \u00e9s r\u00e1vezet az \u00faj, minket t\u00e1mogat\u00f3 szok\u00e1sok felv\u00e9tel\u00e9re, mik\u00f6zben l\u00e1tv\u00e1nyosan emeli motiv\u00e1ci\u00f3nkat \u00e9s inspirat\u00edv k\u00e9pess\u00e9geinket.<\/p>\n<p>&nbsp;<\/p>\n<h3>A tr\u00e9ning jellemz\u0151i:<\/h3>\n<ul>\n<li><strong><span style=\"color: #000000\">A tanfolyam online ker\u00fcl megszervez\u00e9sre.<\/span><\/strong><\/li>\n<li><span style=\"color: #000000\">A tr\u00e9ning 17:00-t\u00f3l 20:00-ig tart. A tr\u00e9ning tematik\u00e1ja egy \u00edvet k\u00f6vet, ez\u00e9rt annak \u00e9rdemes jelentkezni, aki a teljes id\u0151tartamban jelen tud lenni.<\/span><\/li>\n<li><span style=\"color: #000000\">A tr\u00e9ning maxim\u00e1lis l\u00e9tsz\u00e1ma az interakt\u00edv forma miatt 20 f\u0151<\/span><\/li>\n<li><span style=\"color: #000000\">A r\u00e9szv\u00e9tel a Semmelweis Egyetem b\u00e1rmely v\u00e9gzett hallgat\u00f3ja sz\u00e1m\u00e1ra ingyenes, de regisztr\u00e1ci\u00f3hoz k\u00f6t\u00f6tt.<\/span><\/li>\n<li><span style=\"color: #000000\">Tr\u00e9ner: Ant\u00f3ny Korn\u00e9lia<\/span><\/li>\n<li><span style=\"color: #000000\"><strong>A soron k\u00f6vetkez\u0151 k\u00e9pz\u00e9s id\u0151pontja: 2026. febru\u00e1r 3., kedd 17:00-20:00<\/strong><\/span><\/li>\n<li style=\"text-align: justify\"><span style=\"color: #000000\">Fontos! A k\u00e9pz\u00e9sen az els\u0151 20 jelentkez\u0151 tud majd r\u00e9szt venni, a tov\u00e1bbiakban v\u00e1r\u00f3list\u00e1ra ker\u00fclnek a jelentkez\u0151k, k\u00e9rj\u00fck, hogy a jelentkez\u00e9st kezelj\u00e9k felel\u0151ss\u00e9ggel! Amennyiben a jelentkez\u0151 a k\u00e9pz\u00e9st nem mondja le \u00e9s nem jelenik meg a k\u00e9pz\u00e9sen, akkor ebben a f\u00e9l\u00e9vben az Alumni \u00e1ltal szervezett k\u00e9pz\u00e9seken m\u00e1r nem vehet r\u00e9szt.<\/span><\/li>\n<\/ul>\n<p style=\"text-align: center\"><a href=\"https:\/\/outlook.office.com\/book\/Kpzsek@unisemmelweis.onmicrosoft.com\/s\/zFMVOUp13E65qd6p9xOahg2?ismsaljsauthenabled\"><strong>JELENTKEZ\u00c9S<\/strong><\/a><\/p>\n","protected":false},"excerpt":{"rendered":"<p>Imposztor szindr\u00f3ma, motiv\u00e1ci\u00f3 \u00e9s inspir\u00e1ci\u00f3 a munk\u00e1ban, avagy az \u00f6nbecs\u00fcl\u00e9s \u00e9s \u00f6nbizalom hat\u00e1rai A workshop c\u00e9lja, hogy sz\u00e9lesre t\u00e1rja az \u00f6nismeret ajt\u00f3it \u00e9s betekint\u00e9st adjon abba, hogy milyen fontos az \u00f6nbecs\u00fcl\u00e9s, az \u00f6nbizalom, ak\u00e1r munk\u00e1r\u00f3l, ak\u00e1r a h\u00e9tk\u00f6znapi boldogul\u00e1sunkr\u00f3l van sz\u00f3. Sokszor karrierutunk sikeress\u00e9ge nem azon m\u00falik, hogy milyen eredm\u00e9nyesek vagyunk, milyen v\u00e9gzetts\u00e9ggel rendelkez\u00fcnk. Ezek &hellip;<\/p>\n","protected":false},"author":101627,"featured_media":27809,"parent":4874,"menu_order":0,"comment_status":"closed","ping_status":"closed","template":"","meta":{"_acf_changed":false,"footnotes":""},"categories":[336],"tags":[],"class_list":["post-17231","page","type-page","status-publish","has-post-thumbnail","hentry","category-aktualiskepzesek"],"acf":[],"publishpress_future_action":{"enabled":false,"date":"1970-01-01 01:00:00","action":"","terms":[],"taxonomy":"","browser_timezone_offset":0},"_links":{"self":[{"href":"https:\/\/semmelweis.hu\/alumni\/wp-json\/wp\/v2\/pages\/17231","targetHints":{"allow":["GET"]}}],"collection":[{"href":"https:\/\/semmelweis.hu\/alumni\/wp-json\/wp\/v2\/pages"}],"about":[{"href":"https:\/\/semmelweis.hu\/alumni\/wp-json\/wp\/v2\/types\/page"}],"author":[{"embeddable":true,"href":"https:\/\/semmelweis.hu\/alumni\/wp-json\/wp\/v2\/users\/101627"}],"replies":[{"embeddable":true,"href":"https:\/\/semmelweis.hu\/alumni\/wp-json\/wp\/v2\/comments?post=17231"}],"version-history":[{"count":11,"href":"https:\/\/semmelweis.hu\/alumni\/wp-json\/wp\/v2\/pages\/17231\/revisions"}],"predecessor-version":[{"id":39529,"href":"https:\/\/semmelweis.hu\/alumni\/wp-json\/wp\/v2\/pages\/17231\/revisions\/39529"}],"up":[{"embeddable":true,"href":"https:\/\/semmelweis.hu\/alumni\/wp-json\/wp\/v2\/pages\/4874"}],"wp:featuredmedia":[{"embeddable":true,"href":"https:\/\/semmelweis.hu\/alumni\/wp-json\/wp\/v2\/media\/27809"}],"wp:attachment":[{"href":"https:\/\/semmelweis.hu\/alumni\/wp-json\/wp\/v2\/media?parent=17231"}],"wp:term":[{"taxonomy":"category","embeddable":true,"href":"https:\/\/semmelweis.hu\/alumni\/wp-json\/wp\/v2\/categories?post=17231"},{"taxonomy":"post_tag","embeddable":true,"href":"https:\/\/semmelweis.hu\/alumni\/wp-json\/wp\/v2\/tags?post=17231"}],"curies":[{"name":"wp","href":"https:\/\/api.w.org\/{rel}","templated":true}]}}