{"id":16933,"date":"2024-07-23T15:27:43","date_gmt":"2024-07-23T13:27:43","guid":{"rendered":"https:\/\/semmelweis.hu\/alumni\/?page_id=16933"},"modified":"2024-07-23T16:24:52","modified_gmt":"2024-07-23T14:24:52","slug":"nobel-dijasainkra","status":"publish","type":"page","link":"https:\/\/semmelweis.hu\/alumni\/alumni-halozat\/akikre-buszkek-vagyunk\/nobel-dijasainkra\/","title":{"rendered":"Nobel-d\u00edjasainkra"},"content":{"rendered":"<div class=\"flex flex-grow flex-col max-w-full\">\n<div class=\"min-h-[20px] text-message flex w-full flex-col items-end gap-2 whitespace-pre-wrap break-words [.text-message+&amp;]:mt-5 overflow-x-auto\" dir=\"auto\" data-message-author-role=\"assistant\" data-message-id=\"40d9ec5d-3147-4c78-9c17-b84c6b071d20\">\n<div class=\"flex w-full flex-col gap-1 empty:hidden first:pt-[3px]\">\n<div class=\"markdown prose w-full break-words dark:prose-invert light\">\n<h5 style=\"text-align: center\">B\u00fcszk\u00e9k vagyunk Nobel-d\u00edjasainkra, mert kimagasl\u00f3 teljes\u00edtm\u00e9ny\u00fckkel \u00e9s tudom\u00e1nyos eredm\u00e9nyeikkel vil\u00e1gszerte elismer\u00e9st szereztek haz\u00e1nknak. Az \u0151 munk\u00e1ss\u00e1guk nemcsak a tudom\u00e1ny ter\u00fclet\u00e9n jelent \u00e1tt\u00f6r\u00e9st, hanem inspir\u00e1ci\u00f3t is ny\u00fajt a j\u00f6v\u0151 gener\u00e1ci\u00f3inak. Nobel-d\u00edjasaink p\u00e9ld\u00e1t mutatnak arr\u00f3l, hogy a kitart\u00e1s, a kreativit\u00e1s \u00e9s a kiv\u00e1l\u00f3s\u00e1g hogyan vezethet glob\u00e1lis elismer\u00e9shez, \u00e9s b\u00fcszkes\u00e9ggel t\u00f6lt el benn\u00fcnket, hogy ilyen kiv\u00e1l\u00f3 elm\u00e9k gazdag\u00edtj\u00e1k nemzet\u00fcnk, valamint a Semmelweis Egyetem t\u00f6rt\u00e9nelm\u00e9t.<\/h5>\n<\/div>\n<\/div>\n<\/div>\n<\/div>\n<p style=\"text-align: center\">A Semmelweis Egyetem jogel\u0151dj\u00e9n tanult, tan\u00edtott, vagy munk\u00e1ss\u00e1ga sor\u00e1n az egyetemmel szoros kapcsolatot tart\u00f3 Nobel-d\u00edjasok a XX. sz\u00e1zadban<\/p>\n<script type=\"text\/javascript\" src=\"https:\/\/semmelweis.hu\/alumni\/wp-content\/themes\/se18\/dist\/scripts\/carousel.js\"><\/script>    <section class=\"post-cards shortcode-wrapper\">\r\n        <div id=\"news-container\" class=\" d-none d-sm-flex flex-column  full-width-post-cards-shortcode-card news-container-for-card-code\" style=\"\">\r\n            \r\n            <div class=\"row card-row my-2 pt-3 pb-0 mx-0 w-100 \">\r\n               \r\n                \ufeff\r\n    <div class=\"card-format col col-12 col-md-4 col-lg-6 pl-1 pl-md-0 pr-1 pr-md-2 mb-2\">\r\n        <a class=\"d-block w-100\"  href=\"https:\/\/semmelweis.hu\/alumni\/2024\/07\/23\/harsanyi-janos\/\">\r\n      <!--  <a class=\"d-block w-100\" target=\"_blank\" href=\" \"> -->\r\n            <div class=\"card\">\r\n                                    <div class=\"card-image img-fluid \">\r\n                         \r\n                        <img loading=\"lazy\" decoding=\"async\" width=\"753\" height=\"502\" src=\"https:\/\/semmelweis.hu\/alumni\/files\/2024\/07\/4-1-768x512.png\" class=\"landscape wp-post-image\" alt=\"\" srcset=\"https:\/\/semmelweis.hu\/alumni\/files\/2024\/07\/4-1-768x512.png 768w, https:\/\/semmelweis.hu\/alumni\/files\/2024\/07\/4-1-400x267.png 400w, https:\/\/semmelweis.hu\/alumni\/files\/2024\/07\/4-1-753x502.png 753w, https:\/\/semmelweis.hu\/alumni\/files\/2024\/07\/4-1-203x135.png 203w, https:\/\/semmelweis.hu\/alumni\/files\/2024\/07\/4-1.png 950w\" sizes=\"auto, (max-width: 753px) 100vw, 753px\" \/>                    <\/div>\r\n                \r\n                <div class=\"card-body\">\r\n                    <div class=\"card-date text-uppercase  d-none  \">\r\n                                                    <h5><span class=\"font-weight-normal\">2024. <\/span>j\u00falius 23.<\/h5>\r\n                                            <\/div>\r\n                    <div class=\"card-title\">\r\n                        <h3 class=\"mt-2 entry-title\">HARS\u00c1NYI J\u00c1NOS<\/h3>\r\n                    <\/div>\r\n                    <style>\r\n                        .card-text-inside{\r\n                                                 display: -webkit-box;\r\n                    -webkit-line-clamp: 4;\r\n                    -webkit-box-orient: vertical;\r\n                     overflow:hidden;\r\n                     text-overflow: ellipsis;\r\n                        }\r\n                        <\/style>\r\n                                    <\/div>\r\n            <\/div>\r\n        <\/a>\r\n    <\/div>\r\n\r\n\r\n\ufeff\r\n    <div class=\"card-format col col-12 col-md-4 col-lg-6 pl-1 pl-md-0 pr-1 pr-md-2 mb-2\">\r\n        <a class=\"d-block w-100\"  href=\"https:\/\/semmelweis.hu\/alumni\/2024\/07\/23\/bekesy-gyorgy\/\">\r\n      <!--  <a class=\"d-block w-100\" target=\"_blank\" href=\" \"> -->\r\n            <div class=\"card\">\r\n                                    <div class=\"card-image img-fluid \">\r\n                         \r\n                        <img loading=\"lazy\" decoding=\"async\" width=\"753\" height=\"502\" src=\"https:\/\/semmelweis.hu\/alumni\/files\/2024\/07\/3-1-768x512.png\" class=\"landscape wp-post-image\" alt=\"\" srcset=\"https:\/\/semmelweis.hu\/alumni\/files\/2024\/07\/3-1-768x512.png 768w, https:\/\/semmelweis.hu\/alumni\/files\/2024\/07\/3-1-400x267.png 400w, https:\/\/semmelweis.hu\/alumni\/files\/2024\/07\/3-1-753x502.png 753w, https:\/\/semmelweis.hu\/alumni\/files\/2024\/07\/3-1-203x135.png 203w, https:\/\/semmelweis.hu\/alumni\/files\/2024\/07\/3-1.png 950w\" sizes=\"auto, (max-width: 753px) 100vw, 753px\" \/>                    <\/div>\r\n                \r\n                <div class=\"card-body\">\r\n                    <div class=\"card-date text-uppercase  d-none  \">\r\n                                                    <h5><span class=\"font-weight-normal\">2024. <\/span>j\u00falius 23.<\/h5>\r\n                                            <\/div>\r\n                    <div class=\"card-title\">\r\n                        <h3 class=\"mt-2 entry-title\">B\u00c9K\u00c9SY GY\u00d6RGY<\/h3>\r\n                    <\/div>\r\n                    <style>\r\n                        .card-text-inside{\r\n                                                 display: -webkit-box;\r\n                    -webkit-line-clamp: 4;\r\n                    -webkit-box-orient: vertical;\r\n                     overflow:hidden;\r\n                     text-overflow: ellipsis;\r\n                        }\r\n                        <\/style>\r\n                                    <\/div>\r\n            <\/div>\r\n        <\/a>\r\n    <\/div>\r\n\r\n\r\n\ufeff\r\n    <div class=\"card-format col col-12 col-md-4 col-lg-6 pl-1 pl-md-0 pr-1 pr-md-2 mb-2\">\r\n        <a class=\"d-block w-100\"  href=\"https:\/\/semmelweis.hu\/alumni\/2024\/07\/23\/hevesy-gyorgy\/\">\r\n      <!--  <a class=\"d-block w-100\" target=\"_blank\" href=\" \"> -->\r\n            <div class=\"card\">\r\n                                    <div class=\"card-image img-fluid \">\r\n                         \r\n                        <img loading=\"lazy\" decoding=\"async\" width=\"753\" height=\"502\" src=\"https:\/\/semmelweis.hu\/alumni\/files\/2024\/07\/2-1-768x512.png\" class=\"landscape wp-post-image\" alt=\"\" srcset=\"https:\/\/semmelweis.hu\/alumni\/files\/2024\/07\/2-1-768x512.png 768w, https:\/\/semmelweis.hu\/alumni\/files\/2024\/07\/2-1-400x267.png 400w, https:\/\/semmelweis.hu\/alumni\/files\/2024\/07\/2-1-753x502.png 753w, https:\/\/semmelweis.hu\/alumni\/files\/2024\/07\/2-1-203x135.png 203w, https:\/\/semmelweis.hu\/alumni\/files\/2024\/07\/2-1.png 950w\" sizes=\"auto, (max-width: 753px) 100vw, 753px\" \/>                    <\/div>\r\n                \r\n                <div class=\"card-body\">\r\n                    <div class=\"card-date text-uppercase  d-none  \">\r\n                                                    <h5><span class=\"font-weight-normal\">2024. <\/span>j\u00falius 23.<\/h5>\r\n                                            <\/div>\r\n                    <div class=\"card-title\">\r\n                        <h3 class=\"mt-2 entry-title\">HEVESY GY\u00d6RGY<\/h3>\r\n                    <\/div>\r\n                    <style>\r\n                        .card-text-inside{\r\n                                                 display: -webkit-box;\r\n                    -webkit-line-clamp: 4;\r\n                    -webkit-box-orient: vertical;\r\n                     overflow:hidden;\r\n                     text-overflow: ellipsis;\r\n                        }\r\n                        <\/style>\r\n                                    <\/div>\r\n            <\/div>\r\n        <\/a>\r\n    <\/div>\r\n\r\n\r\n\ufeff\r\n    <div class=\"card-format col col-12 col-md-4 col-lg-6 pl-1 pl-md-0 pr-1 pr-md-2 mb-2\">\r\n        <a class=\"d-block w-100\"  href=\"https:\/\/semmelweis.hu\/alumni\/2024\/07\/23\/szent-gyorgyi-albert\/\">\r\n      <!--  <a class=\"d-block w-100\" target=\"_blank\" href=\" \"> -->\r\n            <div class=\"card\">\r\n                                    <div class=\"card-image img-fluid \">\r\n                         \r\n                        <img loading=\"lazy\" decoding=\"async\" width=\"753\" height=\"502\" src=\"https:\/\/semmelweis.hu\/alumni\/files\/2024\/07\/1-1-768x512.png\" class=\"landscape wp-post-image\" alt=\"\" srcset=\"https:\/\/semmelweis.hu\/alumni\/files\/2024\/07\/1-1-768x512.png 768w, https:\/\/semmelweis.hu\/alumni\/files\/2024\/07\/1-1-400x267.png 400w, https:\/\/semmelweis.hu\/alumni\/files\/2024\/07\/1-1-753x502.png 753w, https:\/\/semmelweis.hu\/alumni\/files\/2024\/07\/1-1-203x135.png 203w, https:\/\/semmelweis.hu\/alumni\/files\/2024\/07\/1-1.png 950w\" sizes=\"auto, (max-width: 753px) 100vw, 753px\" \/>                    <\/div>\r\n                \r\n                <div class=\"card-body\">\r\n                    <div class=\"card-date text-uppercase  d-none  \">\r\n                                                    <h5><span class=\"font-weight-normal\">2024. <\/span>j\u00falius 23.<\/h5>\r\n                                            <\/div>\r\n                    <div class=\"card-title\">\r\n                        <h3 class=\"mt-2 entry-title\">SZENT-GY\u00d6RGYI ALBERT<\/h3>\r\n                    <\/div>\r\n                    <style>\r\n                        .card-text-inside{\r\n                                                 display: -webkit-box;\r\n                    -webkit-line-clamp: 4;\r\n                    -webkit-box-orient: vertical;\r\n                     overflow:hidden;\r\n                     text-overflow: ellipsis;\r\n                        }\r\n                        <\/style>\r\n                                    <\/div>\r\n            <\/div>\r\n        <\/a>\r\n    <\/div>\r\n\r\n\r\n                \r\n            <\/div>\r\n        <\/div>\r\n\r\n                        <div class=\"post-slide-hirek row px-0\">\r\n            <style>\r\n                .post-slide-hirek .owl-nav button {\r\n                    margin: 0px !important;\r\n                    height: 100% !important;\r\n                }\r\n\r\n                .card-custom-title {\r\n                    font-size: 17px;\r\n                    line-height: 23px;\r\n                    overflow: hidden;\r\n                    text-overflow: ellipsis;\r\n                    display: -webkit-box;\r\n                    -webkit-line-clamp: 3;\r\n                    -webkit-box-orient: vertical;\r\n                    min-height: 72px;\r\n                }\r\n\r\n                .card-custom-max-h {\r\n                    max-height: 235px !important;\r\n                    object-fit: cover;\r\n                }\r\n\r\n                .post-slide-hirek .owl-item .card-img img {\r\n                    opacity: 1 !important;\r\n                    aspect-ratio: 3\/ 2;\r\n\r\n                }\r\n                .card:has(.card-date:not(.d-none)):not(:has(img)) {\r\n                    margin-top: 20px;\r\n                }\r\n            <\/style>\r\n                            <div class=\"owl-carousel col-12 px-0 mt-2 mb-4 md-md-0 d-sm-none\">\r\n                                            <a class=\"item-1\" href=\"https:\/\/semmelweis.hu\/alumni\/2024\/07\/23\/harsanyi-janos\/\">\r\n\r\n                            <div class=\"card-img \">\r\n                                <img loading=\"lazy\" decoding=\"async\" width=\"560\" height=\"373\" src=\"https:\/\/semmelweis.hu\/alumni\/files\/2024\/07\/4-1.png\" class=\"d-block card-custom-max-h  img-fluid n-1 wp-post-image\" alt=\"\" srcset=\"https:\/\/semmelweis.hu\/alumni\/files\/2024\/07\/4-1.png 950w, https:\/\/semmelweis.hu\/alumni\/files\/2024\/07\/4-1-400x267.png 400w, https:\/\/semmelweis.hu\/alumni\/files\/2024\/07\/4-1-768x512.png 768w, https:\/\/semmelweis.hu\/alumni\/files\/2024\/07\/4-1-753x502.png 753w, https:\/\/semmelweis.hu\/alumni\/files\/2024\/07\/4-1-203x135.png 203w\" sizes=\"auto, (max-width: 560px) 100vw, 560px\" \/>                            <\/div>\r\n                            <div class=\"card-title mb-1\">\r\n                                <h3 class=\"mt-0 pt-1 mb-0 px-2 card-custom-title d-flex align-items-center d-md-block\">\r\n                                    <span class=\"entry-title pt-0 pt-md-1\">HARS\u00c1NYI J\u00c1NOS                                <\/h3>\r\n                            <\/div>\r\n                            \r\n\r\n                        <\/a>\r\n                                            <a class=\"item-2\" href=\"https:\/\/semmelweis.hu\/alumni\/2024\/07\/23\/bekesy-gyorgy\/\">\r\n\r\n                            <div class=\"card-img \">\r\n                                <img loading=\"lazy\" decoding=\"async\" width=\"560\" height=\"373\" src=\"https:\/\/semmelweis.hu\/alumni\/files\/2024\/07\/3-1.png\" class=\"d-block card-custom-max-h  img-fluid n-2 wp-post-image\" alt=\"\" srcset=\"https:\/\/semmelweis.hu\/alumni\/files\/2024\/07\/3-1.png 950w, https:\/\/semmelweis.hu\/alumni\/files\/2024\/07\/3-1-400x267.png 400w, https:\/\/semmelweis.hu\/alumni\/files\/2024\/07\/3-1-768x512.png 768w, https:\/\/semmelweis.hu\/alumni\/files\/2024\/07\/3-1-753x502.png 753w, https:\/\/semmelweis.hu\/alumni\/files\/2024\/07\/3-1-203x135.png 203w\" sizes=\"auto, (max-width: 560px) 100vw, 560px\" \/>                            <\/div>\r\n                            <div class=\"card-title mb-1\">\r\n                                <h3 class=\"mt-0 pt-1 mb-0 px-2 card-custom-title d-flex align-items-center d-md-block\">\r\n                                    <span class=\"entry-title pt-0 pt-md-1\">B\u00c9K\u00c9SY GY\u00d6RGY                                <\/h3>\r\n                            <\/div>\r\n                            \r\n\r\n                        <\/a>\r\n                                            <a class=\"item-3\" href=\"https:\/\/semmelweis.hu\/alumni\/2024\/07\/23\/hevesy-gyorgy\/\">\r\n\r\n                            <div class=\"card-img \">\r\n                                <img loading=\"lazy\" decoding=\"async\" width=\"560\" height=\"373\" src=\"https:\/\/semmelweis.hu\/alumni\/files\/2024\/07\/2-1.png\" class=\"d-block card-custom-max-h  img-fluid n-3 wp-post-image\" alt=\"\" srcset=\"https:\/\/semmelweis.hu\/alumni\/files\/2024\/07\/2-1.png 950w, https:\/\/semmelweis.hu\/alumni\/files\/2024\/07\/2-1-400x267.png 400w, https:\/\/semmelweis.hu\/alumni\/files\/2024\/07\/2-1-768x512.png 768w, https:\/\/semmelweis.hu\/alumni\/files\/2024\/07\/2-1-753x502.png 753w, https:\/\/semmelweis.hu\/alumni\/files\/2024\/07\/2-1-203x135.png 203w\" sizes=\"auto, (max-width: 560px) 100vw, 560px\" \/>                            <\/div>\r\n                            <div class=\"card-title mb-1\">\r\n                                <h3 class=\"mt-0 pt-1 mb-0 px-2 card-custom-title d-flex align-items-center d-md-block\">\r\n                                    <span class=\"entry-title pt-0 pt-md-1\">HEVESY GY\u00d6RGY                                <\/h3>\r\n                            <\/div>\r\n                            \r\n\r\n                        <\/a>\r\n                                            <a class=\"item-4\" href=\"https:\/\/semmelweis.hu\/alumni\/2024\/07\/23\/szent-gyorgyi-albert\/\">\r\n\r\n                            <div class=\"card-img \">\r\n                                <img loading=\"lazy\" decoding=\"async\" width=\"560\" height=\"373\" src=\"https:\/\/semmelweis.hu\/alumni\/files\/2024\/07\/1-1.png\" class=\"d-block card-custom-max-h  img-fluid n-4 wp-post-image\" alt=\"\" srcset=\"https:\/\/semmelweis.hu\/alumni\/files\/2024\/07\/1-1.png 950w, https:\/\/semmelweis.hu\/alumni\/files\/2024\/07\/1-1-400x267.png 400w, https:\/\/semmelweis.hu\/alumni\/files\/2024\/07\/1-1-768x512.png 768w, https:\/\/semmelweis.hu\/alumni\/files\/2024\/07\/1-1-753x502.png 753w, https:\/\/semmelweis.hu\/alumni\/files\/2024\/07\/1-1-203x135.png 203w\" sizes=\"auto, (max-width: 560px) 100vw, 560px\" \/>                            <\/div>\r\n                            <div class=\"card-title mb-1\">\r\n                                <h3 class=\"mt-0 pt-1 mb-0 px-2 card-custom-title d-flex align-items-center d-md-block\">\r\n                                    <span class=\"entry-title pt-0 pt-md-1\">SZENT-GY\u00d6RGYI ALBERT                                <\/h3>\r\n                            <\/div>\r\n                            \r\n\r\n                        <\/a>\r\n                                    <\/div>\r\n\r\n                    \r\n        <\/div><!-- owl-carousel -->\r\n    <\/section>\r\n\r\n\n","protected":false},"excerpt":{"rendered":"<p>Szent-Gy\u00f6rgyi Albert (1893-1986)\u202faz egyetlen olyan magyar Nobel-d\u00edjas, aki Magyarorsz\u00e1gon v\u00e9gzett kutat\u00e1sai\u00e9rt kapta az elismer\u00e9st. A Semmelweis Egyetem jogel\u0151d int\u00e9zm\u00e9ny\u00e9ben, a Budapesti Tudom\u00e1nyegyetem Orvostudom\u00e1nyi Kar\u00e1n v\u00e9gzett, majd 1931-1945 k\u00f6z\u00f6tt a szegedi orvoskaron dolgozott. Itt siker\u00fclt izol\u00e1lnia a C-vitamint, melynek a szegedi paprik\u00e1b\u00f3l t\u00f6rt\u00e9n\u0151 ipari m\u00e9ret\u0171 el\u0151\u00e1ll\u00edt\u00e1s\u00e1t is kidolgozt\u00e1k. A h\u00e1bor\u00fa ut\u00e1n visszat\u00e9rt a budapesti orvoskarra, de &hellip;<\/p>\n","protected":false},"author":101947,"featured_media":0,"parent":807,"menu_order":0,"comment_status":"closed","ping_status":"closed","template":"","meta":{"_acf_changed":false,"footnotes":""},"categories":[],"tags":[],"class_list":["post-16933","page","type-page","status-publish","hentry"],"acf":[],"publishpress_future_action":{"enabled":false,"date":"1970-01-01 01:00:00","action":"","terms":[],"taxonomy":"","browser_timezone_offset":0},"_links":{"self":[{"href":"https:\/\/semmelweis.hu\/alumni\/wp-json\/wp\/v2\/pages\/16933","targetHints":{"allow":["GET"]}}],"collection":[{"href":"https:\/\/semmelweis.hu\/alumni\/wp-json\/wp\/v2\/pages"}],"about":[{"href":"https:\/\/semmelweis.hu\/alumni\/wp-json\/wp\/v2\/types\/page"}],"author":[{"embeddable":true,"href":"https:\/\/semmelweis.hu\/alumni\/wp-json\/wp\/v2\/users\/101947"}],"replies":[{"embeddable":true,"href":"https:\/\/semmelweis.hu\/alumni\/wp-json\/wp\/v2\/comments?post=16933"}],"version-history":[{"count":3,"href":"https:\/\/semmelweis.hu\/alumni\/wp-json\/wp\/v2\/pages\/16933\/revisions"}],"predecessor-version":[{"id":16950,"href":"https:\/\/semmelweis.hu\/alumni\/wp-json\/wp\/v2\/pages\/16933\/revisions\/16950"}],"up":[{"embeddable":true,"href":"https:\/\/semmelweis.hu\/alumni\/wp-json\/wp\/v2\/pages\/807"}],"wp:attachment":[{"href":"https:\/\/semmelweis.hu\/alumni\/wp-json\/wp\/v2\/media?parent=16933"}],"wp:term":[{"taxonomy":"category","embeddable":true,"href":"https:\/\/semmelweis.hu\/alumni\/wp-json\/wp\/v2\/categories?post=16933"},{"taxonomy":"post_tag","embeddable":true,"href":"https:\/\/semmelweis.hu\/alumni\/wp-json\/wp\/v2\/tags?post=16933"}],"curies":[{"name":"wp","href":"https:\/\/api.w.org\/{rel}","templated":true}]}}