{"id":16508,"date":"2024-06-11T15:10:40","date_gmt":"2024-06-11T13:10:40","guid":{"rendered":"https:\/\/semmelweis.hu\/alumni\/?page_id=16508"},"modified":"2026-03-06T11:39:45","modified_gmt":"2026-03-06T10:39:45","slug":"allashirdetesek","status":"publish","type":"page","link":"https:\/\/semmelweis.hu\/alumni\/szolgaltatasok\/allashirdetesek\/","title":{"rendered":"\u00c1ll\u00e1shirdet\u00e9sek"},"content":{"rendered":"<h2><a href=\"https:\/\/semmelweis.hu\/human\/category\/karrier\/\">Egyetemi \u00e1ll\u00e1saj\u00e1nlatok<\/a><\/h2>\n<h3>K\u00fcls\u0151 partnerek \u00e1ll\u00e1slehet\u0151s\u00e9gei:<\/h3>\n<p><strong>A <a href=\"https:\/\/www.adaptimed.hu\/\">Doctor Adaptimed Eg\u00e9szs\u00e9gk\u00f6zpont<\/a> \u00faj munkat\u00e1rsakat keres!\u00a0<\/strong><\/p>\n<p style=\"text-align: justify\"><img loading=\"lazy\" decoding=\"async\" class=\"alignright\" src=\"https:\/\/semmelweis.hu\/alumni\/files\/2026\/03\/allashirdetes_kep.png\" alt=\"\" width=\"542\" height=\"361\" \/>Olyan szakorvosok jelentkez\u00e9s\u00e9t v\u00e1rjuk, akik a magas szint\u0171 szakmai munk\u00e1t <strong>komplex, integrat\u00edv szeml\u00e9lettel \u00f6tv\u00f6zve<\/strong> k\u00edv\u00e1nj\u00e1k v\u00e9gezni, <strong data-start=\"544\" data-end=\"601\">ok\u2011felt\u00e1r\u00f3, szem\u00e9lyre szabott betegell\u00e1t\u00e1s form\u00e1j\u00e1ban<\/strong>.<\/p>\n<p style=\"text-align: justify\">BudaParton elhelyezked\u0151 f\u00fazi\u00f3s eg\u00e9szs\u00e9gk\u00f6zpontunkban egy interdiszciplin\u00e1ris csapat dolgozik <strong>p\u00e1cienseink holisztikus alapokon nyugv\u00f3 kezel\u00e9s\u00e9n.<\/strong> C\u00e9lunk, hogy ne csup\u00e1n betegs\u00e9geket kezelj\u00fcnk, hanem <strong>hossz\u00fa t\u00e1v\u00fa eg\u00e9szs\u00e9gmenedzsmentet ny\u00fajtsunk.<\/strong> Munk\u00e1nk sor\u00e1n kiemelt szerepet kap a prevenci\u00f3, az \u00e9letm\u00f3dbeli saj\u00e1toss\u00e1gok kezel\u00e9se \u00e9s a<strong> p\u00e1cienssel val\u00f3 partneri egy\u00fcttm\u0171k\u00f6d\u00e9s.<\/strong><\/p>\n<p><strong>B\u0151v\u00fcl\u0151 csapatunkba az al\u00e1bbi szakter\u00fcletek k\u00e9pvisel\u0151it keress\u00fck:<\/strong><\/p>\n<ul>\n<li>holisztikus szeml\u00e9let\u0171 belgy\u00f3gy\u00e1sz (ak\u00e1r t\u00f6bbnapos foglalkoztat\u00e1ssal)<\/li>\n<li>endokrinol\u00f3gus<\/li>\n<li>diabetol\u00f3gus<\/li>\n<li>gasztroenterol\u00f3gus<\/li>\n<li>urol\u00f3gus<\/li>\n<li>obezitol\u00f3gus<\/li>\n<li>idegseb\u00e9sz, gerincspecialista<\/li>\n<li>eg\u00e9szs\u00e9g\u00fcgyi recepci\u00f3s\u00a0<\/li>\n<li>eg\u00e9szs\u00e9g\u00fcgyi ell\u00e1t\u00e1sszervez\u0151-menedzser (<em>biztos\u00edt\u00f3kt\u00f3l, eg\u00e9szs\u00e9gp\u00e9nzt\u00e1rakt\u00f3l \u00e9s ell\u00e1t\u00e1sszervez\u0151kt\u0151l \u00e9rkez\u0151 p\u00e1ciensek koordin\u00e1l\u00e1sa<\/em>)<\/li>\n<\/ul>\n<p style=\"text-align: justify\">Amennyiben sz\u00edvesen csatlakozna <strong>egy integrat\u00edv gondolkod\u00e1s\u00fa, magas szakmai sz\u00ednvonalon m\u0171k\u00f6d\u0151, p\u00e1ciens-centrikus csapathoz<\/strong>, v\u00e1rjuk <strong>f\u00e9nyk\u00e9pes \u00f6n\u00e9letrajzzal ell\u00e1tott jelentkez\u00e9s\u00e9t<\/strong> az al\u00e1bbi e-mail c\u00edmre: karrier@adaptimed.hu<\/p>\n","protected":false},"excerpt":{"rendered":"<p><a href=\"https:\/\/semmelweis.hu\/human\/category\/karrier\/\">Egyetemi \u00e1ll\u00e1saj\u00e1nlatok<\/a> K\u00fcls\u0151 partnerek \u00e1ll\u00e1slehet\u0151s\u00e9gei: A <a href=\"https:\/\/www.adaptimed.hu\/\">Doctor Adaptimed Eg\u00e9szs\u00e9gk\u00f6zpont<\/a> \u00faj munkat\u00e1rsakat keres!\u00a0 Olyan szakorvosok jelentkez\u00e9s\u00e9t v\u00e1rjuk, akik a magas szint\u0171 szakmai munk\u00e1t komplex, integrat\u00edv szeml\u00e9lettel \u00f6tv\u00f6zve k\u00edv\u00e1nj\u00e1k v\u00e9gezni, ok\u2011felt\u00e1r\u00f3, szem\u00e9lyre szabott betegell\u00e1t\u00e1s form\u00e1j\u00e1ban. BudaParton elhelyezked\u0151 f\u00fazi\u00f3s eg\u00e9szs\u00e9gk\u00f6zpontunkban egy interdiszciplin\u00e1ris csapat dolgozik p\u00e1cienseink holisztikus alapokon nyugv\u00f3 kezel\u00e9s\u00e9n. C\u00e9lunk, hogy ne csup\u00e1n betegs\u00e9geket kezelj\u00fcnk, hanem hossz\u00fa t\u00e1v\u00fa eg\u00e9szs\u00e9gmenedzsmentet ny\u00fajtsunk. Munk\u00e1nk sor\u00e1n kiemelt &hellip;<\/p>\n","protected":false},"author":101947,"featured_media":0,"parent":21,"menu_order":0,"comment_status":"closed","ping_status":"closed","template":"","meta":{"_acf_changed":false,"footnotes":""},"categories":[],"tags":[],"class_list":["post-16508","page","type-page","status-publish","hentry"],"acf":[],"publishpress_future_action":{"enabled":false,"date":"1970-01-01 01:00:00","action":"","terms":[],"taxonomy":"","browser_timezone_offset":0},"_links":{"self":[{"href":"https:\/\/semmelweis.hu\/alumni\/wp-json\/wp\/v2\/pages\/16508","targetHints":{"allow":["GET"]}}],"collection":[{"href":"https:\/\/semmelweis.hu\/alumni\/wp-json\/wp\/v2\/pages"}],"about":[{"href":"https:\/\/semmelweis.hu\/alumni\/wp-json\/wp\/v2\/types\/page"}],"author":[{"embeddable":true,"href":"https:\/\/semmelweis.hu\/alumni\/wp-json\/wp\/v2\/users\/101947"}],"replies":[{"embeddable":true,"href":"https:\/\/semmelweis.hu\/alumni\/wp-json\/wp\/v2\/comments?post=16508"}],"version-history":[{"count":10,"href":"https:\/\/semmelweis.hu\/alumni\/wp-json\/wp\/v2\/pages\/16508\/revisions"}],"predecessor-version":[{"id":40678,"href":"https:\/\/semmelweis.hu\/alumni\/wp-json\/wp\/v2\/pages\/16508\/revisions\/40678"}],"up":[{"embeddable":true,"href":"https:\/\/semmelweis.hu\/alumni\/wp-json\/wp\/v2\/pages\/21"}],"wp:attachment":[{"href":"https:\/\/semmelweis.hu\/alumni\/wp-json\/wp\/v2\/media?parent=16508"}],"wp:term":[{"taxonomy":"category","embeddable":true,"href":"https:\/\/semmelweis.hu\/alumni\/wp-json\/wp\/v2\/categories?post=16508"},{"taxonomy":"post_tag","embeddable":true,"href":"https:\/\/semmelweis.hu\/alumni\/wp-json\/wp\/v2\/tags?post=16508"}],"curies":[{"name":"wp","href":"https:\/\/api.w.org\/{rel}","templated":true}]}}