{"id":16498,"date":"2024-06-11T14:36:31","date_gmt":"2024-06-11T12:36:31","guid":{"rendered":"https:\/\/semmelweis.hu\/alumni\/?page_id=16498"},"modified":"2024-06-11T14:36:31","modified_gmt":"2024-06-11T12:36:31","slug":"diplomas-palyakovetesi-rendszer-dpr-2023-evi-felmeresnek-legfobb-eredmenyei","status":"publish","type":"page","link":"https:\/\/semmelweis.hu\/alumni\/alumni-halozat\/diplomas-palyakovetesi-rendszer\/diplomas-palyakovetesi-rendszer-dpr-2023-evi-felmeresnek-legfobb-eredmenyei\/","title":{"rendered":"Diplom\u00e1s P\u00e1lyak\u00f6vet\u00e9si Rendszer (DPR) 2023. \u00e9vi felm\u00e9r\u00e9snek legf\u0151bb eredm\u00e9nyei"},"content":{"rendered":"<p><embed src=\"https:\/\/semmelweis.hu\/alumni\/files\/2024\/06\/Diplomas-Palyakovetesi-Rendszer-DPR-2023.-evi-felmeresnek-legfobb-eredmenyei.pdf\" width=\"100%\" height=\"900\"><\/embed>&gt;<\/p>\n","protected":false},"excerpt":{"rendered":"<p>&gt;<\/p>\n","protected":false},"author":101947,"featured_media":0,"parent":809,"menu_order":0,"comment_status":"closed","ping_status":"closed","template":"","meta":{"_acf_changed":false,"footnotes":""},"categories":[],"tags":[245],"class_list":["post-16498","page","type-page","status-publish","hentry","tag-dpr"],"acf":[],"publishpress_future_action":{"enabled":false,"date":"1970-01-01 01:00:00","action":"","terms":[],"taxonomy":"","browser_timezone_offset":0},"_links":{"self":[{"href":"https:\/\/semmelweis.hu\/alumni\/wp-json\/wp\/v2\/pages\/16498","targetHints":{"allow":["GET"]}}],"collection":[{"href":"https:\/\/semmelweis.hu\/alumni\/wp-json\/wp\/v2\/pages"}],"about":[{"href":"https:\/\/semmelweis.hu\/alumni\/wp-json\/wp\/v2\/types\/page"}],"author":[{"embeddable":true,"href":"https:\/\/semmelweis.hu\/alumni\/wp-json\/wp\/v2\/users\/101947"}],"replies":[{"embeddable":true,"href":"https:\/\/semmelweis.hu\/alumni\/wp-json\/wp\/v2\/comments?post=16498"}],"version-history":[{"count":1,"href":"https:\/\/semmelweis.hu\/alumni\/wp-json\/wp\/v2\/pages\/16498\/revisions"}],"predecessor-version":[{"id":16501,"href":"https:\/\/semmelweis.hu\/alumni\/wp-json\/wp\/v2\/pages\/16498\/revisions\/16501"}],"up":[{"embeddable":true,"href":"https:\/\/semmelweis.hu\/alumni\/wp-json\/wp\/v2\/pages\/809"}],"wp:attachment":[{"href":"https:\/\/semmelweis.hu\/alumni\/wp-json\/wp\/v2\/media?parent=16498"}],"wp:term":[{"taxonomy":"category","embeddable":true,"href":"https:\/\/semmelweis.hu\/alumni\/wp-json\/wp\/v2\/categories?post=16498"},{"taxonomy":"post_tag","embeddable":true,"href":"https:\/\/semmelweis.hu\/alumni\/wp-json\/wp\/v2\/tags?post=16498"}],"curies":[{"name":"wp","href":"https:\/\/api.w.org\/{rel}","templated":true}]}}