{"id":16490,"date":"2024-06-11T14:18:02","date_gmt":"2024-06-11T12:18:02","guid":{"rendered":"https:\/\/semmelweis.hu\/alumni\/?page_id=16490"},"modified":"2024-11-25T10:35:51","modified_gmt":"2024-11-25T09:35:51","slug":"hasznos-linkek","status":"publish","type":"page","link":"https:\/\/semmelweis.hu\/alumni\/alumni-halozat\/hasznos-linkek\/","title":{"rendered":"Hasznos linkek"},"content":{"rendered":"<div class=\"responsive-tabs\">\n<h2 class=\"tabtitle\">Jubileumi d\u00edszoklev\u00e9l-\u00e1tad\u00f3 \u00fcnneps\u00e9gek<\/h2>\n<div class=\"tabcontent\">\n\n<p>A Jubileumi d\u00edszoklev\u00e9l-\u00e1tad\u00f3 \u00fcnneps\u00e9gek azokat az alkalmakat jelentik, amikor az Egyetem\u00fcnk\u00f6n v\u00e9gzett hallgat\u00f3k, hossz\u00fa szolg\u00e1lati idej\u00fck elismer\u00e9sek\u00e9nt d\u00edszoklevelet kapnak. Ezek az \u00fcnneps\u00e9gek jelent\u0151s m\u00e9rf\u00f6ldk\u00f6vet jelentenek az alumnusok \u00e9let\u00e9ben.<\/p>\n<p style=\"padding-left: 40px\">A jubileumi d\u00edszokleveleket \u00e1ltal\u00e1ban az al\u00e1bbi szolg\u00e1lati id\u0151szakok elismer\u00e9s\u00e9re adj\u00e1k ki:<\/p>\n<ul>\n<li style=\"list-style-type: none\">\n<ul>\n<li><span style=\"font-size: 1rem\">50 \u00e9v ut\u00e1n arany d\u00edszoklev\u00e9l<\/span><\/li>\n<li>60 \u00e9v ut\u00e1n gy\u00e9m\u00e1nt d\u00edszoklev\u00e9l<\/li>\n<li>65 \u00e9v ut\u00e1n vas d\u00edszoklev\u00e9l<\/li>\n<li>70 \u00e9v ut\u00e1n rubin d\u00edszoklev\u00e9l<\/li>\n<li>75 \u00e9v ut\u00e1n gr\u00e1nit d\u00edszoklev\u00e9l<\/li>\n<\/ul>\n<\/li>\n<\/ul>\n<p>Al\u00e1bb a Karok nev\u00e9re kattintva el\u00e9rhet\u0151ek az \u00e9ppen aktu\u00e1lis jelentkez\u00e9si fel\u00fcletek a d\u00edszoklev\u00e9l-\u00e1tad\u00f3 \u00fcnneps\u00e9gekre.<\/p>\n<ul style=\"list-style-type: square\">\n<li>\u00c1OK<\/li>\n<li>FOK<\/li>\n<li>GYTK<\/li>\n<li>ETK<\/li>\n<li>EKK<\/li>\n<li>PAK<\/li>\n<\/ul>\n<p><span class=\"TextRun SCXW33330944 BCX0\" lang=\"HU-HU\" xml:lang=\"HU-HU\" data-contrast=\"none\"><span class=\"NormalTextRun SCXW33330944 BCX0\">A jelentkez\u00e9s menet\u00e9r\u0151l tov\u00e1bbi t\u00e1j\u00e9koztat\u00e1s a kari honlapokon \u00e9rhet\u0151 el.<\/span><\/span><\/p>\n<p>&nbsp;<\/p>\n\n<\/div><h2 class=\"tabtitle\">Information for foreign students <\/h2>\n<div class=\"tabcontent\">\n\n<p><b><span data-contrast=\"none\">Dear Students!<\/span><\/b><span data-ccp-props=\"{&quot;201341983&quot;:0,&quot;335559738&quot;:120,&quot;335559739&quot;:120,&quot;335559740&quot;:276}\">\u00a0<\/span><\/p>\n<p><span data-contrast=\"none\">Please regarding the topics below contact the to our colleagues.<\/span><span data-ccp-props=\"{&quot;201341983&quot;:0,&quot;335559738&quot;:120,&quot;335559739&quot;:120,&quot;335559740&quot;:276}\">\u00a0<\/span><\/p>\n<p><span data-contrast=\"none\">Best regards,<\/span><span data-ccp-props=\"{&quot;201341983&quot;:0,&quot;335551550&quot;:6,&quot;335551620&quot;:6,&quot;335557856&quot;:16777215,&quot;335559738&quot;:120,&quot;335559739&quot;:120,&quot;335559740&quot;:276}\">\u00a0<\/span><\/p>\n<p><span data-contrast=\"none\">Semmelweis University Alumni Directorate<\/span><span data-ccp-props=\"{&quot;201341983&quot;:0,&quot;335551550&quot;:6,&quot;335551620&quot;:6,&quot;335557856&quot;:16777215,&quot;335559738&quot;:120,&quot;335559739&quot;:120,&quot;335559740&quot;:276}\">\u00a0<\/span><\/p>\n<p><span data-ccp-props=\"{&quot;201341983&quot;:0,&quot;335559738&quot;:120,&quot;335559739&quot;:120,&quot;335559740&quot;:276}\">\u00a0<\/span><\/p>\n<table data-tablestyle=\"MsoNormalTable\" data-tablelook=\"1184\">\n<tbody>\n<tr>\n<td data-celllook=\"69905\">\n<p><b><span data-contrast=\"auto\">Topic<\/span><\/b><span data-ccp-props=\"{&quot;201341983&quot;:0,&quot;335551550&quot;:2,&quot;335551620&quot;:2,&quot;335559738&quot;:120,&quot;335559739&quot;:120,&quot;335559740&quot;:276}\">\u00a0<\/span><\/p>\n<\/td>\n<td data-celllook=\"69905\">\n<p><b><span data-contrast=\"auto\">Faculties<\/span><\/b><span data-ccp-props=\"{&quot;201341983&quot;:0,&quot;335551550&quot;:2,&quot;335551620&quot;:2,&quot;335559738&quot;:120,&quot;335559739&quot;:120,&quot;335559740&quot;:276}\">\u00a0<\/span><\/p>\n<\/td>\n<td data-celllook=\"69905\">\n<p><b><span data-contrast=\"auto\">University colleagues<\/span><\/b><span data-ccp-props=\"{&quot;201341983&quot;:0,&quot;335551550&quot;:2,&quot;335551620&quot;:2,&quot;335559738&quot;:120,&quot;335559739&quot;:120,&quot;335559740&quot;:276}\">\u00a0<\/span><\/p>\n<\/td>\n<td data-celllook=\"69905\">\n<p><b><span data-contrast=\"auto\">Administrator&#8217;s e-mail address<\/span><\/b><span data-ccp-props=\"{&quot;201341983&quot;:0,&quot;335551550&quot;:2,&quot;335551620&quot;:2,&quot;335559738&quot;:120,&quot;335559739&quot;:120,&quot;335559740&quot;:276}\">\u00a0<\/span><\/p>\n<\/td>\n<td data-celllook=\"69905\">\n<p><b><span data-contrast=\"auto\">Administrator&#8217;s phone number<\/span><\/b><span data-ccp-props=\"{&quot;201341983&quot;:0,&quot;335551550&quot;:2,&quot;335551620&quot;:2,&quot;335559738&quot;:120,&quot;335559739&quot;:120,&quot;335559740&quot;:276}\">\u00a0<\/span><\/p>\n<\/td>\n<\/tr>\n<tr>\n<td colspan=\"1\" rowspan=\"4\" data-celllook=\"69905\">\n<p><span data-contrast=\"none\">Diplomam\u00e1solat, igazol\u00e1sok a tanulm\u00e1nyokkal kapcsolatban, diplomahiteles\u00edt\u00e9ssel, rangsorigazol\u00e1ssal kapcsolatos \u00fcgyekben.<\/span><span data-ccp-props=\"{&quot;201341983&quot;:0,&quot;335551550&quot;:2,&quot;335551620&quot;:2,&quot;335559738&quot;:120,&quot;335559739&quot;:120,&quot;335559740&quot;:276}\">\u00a0<\/span><\/p>\n<\/td>\n<td data-celllook=\"69905\">\n<p><a href=\"https:\/\/semmelweis.hu\/english\/faculties\/medicine\/\"><span data-contrast=\"none\">Faculty of Medicine<\/span><\/a><span data-ccp-props=\"{&quot;201341983&quot;:0,&quot;335551550&quot;:2,&quot;335551620&quot;:2,&quot;335559738&quot;:120,&quot;335559739&quot;:120,&quot;335559740&quot;:276}\">\u00a0<\/span><\/p>\n<\/td>\n<td data-celllook=\"69905\">\n<p><span data-contrast=\"none\">Petronella Szab\u00f3\u00a0<\/span><span data-ccp-props=\"{&quot;201341983&quot;:0,&quot;335551550&quot;:2,&quot;335551620&quot;:2,&quot;335559738&quot;:120,&quot;335559739&quot;:120,&quot;335559740&quot;:276}\">\u00a0<\/span><\/p>\n<p><span data-contrast=\"none\">\u00a0Directorate of International Studies<\/span><span data-ccp-props=\"{&quot;201341983&quot;:0,&quot;335551550&quot;:2,&quot;335551620&quot;:2,&quot;335559738&quot;:120,&quot;335559739&quot;:120,&quot;335559740&quot;:276}\">\u00a0<\/span><\/p>\n<\/td>\n<td data-celllook=\"69905\">\n<p><span data-contrast=\"none\">szabo.petra@semmelweis.hu<\/span><span data-ccp-props=\"{&quot;201341983&quot;:0,&quot;335551550&quot;:2,&quot;335551620&quot;:2,&quot;335559738&quot;:120,&quot;335559739&quot;:120,&quot;335559740&quot;:276}\">\u00a0<\/span><\/p>\n<\/td>\n<td data-celllook=\"69905\">\n<p><span data-contrast=\"none\">459-1500 central number, press: 60485\u00a0<\/span><span data-ccp-props=\"{&quot;201341983&quot;:0,&quot;335551550&quot;:2,&quot;335551620&quot;:2,&quot;335559738&quot;:120,&quot;335559739&quot;:120,&quot;335559740&quot;:276}\">\u00a0<\/span><\/p>\n<p><span data-contrast=\"none\">work mobile: +36206701167<\/span><span data-ccp-props=\"{&quot;201341983&quot;:0,&quot;335551550&quot;:2,&quot;335551620&quot;:2,&quot;335559738&quot;:120,&quot;335559739&quot;:120,&quot;335559740&quot;:276}\">\u00a0<\/span><\/p>\n<\/td>\n<\/tr>\n<tr>\n<td data-celllook=\"69905\">\n<p><a href=\"https:\/\/semmelweis.hu\/english\/faculties\/dentistry\/\"><span data-contrast=\"none\">Faculty of Dentistry<\/span><\/a><span data-ccp-props=\"{&quot;201341983&quot;:0,&quot;335551550&quot;:2,&quot;335551620&quot;:2,&quot;335559738&quot;:120,&quot;335559739&quot;:120,&quot;335559740&quot;:276}\">\u00a0<\/span><\/p>\n<\/td>\n<td data-celllook=\"69905\">\n<p><span data-contrast=\"none\">Vikt\u00f3ria B\u00e1linth\u00a0<\/span><span data-ccp-props=\"{&quot;201341983&quot;:0,&quot;335551550&quot;:2,&quot;335551620&quot;:2,&quot;335559738&quot;:120,&quot;335559739&quot;:120,&quot;335559740&quot;:276}\">\u00a0<\/span><\/p>\n<p><span data-contrast=\"none\">Directorate of International Studies<\/span><span data-ccp-props=\"{&quot;201341983&quot;:0,&quot;335551550&quot;:2,&quot;335551620&quot;:2,&quot;335559738&quot;:120,&quot;335559739&quot;:120,&quot;335559740&quot;:276}\">\u00a0<\/span><\/p>\n<\/td>\n<td data-celllook=\"69905\">\n<p><span data-contrast=\"none\">balinth.viktoria@semmelweis.hu<\/span><span data-ccp-props=\"{&quot;201341983&quot;:0,&quot;335551550&quot;:2,&quot;335551620&quot;:2,&quot;335559738&quot;:120,&quot;335559739&quot;:120,&quot;335559740&quot;:276}\">\u00a0<\/span><\/p>\n<\/td>\n<td data-celllook=\"69905\">\n<p><span data-contrast=\"none\">459-1500 central number, press: 60479<\/span><span data-ccp-props=\"{&quot;201341983&quot;:0,&quot;335551550&quot;:2,&quot;335551620&quot;:2,&quot;335559738&quot;:120,&quot;335559739&quot;:120,&quot;335559740&quot;:276}\">\u00a0<\/span><\/p>\n<\/td>\n<\/tr>\n<tr>\n<td data-celllook=\"69905\">\n<p><a href=\"https:\/\/semmelweis.hu\/english\/faculties\/pharmacy\/\"><span data-contrast=\"none\">Faculty of Pharmaceutical Sciences<\/span><\/a><span data-ccp-props=\"{&quot;201341983&quot;:0,&quot;335551550&quot;:2,&quot;335551620&quot;:2,&quot;335559738&quot;:120,&quot;335559739&quot;:120,&quot;335559740&quot;:276}\">\u00a0<\/span><\/p>\n<\/td>\n<td data-celllook=\"69905\">\n<p><span data-contrast=\"none\">Lieszkovszki Anik\u00f3<\/span><span data-ccp-props=\"{&quot;201341983&quot;:0,&quot;335551550&quot;:2,&quot;335551620&quot;:2,&quot;335559738&quot;:120,&quot;335559739&quot;:120,&quot;335559740&quot;:276}\">\u00a0<\/span><\/p>\n<p><span data-contrast=\"none\">Directorate of International Studies<\/span><span data-ccp-props=\"{&quot;201341983&quot;:0,&quot;335551550&quot;:2,&quot;335551620&quot;:2,&quot;335559738&quot;:120,&quot;335559739&quot;:120,&quot;335559740&quot;:276}\">\u00a0<\/span><\/p>\n<\/td>\n<td data-celllook=\"69905\">\n<p><span data-contrast=\"none\">lieszkovszki.aniko@semmelweis.hu<\/span><span data-ccp-props=\"{&quot;201341983&quot;:0,&quot;335551550&quot;:2,&quot;335551620&quot;:2,&quot;335559738&quot;:120,&quot;335559739&quot;:120,&quot;335559740&quot;:276}\">\u00a0<\/span><\/p>\n<\/td>\n<td data-celllook=\"69905\">\n<p><span data-contrast=\"none\">459-1500 central number, press: 60071\u00a0<\/span><span data-ccp-props=\"{&quot;201341983&quot;:0,&quot;335551550&quot;:2,&quot;335551620&quot;:2,&quot;335559738&quot;:120,&quot;335559739&quot;:120,&quot;335559740&quot;:276}\">\u00a0<\/span><\/p>\n<\/td>\n<\/tr>\n<tr>\n<td data-celllook=\"69905\">\n<p><b><span data-contrast=\"none\">For german students \/\/ F\u00fcr deutsche Studierende<\/span><\/b><span data-ccp-props=\"{&quot;201341983&quot;:0,&quot;335551550&quot;:2,&quot;335551620&quot;:2,&quot;335559738&quot;:120,&quot;335559739&quot;:120,&quot;335559740&quot;:276}\">\u00a0<\/span><\/p>\n<p><span data-contrast=\"none\">Faculty of Medicine \/\/ <\/span><a href=\"https:\/\/semmelweis.hu\/deutsch\/fakultaeten\/medizinische-fakultaet\/\"><span data-contrast=\"none\">der Medizinischen Fakult\u00e4t<\/span><\/a><span data-ccp-props=\"{&quot;201341983&quot;:0,&quot;335551550&quot;:2,&quot;335551620&quot;:2,&quot;335559738&quot;:120,&quot;335559739&quot;:120,&quot;335559740&quot;:276}\">\u00a0<\/span><\/p>\n<p><span data-contrast=\"none\">Faculty of Dentistry \/\/ <\/span><a href=\"https:\/\/semmelweis.hu\/deutsch\/fakultaeten\/fakultaet-fuer-zahnheilkunde\/\"><span data-contrast=\"none\">Die Fakult\u00e4t f\u00fcr Zahnheilkunde<\/span><\/a><span data-ccp-props=\"{&quot;201341983&quot;:0,&quot;335551550&quot;:2,&quot;335551620&quot;:2,&quot;335559738&quot;:120,&quot;335559739&quot;:120,&quot;335559740&quot;:276}\">\u00a0<\/span><\/p>\n<p><span data-contrast=\"none\">Faculty of Pharmaceutical Sciences \/\/ <\/span><a href=\"https:\/\/semmelweis.hu\/deutsch\/fakultaeten\/fakultat-fur-pharmazeutische-wissenschaften\/\"><span data-contrast=\"none\">Fakult\u00e4t f\u00fcr Pharmazeutische Wissenschaften<\/span><\/a><span data-ccp-props=\"{&quot;201341983&quot;:0,&quot;335551550&quot;:2,&quot;335551620&quot;:2,&quot;335559738&quot;:120,&quot;335559739&quot;:120,&quot;335559740&quot;:276}\">\u00a0<\/span><\/p>\n<\/td>\n<td data-celllook=\"69905\">\n<p><span data-contrast=\"none\">Edit Gimpl\u00a0<\/span><span data-ccp-props=\"{&quot;201341983&quot;:0,&quot;335551550&quot;:2,&quot;335551620&quot;:2,&quot;335559738&quot;:120,&quot;335559739&quot;:120,&quot;335559740&quot;:276}\">\u00a0<\/span><\/p>\n<p><span data-contrast=\"none\">Directorate of International Studies<\/span><span data-ccp-props=\"{&quot;201341983&quot;:0,&quot;335551550&quot;:2,&quot;335551620&quot;:2,&quot;335559738&quot;:120,&quot;335559739&quot;:120,&quot;335559740&quot;:276}\">\u00a0<\/span><\/p>\n<p><span data-contrast=\"none\">Direktorat f\u00fcr Internationale Studien, <\/span><span data-contrast=\"none\">Administrative Leiterin<\/span><span data-ccp-props=\"{&quot;201341983&quot;:0,&quot;335551550&quot;:2,&quot;335551620&quot;:2,&quot;335559738&quot;:120,&quot;335559739&quot;:120,&quot;335559740&quot;:276}\">\u00a0<\/span><\/p>\n<\/td>\n<td data-celllook=\"69905\">\n<p><span data-contrast=\"none\">gimpl.edit@semmelweis.hu<\/span><span data-ccp-props=\"{&quot;201341983&quot;:0,&quot;335551550&quot;:2,&quot;335551620&quot;:2,&quot;335559738&quot;:120,&quot;335559739&quot;:120,&quot;335559740&quot;:276}\">\u00a0<\/span><\/p>\n<\/td>\n<td data-celllook=\"69905\">\n<p><span data-contrast=\"none\">459-1500 central number, press: 60086\u00a0<\/span><span data-ccp-props=\"{&quot;201341983&quot;:0,&quot;335551550&quot;:2,&quot;335551620&quot;:2,&quot;335559738&quot;:120,&quot;335559739&quot;:120,&quot;335559740&quot;:276}\">\u00a0<\/span><\/p>\n<p><span data-contrast=\"none\">work mobile\/mobil arbeiten: +36-20-663-2670<\/span><span data-ccp-props=\"{&quot;201341983&quot;:0,&quot;335551550&quot;:2,&quot;335551620&quot;:2,&quot;335559738&quot;:120,&quot;335559739&quot;:120,&quot;335559740&quot;:276}\">\u00a0<\/span><\/p>\n<\/td>\n<\/tr>\n<\/tbody>\n<\/table>\n<p><span data-ccp-props=\"{&quot;201341983&quot;:0,&quot;335559738&quot;:120,&quot;335559739&quot;:120,&quot;335559740&quot;:276}\">\u00a0<\/span><\/p>\n<\/div><\/div>\n","protected":false},"excerpt":{"rendered":"<p>A Jubileumi d\u00edszoklev\u00e9l-\u00e1tad\u00f3 \u00fcnneps\u00e9gek azokat az alkalmakat jelentik, amikor az Egyetem\u00fcnk\u00f6n v\u00e9gzett hallgat\u00f3k, hossz\u00fa szolg\u00e1lati idej\u00fck elismer\u00e9sek\u00e9nt d\u00edszoklevelet kapnak. Ezek az \u00fcnneps\u00e9gek jelent\u0151s m\u00e9rf\u00f6ldk\u00f6vet jelentenek az alumnusok \u00e9let\u00e9ben. A jubileumi d\u00edszokleveleket \u00e1ltal\u00e1ban az al\u00e1bbi szolg\u00e1lati id\u0151szakok elismer\u00e9s\u00e9re adj\u00e1k ki: 50 \u00e9v ut\u00e1n arany d\u00edszoklev\u00e9l 60 \u00e9v ut\u00e1n gy\u00e9m\u00e1nt d\u00edszoklev\u00e9l 65 \u00e9v ut\u00e1n vas d\u00edszoklev\u00e9l 70 &hellip;<\/p>\n","protected":false},"author":101947,"featured_media":0,"parent":855,"menu_order":99,"comment_status":"closed","ping_status":"closed","template":"","meta":{"_acf_changed":false,"footnotes":""},"categories":[],"tags":[],"class_list":["post-16490","page","type-page","status-publish","hentry"],"acf":[],"publishpress_future_action":{"enabled":false,"date":"1970-01-01 01:00:00","action":"","terms":[],"taxonomy":"","browser_timezone_offset":0},"_links":{"self":[{"href":"https:\/\/semmelweis.hu\/alumni\/wp-json\/wp\/v2\/pages\/16490","targetHints":{"allow":["GET"]}}],"collection":[{"href":"https:\/\/semmelweis.hu\/alumni\/wp-json\/wp\/v2\/pages"}],"about":[{"href":"https:\/\/semmelweis.hu\/alumni\/wp-json\/wp\/v2\/types\/page"}],"author":[{"embeddable":true,"href":"https:\/\/semmelweis.hu\/alumni\/wp-json\/wp\/v2\/users\/101947"}],"replies":[{"embeddable":true,"href":"https:\/\/semmelweis.hu\/alumni\/wp-json\/wp\/v2\/comments?post=16490"}],"version-history":[{"count":4,"href":"https:\/\/semmelweis.hu\/alumni\/wp-json\/wp\/v2\/pages\/16490\/revisions"}],"predecessor-version":[{"id":16496,"href":"https:\/\/semmelweis.hu\/alumni\/wp-json\/wp\/v2\/pages\/16490\/revisions\/16496"}],"up":[{"embeddable":true,"href":"https:\/\/semmelweis.hu\/alumni\/wp-json\/wp\/v2\/pages\/855"}],"wp:attachment":[{"href":"https:\/\/semmelweis.hu\/alumni\/wp-json\/wp\/v2\/media?parent=16490"}],"wp:term":[{"taxonomy":"category","embeddable":true,"href":"https:\/\/semmelweis.hu\/alumni\/wp-json\/wp\/v2\/categories?post=16490"},{"taxonomy":"post_tag","embeddable":true,"href":"https:\/\/semmelweis.hu\/alumni\/wp-json\/wp\/v2\/tags?post=16490"}],"curies":[{"name":"wp","href":"https:\/\/api.w.org\/{rel}","templated":true}]}}