{"id":16292,"date":"2024-06-04T12:17:58","date_gmt":"2024-06-04T10:17:58","guid":{"rendered":"https:\/\/semmelweis.hu\/alumni\/?page_id=16292"},"modified":"2024-06-04T12:21:44","modified_gmt":"2024-06-04T10:21:44","slug":"rendezvenyek-profzelles","status":"publish","type":"page","link":"https:\/\/semmelweis.hu\/alumni\/rendezvenyek\/rendezvenyek-profzelles\/","title":{"rendered":"Prof. Zelles Tivadar Szimp\u00f3zium"},"content":{"rendered":"<p><img loading=\"lazy\" decoding=\"async\" class=\"size-large wp-image-16286 aligncenter\" src=\"https:\/\/semmelweis.hu\/alumni\/files\/2024\/06\/Meghivo-Prof.-Zelles-Tivadar-Szimpozium-724x1024.jpg\" alt=\"\" width=\"724\" height=\"1024\" srcset=\"https:\/\/semmelweis.hu\/alumni\/files\/2024\/06\/Meghivo-Prof.-Zelles-Tivadar-Szimpozium-724x1024.jpg 724w, https:\/\/semmelweis.hu\/alumni\/files\/2024\/06\/Meghivo-Prof.-Zelles-Tivadar-Szimpozium-283x400.jpg 283w, https:\/\/semmelweis.hu\/alumni\/files\/2024\/06\/Meghivo-Prof.-Zelles-Tivadar-Szimpozium-768x1086.jpg 768w, https:\/\/semmelweis.hu\/alumni\/files\/2024\/06\/Meghivo-Prof.-Zelles-Tivadar-Szimpozium-1086x1536.jpg 1086w, https:\/\/semmelweis.hu\/alumni\/files\/2024\/06\/Meghivo-Prof.-Zelles-Tivadar-Szimpozium-1448x2048.jpg 1448w, https:\/\/semmelweis.hu\/alumni\/files\/2024\/06\/Meghivo-Prof.-Zelles-Tivadar-Szimpozium-753x1065.jpg 753w, https:\/\/semmelweis.hu\/alumni\/files\/2024\/06\/Meghivo-Prof.-Zelles-Tivadar-Szimpozium-scaled.jpg 1810w\" sizes=\"auto, (max-width: 724px) 100vw, 724px\" \/><img loading=\"lazy\" decoding=\"async\" class=\"aligncenter size-large wp-image-16287\" src=\"https:\/\/semmelweis.hu\/alumni\/files\/2024\/06\/Program-Prof.-Zelles-Tivadar-Szimpozium-730x1024.jpg\" alt=\"\" width=\"730\" height=\"1024\" srcset=\"https:\/\/semmelweis.hu\/alumni\/files\/2024\/06\/Program-Prof.-Zelles-Tivadar-Szimpozium-730x1024.jpg 730w, https:\/\/semmelweis.hu\/alumni\/files\/2024\/06\/Program-Prof.-Zelles-Tivadar-Szimpozium-285x400.jpg 285w, https:\/\/semmelweis.hu\/alumni\/files\/2024\/06\/Program-Prof.-Zelles-Tivadar-Szimpozium-768x1077.jpg 768w, https:\/\/semmelweis.hu\/alumni\/files\/2024\/06\/Program-Prof.-Zelles-Tivadar-Szimpozium-1095x1536.jpg 1095w, https:\/\/semmelweis.hu\/alumni\/files\/2024\/06\/Program-Prof.-Zelles-Tivadar-Szimpozium-1460x2048.jpg 1460w, https:\/\/semmelweis.hu\/alumni\/files\/2024\/06\/Program-Prof.-Zelles-Tivadar-Szimpozium-753x1056.jpg 753w, https:\/\/semmelweis.hu\/alumni\/files\/2024\/06\/Program-Prof.-Zelles-Tivadar-Szimpozium.jpg 1701w\" sizes=\"auto, (max-width: 730px) 100vw, 730px\" \/><\/p>\n<p style=\"text-align: center\"><span style=\"color: #000080\"><strong>Az esem\u00e9nyen val\u00f3 r\u00e9szv\u00e9tel ingyenes, de regisztr\u00e1ci\u00f3hoz k\u00f6t\u00f6tt, melyet az al\u00e1bbi \u0171rlap kit\u00f6lt\u00e9s\u00e9vel tehet meg.<\/strong><\/span><\/p>\n<p style=\"text-align: center\"><p class=\"wpcf7-contact-form-not-found\"><strong>Hiba:<\/strong> Kapcsolatfelv\u00e9teli \u0171rlap nem tal\u00e1lhat\u00f3.<\/p><\/p>\n<p>&nbsp;<\/p>\n","protected":false},"excerpt":{"rendered":"<p>Az esem\u00e9nyen val\u00f3 r\u00e9szv\u00e9tel ingyenes, de regisztr\u00e1ci\u00f3hoz k\u00f6t\u00f6tt, melyet az al\u00e1bbi \u0171rlap kit\u00f6lt\u00e9s\u00e9vel tehet meg.<\/p>\n<p>&nbsp;<\/p>\n","protected":false},"author":101627,"featured_media":0,"parent":1130,"menu_order":0,"comment_status":"closed","ping_status":"closed","template":"","meta":{"_acf_changed":false,"footnotes":""},"categories":[157],"tags":[],"class_list":["post-16292","page","type-page","status-publish","hentry","category-rendezvenyek"],"acf":[],"publishpress_future_action":{"enabled":false,"date":"1970-01-01 01:00:00","action":"","terms":[],"taxonomy":"","browser_timezone_offset":0},"_links":{"self":[{"href":"https:\/\/semmelweis.hu\/alumni\/wp-json\/wp\/v2\/pages\/16292","targetHints":{"allow":["GET"]}}],"collection":[{"href":"https:\/\/semmelweis.hu\/alumni\/wp-json\/wp\/v2\/pages"}],"about":[{"href":"https:\/\/semmelweis.hu\/alumni\/wp-json\/wp\/v2\/types\/page"}],"author":[{"embeddable":true,"href":"https:\/\/semmelweis.hu\/alumni\/wp-json\/wp\/v2\/users\/101627"}],"replies":[{"embeddable":true,"href":"https:\/\/semmelweis.hu\/alumni\/wp-json\/wp\/v2\/comments?post=16292"}],"version-history":[{"count":5,"href":"https:\/\/semmelweis.hu\/alumni\/wp-json\/wp\/v2\/pages\/16292\/revisions"}],"predecessor-version":[{"id":16317,"href":"https:\/\/semmelweis.hu\/alumni\/wp-json\/wp\/v2\/pages\/16292\/revisions\/16317"}],"up":[{"embeddable":true,"href":"https:\/\/semmelweis.hu\/alumni\/wp-json\/wp\/v2\/pages\/1130"}],"wp:attachment":[{"href":"https:\/\/semmelweis.hu\/alumni\/wp-json\/wp\/v2\/media?parent=16292"}],"wp:term":[{"taxonomy":"category","embeddable":true,"href":"https:\/\/semmelweis.hu\/alumni\/wp-json\/wp\/v2\/categories?post=16292"},{"taxonomy":"post_tag","embeddable":true,"href":"https:\/\/semmelweis.hu\/alumni\/wp-json\/wp\/v2\/tags?post=16292"}],"curies":[{"name":"wp","href":"https:\/\/api.w.org\/{rel}","templated":true}]}}