{"id":11931,"date":"2024-01-26T11:27:16","date_gmt":"2024-01-26T10:27:16","guid":{"rendered":"https:\/\/semmelweis.hu\/alumni\/?page_id=11931"},"modified":"2026-01-09T16:04:13","modified_gmt":"2026-01-09T15:04:13","slug":"kieges-es-karrier-celok-es-az-egeszseges-motivacio-fenntartasanak-iranyai-2024-04-03","status":"publish","type":"page","link":"https:\/\/semmelweis.hu\/alumni\/szolgaltatasok\/kepzeseink\/szemelyes-kepzeseink\/kieges-es-karrier-celok-es-az-egeszseges-motivacio-fenntartasanak-iranyai-2024-04-03\/","title":{"rendered":"Ki\u00e9g\u00e9s \u00e9s karrier &#8211; c\u00e9lok \u00e9s az eg\u00e9szs\u00e9ges motiv\u00e1ci\u00f3 fenntart\u00e1s\u00e1nak ir\u00e1nyai 2026. janu\u00e1r 24., szombat"},"content":{"rendered":"<h1><strong><img loading=\"lazy\" decoding=\"async\" class=\"alignright\" src=\"https:\/\/semmelweis.hu\/alumni\/files\/2024\/01\/Foto_Kieges.jpg\" alt=\"\" width=\"252\" height=\"168\" \/>Ki\u00e9g\u00e9s \u00e9s karrier &#8211; c\u00e9lok \u00e9s az eg\u00e9szs\u00e9ges motiv\u00e1ci\u00f3 fenntart\u00e1s\u00e1nak ir\u00e1nyai<\/strong><\/h1>\n<ul>\n<li>Tudod, hogy hogyan d\u00f6nt\u00fcnk egy adott \u00e9letp\u00e1lya mellett?<\/li>\n<li>Milyen t\u00e9nyez\u0151k befoly\u00e1solj\u00e1k a v\u00e1laszt\u00e1sainkat, ha karrierr\u0151l \u00e9s munkahely keres\u00e9sr\u0151l van sz\u00f3?<\/li>\n<li>Melyek azok a t\u00e9nyez\u0151k, amik ir\u00e1nyv\u00e1lt\u00e1sra k\u00e9sztetnek minket?<\/li>\n<li>Hogy m\u0171k\u00f6dik a kollekt\u00edv \u00e9s egy\u00e9ni motiv\u00e1ci\u00f3?<\/li>\n<li>Mi kell ahhoz, hogy tiszt\u00e1ba ker\u00fclj\u00fcnk saj\u00e1t igazi c\u00e9ljainkkal, megl\u00e1ssuk, mi a mi \u00e9letc\u00e9lunk?<\/li>\n<\/ul>\n<p>Az interakt\u00edv workshop a munkahelyi terhelts\u00e9ggel \u00e9s a szakmai kiteljesed\u00e9ssel, a c\u00e9lok megfogalmaz\u00e1s\u00e1val \u00e9s el\u00e9r\u00e9s\u00e9vel foglalkozik. Felsorakoztatja a ki\u00e9g\u00e9s 5 f\u00e1zis\u00e1t, ezekhez konkr\u00e9t p\u00e9ld\u00e1kon kereszt\u00fcl ad elker\u00fcl\u00e9st t\u00e1mogat\u00f3 megold\u00e1sokat \u00e9s technik\u00e1kat. A workshopon gyakorlatok seg\u00edts\u00e9g\u00e9vel t\u00e9rk\u00e9pezz\u00fck fel az egy\u00e9ni c\u00e9lok \u00e9s az \u00f6nmegval\u00f3s\u00edt\u00e1s egy\u00e9ni folyamat\u00e1t, kives\u00e9zz\u00fck a legf\u0151bb c\u00e9lok sikeress\u00e9g\u00e9t t\u00e1mogat\u00f3 folyamat l\u00e9p\u00e9seit \u00e9s r\u00e1n\u00e9z\u00fcnk a sikerkulcsokat tartalmaz\u00f3, ki\u00e9g\u00e9st megel\u0151z\u0151 strat\u00e9gia lehets\u00e9ges ir\u00e1nyaira.<\/p>\n<h3>\u00a0<\/h3>\n<h3>A tr\u00e9ning jellemz\u0151i:<\/h3>\n<ul>\n<li><span style=\"color: #000000\">A tanfolyamot offline tartjuk.\u00a0<\/span><\/li>\n<li><span style=\"color: #000000\">A tr\u00e9ning 9:00-t\u00f3l 15:00-ig tart. A tr\u00e9ning tematik\u00e1ja egy \u00edvet k\u00f6vet, ez\u00e9rt annak \u00e9rdemes jelentkezni, aki a teljes id\u0151tartamban jelen tud lenni.<\/span><\/li>\n<li><span style=\"color: #000000\">A tr\u00e9ning maxim\u00e1lis l\u00e9tsz\u00e1ma az interakt\u00edv forma miatt 20 f\u0151<\/span><\/li>\n<li><span style=\"color: #000000\">A r\u00e9szv\u00e9tel a Semmelweis Egyetem b\u00e1rmely v\u00e9gzett hallgat\u00f3ja sz\u00e1m\u00e1ra ingyenes, de regisztr\u00e1ci\u00f3hoz k\u00f6t\u00f6tt.<\/span><\/li>\n<li><span style=\"color: #000000\">Tr\u00e9ner: Ant\u00f3ny Korn\u00e9lia<\/span><\/li>\n<li><span style=\"color: #000000\"><strong>A soron k\u00f6vetkez\u0151 k\u00e9pz\u00e9s id\u0151pontja: 2026. janu\u00e1r 24., szombat<\/strong><\/span><\/li>\n<li><span style=\"color: #000000\">A tanfolyam helysz\u00edne: 1085 Budapest, \u00dcll\u0151i \u00fat 26. T\u00e1rgyal\u00f3<\/span><\/li>\n<li><span style=\"color: #000000\"><span style=\"color: #000000\">Fontos! A k\u00e9pz\u00e9sen az els\u0151 16 jelentkez\u0151 tud majd r\u00e9szt venni, a tov\u00e1bbiakban v\u00e1r\u00f3list\u00e1ra ker\u00fclnek a jelentkez\u0151k, k\u00e9rj\u00fck, hogy a jelentkez\u00e9st kezelj\u00e9k felel\u0151ss\u00e9ggel! Amennyiben a jelentkez\u0151 a k\u00e9pz\u00e9st nem mondja le \u00e9s nem jelenik meg a k\u00e9pz\u00e9sen, akkor ebben a f\u00e9l\u00e9vben az Alumni \u00e1ltal szervezett k\u00e9pz\u00e9seken m\u00e1r nem vehet r\u00e9szt.<\/span><\/span><\/li>\n<\/ul>\n<p style=\"text-align: center\"><a class=\"button\" href=\"https:\/\/outlook.office.com\/book\/Kpzsek@unisemmelweis.onmicrosoft.com\/s\/HzJyrf09EUCZAq3IX-iXRw2?ismsaljsauthenabled\" target=\"_blank\" rel=\"noopener\">jelentkez\u00e9s<\/a><\/p>\n<p>&nbsp;<\/p>\n","protected":false},"excerpt":{"rendered":"<p>Ki\u00e9g\u00e9s \u00e9s karrier &#8211; c\u00e9lok \u00e9s az eg\u00e9szs\u00e9ges motiv\u00e1ci\u00f3 fenntart\u00e1s\u00e1nak ir\u00e1nyai Tudod, hogy hogyan d\u00f6nt\u00fcnk egy adott \u00e9letp\u00e1lya mellett? Milyen t\u00e9nyez\u0151k befoly\u00e1solj\u00e1k a v\u00e1laszt\u00e1sainkat, ha karrierr\u0151l \u00e9s munkahely keres\u00e9sr\u0151l van sz\u00f3? Melyek azok a t\u00e9nyez\u0151k, amik ir\u00e1nyv\u00e1lt\u00e1sra k\u00e9sztetnek minket? Hogy m\u0171k\u00f6dik a kollekt\u00edv \u00e9s egy\u00e9ni motiv\u00e1ci\u00f3? Mi kell ahhoz, hogy tiszt\u00e1ba ker\u00fclj\u00fcnk saj\u00e1t igazi c\u00e9ljainkkal, &hellip;<\/p>\n","protected":false},"author":101627,"featured_media":27810,"parent":4874,"menu_order":0,"comment_status":"closed","ping_status":"closed","template":"","meta":{"_acf_changed":false,"footnotes":""},"categories":[336],"tags":[],"class_list":["post-11931","page","type-page","status-publish","has-post-thumbnail","hentry","category-aktualiskepzesek"],"acf":[],"publishpress_future_action":{"enabled":false,"date":"1970-01-01 01:00:00","action":"","terms":[],"taxonomy":"","browser_timezone_offset":0},"_links":{"self":[{"href":"https:\/\/semmelweis.hu\/alumni\/wp-json\/wp\/v2\/pages\/11931","targetHints":{"allow":["GET"]}}],"collection":[{"href":"https:\/\/semmelweis.hu\/alumni\/wp-json\/wp\/v2\/pages"}],"about":[{"href":"https:\/\/semmelweis.hu\/alumni\/wp-json\/wp\/v2\/types\/page"}],"author":[{"embeddable":true,"href":"https:\/\/semmelweis.hu\/alumni\/wp-json\/wp\/v2\/users\/101627"}],"replies":[{"embeddable":true,"href":"https:\/\/semmelweis.hu\/alumni\/wp-json\/wp\/v2\/comments?post=11931"}],"version-history":[{"count":11,"href":"https:\/\/semmelweis.hu\/alumni\/wp-json\/wp\/v2\/pages\/11931\/revisions"}],"predecessor-version":[{"id":38868,"href":"https:\/\/semmelweis.hu\/alumni\/wp-json\/wp\/v2\/pages\/11931\/revisions\/38868"}],"up":[{"embeddable":true,"href":"https:\/\/semmelweis.hu\/alumni\/wp-json\/wp\/v2\/pages\/4874"}],"wp:featuredmedia":[{"embeddable":true,"href":"https:\/\/semmelweis.hu\/alumni\/wp-json\/wp\/v2\/media\/27810"}],"wp:attachment":[{"href":"https:\/\/semmelweis.hu\/alumni\/wp-json\/wp\/v2\/media?parent=11931"}],"wp:term":[{"taxonomy":"category","embeddable":true,"href":"https:\/\/semmelweis.hu\/alumni\/wp-json\/wp\/v2\/categories?post=11931"},{"taxonomy":"post_tag","embeddable":true,"href":"https:\/\/semmelweis.hu\/alumni\/wp-json\/wp\/v2\/tags?post=11931"}],"curies":[{"name":"wp","href":"https:\/\/api.w.org\/{rel}","templated":true}]}}