{"id":11227,"date":"2023-11-24T13:56:39","date_gmt":"2023-11-24T12:56:39","guid":{"rendered":"https:\/\/semmelweis.hu\/alumni\/?page_id=11227"},"modified":"2023-11-24T13:56:39","modified_gmt":"2023-11-24T12:56:39","slug":"diplomas-palyakovetesi-rendszer-dpr-2022-evi-felmeresnek-legfobb-eredmenyei","status":"publish","type":"page","link":"https:\/\/semmelweis.hu\/alumni\/alumni-halozat\/diplomas-palyakovetesi-rendszer\/diplomas-palyakovetesi-rendszer-dpr-2022-evi-felmeresnek-legfobb-eredmenyei\/","title":{"rendered":"Diplom\u00e1s P\u00e1lyak\u00f6vet\u00e9si Rendszer (DPR) 2022. \u00e9vi felm\u00e9r\u00e9snek legf\u0151bb eredm\u00e9nyei"},"content":{"rendered":"<p><embed src=\"https:\/\/semmelweis.hu\/alumni\/files\/2023\/11\/DPR-beszamolo_2022.pdf\" width=\"100%\" height=\"900\"><\/embed>&gt;<\/p>\n","protected":false},"excerpt":{"rendered":"<p>&gt;<\/p>\n","protected":false},"author":101947,"featured_media":0,"parent":809,"menu_order":0,"comment_status":"closed","ping_status":"closed","template":"","meta":{"_acf_changed":false,"footnotes":""},"categories":[30],"tags":[],"class_list":["post-11227","page","type-page","status-publish","hentry","category-egyeb-kategoria-hu"],"acf":[],"publishpress_future_action":{"enabled":false,"date":"1970-01-01 01:00:00","action":"","terms":[],"taxonomy":"","browser_timezone_offset":0},"_links":{"self":[{"href":"https:\/\/semmelweis.hu\/alumni\/wp-json\/wp\/v2\/pages\/11227","targetHints":{"allow":["GET"]}}],"collection":[{"href":"https:\/\/semmelweis.hu\/alumni\/wp-json\/wp\/v2\/pages"}],"about":[{"href":"https:\/\/semmelweis.hu\/alumni\/wp-json\/wp\/v2\/types\/page"}],"author":[{"embeddable":true,"href":"https:\/\/semmelweis.hu\/alumni\/wp-json\/wp\/v2\/users\/101947"}],"replies":[{"embeddable":true,"href":"https:\/\/semmelweis.hu\/alumni\/wp-json\/wp\/v2\/comments?post=11227"}],"version-history":[{"count":2,"href":"https:\/\/semmelweis.hu\/alumni\/wp-json\/wp\/v2\/pages\/11227\/revisions"}],"predecessor-version":[{"id":11230,"href":"https:\/\/semmelweis.hu\/alumni\/wp-json\/wp\/v2\/pages\/11227\/revisions\/11230"}],"up":[{"embeddable":true,"href":"https:\/\/semmelweis.hu\/alumni\/wp-json\/wp\/v2\/pages\/809"}],"wp:attachment":[{"href":"https:\/\/semmelweis.hu\/alumni\/wp-json\/wp\/v2\/media?parent=11227"}],"wp:term":[{"taxonomy":"category","embeddable":true,"href":"https:\/\/semmelweis.hu\/alumni\/wp-json\/wp\/v2\/categories?post=11227"},{"taxonomy":"post_tag","embeddable":true,"href":"https:\/\/semmelweis.hu\/alumni\/wp-json\/wp\/v2\/tags?post=11227"}],"curies":[{"name":"wp","href":"https:\/\/api.w.org\/{rel}","templated":true}]}}