{"id":1103,"date":"2019-11-26T21:56:06","date_gmt":"2019-11-26T20:56:06","guid":{"rendered":"http:\/\/semmelweis.hu\/alumni\/?page_id=1103"},"modified":"2023-02-21T21:12:03","modified_gmt":"2023-02-21T20:12:03","slug":"contact-us","status":"publish","type":"page","link":"https:\/\/semmelweis.hu\/alumni\/en\/alumni-network\/contact-us\/","title":{"rendered":"Contact us"},"content":{"rendered":"<p style=\"text-align: center\"><strong><span style=\"font-size: 24pt;color: #003366\"><span style=\"font-size: 36pt\">A\u00a0 \u00a0L\u00a0 \u00a0U\u00a0 \u00a0M\u00a0 \u00a0N\u00a0 \u00a0I<\/span><br \/>\n<\/span><\/strong><span style=\"font-size: 24pt;color: #003366\">SEMMELWEIS UNIVERSITY<\/span><\/p>\n<p><img loading=\"lazy\" decoding=\"async\" class=\"wp-image-4149 alignright\" style=\"color: #003366\" src=\"https:\/\/semmelweis.hu\/alumni\/files\/2022\/04\/cropped-cropped-SE_ALUMNI_logo_ENG_RGB_-05-400x400.png\" alt=\"\" width=\"271\" height=\"271\" srcset=\"https:\/\/semmelweis.hu\/alumni\/files\/2022\/04\/cropped-cropped-SE_ALUMNI_logo_ENG_RGB_-05-400x400.png 400w, https:\/\/semmelweis.hu\/alumni\/files\/2022\/04\/cropped-cropped-SE_ALUMNI_logo_ENG_RGB_-05-150x150.png 150w, https:\/\/semmelweis.hu\/alumni\/files\/2022\/04\/cropped-cropped-SE_ALUMNI_logo_ENG_RGB_-05-270x270.png 270w, https:\/\/semmelweis.hu\/alumni\/files\/2022\/04\/cropped-cropped-SE_ALUMNI_logo_ENG_RGB_-05-192x192.png 192w, https:\/\/semmelweis.hu\/alumni\/files\/2022\/04\/cropped-cropped-SE_ALUMNI_logo_ENG_RGB_-05-180x180.png 180w, https:\/\/semmelweis.hu\/alumni\/files\/2022\/04\/cropped-cropped-SE_ALUMNI_logo_ENG_RGB_-05-32x32.png 32w, https:\/\/semmelweis.hu\/alumni\/files\/2022\/04\/cropped-cropped-SE_ALUMNI_logo_ENG_RGB_-05.png 512w\" sizes=\"auto, (max-width: 271px) 100vw, 271px\" \/><\/p>\n<p>&nbsp;<\/p>\n<p><span style=\"color: #003366\"><strong>Address: <\/strong>H-1085 Budapest \u00dcll\u0151i \u00fat 26.\u00a0 2.f. 213.<br \/>\n<\/span><span style=\"color: #003366\"><strong>Phone:<\/strong><\/span> <span style=\"color: #003366\">+36-20-666-3506<br \/>\n<\/span><span style=\"color: #003366\"><strong>E-mail: <\/strong><a href=\"mailto:alumni@semmelweis.hu\">alumni@semmelweis.hu<\/a><\/span> \u00a0<\/p>\n<p><span style=\"color: #003366\"><strong>Director:<\/strong> Dr. Tam\u00e1s Heged\u00fcs<\/span><br \/>\n<span style=\"color: #003366\"><strong>Phone: <\/strong>+36-20-666 3506<\/span> <br \/>\n<span style=\"color: #003366\"><strong>E-mail: <\/strong>hegedus.tamas@semmelweis.hu<\/span><\/p>\n<p>&nbsp;<\/p>\n<p><iframe loading=\"lazy\" src=\"https:\/\/www.google.com\/maps\/embed?pb=!1m18!1m12!1m3!1d43152.74039254952!2d19.028233035542737!3d47.46952768611301!2m3!1f0!2f0!3f0!3m2!1i1024!2i768!4f13.1!3m3!1m2!1s0x4741dc5eb96a408b%3A0xb3d1b5c606b54325!2sSemmelweis%20Egyetem%20Alumni%20Igazgat%C3%B3s%C3%A1g!5e0!3m2!1shu!2shu!4v1665902821757!5m2!1shu!2shu\" width=\"600\" height=\"450\"><\/iframe><\/p>\n<p><img loading=\"lazy\" decoding=\"async\" class=\"alignnone  wp-image-4553\" src=\"https:\/\/semmelweis.hu\/alumni\/files\/2022\/10\/gold-facebook-icon-11549836957sjn99zmke6-391x400.png\" alt=\"\" width=\"39\" height=\"40\" \/> \u00a0<a href=\"https:\/\/www.facebook.com\/alumnisemmelweisuniv\/\">Semmelweis Alumni<\/a><\/p>\n<p><img loading=\"lazy\" decoding=\"async\" class=\"alignnone  wp-image-4554\" src=\"https:\/\/semmelweis.hu\/alumni\/files\/2022\/10\/instagram-1-300x300-1.png\" alt=\"\" width=\"45\" height=\"45\" \/> <a href=\"https:\/\/www.instagram.com\/semmelweis.alumni\/\">Semmelweis Alumni<\/a><\/p>\n<p><b><span lang=\"EN-GB\">If you or your company would like to cooperate with us, please contact our colleague!<\/span><\/b><\/p>\n<p><b><span lang=\"EN-GB\">L\u00e1szl\u00f3 K\u00f3sa<br \/>\n<\/span><\/b><b><span lang=\"EN-GB\">+36 20 666 3997<br \/>\n<\/span><\/b><b><span lang=\"EN-GB\"><a href=\"mailto:kosa.laszlo@semmelweis.hu\" target=\"_blank\" rel=\"noopener noreferrer\">kosa.laszlo@semmelweis.hu<\/a><\/span><\/b><span lang=\"EN-GB\"><u><\/u>\u00a0<\/span><\/p>\n","protected":false},"excerpt":{"rendered":"<p>A\u00a0 \u00a0L\u00a0 \u00a0U\u00a0 \u00a0M\u00a0 \u00a0N\u00a0 \u00a0I SEMMELWEIS UNIVERSITY &nbsp; Address: H-1085 Budapest \u00dcll\u0151i \u00fat 26.\u00a0 2.f. 213. Phone: +36-20-666-3506 E-mail: <a href=\"mailto:alumni@semmelweis.hu\">alumni@semmelweis.hu<\/a> \u00a0 Director: Dr. Tam\u00e1s Heged\u00fcs Phone: +36-20-666 3506 E-mail: hegedus.tamas@semmelweis.hu &nbsp; \u00a0 <a href=\"https:\/\/www.facebook.com\/alumnisemmelweisuniv\/\">Semmelweis Alumni<\/a> <a href=\"https:\/\/www.instagram.com\/semmelweis.alumni\/\">Semmelweis Alumni<\/a> If you or your company would like to cooperate with us, please contact our colleague! L\u00e1szl\u00f3 K\u00f3sa +36 20 666 3997 <a href=\"mailto:kosa.laszlo@semmelweis.hu\" target=\"_blank\" rel=\"noopener noreferrer\">kosa.laszlo@semmelweis.hu<\/a> &hellip;<\/p>\n","protected":false},"author":101158,"featured_media":0,"parent":1056,"menu_order":6,"comment_status":"closed","ping_status":"closed","template":"template-fullwidth.php","meta":{"_acf_changed":false,"footnotes":""},"categories":[],"tags":[],"class_list":["post-1103","page","type-page","status-publish","hentry"],"acf":[],"publishpress_future_action":{"enabled":false,"date":"1970-01-01 01:00:00","action":"","terms":[],"taxonomy":"","browser_timezone_offset":0},"_links":{"self":[{"href":"https:\/\/semmelweis.hu\/alumni\/wp-json\/wp\/v2\/pages\/1103","targetHints":{"allow":["GET"]}}],"collection":[{"href":"https:\/\/semmelweis.hu\/alumni\/wp-json\/wp\/v2\/pages"}],"about":[{"href":"https:\/\/semmelweis.hu\/alumni\/wp-json\/wp\/v2\/types\/page"}],"author":[{"embeddable":true,"href":"https:\/\/semmelweis.hu\/alumni\/wp-json\/wp\/v2\/users\/101158"}],"replies":[{"embeddable":true,"href":"https:\/\/semmelweis.hu\/alumni\/wp-json\/wp\/v2\/comments?post=1103"}],"version-history":[{"count":11,"href":"https:\/\/semmelweis.hu\/alumni\/wp-json\/wp\/v2\/pages\/1103\/revisions"}],"predecessor-version":[{"id":4962,"href":"https:\/\/semmelweis.hu\/alumni\/wp-json\/wp\/v2\/pages\/1103\/revisions\/4962"}],"up":[{"embeddable":true,"href":"https:\/\/semmelweis.hu\/alumni\/wp-json\/wp\/v2\/pages\/1056"}],"wp:attachment":[{"href":"https:\/\/semmelweis.hu\/alumni\/wp-json\/wp\/v2\/media?parent=1103"}],"wp:term":[{"taxonomy":"category","embeddable":true,"href":"https:\/\/semmelweis.hu\/alumni\/wp-json\/wp\/v2\/categories?post=1103"},{"taxonomy":"post_tag","embeddable":true,"href":"https:\/\/semmelweis.hu\/alumni\/wp-json\/wp\/v2\/tags?post=1103"}],"curies":[{"name":"wp","href":"https:\/\/api.w.org\/{rel}","templated":true}]}}