{"id":11001,"date":"2023-11-22T10:46:21","date_gmt":"2023-11-22T09:46:21","guid":{"rendered":"https:\/\/semmelweis.hu\/alumni\/?p=11001"},"modified":"2025-01-27T10:50:36","modified_gmt":"2025-01-27T09:50:36","slug":"jotekonysagi-borkostolo","status":"publish","type":"page","link":"https:\/\/semmelweis.hu\/alumni\/rendezvenyek\/jotekonysagi-borkostolo\/","title":{"rendered":"J\u00f3t\u00e9konys\u00e1gi Bork\u00f3stol\u00f3"},"content":{"rendered":"<div class=\"lead\">A Semmelweis Alumni Igazgat\u00f3s\u00e1g hagyom\u00e1nyosan decemberben rendezi meg a j\u00f3t\u00e9konys\u00e1gi bork\u00f3stol\u00f3j\u00e1t, amelyre szeretettel v\u00e1r minden borkedvel\u0151 Semmelweis Polg\u00e1rt \u00e9s k\u00eds\u00e9r\u0151j\u00e9t!<\/div>\n<div style=\"text-align: center\"><img loading=\"lazy\" decoding=\"async\" class=\"aligncenter wp-image-15831 size-full\" src=\"https:\/\/semmelweis.hu\/alumni\/files\/2023\/11\/417553080_777611634467882_3617289595550582772_n.jpg\" alt=\"\" width=\"961\" height=\"540\" srcset=\"https:\/\/semmelweis.hu\/alumni\/files\/2023\/11\/417553080_777611634467882_3617289595550582772_n.jpg 961w, https:\/\/semmelweis.hu\/alumni\/files\/2023\/11\/417553080_777611634467882_3617289595550582772_n-400x225.jpg 400w, https:\/\/semmelweis.hu\/alumni\/files\/2023\/11\/417553080_777611634467882_3617289595550582772_n-768x432.jpg 768w, https:\/\/semmelweis.hu\/alumni\/files\/2023\/11\/417553080_777611634467882_3617289595550582772_n-753x423.jpg 753w\" sizes=\"auto, (max-width: 961px) 100vw, 961px\" \/><\/div>\n<div>\u00a0<\/div>\n<p>A Semmelweis Egyetem id\u00e9n tizenharmadik alkalommal hirdette meg orsz\u00e1gos borverseny\u00e9t. A Semmelweis Egyetem Bor\u00e1t ez alkalommal is szakmai verseny keret\u00e9n bel\u00fcl v\u00e1lasztott\u00e1k ki, a b\u00edr\u00e1l\u00f3bizotts\u00e1gban az egyetem munkat\u00e1rsai, min\u0151s\u00edtett borb\u00edr\u00e1k, valamint szak\u00fajs\u00e1g\u00edr\u00f3k vettek r\u00e9szt.<\/p>\n<p>A J\u00f3t\u00e9konys\u00e1gi Bork\u00f3stol\u00f3 r\u00e9sztvev\u0151inek a 2023-as Semmelweis Egyetem Bora borverseny\u00e9nek gy\u0151ztes borait lesz lehet\u0151s\u00e9g\u00fck megk\u00f3stolni Piskor Fanni borszak\u00e9rt\u0151 t\u00e1rsas\u00e1g\u00e1ban.<\/p>\n<p>Semmelweis Egyetem Bora borverseny gy\u0151ztes borai 2023-ban:<\/p>\n<p><strong>K\u00e1rp\u00e1t-medencei feh\u00e9rbor kateg\u00f3ria<\/strong><br \/>\n\ud83c\udf77 Pannon Tokaj Pinc\u00e9szet \u2022 Tokaji Dominium Furmint Kincsem d\u0171l\u0151 sz\u00e1raz 2019<\/p>\n<p><strong>Vil\u00e1gfajt\u00e1k feh\u00e9r kateg\u00f3ria<\/strong><br \/>\n\ud83c\udf77 Nyakas Pince \u2022 Men\u00e1dok Budai Pinot Gris 2017<\/p>\n<p><strong>K\u00e1rp\u00e1t-medencei v\u00f6r\u00f6sbor kateg\u00f3ria<\/strong><br \/>\n\ud83c\udf77 Bolyki Pinc\u00e9szet \u2022 BOLYKI \u00c9S BOLYKI Egri Bikav\u00e9r Superior 2019<\/p>\n<p><strong>Vil\u00e1gfajt\u00e1k v\u00f6r\u00f6s kateg\u00f3ria<\/strong><br \/>\n\ud83c\udf77 Vesztergombi Pinc\u00e9szet \u2022 Csaba Cuv\u00e9e 2020<br \/>\n\ud83c\udf77 Takler Borbirtok \u2022 TAKLER Regnum 2019<\/p>\n<p><strong>Desszertbor kateg\u00f3ria<\/strong><br \/>\n\ud83c\udf77 Pannon Tokaj Pinc\u00e9szet Tokaji Asz\u00fa 5 puttonyos 2014<\/p>\n<div class=\"fontos_div\">\n<p>Id\u0151pont: 2023. december 7., 18:00-21:00<br \/>\nHelysz\u00edn: 1085 Budapest, \u00dcll\u0151i \u00fat 26. I. emelet \u2013 Semmelweis Szalon<\/p>\n<\/div>\n<p>A bel\u00e9p\u0151jegyek megv\u00e1s\u00e1rolhat\u00f3k az Orsz\u00e1gos Bort\u00fara mobilapplik\u00e1ci\u00f3j\u00e1ban, a Bort\u00fara Appon kereszt\u00fcl:\u00a0<a href=\"https:\/\/www.orszagosbortura.hu\/esemenyek\/2rnfgmnngcqzsitwuouks\"><b>https:\/\/www.orszagosbortura.hu\/esemenyek\/2rnfgmnngcqzsitwuouks<\/b><\/a><br \/>\nA Bort\u00fara App let\u00f6lthet\u0151 az AppStore \u00e9s a GooglePlay \u00e1ruh\u00e1zb\u00f3l vagy az al\u00e1bbi linkre kattintva:\u00a0<a href=\"https:\/\/app.orszagosbortura.hu\/\"><b>https:\/\/app.orszagosbortura.hu\/<\/b><\/a><\/p>\n<p><em><strong>A r\u00e9szv\u00e9teli d\u00edj tartalmazza:<\/strong><\/em><\/p>\n<p>\u25b8 a d\u00edjnyertes borok k\u00f3stol\u00e1s\u00e1t (6 t\u00e9tel)<br \/>\n\u25b8 sv\u00e9dasztalos ital- \u00e9s \u00e9telfogyaszt\u00e1st<br \/>\nA k\u00f3stol\u00f3 sor\u00e1n:<br \/>\n\u25b8 borkorcsoly\u00e1t (az \u00edzlel\u0151bimb\u00f3k fitten tart\u00e1s\u00e1hoz)<br \/>\n\u25b8 k\u00f3stol\u00f3jegyzetet (a hallottak r\u00f6gz\u00edt\u00e9s\u00e9re)<br \/>\n\u25b8 korl\u00e1tlan sz\u00f3d\u00e1t (a megfelel\u0151 hidrat\u00e1l\u00e1shoz)<\/p>\n<p><i>A jegy megv\u00e1s\u00e1rl\u00e1s\u00e1val a Semmelweis Egyetem Alap\u00edtv\u00e1nyt t\u00e1mogatja. Az Alap\u00edtv\u00e1ny az idei \u00e9vben a J\u00f3nak lenni j\u00f3! kamp\u00e1nyt, azon bel\u00fcl a korasz\u00fcl\u00f6tt \u00e9s a velesz\u00fcletett rendelleness\u00e9ggel \u00e9l\u0151 gyermekeket t\u00e1mogatja.<\/i><\/p>\n<p><em><strong>Tervezett program:<\/strong><\/em><\/p>\n<p>18:00-18:30 vend\u00e9gfogad\u00e1s<br \/>\n18:30-20:00 bork\u00f3stol\u00f3 Piskor Fanni borszak\u00e9rt\u0151 vezet\u00e9s\u00e9vel<br \/>\n20:00-21:00 k\u00f6tetlen besz\u00e9lget\u00e9s<\/p>\n<p>\u2139\ufe0f A szervez\u0151k a programv\u00e1ltoz\u00e1s jog\u00e1t fenntartj\u00e1k!<\/p>\n<p>\ud83d\udcf8 Az esem\u00e9nyen k\u00e9p- \u00e9s videofelv\u00e9tel k\u00e9sz\u00fclhet.<\/p>\n","protected":false},"excerpt":{"rendered":"<p>A Semmelweis Alumni Igazgat\u00f3s\u00e1g hagyom\u00e1nyosan decemberben rendezi meg a j\u00f3t\u00e9konys\u00e1gi bork\u00f3stol\u00f3j\u00e1t, amelyre szeretettel v\u00e1r minden borkedvel\u0151 Semmelweis Polg\u00e1rt \u00e9s k\u00eds\u00e9r\u0151j\u00e9t! \u00a0 A Semmelweis Egyetem id\u00e9n tizenharmadik alkalommal hirdette meg orsz\u00e1gos borverseny\u00e9t. A Semmelweis Egyetem Bor\u00e1t ez alkalommal is szakmai verseny keret\u00e9n bel\u00fcl v\u00e1lasztott\u00e1k ki, a b\u00edr\u00e1l\u00f3bizotts\u00e1gban az egyetem munkat\u00e1rsai, min\u0151s\u00edtett borb\u00edr\u00e1k, valamint szak\u00fajs\u00e1g\u00edr\u00f3k vettek r\u00e9szt. &hellip;<\/p>\n","protected":false},"author":101627,"featured_media":23347,"parent":1130,"menu_order":0,"comment_status":"closed","ping_status":"closed","template":"","meta":{"_acf_changed":false,"footnotes":""},"categories":[236,157],"tags":[],"class_list":["post-11001","page","type-page","status-publish","has-post-thumbnail","hentry","category-borkostolo","category-rendezvenyek"],"acf":[],"publishpress_future_action":{"enabled":false,"date":"1970-01-01 01:00:00","action":"","terms":[],"taxonomy":"","browser_timezone_offset":0},"_links":{"self":[{"href":"https:\/\/semmelweis.hu\/alumni\/wp-json\/wp\/v2\/pages\/11001","targetHints":{"allow":["GET"]}}],"collection":[{"href":"https:\/\/semmelweis.hu\/alumni\/wp-json\/wp\/v2\/pages"}],"about":[{"href":"https:\/\/semmelweis.hu\/alumni\/wp-json\/wp\/v2\/types\/page"}],"author":[{"embeddable":true,"href":"https:\/\/semmelweis.hu\/alumni\/wp-json\/wp\/v2\/users\/101627"}],"replies":[{"embeddable":true,"href":"https:\/\/semmelweis.hu\/alumni\/wp-json\/wp\/v2\/comments?post=11001"}],"version-history":[{"count":7,"href":"https:\/\/semmelweis.hu\/alumni\/wp-json\/wp\/v2\/pages\/11001\/revisions"}],"predecessor-version":[{"id":16786,"href":"https:\/\/semmelweis.hu\/alumni\/wp-json\/wp\/v2\/pages\/11001\/revisions\/16786"}],"up":[{"embeddable":true,"href":"https:\/\/semmelweis.hu\/alumni\/wp-json\/wp\/v2\/pages\/1130"}],"wp:featuredmedia":[{"embeddable":true,"href":"https:\/\/semmelweis.hu\/alumni\/wp-json\/wp\/v2\/media\/23347"}],"wp:attachment":[{"href":"https:\/\/semmelweis.hu\/alumni\/wp-json\/wp\/v2\/media?parent=11001"}],"wp:term":[{"taxonomy":"category","embeddable":true,"href":"https:\/\/semmelweis.hu\/alumni\/wp-json\/wp\/v2\/categories?post=11001"},{"taxonomy":"post_tag","embeddable":true,"href":"https:\/\/semmelweis.hu\/alumni\/wp-json\/wp\/v2\/tags?post=11001"}],"curies":[{"name":"wp","href":"https:\/\/api.w.org\/{rel}","templated":true}]}}