{"id":106,"date":"2019-08-24T16:00:30","date_gmt":"2019-08-24T14:00:30","guid":{"rendered":"http:\/\/semmelweis.hu\/alumni\/?page_id=106"},"modified":"2024-06-21T10:53:51","modified_gmt":"2024-06-21T08:53:51","slug":"alumninetwork","status":"publish","type":"page","link":"https:\/\/semmelweis.hu\/alumni\/alumni-halozat\/alumninetwork\/","title":{"rendered":"Alumni H\u00e1l\u00f3zat Regisztr\u00e1ci\u00f3"},"content":{"rendered":"<h3>Kedves Jelentkez\u0151!<\/h3>\n<p style=\"text-align: justify\">Az al\u00e1bbi \u0171rlap kit\u00f6lt\u00e9s\u00e9vel a Semmelweis Egyetem Alumni H\u00e1l\u00f3zat\u00e1nak tagj\u00e1v\u00e1 v\u00e1lik. Ezzel nem csak sz\u00e1mos <a href=\"https:\/\/semmelweis.hu\/csaladbarat\/kedvezmenyek\/?logical=AND&amp;parent_cat=kedvezmenyezett&amp;cat0=alumni\">kedvezm\u00e9nyben<\/a> r\u00e9szes\u00fclhet, de megk\u00f6nny\u00edti a <a href=\"https:\/\/semmelweis.hu\/alumni\/elerhetoseg\/\">kapcsolattart\u00e1st<\/a> az egyetem \u00e9s v\u00e9gzett hallgat\u00f3i k\u00f6z\u00f6tt.<\/p>\n<h3 style=\"text-align: justify\">Amennyiben a regisztr\u00e1ci\u00f3 sor\u00e1n ig\u00e9nyli a Csal\u00e1dbar\u00e1t K\u00e1rty\u00e1t, sz\u00e9lesebb k\u00f6rben \u00e9rheti el folyamatos fejleszt\u00e9seinket \u00e9s <a href=\"https:\/\/semmelweis.hu\/csaladbarat\/\">b\u0151v\u00fcl\u0151 lehet\u0151s\u00e9geinket<\/a> is!<\/h3>\n\n<div class=\"wpcf7 no-js\" id=\"wpcf7-f16597-o1\" lang=\"hu-HU\" dir=\"ltr\" data-wpcf7-id=\"16597\">\n<div class=\"screen-reader-response\"><p role=\"status\" aria-live=\"polite\" aria-atomic=\"true\"><\/p> <ul><\/ul><\/div>\n<form action=\"\/alumni\/wp-json\/wp\/v2\/pages\/106#wpcf7-f16597-o1\" method=\"post\" class=\"wpcf7-form init\" aria-label=\"Kapcsolatfelv\u00e9teli \u0171rlap\" novalidate=\"novalidate\" data-status=\"init\">\n<div style=\"display: none;\">\n<input type=\"hidden\" name=\"_wpcf7\" value=\"16597\" \/>\n<input type=\"hidden\" name=\"_wpcf7_version\" value=\"6.0.5\" \/>\n<input type=\"hidden\" name=\"_wpcf7_locale\" value=\"hu_HU\" \/>\n<input type=\"hidden\" name=\"_wpcf7_unit_tag\" value=\"wpcf7-f16597-o1\" \/>\n<input type=\"hidden\" name=\"_wpcf7_container_post\" value=\"0\" \/>\n<input type=\"hidden\" name=\"_wpcf7_posted_data_hash\" value=\"\" \/>\n<input type=\"hidden\" name=\"_wpcf7_recaptcha_response\" value=\"\" \/>\n<\/div>\n<p><label> N\u00e9v (k\u00f6telez\u0151)<br \/>\n<span class=\"wpcf7-form-control-wrap\" data-name=\"your-name\"><input size=\"40\" maxlength=\"400\" class=\"wpcf7-form-control wpcf7-text wpcf7-validates-as-required\" autocomplete=\"name\" aria-required=\"true\" aria-invalid=\"false\" value=\"\" type=\"text\" name=\"your-name\" \/><\/span> <\/label>\n<\/p>\n<p><label> E-mail c\u00edm (k\u00f6telez\u0151)<br \/>\n<span class=\"wpcf7-form-control-wrap\" data-name=\"your-email\"><input size=\"40\" maxlength=\"400\" class=\"wpcf7-form-control wpcf7-email wpcf7-validates-as-required wpcf7-text wpcf7-validates-as-email\" autocomplete=\"email\" aria-required=\"true\" aria-invalid=\"false\" value=\"\" type=\"email\" name=\"your-email\" \/><\/span> <\/label>\n<\/p>\n<p><label> Telefonsz\u00e1m<br \/>\n<span class=\"wpcf7-form-control-wrap\" data-name=\"tel-56\"><input size=\"40\" maxlength=\"400\" class=\"wpcf7-form-control wpcf7-tel wpcf7-text wpcf7-validates-as-tel\" aria-invalid=\"false\" value=\"\" type=\"tel\" name=\"tel-56\" \/><\/span> <\/label>\n<\/p>\n<p><label> C\u00edm (Csal\u00e1dbar\u00e1t K\u00e1rtya ig\u00e9nyl\u00e9se eset\u00e9n k\u00f6telez\u0151)<br \/>\n<span class=\"wpcf7-form-control-wrap\" data-name=\"adress\"><input size=\"40\" maxlength=\"400\" class=\"wpcf7-form-control wpcf7-text\" autocomplete=\"adress\" aria-invalid=\"false\" value=\"\" type=\"text\" name=\"adress\" \/><\/span> <\/label>\n<\/p>\n<p><label> Sz\u00fclet\u00e9si d\u00e1tum (k\u00f6telez\u0151)<br \/>\n<span class=\"wpcf7-form-control-wrap\" data-name=\"Szl\"><input class=\"wpcf7-form-control wpcf7-date wpcf7-validates-as-required wpcf7-validates-as-date\" aria-required=\"true\" aria-invalid=\"false\" value=\"\" type=\"date\" name=\"Szl\" \/><\/span> <\/label>\n<\/p>\n<p><label> Kar* (k\u00f6telez\u0151)<br \/>\n<span class=\"wpcf7-form-control-wrap\" data-name=\"Kar\"><select class=\"wpcf7-form-control wpcf7-select wpcf7-validates-as-required\" aria-required=\"true\" aria-invalid=\"false\" name=\"Kar\"><option value=\"---\">---<\/option><option value=\"\u00c1ltal\u00e1nos Orvostudom\u00e1nyi Kar\">\u00c1ltal\u00e1nos Orvostudom\u00e1nyi Kar<\/option><option value=\"Eg\u00e9szs\u00e9gtudom\u00e1nyi Kar\">Eg\u00e9szs\u00e9gtudom\u00e1nyi Kar<\/option><option value=\"Fogorvostudom\u00e1nyi Kar\">Fogorvostudom\u00e1nyi Kar<\/option><option value=\"Gy\u00f3gyszer\u00e9sztudom\u00e1nyi Kar\">Gy\u00f3gyszer\u00e9sztudom\u00e1nyi Kar<\/option><option value=\"Eg\u00e9szs\u00e9g\u00fcgyi K\u00f6zszolg\u00e1lati Kar\">Eg\u00e9szs\u00e9g\u00fcgyi K\u00f6zszolg\u00e1lati Kar<\/option><option value=\"Pet\u0151 Andr\u00e1s Kar\">Pet\u0151 Andr\u00e1s Kar<\/option><option value=\"Doktori Iskola\">Doktori Iskola<\/option><\/select><\/span> <\/label>\n<\/p>\n<p><label> Szak<br \/>\n<span class=\"wpcf7-form-control-wrap\" data-name=\"Szak\"><input size=\"40\" maxlength=\"400\" class=\"wpcf7-form-control wpcf7-text\" autocomplete=\"Szak\" aria-invalid=\"false\" value=\"\" type=\"text\" name=\"Szak\" \/><\/span> <\/label>\n<\/p>\n<p><label> V\u00e9gz\u00e9s d\u00e1tuma* (k\u00f6telez\u0151)<br \/>\n<span class=\"wpcf7-form-control-wrap\" data-name=\"date-511\"><input class=\"wpcf7-form-control wpcf7-date wpcf7-validates-as-required wpcf7-validates-as-date\" aria-required=\"true\" aria-invalid=\"false\" value=\"\" type=\"date\" name=\"date-511\" \/><\/span><\/label>\n<\/p>\n<p><label> *Szakvizsga - Szakk\u00e9pes\u00edt\u00e9s - ha van: (k\u00f6telez\u0151)<br \/>\n<span class=\"wpcf7-form-control-wrap\" data-name=\"Szakvizsga\"><input size=\"40\" maxlength=\"400\" class=\"wpcf7-form-control wpcf7-text wpcf7-validates-as-required\" autocomplete=\"Szakvizsga\" aria-required=\"true\" aria-invalid=\"false\" value=\"\" type=\"text\" name=\"Szakvizsga\" \/><\/span> <\/label>\n<\/p>\n<p><label> Jelenlegi munkahely<br \/>\n<span class=\"wpcf7-form-control-wrap\" data-name=\"Munkahely\"><input size=\"40\" maxlength=\"400\" class=\"wpcf7-form-control wpcf7-text\" autocomplete=\"Munkahely\" aria-invalid=\"false\" value=\"\" type=\"text\" name=\"Munkahely\" \/><\/span> <\/label>\n<\/p>\n<p><label> Kor\u00e1bbi munkahely<br \/>\n(nyug\u00e1llom\u00e1nyba vonul\u00e1s eset\u00e9n)<br \/>\n<span class=\"wpcf7-form-control-wrap\" data-name=\"Munkahely2\"><input size=\"40\" maxlength=\"400\" class=\"wpcf7-form-control wpcf7-text\" autocomplete=\"Munkahely2\" aria-invalid=\"false\" value=\"\" type=\"text\" name=\"Munkahely2\" \/><\/span> <\/label>\n<\/p>\n<p><label>*Csal\u00e1dbar\u00e1t K\u00e1rtya ig\u00e9nyl\u00e9se<br \/>\n(K\u00e9rj\u00fck a post\u00e1z\u00e1si c\u00edmet megadni!)<br \/>\n<span class=\"wpcf7-form-control-wrap\" data-name=\"radio-216\"><span class=\"wpcf7-form-control wpcf7-radio\"><span class=\"wpcf7-list-item first\"><label><input type=\"radio\" name=\"radio-216\" value=\"Ig\u00e9nylek\" checked=\"checked\" \/><span class=\"wpcf7-list-item-label\">Ig\u00e9nylek<\/span><\/label><\/span><span class=\"wpcf7-list-item last\"><label><input type=\"radio\" name=\"radio-216\" value=\"Nem ig\u00e9nylek\" \/><span class=\"wpcf7-list-item-label\">Nem ig\u00e9nylek<\/span><\/label><\/span><\/span><\/span><\/label>\n<\/p>\n<p><label> Post\u00e1z\u00e1si c\u00edm:<br \/>\n<span class=\"wpcf7-form-control-wrap\" data-name=\"your-message\"><input size=\"40\" maxlength=\"400\" class=\"wpcf7-form-control wpcf7-text\" autocomplete=\"your-message\" aria-invalid=\"false\" value=\"\" type=\"text\" name=\"your-message\" \/><\/span> <\/label><br \/>\n<hr \/>\n<\/p>\n<p><label><strong>Adatv\u00e9delmi nyilatkozat: Az al\u00e1bbi hozz\u00e1j\u00e1rul\u00e1s b\u00e1rmikor h\u00e1tr\u00e1nyos k\u00f6vetkezm\u00e9ny n\u00e9lk\u00fcl visszavonhat\u00f3, ugyanakkor a hozz\u00e1j\u00e1rul\u00e1s visszavon\u00e1sa nem \u00e9rinti a visszavon\u00e1st megel\u0151z\u0151 adatkezel\u00e9s jogszer\u0171s\u00e9g\u00e9t. Az al\u00e1bbi nyilatkozat kit\u00f6lt\u00e9se felhatalmaz\u00e1st ad a Semmelweis Egyetem Alumni Igazgat\u00f3s\u00e1ga r\u00e9sz\u00e9re a k\u00f6z\u00f6lt adatok helyess\u00e9g\u00e9nek ellen\u0151rz\u00e9s\u00e9re. Az Alumni Igazgat\u00f3s\u00e1g adatkezel\u00e9si t\u00e1j\u00e9koztat\u00f3ja <a href=\"https:\/\/semmelweis.hu\/alumni\/alumni-halozat\/adatvedelem\/\" target=\"_blank\">ide kattintva olvashat\u00f3 el<\/a>. <\/strong><br \/>\n<span class=\"wpcf7-form-control-wrap\" data-name=\"radio-284\"><span class=\"wpcf7-form-control wpcf7-radio\"><span class=\"wpcf7-list-item first last\"><label><input type=\"radio\" name=\"radio-284\" value=\"Ez\u00faton kijelentem, \u00e9s k\u00fcld\u00e9s gomb megnyom\u00e1s\u00e1val elfogadom, hogy elolvastam \u00e9s meg\u00e9rtettem az adatkezel\u00e9si t\u00e1j\u00e9koztat\u00f3t \u00e9s az abban foglalt jogaim ismeret\u00e9ben hozz\u00e1j\u00e1rulok ahhoz, hogy a Semmelweis Egyetem Alumni Igazgat\u00f3s\u00e1ga (sz\u00e9khely: 1085 Budapest \u00dcll\u0151i \u00fat 26..; ad\u00f3sz\u00e1ma: 19308674-2-44) szem\u00e9lyes adataimat az adatkezel\u00e9si t\u00e1j\u00e9koztat\u00f3ban foglaltak szerint kezelje. Egy\u00fattal kijelentem, hogy hozz\u00e1j\u00e1rul\u00e1som \u00f6nk\u00e9ntes \u00e9s megfelel\u0151 t\u00e1j\u00e9koztat\u00e1son alapul.\" \/><span class=\"wpcf7-list-item-label\">Ez\u00faton kijelentem, \u00e9s k\u00fcld\u00e9s gomb megnyom\u00e1s\u00e1val elfogadom, hogy elolvastam \u00e9s meg\u00e9rtettem az adatkezel\u00e9si t\u00e1j\u00e9koztat\u00f3t \u00e9s az abban foglalt jogaim ismeret\u00e9ben hozz\u00e1j\u00e1rulok ahhoz, hogy a Semmelweis Egyetem Alumni Igazgat\u00f3s\u00e1ga (sz\u00e9khely: 1085 Budapest \u00dcll\u0151i \u00fat 26..; ad\u00f3sz\u00e1ma: 19308674-2-44) szem\u00e9lyes adataimat az adatkezel\u00e9si t\u00e1j\u00e9koztat\u00f3ban foglaltak szerint kezelje. Egy\u00fattal kijelentem, hogy hozz\u00e1j\u00e1rul\u00e1som \u00f6nk\u00e9ntes \u00e9s megfelel\u0151 t\u00e1j\u00e9koztat\u00e1son alapul.<\/span><\/label><\/span><\/span><\/span><\/label>\n<\/p>\n<p><input class=\"wpcf7-form-control wpcf7-submit has-spinner\" type=\"submit\" value=\"Bek\u00fcld\u00e9s\" \/>\n<\/p><div class=\"wpcf7-response-output\" aria-hidden=\"true\"><\/div>\n<\/form>\n<\/div>\n\n<ul style=\"list-style-type: square\">\n<li style=\"text-align: left\"><a href=\"https:\/\/kartya.semmelweis.hu\/szabalyzat\"><strong>A Csal\u00e1dbar\u00e1t K\u00e1rtya szab\u00e1lyzata el\u00e9rhet\u0151 itt.<\/strong><\/a><\/li>\n<li style=\"text-align: left\"><strong><a href=\"https:\/\/semmelweis.hu\/alumni\/files\/2022\/10\/SKMBT_C22022101313560.pdf\">Semmelweis Alumni Adatkezel\u00e9si T\u00e1j\u00e9koztat\u00f3<\/a><\/strong><\/li>\n<li style=\"text-align: left\"><strong><a href=\"https:\/\/semmelweis.hu\/alumni\/files\/2022\/05\/SZJA-1-szazalek_-Adatkezelesi-tajekoztato_2022.pdf\">Adatkezel\u00e9si t\u00e1j\u00e9koztat\u00f3 &#8211; A Semmelweis Egyetem 1% ad\u00f3felaj\u00e1nl\u00e1sokkal kapcsolatos adatkezel\u00e9s t\u00e1rgy\u00e1ban<\/a><\/strong><\/li>\n<li style=\"text-align: left\"><strong><a href=\"https:\/\/semmelweis.hu\/alumni\/files\/2022\/05\/SZJA-1-szazalek-_-Erdekmerlegelesi-teszt_2022.pdf\">\u00c9rdekm\u00e9rlegel\u00e9si teszt &#8211;\u00a0 \u00a0 \u00a0A Semmelweis Egyetem 1% ad\u00f3felaj\u00e1nl\u00e1sokkal kapcsolatos adatkezel\u00e9s t\u00e1rgy\u00e1ban\u00a0<\/a><\/strong><\/li>\n<\/ul>\n","protected":false},"excerpt":{"rendered":"<p>Kedves Jelentkez\u0151!<br \/>\nAz al\u00e1bbi \u0171rlap kit\u00f6lt\u00e9s\u00e9vel a Semmelweis Egyetem Alumni H\u00e1l\u00f3zat\u00e1nak tagj\u00e1v\u00e1 v\u00e1lik. Ezzel nem csak sz\u00e1mos <a href=\"https:\/\/semmelweis.hu\/csaladbarat\/kedvezmenyek\/?logical=AND&amp;parent_cat=kedvezmenyezett&amp;cat0=alumni\">kedvezm\u00e9nyben<\/a> r\u00e9szes\u00fclhet, de megk\u00f6nny\u00edti a <a href=\"https:\/\/semmelweis.hu\/alumni\/elerhetoseg\/\">kapcsolattart\u00e1st<\/a> az egyetem \u00e9s v\u00e9gzett hallgat\u00f3i k\u00f6z\u00f6tt.<br \/>\nAmennyiben a regisztr\u00e1ci\u00f3 sor\u00e1n ig\u00e9nyli a Csal\u00e1dbar\u00e1t K\u00e1rty\u00e1t, sz\u00e9lesebb k\u00f6rben \u00e9rheti el folyamatos fejleszt\u00e9seinket \u00e9s <a href=\"https:\/\/semmelweis.hu\/csaladbarat\/\">b\u0151v\u00fcl\u0151 lehet\u0151s\u00e9geinket<\/a> is!<\/p>\n<p><a href=\"https:\/\/kartya.semmelweis.hu\/szabalyzat\">A Csal\u00e1dbar\u00e1t K\u00e1rtya szab\u00e1lyzata el\u00e9rhet\u0151 itt.<\/a><br \/>\n<a href=\"https:\/\/semmelweis.hu\/alumni\/files\/2022\/10\/SKMBT_C22022101313560.pdf\">Semmelweis Alumni Adatkezel\u00e9si T\u00e1j\u00e9koztat\u00f3<\/a><br \/>\n<a href=\"https:\/\/semmelweis.hu\/alumni\/files\/2022\/05\/SZJA-1-szazalek_-Adatkezelesi-tajekoztato_2022.pdf\">Adatkezel\u00e9si t\u00e1j\u00e9koztat\u00f3 &#8211; A Semmelweis Egyetem 1% ad\u00f3felaj\u00e1nl\u00e1sokkal kapcsolatos adatkezel\u00e9s t\u00e1rgy\u00e1ban<\/a><br \/>\n<a href=\"https:\/\/semmelweis.hu\/alumni\/files\/2022\/05\/SZJA-1-szazalek-_-Erdekmerlegelesi-teszt_2022.pdf\">\u00c9rdekm\u00e9rlegel\u00e9si teszt &#8211;\u00a0 \u00a0 \u00a0A Semmelweis Egyetem 1% ad\u00f3felaj\u00e1nl\u00e1sokkal kapcsolatos adatkezel\u00e9s t\u00e1rgy\u00e1ban\u00a0<\/a><\/p>\n","protected":false},"author":101158,"featured_media":0,"parent":855,"menu_order":2,"comment_status":"closed","ping_status":"closed","template":"template-fullwidth.php","meta":{"_acf_changed":false,"footnotes":""},"categories":[],"tags":[],"class_list":["post-106","page","type-page","status-publish","hentry"],"acf":[],"publishpress_future_action":{"enabled":false,"date":"1970-01-01 01:00:00","action":"","terms":[],"taxonomy":"","browser_timezone_offset":0},"_links":{"self":[{"href":"https:\/\/semmelweis.hu\/alumni\/wp-json\/wp\/v2\/pages\/106","targetHints":{"allow":["GET"]}}],"collection":[{"href":"https:\/\/semmelweis.hu\/alumni\/wp-json\/wp\/v2\/pages"}],"about":[{"href":"https:\/\/semmelweis.hu\/alumni\/wp-json\/wp\/v2\/types\/page"}],"author":[{"embeddable":true,"href":"https:\/\/semmelweis.hu\/alumni\/wp-json\/wp\/v2\/users\/101158"}],"replies":[{"embeddable":true,"href":"https:\/\/semmelweis.hu\/alumni\/wp-json\/wp\/v2\/comments?post=106"}],"version-history":[{"count":13,"href":"https:\/\/semmelweis.hu\/alumni\/wp-json\/wp\/v2\/pages\/106\/revisions"}],"predecessor-version":[{"id":16610,"href":"https:\/\/semmelweis.hu\/alumni\/wp-json\/wp\/v2\/pages\/106\/revisions\/16610"}],"up":[{"embeddable":true,"href":"https:\/\/semmelweis.hu\/alumni\/wp-json\/wp\/v2\/pages\/855"}],"wp:attachment":[{"href":"https:\/\/semmelweis.hu\/alumni\/wp-json\/wp\/v2\/media?parent=106"}],"wp:term":[{"taxonomy":"category","embeddable":true,"href":"https:\/\/semmelweis.hu\/alumni\/wp-json\/wp\/v2\/categories?post=106"},{"taxonomy":"post_tag","embeddable":true,"href":"https:\/\/semmelweis.hu\/alumni\/wp-json\/wp\/v2\/tags?post=106"}],"curies":[{"name":"wp","href":"https:\/\/api.w.org\/{rel}","templated":true}]}}