{"id":1049,"date":"2019-11-25T21:41:23","date_gmt":"2019-11-25T20:41:23","guid":{"rendered":"http:\/\/semmelweis.hu\/alumni\/?page_id=1049"},"modified":"2024-06-20T21:08:03","modified_gmt":"2024-06-20T19:08:03","slug":"career-follow-up-2","status":"publish","type":"page","link":"https:\/\/semmelweis.hu\/alumni\/en\/alumni-network\/career-follow-up-2\/","title":{"rendered":"Registration for career follow-up"},"content":{"rendered":"<p><a href=\"https:\/\/semmelweis.hu\/alumni\/files\/2019\/09\/legek_slide1280x420.jpg\"><img loading=\"lazy\" decoding=\"async\" class=\" wp-image-720 aligncenter\" src=\"https:\/\/semmelweis.hu\/alumni\/files\/2019\/09\/legek_slide1280x420-1024x336.jpg\" alt=\"\" width=\"1253\" height=\"411\" srcset=\"https:\/\/semmelweis.hu\/alumni\/files\/2019\/09\/legek_slide1280x420-1024x336.jpg 1024w, https:\/\/semmelweis.hu\/alumni\/files\/2019\/09\/legek_slide1280x420-300x98.jpg 300w, https:\/\/semmelweis.hu\/alumni\/files\/2019\/09\/legek_slide1280x420-768x252.jpg 768w, https:\/\/semmelweis.hu\/alumni\/files\/2019\/09\/legek_slide1280x420-753x247.jpg 753w, https:\/\/semmelweis.hu\/alumni\/files\/2019\/09\/legek_slide1280x420.jpg 1280w\" sizes=\"auto, (max-width: 1253px) 100vw, 1253px\" \/><\/a><\/p>\n<p><strong>Dear Alumni!<\/strong><\/p>\n<p><img loading=\"lazy\" decoding=\"async\" class=\"alignright wp-image-4149 size-thumbnail\" src=\"https:\/\/semmelweis.hu\/alumni\/files\/2022\/04\/cropped-cropped-SE_ALUMNI_logo_ENG_RGB_-05-150x150.png\" alt=\"\" width=\"150\" height=\"150\" srcset=\"https:\/\/semmelweis.hu\/alumni\/files\/2022\/04\/cropped-cropped-SE_ALUMNI_logo_ENG_RGB_-05-150x150.png 150w, https:\/\/semmelweis.hu\/alumni\/files\/2022\/04\/cropped-cropped-SE_ALUMNI_logo_ENG_RGB_-05-400x400.png 400w, https:\/\/semmelweis.hu\/alumni\/files\/2022\/04\/cropped-cropped-SE_ALUMNI_logo_ENG_RGB_-05-270x270.png 270w, https:\/\/semmelweis.hu\/alumni\/files\/2022\/04\/cropped-cropped-SE_ALUMNI_logo_ENG_RGB_-05-192x192.png 192w, https:\/\/semmelweis.hu\/alumni\/files\/2022\/04\/cropped-cropped-SE_ALUMNI_logo_ENG_RGB_-05-180x180.png 180w, https:\/\/semmelweis.hu\/alumni\/files\/2022\/04\/cropped-cropped-SE_ALUMNI_logo_ENG_RGB_-05-32x32.png 32w, https:\/\/semmelweis.hu\/alumni\/files\/2022\/04\/cropped-cropped-SE_ALUMNI_logo_ENG_RGB_-05.png 512w\" sizes=\"auto, (max-width: 150px) 100vw, 150px\" \/><\/p>\n<p>You are essential for our community! By filling the form below you can become an official member of the Semmelweis University Alumni Network with which you will help your alma mater to keep in touch with its former students and inform you about all the relevant news regarding the university.<\/p>\n<p>Please follow us and be informed of our ever-expanding opportunities!<\/p>\n\n<div class=\"wpcf7 no-js\" id=\"wpcf7-f16601-o1\" lang=\"hu-HU\" dir=\"ltr\" data-wpcf7-id=\"16601\">\n<div class=\"screen-reader-response\"><p role=\"status\" aria-live=\"polite\" aria-atomic=\"true\"><\/p> <ul><\/ul><\/div>\n<form action=\"\/alumni\/wp-json\/wp\/v2\/pages\/1049#wpcf7-f16601-o1\" method=\"post\" class=\"wpcf7-form init\" aria-label=\"Kapcsolatfelv\u00e9teli \u0171rlap\" novalidate=\"novalidate\" data-status=\"init\">\n<div style=\"display: none;\">\n<input type=\"hidden\" name=\"_wpcf7\" value=\"16601\" \/>\n<input type=\"hidden\" name=\"_wpcf7_version\" value=\"6.0.5\" \/>\n<input type=\"hidden\" name=\"_wpcf7_locale\" value=\"hu_HU\" \/>\n<input type=\"hidden\" name=\"_wpcf7_unit_tag\" value=\"wpcf7-f16601-o1\" \/>\n<input type=\"hidden\" name=\"_wpcf7_container_post\" value=\"0\" \/>\n<input type=\"hidden\" name=\"_wpcf7_posted_data_hash\" value=\"\" \/>\n<input type=\"hidden\" name=\"_wpcf7_recaptcha_response\" value=\"\" \/>\n<\/div>\n<p><label> *Name (required)<br \/>\n<span class=\"wpcf7-form-control-wrap\" data-name=\"your-name\"><input size=\"40\" maxlength=\"400\" class=\"wpcf7-form-control wpcf7-text wpcf7-validates-as-required\" autocomplete=\"name\" aria-required=\"true\" aria-invalid=\"false\" value=\"\" type=\"text\" name=\"your-name\" \/><\/span> <\/label>\n<\/p>\n<p><label> *Email address (required)<br \/>\n<span class=\"wpcf7-form-control-wrap\" data-name=\"your-email\"><input size=\"40\" maxlength=\"400\" class=\"wpcf7-form-control wpcf7-email wpcf7-validates-as-required wpcf7-text wpcf7-validates-as-email\" autocomplete=\"email\" aria-required=\"true\" aria-invalid=\"false\" value=\"\" type=\"email\" name=\"your-email\" \/><\/span> <\/label>\n<\/p>\n<p><label> Phone number<br \/>\n<span class=\"wpcf7-form-control-wrap\" data-name=\"phone-number\"><input size=\"40\" maxlength=\"400\" class=\"wpcf7-form-control wpcf7-text\" aria-invalid=\"false\" value=\"\" type=\"text\" name=\"phone-number\" \/><\/span> <\/label>\n<\/p>\n<p><label> Address<br \/>\n<span class=\"wpcf7-form-control-wrap\" data-name=\"your-address\"><input size=\"40\" maxlength=\"400\" class=\"wpcf7-form-control wpcf7-text\" aria-invalid=\"false\" value=\"\" type=\"text\" name=\"your-address\" \/><\/span> <\/label>\n<\/p>\n<p><label> Date of birth<br \/>\n<span class=\"wpcf7-form-control-wrap\" data-name=\"date-707\"><input class=\"wpcf7-form-control wpcf7-date wpcf7-validates-as-date\" aria-invalid=\"false\" value=\"\" type=\"date\" name=\"date-707\" \/><\/span> <\/label>\n<\/p>\n<p><label> *Language Programme (required)<br \/>\n<span class=\"wpcf7-form-control-wrap\" data-name=\"menu-574\"><select class=\"wpcf7-form-control wpcf7-select\" aria-invalid=\"false\" name=\"menu-574\"><option value=\"---\">---<\/option><option value=\"English\">English<\/option><option value=\"German\/Deutsch\">German\/Deutsch<\/option><\/select><\/span> <\/label>\n<\/p>\n<p><label> *Faculty (required)<br \/>\n<span class=\"wpcf7-form-control-wrap\" data-name=\"menu-574\"><select class=\"wpcf7-form-control wpcf7-select\" aria-invalid=\"false\" name=\"menu-574\"><option value=\"---\">---<\/option><option value=\"Faculty of Medicine\">Faculty of Medicine<\/option><option value=\"Faculty of Health Sciences\">Faculty of Health Sciences<\/option><option value=\"Faculty of Dentistry\">Faculty of Dentistry<\/option><option value=\"Faculty of Pharmacy\">Faculty of Pharmacy<\/option><option value=\"Faculty of Health and Public Services\">Faculty of Health and Public Services<\/option><option value=\"Andr\u00e1s Pet\u0151 Faculty\">Andr\u00e1s Pet\u0151 Faculty<\/option><\/select><\/span><\/label>\n<\/p>\n<p><label> Specialty<br \/>\n<span class=\"wpcf7-form-control-wrap\" data-name=\"specialty\"><input size=\"40\" maxlength=\"400\" class=\"wpcf7-form-control wpcf7-text\" aria-invalid=\"false\" value=\"\" type=\"text\" name=\"specialty\" \/><\/span> <\/label>\n<\/p>\n<p><label> *Date of graduation (required)<br \/>\n<span class=\"wpcf7-form-control-wrap\" data-name=\"date-707\"><input class=\"wpcf7-form-control wpcf7-date wpcf7-validates-as-date\" aria-invalid=\"false\" value=\"\" type=\"date\" name=\"date-707\" \/><\/span> <\/label>\n<\/p>\n<p><label> *Examination -if applicable<br \/>\n<span class=\"wpcf7-form-control-wrap\" data-name=\"examination\"><input size=\"40\" maxlength=\"400\" class=\"wpcf7-form-control wpcf7-text\" aria-invalid=\"false\" value=\"\" type=\"text\" name=\"examination\" \/><\/span> <\/label>\n<\/p>\n<p><label> Current workplace<br \/>\n<span class=\"wpcf7-form-control-wrap\" data-name=\"current\"><input size=\"40\" maxlength=\"400\" class=\"wpcf7-form-control wpcf7-text\" aria-invalid=\"false\" value=\"\" type=\"text\" name=\"current\" \/><\/span> <\/label>\n<\/p>\n<p><label> Former workplace<br \/>\n(in case of retirement)<br \/>\n<span class=\"wpcf7-form-control-wrap\" data-name=\"former\"><input size=\"40\" maxlength=\"400\" class=\"wpcf7-form-control wpcf7-text\" aria-invalid=\"false\" value=\"\" type=\"text\" name=\"former\" \/><\/span> <\/label>\n<\/p>\n<p><label> Message<br \/>\n<span class=\"wpcf7-form-control-wrap\" data-name=\"message\"><textarea cols=\"40\" rows=\"10\" maxlength=\"2000\" class=\"wpcf7-form-control wpcf7-textarea\" aria-invalid=\"false\" name=\"message\"><\/textarea><\/span> <\/label><br \/>\n<hr \/>\n<\/p>\n<p><label>Privacy policy - Please read the <a href=\"https:\/\/semmelweis.hu\/alumni\/files\/2021\/06\/Adatv%C3%A9delmi-t%C3%A1j%C3%A9koztat%C3%B3_Alumni-H%C3%A1l%C3%B3zat_regisztr%C3%A1ci%C3%B3s-lap-adatv%C3%A9delmi-t%C3%A1j%C3%A9koztat%C3%B3-Angol-1.pdf\"> terms and conditions and privacy policy<\/a> and agree with the conditions.:<br \/>\n<span class=\"wpcf7-form-control-wrap\" data-name=\"adatvedelem-en\"><span class=\"wpcf7-form-control wpcf7-radio\"><span class=\"wpcf7-list-item first last\"><label><input type=\"radio\" name=\"adatvedelem-en\" value=\"By sending this sign-up form, I agree with the conditions and privacy policy.\" \/><span class=\"wpcf7-list-item-label\">By sending this sign-up form, I agree with the conditions and privacy policy.<\/span><\/label><\/span><\/span><\/span><\/label>\n<\/p>\n<p><label>Newsletter sign-up - Please read the <a href=\"https:\/\/semmelweis.hu\/alumni\/files\/2021\/06\/Adatv%C3%A9delmi-t%C3%A1j%C3%A9koztat%C3%B3_Alumni-H%C3%A1l%C3%B3zat_regisztr%C3%A1ci%C3%B3s-lap-adatv%C3%A9delmi-t%C3%A1j%C3%A9koztat%C3%B3-Angol-1.pdf\"> terms and conditions and privacy policy<\/a> and agree with the conditions.<br \/>\n<span class=\"wpcf7-form-control-wrap\" data-name=\"hirlevel-en\"><span class=\"wpcf7-form-control wpcf7-radio\"><span class=\"wpcf7-list-item first last\"><label><input type=\"radio\" name=\"hirlevel-en\" value=\"I would like to subscribe to the newsletter of the Semmelweis Alumni network.\" \/><span class=\"wpcf7-list-item-label\">I would like to subscribe to the newsletter of the Semmelweis Alumni network.<\/span><\/label><\/span><\/span><\/span><\/label>\n<\/p>\n<p><input class=\"wpcf7-form-control wpcf7-submit has-spinner\" type=\"submit\" value=\"Send\" \/>\n<\/p><div class=\"wpcf7-response-output\" aria-hidden=\"true\"><\/div>\n<\/form>\n<\/div>\n\n<p><a href=\"https:\/\/semmelweis.hu\/alumni\/files\/2019\/09\/legek_slide1280x420.jpg\"><br \/>\n<img loading=\"lazy\" decoding=\"async\" class=\" wp-image-720 aligncenter\" src=\"https:\/\/semmelweis.hu\/alumni\/files\/2019\/09\/legek_slide1280x420-1024x336.jpg\" alt=\"\" width=\"1253\" height=\"411\" srcset=\"https:\/\/semmelweis.hu\/alumni\/files\/2019\/09\/legek_slide1280x420-1024x336.jpg 1024w, https:\/\/semmelweis.hu\/alumni\/files\/2019\/09\/legek_slide1280x420-300x98.jpg 300w, https:\/\/semmelweis.hu\/alumni\/files\/2019\/09\/legek_slide1280x420-768x252.jpg 768w, https:\/\/semmelweis.hu\/alumni\/files\/2019\/09\/legek_slide1280x420-753x247.jpg 753w, https:\/\/semmelweis.hu\/alumni\/files\/2019\/09\/legek_slide1280x420.jpg 1280w\" sizes=\"auto, (max-width: 1253px) 100vw, 1253px\" \/><\/a><\/p>\n<p style=\"text-align: center\"><strong>Semmelweis Alumni Privacy Policy Statement:<br \/>\n\n<!-- iframe plugin v.4.9 wordpress.org\/plugins\/iframe\/ -->\n<iframe loading=\"lazy\" src=\"https:\/\/semmelweis.hu\/alumni\/files\/2021\/06\/Adatv\u00e9delmi-t\u00e1j\u00e9koztat\u00f3_Alumni-H\u00e1l\u00f3zat_regisztr\u00e1ci\u00f3s-lap-adatv\u00e9delmi-t\u00e1j\u00e9koztat\u00f3-Angol-1.pdf\" width=\"100%\" 0=\"height=&quot;1000&quot;&gt;\" height=\"500\" scrolling=\"yes\" class=\"iframe-class\" frameborder=\"0\"><\/iframe>\n<\/strong><\/p>\n<p style=\"text-align: center\"><strong>Semmelweis Alumni Datenschutzinformation:<br \/>\n\n<!-- iframe plugin v.4.9 wordpress.org\/plugins\/iframe\/ -->\n<iframe loading=\"lazy\" src=\"https:\/\/semmelweis.hu\/alumni\/files\/2021\/06\/DE_Adatv\u00e9delmi-t\u00e1j\u00e9koztat\u00f3_Alumni-H\u00e1l\u00f3zat_regisztr\u00e1ci\u00f3s-lap-adatv\u00e9delmi-t\u00e1j\u00e9koztat\u00f3-2_DE-1.pdf\" width=\"100%\" 0=\"height=&quot;1000&quot;&gt;\" height=\"500\" scrolling=\"yes\" class=\"iframe-class\" frameborder=\"0\"><\/iframe>\n<\/strong><\/p>\n","protected":false},"excerpt":{"rendered":"<p><a href=\"https:\/\/semmelweis.hu\/alumni\/files\/2019\/09\/legek_slide1280x420.jpg\"><\/a> Dear Alumni! You are essential for our community! By filling the form below you can become an official member of the Semmelweis University Alumni Network with which you will help your alma mater to keep in touch with its former students and inform you about all the relevant news regarding the university. Please follow us &hellip;<\/p>\n","protected":false},"author":101158,"featured_media":0,"parent":1056,"menu_order":0,"comment_status":"closed","ping_status":"closed","template":"template-fullwidth.php","meta":{"_acf_changed":false,"footnotes":""},"categories":[],"tags":[],"class_list":["post-1049","page","type-page","status-publish","hentry"],"acf":[],"publishpress_future_action":{"enabled":false,"date":"1970-01-01 01:00:00","action":"","terms":[],"taxonomy":"","browser_timezone_offset":0},"_links":{"self":[{"href":"https:\/\/semmelweis.hu\/alumni\/wp-json\/wp\/v2\/pages\/1049","targetHints":{"allow":["GET"]}}],"collection":[{"href":"https:\/\/semmelweis.hu\/alumni\/wp-json\/wp\/v2\/pages"}],"about":[{"href":"https:\/\/semmelweis.hu\/alumni\/wp-json\/wp\/v2\/types\/page"}],"author":[{"embeddable":true,"href":"https:\/\/semmelweis.hu\/alumni\/wp-json\/wp\/v2\/users\/101158"}],"replies":[{"embeddable":true,"href":"https:\/\/semmelweis.hu\/alumni\/wp-json\/wp\/v2\/comments?post=1049"}],"version-history":[{"count":10,"href":"https:\/\/semmelweis.hu\/alumni\/wp-json\/wp\/v2\/pages\/1049\/revisions"}],"predecessor-version":[{"id":16602,"href":"https:\/\/semmelweis.hu\/alumni\/wp-json\/wp\/v2\/pages\/1049\/revisions\/16602"}],"up":[{"embeddable":true,"href":"https:\/\/semmelweis.hu\/alumni\/wp-json\/wp\/v2\/pages\/1056"}],"wp:attachment":[{"href":"https:\/\/semmelweis.hu\/alumni\/wp-json\/wp\/v2\/media?parent=1049"}],"wp:term":[{"taxonomy":"category","embeddable":true,"href":"https:\/\/semmelweis.hu\/alumni\/wp-json\/wp\/v2\/categories?post=1049"},{"taxonomy":"post_tag","embeddable":true,"href":"https:\/\/semmelweis.hu\/alumni\/wp-json\/wp\/v2\/tags?post=1049"}],"curies":[{"name":"wp","href":"https:\/\/api.w.org\/{rel}","templated":true}]}}