{"id":1025,"date":"2019-11-11T18:42:12","date_gmt":"2019-11-11T17:42:12","guid":{"rendered":"http:\/\/semmelweis.hu\/alumni\/?page_id=1025"},"modified":"2023-04-05T10:18:24","modified_gmt":"2023-04-05T08:18:24","slug":"evfolyam-talalkozok","status":"publish","type":"page","link":"https:\/\/semmelweis.hu\/alumni\/szolgaltatasok\/evfolyam-talalkozok\/","title":{"rendered":"\u00c9vfolyam-tal\u00e1lkoz\u00f3k"},"content":{"rendered":"<h6 class=\"rtejustify\" style=\"text-align: left;\"><strong>A Semmelweis Alumni seg\u00edts\u00e9get k\u00edv\u00e1n ny\u00fajtani szak- \u00e9s \u00e9vfolyam-tal\u00e1lkoz\u00f3k szervez\u00e9s\u00e9ben.<\/strong><\/h6>\n<h6 class=\"rtejustify\" style=\"text-align: left;\">Ha tal\u00e1lkozna a r\u00e9gi csoportt\u00e1rsakkal, de nem tudja, merre induljon el, hogy kezdjen a szervez\u00e9snek, esetleg hol keresse \u0151ket, forduljon hozz\u00e1nk bizalommal!<\/h6>\n<h4 style=\"text-align: left;\"><strong><span style=\"font-size: 14pt;\">El\u00e9rhet\u0151s\u00e9gek<\/span><\/strong><\/h4>\n<h6 class=\"list-tpl tpl2 keretes w-100\" style=\"text-align: left;\"><strong><span style=\"color: #003366;\"><a href=\"mailto:alumni@semmelweis.hu\">alumni@semmelweis.hu<\/a><\/span> \u00a0<\/strong><br \/>\n<strong>Telefon: +36-20-666-3506<\/strong><\/h6>\n","protected":false},"excerpt":{"rendered":"<p>A Semmelweis Alumni seg\u00edts\u00e9get k\u00edv\u00e1n ny\u00fajtani szak- \u00e9s \u00e9vfolyam-tal\u00e1lkoz\u00f3k szervez\u00e9s\u00e9ben.<br \/>\nHa tal\u00e1lkozna a r\u00e9gi csoportt\u00e1rsakkal, de nem tudja, merre induljon el, hogy kezdjen a szervez\u00e9snek, esetleg hol keresse \u0151ket, forduljon hozz\u00e1nk bizalommal!<br \/>\nEl\u00e9rhet\u0151s\u00e9gek<br \/>\n<a href=\"mailto:alumni@semmelweis.hu\">alumni@semmelweis.hu<\/a> \u00a0<br \/>\nTelefon: +36-20-666-3506<\/p>\n","protected":false},"author":101158,"featured_media":0,"parent":21,"menu_order":0,"comment_status":"closed","ping_status":"closed","template":"","meta":{"_acf_changed":false,"footnotes":""},"categories":[],"tags":[],"class_list":["post-1025","page","type-page","status-publish","hentry"],"acf":[],"publishpress_future_action":{"enabled":false,"date":"1970-01-01 01:00:00","action":"","terms":[],"taxonomy":"","browser_timezone_offset":0},"_links":{"self":[{"href":"https:\/\/semmelweis.hu\/alumni\/wp-json\/wp\/v2\/pages\/1025","targetHints":{"allow":["GET"]}}],"collection":[{"href":"https:\/\/semmelweis.hu\/alumni\/wp-json\/wp\/v2\/pages"}],"about":[{"href":"https:\/\/semmelweis.hu\/alumni\/wp-json\/wp\/v2\/types\/page"}],"author":[{"embeddable":true,"href":"https:\/\/semmelweis.hu\/alumni\/wp-json\/wp\/v2\/users\/101158"}],"replies":[{"embeddable":true,"href":"https:\/\/semmelweis.hu\/alumni\/wp-json\/wp\/v2\/comments?post=1025"}],"version-history":[{"count":10,"href":"https:\/\/semmelweis.hu\/alumni\/wp-json\/wp\/v2\/pages\/1025\/revisions"}],"predecessor-version":[{"id":5073,"href":"https:\/\/semmelweis.hu\/alumni\/wp-json\/wp\/v2\/pages\/1025\/revisions\/5073"}],"up":[{"embeddable":true,"href":"https:\/\/semmelweis.hu\/alumni\/wp-json\/wp\/v2\/pages\/21"}],"wp:attachment":[{"href":"https:\/\/semmelweis.hu\/alumni\/wp-json\/wp\/v2\/media?parent=1025"}],"wp:term":[{"taxonomy":"category","embeddable":true,"href":"https:\/\/semmelweis.hu\/alumni\/wp-json\/wp\/v2\/categories?post=1025"},{"taxonomy":"post_tag","embeddable":true,"href":"https:\/\/semmelweis.hu\/alumni\/wp-json\/wp\/v2\/tags?post=1025"}],"curies":[{"name":"wp","href":"https:\/\/api.w.org\/{rel}","templated":true}]}}