{"id":1002,"date":"2019-11-11T18:01:26","date_gmt":"2019-11-11T17:01:26","guid":{"rendered":"http:\/\/semmelweis.hu\/alumni\/?page_id=1002"},"modified":"2023-09-18T09:11:12","modified_gmt":"2023-09-18T07:11:12","slug":"jubileumi-diszoklevel","status":"publish","type":"page","link":"https:\/\/semmelweis.hu\/alumni\/alumni-halozat\/akikre-buszkek-vagyunk\/jubileumi-diszoklevel\/","title":{"rendered":"Jubileumi d\u00edszoklev\u00e9l"},"content":{"rendered":"<div class=\"responsive-tabs\">\n<h2 class=\"tabtitle\">\u00c1OK<\/h2>\n<div class=\"tabcontent\">\n\n<p style=\"text-align: center\"><a href=\"https:\/\/semmelweis.hu\/aok\/jelentkezes-jubileumi-diszoklevel-atado-unnepsegre\/\"><strong>Jelentkez\u00e9s jubileumi d\u00edszoklev\u00e9l-\u00e1tad\u00f3 \u00fcnneps\u00e9gre 2021<br \/><em>\u00c1ltal\u00e1nos Orvostudom\u00e1nyi Kar<\/em><\/strong><\/a><\/p>\n<table style=\"border-collapse: collapse;width: 100%;height: 362px\">\n<tbody>\n<tr style=\"height: 33px\">\n<td style=\"width: 100%;height: 33px\"><a href=\"https:\/\/semmelweis.hu\/hirek\/2011\/07\/29\/jubileumi-diszoklevelek\/\">2011.07.29<\/a><\/td>\n<\/tr>\n<tr style=\"height: 33px\">\n<td style=\"width: 100%;height: 33px\"><a href=\"https:\/\/semmelweis.hu\/hirek\/tag\/jubileumi-diszoklevel\/page\/2\/\">2011.10.17<\/a><\/td>\n<\/tr>\n<tr style=\"height: 33px\">\n<td style=\"width: 100%;height: 33px\"><a href=\"https:\/\/semmelweis.hu\/hirek\/2012\/10\/15\/jublieumi-diszokleveleket-adtak-at\/\">2012.10.15<\/a><\/td>\n<\/tr>\n<tr style=\"height: 33px\">\n<td style=\"width: 100%;height: 33px\"><a href=\"https:\/\/semmelweis.hu\/hirek\/2013\/01\/08\/felhivas-jubileumi-diszoklevel-atvetelere\/\">2013.01.08<\/a><\/td>\n<\/tr>\n<tr style=\"height: 33px\">\n<td style=\"width: 100%;height: 33px\"><a href=\"https:\/\/semmelweis.hu\/hirek\/2013\/10\/17\/a-nemzet-jelenet-es-jovojet-szem-elott-tarto-orvosokka-igy-formalodhattunk-jubileumi-diszoklevel-atado-az-aok-on\/\">2013.10.17<\/a><\/td>\n<\/tr>\n<tr style=\"height: 33px\">\n<td style=\"width: 100%;height: 33px\"><a href=\"https:\/\/semmelweis.hu\/hirek\/2014\/10\/14\/tobb-mint-ketszaz-egykori-hallgato-vehetett-at-jubileumi-diszoklevelet\/\">2014.10.14<\/a><\/td>\n<\/tr>\n<tr style=\"height: 33px\">\n<td style=\"width: 100%;height: 33px\"><a href=\"https:\/\/semmelweis.hu\/hirek\/2015\/10\/19\/csaknem-300-an-vehettek-at-jubileumi-diszoklevelet-az-altalanos-orvostudomanyi-karon\/\">2015.10.19<\/a><\/td>\n<\/tr>\n<tr style=\"height: 33px\">\n<td style=\"width: 100%;height: 33px\"><a href=\"https:\/\/semmelweis.hu\/hirek\/2016\/10\/10\/fel-evszazad-munkajat-aldoztak-ra-hogy-betegeken-segitsenek-jubileumi-diszoklevel-atado-az-altalanos-orvostudomanyi-karon\/\">2016.10.10<\/a><\/td>\n<\/tr>\n<tr style=\"height: 33px\">\n<td style=\"width: 100%;height: 33px\"><a href=\"https:\/\/semmelweis.hu\/hirek\/2017\/10\/16\/a-legszebb-es-legnehezebb-hivatast-valasztottak-jubileumi-diszoklevel-atado-az-aok-n\/\">2017.10.16<\/a><\/td>\n<\/tr>\n<tr style=\"height: 33px\">\n<td style=\"width: 100%;height: 33px\"><a href=\"https:\/\/semmelweis.hu\/hirek\/2018\/10\/13\/237-en-vehettek-at-jubileumi-diszoklevelet-az-aok-n\/\">2018.10.13<\/a><\/td>\n<\/tr>\n<tr style=\"height: 32px\">\n<td style=\"width: 100%;height: 32px\"><a href=\"https:\/\/semmelweis.hu\/hirek\/2019\/10\/14\/328-an-vehettek-at-jubileumi-diszoklevelet-az-aok-n\/\">2019.10.14<\/a><\/td>\n<\/tr>\n<\/tbody>\n<\/table>\n\n<\/div><h2 class=\"tabtitle\">FOK<\/h2>\n<div class=\"tabcontent\">\n\n<p style=\"text-align: center\"><a href=\"https:\/\/semmelweis.hu\/hirek\/2021\/01\/11\/a-fok-felhivasa-az-50-60-es-65-eve-vegzett-fogorvosok-reszere\/\"><strong>Jelentkez\u00e9s jubileumi d\u00edszoklev\u00e9l-\u00e1tad\u00f3 \u00fcnneps\u00e9gre 2021<br \/><em>Fogorvostudom\u00e1nyi Kar<\/em><\/strong><\/a><\/p>\n<table style=\"border-collapse: collapse;width: 100%\">\n<tbody>\n<tr>\n<td style=\"width: 100%\"><a href=\"https:\/\/semmelweis.hu\/hirek\/tag\/jubileumi-diszoklevel\/page\/2\/\">2011.10.17<\/a><\/td>\n<\/tr>\n<tr>\n<td style=\"width: 100%\"><a href=\"https:\/\/semmelweis.hu\/hirek\/2012\/01\/12\/semmelweis-egyetem-fogorvostudomanyi-kar-kozlemenye-az-50-eve-vegzett-fogorvosok-reszere-3\/\">2012.01.12<\/a><\/td>\n<\/tr>\n<tr>\n<td style=\"width: 100%\"><a href=\"https:\/\/semmelweis.hu\/hirek\/2012\/10\/01\/eloszor-adtak-at-aranydiplomakat-onallo-kari-unnepseg-kereteben-a-fok-on\/\">2012.10.01<\/a><\/td>\n<\/tr>\n<tr>\n<td style=\"width: 100%\"><a href=\"https:\/\/semmelweis.hu\/hirek\/2014\/09\/30\/hetvennyolcan-vehettek-at-a-fok-jubileumi-diszoklevelet\/\">2014.09.30<\/a><\/td>\n<\/tr>\n<tr>\n<td style=\"width: 100%\"><a href=\"https:\/\/semmelweis.hu\/hirek\/2016\/10\/03\/peldat-mutattak-a-kesobbi-generacioknak-jubileumi-diszoklevel-atado-unnepseg-a-fogorvostudomanyi-karon\/\">2016.10.03<\/a><\/td>\n<\/tr>\n<tr>\n<td style=\"width: 100%\"><a href=\"https:\/\/semmelweis.hu\/hirek\/2017\/10\/02\/a-mai-eredmenyeket-generaciok-egymasra-epulo-munkaja-adja-jubileumi-diszoklevel-atado-a-fok-on\/\">2017.10.02<\/a><\/td>\n<\/tr>\n<tr>\n<td style=\"width: 100%\"><a href=\"https:\/\/semmelweis.hu\/hirek\/2018\/10\/01\/jubileumi-diszokleveleket-adtak-at-a-fok-on\/\">2018.10.01<\/a><\/td>\n<\/tr>\n<tr>\n<td style=\"width: 100%\"><a href=\"https:\/\/semmelweis.hu\/hirek\/2019\/01\/14\/a-fogorvostudomanyi-kar-kozlemenye-az-50-es-60-eve-vegzett-fogorvosok-reszere\/\">2019.01.14<\/a><\/td>\n<\/tr>\n<tr>\n<td style=\"width: 100%\"><a href=\"https:\/\/semmelweis.hu\/hirek\/2019\/10\/07\/jubileumi-gyemant-es-arany-diszokleveleket-adtak-at-a-fok-on\/\">2019.10.07<\/a><\/td>\n<\/tr>\n<tr>\n<td style=\"width: 100%\">\u00a0<\/td>\n<\/tr>\n<\/tbody>\n<\/table>\n<p><span style=\"font-size: 1rem\">\n<\/div><h2 class=\"tabtitle\">GYTK<\/h2>\n<div class=\"tabcontent\">\n<\/span><\/p>\n<p style=\"text-align: center\"><a href=\"https:\/\/semmelweis.hu\/hirek\/2021\/01\/11\/a-gytk-felhivasa-a-75-70-65-60-es-50-eve-vegzett-gyogyszereszek-reszere-2\/\"><strong>Jelentkez\u00e9s jubileumi d\u00edszoklev\u00e9l-\u00e1tad\u00f3 \u00fcnneps\u00e9gre 2021<br \/><em>Gy\u00f3gyszer\u00e9sztudom\u00e1nyi Kar<\/em><\/strong><\/a><\/p>\n<table style=\"border-collapse: collapse;width: 100%\">\n<tbody>\n<tr>\n<td style=\"width: 100%\"><a href=\"https:\/\/semmelweis.hu\/hirek\/2012\/01\/23\/a-semmelweis-egyetem-gyogyszeresztudomanyi-kar-kozlemenye-a-75-70-65-60-es-50-eve-vegzett-gyogyszereszek-reszere\/\">2012.01.23<\/a><\/td>\n<\/tr>\n<tr>\n<td style=\"width: 100%\"><a href=\"https:\/\/semmelweis.hu\/hirek\/2012\/11\/22\/jubileumi-diszoklevel-atado-unnepseg-gytk-an\/\">2012.11.22<\/a><\/td>\n<\/tr>\n<tr>\n<td style=\"width: 100%\"><a href=\"https:\/\/semmelweis.hu\/hirek\/2013\/02\/04\/a-semmelweis-egyetem-gyogyszeresztudomanyi-kar-kozlemenye-a-75-70-65-60-es-50-eve-vegzett-gyogyszereszek-reszere-2\/\">2013.02.04<\/a><\/td>\n<\/tr>\n<tr>\n<td style=\"width: 100%\"><a href=\"https:\/\/semmelweis.hu\/hirek\/2013\/12\/05\/jubileumi-diszokleveleket-adtak-at-a-gyogyszeresztudomanyi-karon\/\">2013.12.05<\/a><\/td>\n<\/tr>\n<tr>\n<td style=\"width: 100%\"><a href=\"https:\/\/semmelweis.hu\/hirek\/2014\/11\/12\/a-jubileum-kozos-unnep-diszoklevel-50-65-70-es-75-eve-vegzett-gyogyszereszeknek\/\">2014.11.12<\/a><\/td>\n<\/tr>\n<tr>\n<td style=\"width: 100%\"><a href=\"https:\/\/semmelweis.hu\/hirek\/2015\/09\/28\/szaz-gyogyszeresz-vehette-at-jubileumi-diszoklevelet\/\">2015.09.28<\/a><\/td>\n<\/tr>\n<tr>\n<td style=\"width: 100%\"><a href=\"https:\/\/semmelweis.hu\/hirek\/2016\/11\/07\/elodeink-teljesitmenyet-dicserjuk-jubileumi-diszoklevel-atado-unnepseg-a-gytk-n\/\">2016.11.07<\/a><\/td>\n<\/tr>\n<tr>\n<td style=\"width: 100%\"><a href=\"https:\/\/semmelweis.hu\/hirek\/2017\/11\/06\/oromunnep-es-emlekezet-jubileumi-diszoklevel-atado-a-gytk-n\/\">2017.11.06<\/a><\/td>\n<\/tr>\n<tr>\n<td style=\"width: 100%\"><a href=\"https:\/\/semmelweis.hu\/hirek\/2018\/11\/10\/107-jubileumi-diszoklevelet-adtak-at-gytk-n\/\">2018.11.10<\/a><\/td>\n<\/tr>\n<tr>\n<td style=\"width: 100%\"><a href=\"https:\/\/semmelweis.hu\/hirek\/2019\/01\/08\/a-gyogyszeresztudomanyi-kar-kozlemenye-a-75-70-65-60-es-50-eve-vegzett-gyogyszereszek-reszere\/\">2019.01.08<\/a><\/td>\n<\/tr>\n<tr>\n<td style=\"width: 100%\"><a href=\"https:\/\/semmelweis.hu\/hirek\/2019\/11\/11\/csaknem-szazan-vehettek-at-jubileumi-diszoklevelet-a-gytk-unnepsegen\/\">2019.11.11<\/a><\/td>\n<\/tr>\n<\/tbody>\n<\/table>\n<\/div><\/div>\n","protected":false},"excerpt":{"rendered":"<p><a href=\"https:\/\/semmelweis.hu\/aok\/jelentkezes-jubileumi-diszoklevel-atado-unnepsegre\/\">Jelentkez\u00e9s jubileumi d\u00edszoklev\u00e9l-\u00e1tad\u00f3 \u00fcnneps\u00e9gre 2021\u00c1ltal\u00e1nos Orvostudom\u00e1nyi Kar<\/a><\/p>\n<p><a href=\"https:\/\/semmelweis.hu\/hirek\/2011\/07\/29\/jubileumi-diszoklevelek\/\">2011.07.29<\/a><\/p>\n<p><a href=\"https:\/\/semmelweis.hu\/hirek\/tag\/jubileumi-diszoklevel\/page\/2\/\">2011.10.17<\/a><\/p>\n<p><a href=\"https:\/\/semmelweis.hu\/hirek\/2012\/10\/15\/jublieumi-diszokleveleket-adtak-at\/\">2012.10.15<\/a><\/p>\n<p><a href=\"https:\/\/semmelweis.hu\/hirek\/2013\/01\/08\/felhivas-jubileumi-diszoklevel-atvetelere\/\">2013.01.08<\/a><\/p>\n<p><a href=\"https:\/\/semmelweis.hu\/hirek\/2013\/10\/17\/a-nemzet-jelenet-es-jovojet-szem-elott-tarto-orvosokka-igy-formalodhattunk-jubileumi-diszoklevel-atado-az-aok-on\/\">2013.10.17<\/a><\/p>\n<p><a href=\"https:\/\/semmelweis.hu\/hirek\/2014\/10\/14\/tobb-mint-ketszaz-egykori-hallgato-vehetett-at-jubileumi-diszoklevelet\/\">2014.10.14<\/a><\/p>\n<p><a href=\"https:\/\/semmelweis.hu\/hirek\/2015\/10\/19\/csaknem-300-an-vehettek-at-jubileumi-diszoklevelet-az-altalanos-orvostudomanyi-karon\/\">2015.10.19<\/a><\/p>\n<p><a href=\"https:\/\/semmelweis.hu\/hirek\/2016\/10\/10\/fel-evszazad-munkajat-aldoztak-ra-hogy-betegeken-segitsenek-jubileumi-diszoklevel-atado-az-altalanos-orvostudomanyi-karon\/\">2016.10.10<\/a><\/p>\n<p><a href=\"https:\/\/semmelweis.hu\/hirek\/2017\/10\/16\/a-legszebb-es-legnehezebb-hivatast-valasztottak-jubileumi-diszoklevel-atado-az-aok-n\/\">2017.10.16<\/a><\/p>\n<p><a href=\"https:\/\/semmelweis.hu\/hirek\/2018\/10\/13\/237-en-vehettek-at-jubileumi-diszoklevelet-az-aok-n\/\">2018.10.13<\/a><\/p>\n<p><a href=\"https:\/\/semmelweis.hu\/hirek\/2019\/10\/14\/328-an-vehettek-at-jubileumi-diszoklevelet-az-aok-n\/\">2019.10.14<\/a><\/p>\n<p><a href=\"https:\/\/semmelweis.hu\/hirek\/2021\/01\/11\/a-fok-felhivasa-az-50-60-es-65-eve-vegzett-fogorvosok-reszere\/\">Jelentkez\u00e9s jubileumi d\u00edszoklev\u00e9l-\u00e1tad\u00f3 \u00fcnneps\u00e9gre 2021Fogorvostudom\u00e1nyi Kar<\/a><\/p>\n<p><a href=\"https:\/\/semmelweis.hu\/hirek\/tag\/jubileumi-diszoklevel\/page\/2\/\">2011.10.17<\/a><\/p>\n<p><a href=\"https:\/\/semmelweis.hu\/hirek\/2012\/01\/12\/semmelweis-egyetem-fogorvostudomanyi-kar-kozlemenye-az-50-eve-vegzett-fogorvosok-reszere-3\/\">2012.01.12<\/a><\/p>\n<p><a href=\"https:\/\/semmelweis.hu\/hirek\/2012\/10\/01\/eloszor-adtak-at-aranydiplomakat-onallo-kari-unnepseg-kereteben-a-fok-on\/\">2012.10.01<\/a><\/p>\n<p><a href=\"https:\/\/semmelweis.hu\/hirek\/2014\/09\/30\/hetvennyolcan-vehettek-at-a-fok-jubileumi-diszoklevelet\/\">2014.09.30<\/a><\/p>\n<p><a href=\"https:\/\/semmelweis.hu\/hirek\/2016\/10\/03\/peldat-mutattak-a-kesobbi-generacioknak-jubileumi-diszoklevel-atado-unnepseg-a-fogorvostudomanyi-karon\/\">2016.10.03<\/a><\/p>\n<p><a href=\"https:\/\/semmelweis.hu\/hirek\/2017\/10\/02\/a-mai-eredmenyeket-generaciok-egymasra-epulo-munkaja-adja-jubileumi-diszoklevel-atado-a-fok-on\/\">2017.10.02<\/a><\/p>\n<p><a href=\"https:\/\/semmelweis.hu\/hirek\/2018\/10\/01\/jubileumi-diszokleveleket-adtak-at-a-fok-on\/\">2018.10.01<\/a><\/p>\n<p><a href=\"https:\/\/semmelweis.hu\/hirek\/2019\/01\/14\/a-fogorvostudomanyi-kar-kozlemenye-az-50-es-60-eve-vegzett-fogorvosok-reszere\/\">2019.01.14<\/a><\/p>\n<p><a href=\"https:\/\/semmelweis.hu\/hirek\/2019\/10\/07\/jubileumi-gyemant-es-arany-diszokleveleket-adtak-at-a-fok-on\/\">2019.10.07<\/a><\/p>\n<p>\u00a0<\/p>\n<p><a href=\"https:\/\/semmelweis.hu\/hirek\/2021\/01\/11\/a-gytk-felhivasa-a-75-70-65-60-es-50-eve-vegzett-gyogyszereszek-reszere-2\/\">Jelentkez\u00e9s jubileumi d\u00edszoklev\u00e9l-\u00e1tad\u00f3 \u00fcnneps\u00e9gre 2021Gy\u00f3gyszer\u00e9sztudom\u00e1nyi Kar<\/a><\/p>\n<p><a href=\"https:\/\/semmelweis.hu\/hirek\/2012\/01\/23\/a-semmelweis-egyetem-gyogyszeresztudomanyi-kar-kozlemenye-a-75-70-65-60-es-50-eve-vegzett-gyogyszereszek-reszere\/\">2012.01.23<\/a><\/p>\n<p><a href=\"https:\/\/semmelweis.hu\/hirek\/2012\/11\/22\/jubileumi-diszoklevel-atado-unnepseg-gytk-an\/\">2012.11.22<\/a><\/p>\n<p><a href=\"https:\/\/semmelweis.hu\/hirek\/2013\/02\/04\/a-semmelweis-egyetem-gyogyszeresztudomanyi-kar-kozlemenye-a-75-70-65-60-es-50-eve-vegzett-gyogyszereszek-reszere-2\/\">2013.02.04<\/a><\/p>\n<p><a href=\"https:\/\/semmelweis.hu\/hirek\/2013\/12\/05\/jubileumi-diszokleveleket-adtak-at-a-gyogyszeresztudomanyi-karon\/\">2013.12.05<\/a><\/p>\n<p><a href=\"https:\/\/semmelweis.hu\/hirek\/2014\/11\/12\/a-jubileum-kozos-unnep-diszoklevel-50-65-70-es-75-eve-vegzett-gyogyszereszeknek\/\">2014.11.12<\/a><\/p>\n<p><a href=\"https:\/\/semmelweis.hu\/hirek\/2015\/09\/28\/szaz-gyogyszeresz-vehette-at-jubileumi-diszoklevelet\/\">2015.09.28<\/a><\/p>\n<p><a href=\"https:\/\/semmelweis.hu\/hirek\/2016\/11\/07\/elodeink-teljesitmenyet-dicserjuk-jubileumi-diszoklevel-atado-unnepseg-a-gytk-n\/\">2016.11.07<\/a><\/p>\n<p><a href=\"https:\/\/semmelweis.hu\/hirek\/2017\/11\/06\/oromunnep-es-emlekezet-jubileumi-diszoklevel-atado-a-gytk-n\/\">2017.11.06<\/a><\/p>\n<p><a href=\"https:\/\/semmelweis.hu\/hirek\/2018\/11\/10\/107-jubileumi-diszoklevelet-adtak-at-gytk-n\/\">2018.11.10<\/a><\/p>\n<p><a href=\"https:\/\/semmelweis.hu\/hirek\/2019\/01\/08\/a-gyogyszeresztudomanyi-kar-kozlemenye-a-75-70-65-60-es-50-eve-vegzett-gyogyszereszek-reszere\/\">2019.01.08<\/a><\/p>\n<p><a href=\"https:\/\/semmelweis.hu\/hirek\/2019\/11\/11\/csaknem-szazan-vehettek-at-jubileumi-diszoklevelet-a-gytk-unnepsegen\/\">2019.11.11<\/a><\/p>\n<p>\u00a0 <\/p>\n","protected":false},"author":101158,"featured_media":0,"parent":807,"menu_order":8,"comment_status":"closed","ping_status":"closed","template":"","meta":{"_acf_changed":false,"footnotes":""},"categories":[],"tags":[],"class_list":["post-1002","page","type-page","status-publish","hentry"],"acf":[],"publishpress_future_action":{"enabled":false,"date":"1970-01-01 01:00:00","action":"","terms":[],"taxonomy":"","browser_timezone_offset":0},"_links":{"self":[{"href":"https:\/\/semmelweis.hu\/alumni\/wp-json\/wp\/v2\/pages\/1002","targetHints":{"allow":["GET"]}}],"collection":[{"href":"https:\/\/semmelweis.hu\/alumni\/wp-json\/wp\/v2\/pages"}],"about":[{"href":"https:\/\/semmelweis.hu\/alumni\/wp-json\/wp\/v2\/types\/page"}],"author":[{"embeddable":true,"href":"https:\/\/semmelweis.hu\/alumni\/wp-json\/wp\/v2\/users\/101158"}],"replies":[{"embeddable":true,"href":"https:\/\/semmelweis.hu\/alumni\/wp-json\/wp\/v2\/comments?post=1002"}],"version-history":[{"count":10,"href":"https:\/\/semmelweis.hu\/alumni\/wp-json\/wp\/v2\/pages\/1002\/revisions"}],"predecessor-version":[{"id":3680,"href":"https:\/\/semmelweis.hu\/alumni\/wp-json\/wp\/v2\/pages\/1002\/revisions\/3680"}],"up":[{"embeddable":true,"href":"https:\/\/semmelweis.hu\/alumni\/wp-json\/wp\/v2\/pages\/807"}],"wp:attachment":[{"href":"https:\/\/semmelweis.hu\/alumni\/wp-json\/wp\/v2\/media?parent=1002"}],"wp:term":[{"taxonomy":"category","embeddable":true,"href":"https:\/\/semmelweis.hu\/alumni\/wp-json\/wp\/v2\/categories?post=1002"},{"taxonomy":"post_tag","embeddable":true,"href":"https:\/\/semmelweis.hu\/alumni\/wp-json\/wp\/v2\/tags?post=1002"}],"curies":[{"name":"wp","href":"https:\/\/api.w.org\/{rel}","templated":true}]}}