{"id":92,"date":"2013-06-28T07:30:16","date_gmt":"2013-06-28T07:30:16","guid":{"rendered":"http:\/\/semmelweis-egyetem.hu\/allatkiserleti-bizottsag\/?page_id=92"},"modified":"2024-10-21T16:23:39","modified_gmt":"2024-10-21T14:23:39","slug":"szabalyozas","status":"publish","type":"page","link":"https:\/\/semmelweis.hu\/allatjoleti-bizottsag\/szabalyozas\/","title":{"rendered":"Szab\u00e1lyoz\u00e1s"},"content":{"rendered":"<p>2020. \u00e1prilis 21-\u00e9n l\u00e9pett \u00e9letbe az Egyetemi Szen\u00e1tus \u00e1ltal elfogadott \u00faj Egyetemi \u00c1llatk\u00eds\u00e9rleti Szab\u00e1lyzat a kor\u00e1bbi 2017-es Szab\u00e1lyzat helyett. Az \u00c1llatk\u00eds\u00e9rleti Szab\u00e1lyzat a 40\/2013 (II.14.) Korm\u00e1nyrendeletnek \u00e9s m\u00f3dos\u00edt\u00e1sainak megfelel\u0151en ker\u00fclt meg\u00faj\u00edt\u00e1sra.<\/p>\n<p>A Semmelweis Egyetem \u00c1llatk\u00eds\u00e9rleti Szab\u00e1lyzata innen t\u00f6lthet\u0151 le:<\/p>\n<blockquote class=\"wp-embedded-content\" data-secret=\"Jap3fhGmt4\"><p><a href=\"https:\/\/semmelweis.hu\/jogigfoig\/dokumentumtar\/szabalyzattar\/allatkiserleti-szabalyzat\/\">\u00c1llatk\u00eds\u00e9rleti szab\u00e1lyzat<\/a><\/p><\/blockquote>\n<p><iframe loading=\"lazy\" class=\"wp-embedded-content\" sandbox=\"allow-scripts\" security=\"restricted\" style=\"position: absolute; clip: rect(1px, 1px, 1px, 1px);\" title=\"&#8220;\u00c1llatk\u00eds\u00e9rleti szab\u00e1lyzat&#8221; &#8212; Jogi \u00e9s Igazgat\u00e1si F\u0151igazgat\u00f3s\u00e1g\" src=\"https:\/\/semmelweis.hu\/jogigfoig\/dokumentumtar\/szabalyzattar\/allatkiserleti-szabalyzat\/embed\/#?secret=88bGwUGKnT#?secret=Jap3fhGmt4\" data-secret=\"Jap3fhGmt4\" width=\"600\" height=\"338\" frameborder=\"0\" marginwidth=\"0\" marginheight=\"0\" scrolling=\"no\"><\/iframe><\/p>\n<p>Megb\u00edzhat\u00f3 besz\u00e1ll\u00edt\u00f3k 2021. \u00e9vi \u00e1llapot szerint<\/p>\n<p><em><u>Import \u00e1llatok sz\u00e1ll\u00edt\u00f3ja:<br \/>\n<\/u><\/em><em>Akronom Kft<br \/>\n<\/em>C\u00e9gvezet\u0151: Novotta Csaba,<br \/>\n1149 Bp, Angol utca 34<br \/>\nTelefon: +3617999212<br \/>\ninfo@akronom.hu<\/p>\n<p>&nbsp;<\/p>\n<blockquote class=\"wp-embedded-content\" data-secret=\"R4g5r98Dzx\"><p><a href=\"https:\/\/innovokft.hu\/\">F\u0151oldal<\/a><\/p><\/blockquote>\n<p><iframe loading=\"lazy\" class=\"wp-embedded-content\" sandbox=\"allow-scripts\" security=\"restricted\" style=\"position: absolute; clip: rect(1px, 1px, 1px, 1px);\" title=\"&#8220;F\u0151oldal&#8221; &#8212; Innovo Kft.\" src=\"https:\/\/innovokft.hu\/embed\/#?secret=PFl10bKMl3#?secret=R4g5r98Dzx\" data-secret=\"R4g5r98Dzx\" width=\"600\" height=\"338\" frameborder=\"0\" marginwidth=\"0\" marginheight=\"0\" scrolling=\"no\"><\/iframe><\/p>\n<p><em>Innovo Kft.<br \/>\n<\/em>Sz\u00e9khely \u00e9s telephely:<br \/>\n2117 Isaszeg, Ady Endre \u00fat 47.<br \/>\nTelefon: +36 28 582035<br \/>\nTelefax: +36 28 582036<br \/>\nMobil: +36-30\/940-4173<\/p>\n<p><em>Animalab Hungary <br \/>\n<\/em>C\u00e9gvezet\u0151: Dr. Mark Hedberg<br \/>\nH-2600 V\u00e1c, Nasz\u00e1ly \u00fat 18.<br \/>\nTelefon: 06 704 314\u00a0441<br \/>\ninfo@animalab.hu<\/p>\n<p><em><u>Hazai besz\u00e1ll\u00edt\u00f3:<br \/>\n<\/u><\/em>Toxi-coop Kft<br \/>\nKontakt szem\u00e9ly: Balogh Zolt\u00e1n<br \/>\n1103 Budapest, Cserkesz utca 90<br \/>\nTelefon: 20\/926-4459, 261-8266<br \/>\nFax: 261-9162<\/p>\n<p>Az \u00e1llatokkal \u00e9rkez\u0151 \u00f6sszes dokumentumot (sz\u00e1ll\u00edt\u00f3lev\u00e9l \u00e9s st\u00e1tuszigazol\u00e1s) iktatni kell.<\/p>\n<p>Az SPF t\u00e9rbe genetikailag m\u00f3dos\u00edtott (GM) \u00e1llatok k\u00f6zvetlen\u00fcl csak a megb\u00edzhat\u00f3 vendorokt\u00f3l v\u00e1s\u00e1rolt \u00e1llatok eset\u00e9ben juthatnak \u00e1t. Kutat\u00f3i laborat\u00f3riumokt\u00f3l sz\u00e1rmaz\u00f3 \u00e1llatok eset\u00e9n SPF t\u00e9rbe csak az LTKK-val t\u00f6rt\u00e9nt egyezetet\u00e9s ut\u00e1n ker\u00fclhetnek az \u00e1llatok.<\/p>\n<p><u>A GM szolg\u00e1ltat\u00e1s az al\u00e1bbi c\u00edmen rendelhet\u0151 meg:<\/u><\/p>\n<p><em>MTA KOKI OGR<\/em><br \/>\nKontakt szem\u00e9ly: Dr. Erd\u00e9lyi Ferenc<br \/>\n1083 Budapest, Szigony utca 43.<br \/>\nTelefon: 20\/927-1520, 299-1002<\/p>\n","protected":false},"excerpt":{"rendered":"<p>2020. \u00e1prilis 21-\u00e9n l\u00e9pett \u00e9letbe az Egyetemi Szen\u00e1tus \u00e1ltal elfogadott \u00faj Egyetemi \u00c1llatk\u00eds\u00e9rleti Szab\u00e1lyzat a kor\u00e1bbi 2017-es Szab\u00e1lyzat helyett. Az \u00c1llatk\u00eds\u00e9rleti Szab\u00e1lyzat a 40\/2013 (II.14.) Korm\u00e1nyrendeletnek \u00e9s m\u00f3dos\u00edt\u00e1sainak megfelel\u0151en ker\u00fclt meg\u00faj\u00edt\u00e1sra. A Semmelweis Egyetem \u00c1llatk\u00eds\u00e9rleti Szab\u00e1lyzata innen t\u00f6lthet\u0151 le: <a href=\"https:\/\/semmelweis.hu\/jogigfoig\/dokumentumtar\/szabalyzattar\/allatkiserleti-szabalyzat\/\">\u00c1llatk\u00eds\u00e9rleti szab\u00e1lyzat<\/a> Megb\u00edzhat\u00f3 besz\u00e1ll\u00edt\u00f3k 2021. \u00e9vi \u00e1llapot szerint Import \u00e1llatok sz\u00e1ll\u00edt\u00f3ja: Akronom Kft C\u00e9gvezet\u0151: Novotta Csaba, 1149 Bp, &hellip;<\/p>\n","protected":false},"author":268,"featured_media":0,"parent":0,"menu_order":0,"comment_status":"closed","ping_status":"closed","template":"","meta":{"_acf_changed":false,"footnotes":""},"categories":[],"tags":[],"class_list":["post-92","page","type-page","status-publish","hentry"],"acf":[],"_links":{"self":[{"href":"https:\/\/semmelweis.hu\/allatjoleti-bizottsag\/wp-json\/wp\/v2\/pages\/92","targetHints":{"allow":["GET"]}}],"collection":[{"href":"https:\/\/semmelweis.hu\/allatjoleti-bizottsag\/wp-json\/wp\/v2\/pages"}],"about":[{"href":"https:\/\/semmelweis.hu\/allatjoleti-bizottsag\/wp-json\/wp\/v2\/types\/page"}],"author":[{"embeddable":true,"href":"https:\/\/semmelweis.hu\/allatjoleti-bizottsag\/wp-json\/wp\/v2\/users\/268"}],"replies":[{"embeddable":true,"href":"https:\/\/semmelweis.hu\/allatjoleti-bizottsag\/wp-json\/wp\/v2\/comments?post=92"}],"version-history":[{"count":11,"href":"https:\/\/semmelweis.hu\/allatjoleti-bizottsag\/wp-json\/wp\/v2\/pages\/92\/revisions"}],"predecessor-version":[{"id":879,"href":"https:\/\/semmelweis.hu\/allatjoleti-bizottsag\/wp-json\/wp\/v2\/pages\/92\/revisions\/879"}],"wp:attachment":[{"href":"https:\/\/semmelweis.hu\/allatjoleti-bizottsag\/wp-json\/wp\/v2\/media?parent=92"}],"wp:term":[{"taxonomy":"category","embeddable":true,"href":"https:\/\/semmelweis.hu\/allatjoleti-bizottsag\/wp-json\/wp\/v2\/categories?post=92"},{"taxonomy":"post_tag","embeddable":true,"href":"https:\/\/semmelweis.hu\/allatjoleti-bizottsag\/wp-json\/wp\/v2\/tags?post=92"}],"curies":[{"name":"wp","href":"https:\/\/api.w.org\/{rel}","templated":true}]}}