{"id":9,"date":"2013-03-19T09:47:47","date_gmt":"2013-03-19T09:47:47","guid":{"rendered":"http:\/\/semmelweis-egyetem.hu\/allatkiserleti-bizottsag\/?page_id=9"},"modified":"2025-05-20T16:01:39","modified_gmt":"2025-05-20T14:01:39","slug":"bizottsagi-tagok","status":"publish","type":"page","link":"https:\/\/semmelweis.hu\/allatjoleti-bizottsag\/bizottsagi-tagok\/","title":{"rendered":"Bizotts\u00e1gi tagok"},"content":{"rendered":"<h4><strong>A Semmelweis Egyetem Munkahelyi \u00c1llatj\u00f3l\u00e9ti Bizotts\u00e1g\u00e1nak tagjai a Semmelweis Egyetem Szen\u00e1tus\u00e1nak 2023. \u00e9vi 80\/2023 (X. 5.) sz\u00e1m\u00fa hat\u00e1rozata alapj\u00e1n<\/strong><\/h4>\n<h5><strong>Eln\u00f6k:<\/strong><\/h5>\n<p><span style=\"font-size: 14pt\">Dr. Szab\u00f3 Gy\u00f6rgyi egyetemi adjunktus, K\u00eds\u00e9rletes Kardiol\u00f3giai \u00e9s Seb\u00e9szeti M\u0171t\u00e9ttani Tansz\u00e9k<\/span><\/p>\n<h5><strong>Titk\u00e1r:<\/strong><\/h5>\n<p><span style=\"font-size: 14pt\">Dr. Zachar Gergely tudom\u00e1nyos f\u0151munkat\u00e1rs, Anat\u00f3miai Sz\u00f6vet- \u00e9s Fejl\u0151d\u00e9stani Int\u00e9zet<\/span><\/p>\n<h5><strong>Tagok:<\/strong><\/h5>\n<p>Dr. Cs\u00e9p\u00e1nyi-K\u00f6mi Roland egyetemi docens, \u00c9lettani Int\u00e9zet<\/p>\n<p><span style=\"font-size: 14pt\">Dr. Csuk\u00e1s Domokos egyetemi tan\u00e1rseg\u00e9d, K\u00eds\u00e9rletes Kardiol\u00f3giai \u00e9s Seb\u00e9szeti M\u0171t\u00e9ttani Tansz\u00e9k<\/span><\/p>\n<p><a href=\"https:\/\/semmelweis.hu\/allatjoleti-bizottsag\/files\/2022\/01\/DK-CV_MAB.pdf\"><span style=\"font-size: 14pt\">Prof. Dr. Dezs\u0151 Katalin egyetemi tan\u00e1r, <\/span><\/a><span style=\"font-size: 14pt\">Patol\u00f3giai \u00e9s K\u00eds\u00e9rleti R\u00e1kkutat\u00f3 Int\u00e9zet<\/span><\/p>\n<p><span style=\"font-size: 14pt\">Dr. Domokos Judit egyetemi adjunktus, Orvosi Mikrobiol\u00f3giai Int\u00e9zet<\/span><\/p>\n<p><a href=\"https:\/\/semmelweis.hu\/allatjoleti-bizottsag\/files\/2020\/12\/Europass-CV_F\u00f6ldes_20201030.pdf\"><span style=\"font-size: 14pt\">Dr. F\u00f6ldes Anna tudom\u00e1nyos f\u0151munkat\u00e1rs, <\/span><\/a><span style=\"font-size: 14pt\">Or\u00e1lbiol\u00f3giai Tansz\u00e9k<\/span><\/p>\n<p>Horv\u00e1th Bal\u00e1zs es\u00e9lyegyenl\u0151s\u00e9gi koordin\u00e1tor, Jogi \u00e9s Igazgat\u00e1si F\u0151oszt\u00e1ly<\/p>\n<p><a href=\"https:\/\/semmelweis.hu\/allatjoleti-bizottsag\/files\/2020\/12\/Szakmai-CV_Hricis\u00e1k-L\u00e1szl\u00f3.pdf\"><span style=\"font-size: 14pt\">Dr. Hricis\u00e1k L\u00e1szl\u00f3 egyetemi tan\u00e1rseg\u00e9d, <\/span><\/a><span style=\"font-size: 14pt\">Transzl\u00e1ci\u00f3s Medicina Int\u00e9zet<\/span><\/p>\n<p><a href=\"https:\/\/semmelweis.hu\/allatjoleti-bizottsag\/files\/2020\/12\/Kir\u00e1ly-K-cv.docx\"><span style=\"font-size: 14pt\">Dr. Kir\u00e1ly Korn\u00e9l egyetemi docens, <\/span><\/a><span style=\"font-size: 14pt\">Farmakol\u00f3giai \u00e9s Farmakoter\u00e1pi\u00e1s K\u00f6zpont<\/span><\/p>\n<p><span style=\"font-size: 14pt\">Dr. Koncz Szabolcs rezidens, Gy\u00f3gyszerhat\u00e1stani Int\u00e9zet<\/span><\/p>\n<p>Dr. <span style=\"font-size: 14pt\">T\u00edm\u00e1r Attila \u00e1llatorvos, <\/span><span style=\"font-size: 14pt\">V\u00e1rosmajori Sz\u00edv- \u00e9s \u00c9rgy\u00f3gy\u00e1szati Klinika<\/span><\/p>\n<p>Vendl Bernadett MD-PhD hallgat\u00f3, \u00c9lettani Int\u00e9zet<\/p>\n<p><span style=\"font-size: 18.6667px\">Dr. Ze\u00f6ld Anik\u00f3 egyetemi adjunktus, Genetikai, Sejt- \u00e9s Immunbiol\u00f3giai Int\u00e9zet<\/span><\/p>\n<h5><span style=\"font-size: 14pt\"><strong>A M\u00c1B \u00fcgyint\u00e9z\u0151je:<\/strong><\/span><\/h5>\n<p>Romanov Orsolya<\/p>\n","protected":false},"excerpt":{"rendered":"<p>A Semmelweis Egyetem Munkahelyi \u00c1llatj\u00f3l\u00e9ti Bizotts\u00e1g\u00e1nak tagjai a Semmelweis Egyetem Szen\u00e1tus\u00e1nak 2023. \u00e9vi 80\/2023 (X. 5.) sz\u00e1m\u00fa hat\u00e1rozata alapj\u00e1n Eln\u00f6k: Dr. Szab\u00f3 Gy\u00f6rgyi egyetemi adjunktus, K\u00eds\u00e9rletes Kardiol\u00f3giai \u00e9s Seb\u00e9szeti M\u0171t\u00e9ttani Tansz\u00e9k Titk\u00e1r: Dr. Zachar Gergely tudom\u00e1nyos f\u0151munkat\u00e1rs, Anat\u00f3miai Sz\u00f6vet- \u00e9s Fejl\u0151d\u00e9stani Int\u00e9zet Tagok: Dr. Cs\u00e9p\u00e1nyi-K\u00f6mi Roland egyetemi docens, \u00c9lettani Int\u00e9zet Dr. Csuk\u00e1s Domokos egyetemi tan\u00e1rseg\u00e9d, &hellip;<\/p>\n","protected":false},"author":12,"featured_media":0,"parent":0,"menu_order":0,"comment_status":"closed","ping_status":"closed","template":"","meta":{"_acf_changed":false,"footnotes":""},"categories":[],"tags":[],"class_list":["post-9","page","type-page","status-publish","hentry"],"acf":[],"_links":{"self":[{"href":"https:\/\/semmelweis.hu\/allatjoleti-bizottsag\/wp-json\/wp\/v2\/pages\/9","targetHints":{"allow":["GET"]}}],"collection":[{"href":"https:\/\/semmelweis.hu\/allatjoleti-bizottsag\/wp-json\/wp\/v2\/pages"}],"about":[{"href":"https:\/\/semmelweis.hu\/allatjoleti-bizottsag\/wp-json\/wp\/v2\/types\/page"}],"author":[{"embeddable":true,"href":"https:\/\/semmelweis.hu\/allatjoleti-bizottsag\/wp-json\/wp\/v2\/users\/12"}],"replies":[{"embeddable":true,"href":"https:\/\/semmelweis.hu\/allatjoleti-bizottsag\/wp-json\/wp\/v2\/comments?post=9"}],"version-history":[{"count":12,"href":"https:\/\/semmelweis.hu\/allatjoleti-bizottsag\/wp-json\/wp\/v2\/pages\/9\/revisions"}],"predecessor-version":[{"id":1057,"href":"https:\/\/semmelweis.hu\/allatjoleti-bizottsag\/wp-json\/wp\/v2\/pages\/9\/revisions\/1057"}],"wp:attachment":[{"href":"https:\/\/semmelweis.hu\/allatjoleti-bizottsag\/wp-json\/wp\/v2\/media?parent=9"}],"wp:term":[{"taxonomy":"category","embeddable":true,"href":"https:\/\/semmelweis.hu\/allatjoleti-bizottsag\/wp-json\/wp\/v2\/categories?post=9"},{"taxonomy":"post_tag","embeddable":true,"href":"https:\/\/semmelweis.hu\/allatjoleti-bizottsag\/wp-json\/wp\/v2\/tags?post=9"}],"curies":[{"name":"wp","href":"https:\/\/api.w.org\/{rel}","templated":true}]}}