{"id":803,"date":"2021-04-02T13:29:49","date_gmt":"2021-04-02T11:29:49","guid":{"rendered":"https:\/\/semmelweis.hu\/allatjoleti-bizottsag\/?page_id=803"},"modified":"2025-01-16T09:49:58","modified_gmt":"2025-01-16T08:49:58","slug":"eves-tovabbkepzes","status":"publish","type":"page","link":"https:\/\/semmelweis.hu\/allatjoleti-bizottsag\/eves-tovabbkepzes\/","title":{"rendered":"\u00c9ves tov\u00e1bbk\u00e9pz\u00e9s"},"content":{"rendered":"<p><span style=\"color: #3366ff\"><strong>A Semmelweis Egyetem Munkahelyi \u00c1llatj\u00f3l\u00e9ti Bizotts\u00e1ga az al\u00e1bbi kongresszusokon\/el\u0151ad\u00e1sokon val\u00f3 r\u00e9szv\u00e9telt \u00e9ves tov\u00e1bbk\u00e9pz\u00e9sk\u00e9nt elfogadja. <\/strong><\/span><\/p>\n<p><span style=\"color: #3366ff\"><strong>Participation in one of the below-mentioned congresses\/presentations is accepted as an annual course by Semmleweis University&#8217;s Animal Welfare Body.<\/strong><\/span><\/p>\n<ul>\n<li>Dr. Szab\u00f3 G\u00e1bor: <em>GM egerek el\u0151\u00e1ll\u00edt\u00e1sa, GM vonalak alap\u00edt\u00e1sa, fenntart\u00e1sa, teny\u00e9szt\u00e9se \u00e9s keresztez\u00e9se, mint \u00e1llatk\u00eds\u00e9rlet.\u00a0 \u00c1llatk\u00eds\u00e9rletek v\u00e9gz\u00e9se ir\u00e1nti k\u00e9relem GM vonatoz\u00e1sai<\/em> ONLINE el\u0151ad\u00e1s\u00e1n val\u00f3 r\u00e9szv\u00e9tel<\/li>\n<\/ul>\n<p style=\"font-weight: 400\">\u00a0 \u00a0 \u00a0 \u00a0 Az el\u0151ad\u00e1s ideje: 2025.02.19 (szerda) 15:00-16:30<\/p>\n<p>\u00a0 \u00a0 \u00a0 \u00a0 Csatlakoz\u00e1shoz \u00edrjon a mab@semmelweis.hu e-mail c\u00edmre!<\/p>\n<ul>\n<li>FELASA Congress &#8211; https:\/\/www.felasa2025.eu\/<\/li>\n<\/ul>\n<ul>\n<li>The World Congress on Alternatives and Animal Use in the Life Sciences<strong> (<\/strong>WC13) &#8211; https:\/\/www.wc13rio.org\/<\/li>\n<\/ul>\n<p>&nbsp;<\/p>\n","protected":false},"excerpt":{"rendered":"<p>A Semmelweis Egyetem Munkahelyi \u00c1llatj\u00f3l\u00e9ti Bizotts\u00e1ga az al\u00e1bbi kongresszusokon\/el\u0151ad\u00e1sokon val\u00f3 r\u00e9szv\u00e9telt \u00e9ves tov\u00e1bbk\u00e9pz\u00e9sk\u00e9nt elfogadja. Participation in one of the below-mentioned congresses\/presentations is accepted as an annual course by Semmleweis University&#8217;s Animal Welfare Body. Dr. Szab\u00f3 G\u00e1bor: GM egerek el\u0151\u00e1ll\u00edt\u00e1sa, GM vonalak alap\u00edt\u00e1sa, fenntart\u00e1sa, teny\u00e9szt\u00e9se \u00e9s keresztez\u00e9se, mint \u00e1llatk\u00eds\u00e9rlet.\u00a0 \u00c1llatk\u00eds\u00e9rletek v\u00e9gz\u00e9se ir\u00e1nti k\u00e9relem GM vonatoz\u00e1sai ONLINE &hellip;<\/p>\n","protected":false},"author":268,"featured_media":0,"parent":0,"menu_order":0,"comment_status":"closed","ping_status":"closed","template":"","meta":{"_acf_changed":false,"footnotes":""},"categories":[],"tags":[],"class_list":["post-803","page","type-page","status-publish","hentry"],"acf":[],"_links":{"self":[{"href":"https:\/\/semmelweis.hu\/allatjoleti-bizottsag\/wp-json\/wp\/v2\/pages\/803","targetHints":{"allow":["GET"]}}],"collection":[{"href":"https:\/\/semmelweis.hu\/allatjoleti-bizottsag\/wp-json\/wp\/v2\/pages"}],"about":[{"href":"https:\/\/semmelweis.hu\/allatjoleti-bizottsag\/wp-json\/wp\/v2\/types\/page"}],"author":[{"embeddable":true,"href":"https:\/\/semmelweis.hu\/allatjoleti-bizottsag\/wp-json\/wp\/v2\/users\/268"}],"replies":[{"embeddable":true,"href":"https:\/\/semmelweis.hu\/allatjoleti-bizottsag\/wp-json\/wp\/v2\/comments?post=803"}],"version-history":[{"count":10,"href":"https:\/\/semmelweis.hu\/allatjoleti-bizottsag\/wp-json\/wp\/v2\/pages\/803\/revisions"}],"predecessor-version":[{"id":1021,"href":"https:\/\/semmelweis.hu\/allatjoleti-bizottsag\/wp-json\/wp\/v2\/pages\/803\/revisions\/1021"}],"wp:attachment":[{"href":"https:\/\/semmelweis.hu\/allatjoleti-bizottsag\/wp-json\/wp\/v2\/media?parent=803"}],"wp:term":[{"taxonomy":"category","embeddable":true,"href":"https:\/\/semmelweis.hu\/allatjoleti-bizottsag\/wp-json\/wp\/v2\/categories?post=803"},{"taxonomy":"post_tag","embeddable":true,"href":"https:\/\/semmelweis.hu\/allatjoleti-bizottsag\/wp-json\/wp\/v2\/tags?post=803"}],"curies":[{"name":"wp","href":"https:\/\/api.w.org\/{rel}","templated":true}]}}