{"id":29,"date":"2013-03-28T09:25:10","date_gmt":"2013-03-28T09:25:10","guid":{"rendered":"http:\/\/semmelweis-egyetem.hu\/allatkiserleti-bizottsag\/?page_id=29"},"modified":"2025-12-17T11:13:18","modified_gmt":"2025-12-17T10:13:18","slug":"jogszabalyok","status":"publish","type":"page","link":"https:\/\/semmelweis.hu\/allatjoleti-bizottsag\/jogszabalyok\/","title":{"rendered":"Jogszab\u00e1lyok"},"content":{"rendered":"<ul>\n<li><a href=\"https:\/\/semmelweis.hu\/allatjoleti-bizottsag\/files\/2019\/10\/40_2013.-II.-14.-Korm.-rendelet-m\u00f3dos\u00edtot-2018-1.pdf\">A Korm\u00e1ny 40\/2013. (II. 14.) Korm. rendelete\u00a0az \u00e1llatk\u00eds\u00e9rletekr\u0151l\u00a0<\/a>&#8211; a 2018-ban \u00e9letbe l\u00e9pett m\u00f3dos\u00edtott Korm\u00e1nyrendelet<\/li>\n<li><a href=\"https:\/\/net.jogtar.hu\/jr\/gen\/hjegy_doc.cgi?docid=a1300040.kor\">https:\/\/net.jogtar.hu &#8211; a 40\/2013. Korm\u00e1nyrendelet teljes mell\u00e9klet\u00e9vel<\/a><\/li>\n<li><a href=\"https:\/\/semmelweis.hu\/allatjoleti-bizottsag\/files\/2015\/11\/1998.-\u00e9vi-t\u00f6rv\u00e9ny-az-\u00e1llatok-v\u00e9delm\u00e9r\u0151l.docx\">T\u00f6rv\u00e9ny az \u00e1llatok v\u00e9delm\u00e9r\u0151l \u00e9s k\u00edm\u00e9let\u00e9r\u0151l<\/a><\/li>\n<li><a href=\"https:\/\/semmelweis.hu\/allatjoleti-bizottsag\/files\/2014\/11\/2010-63-EU-Ir\u00e1nyelv.pdf\" target=\"_blank\" rel=\"noopener noreferrer\">2010\/63\/EU ir\u00e1nyelv\u00a0a tudom\u00e1nyos c\u00e9lokra felhaszn\u00e1lt \u00e1llatok v\u00e9delm\u00e9r\u0151l\u00a0(magyar)<\/a><\/li>\n<li><a href=\"https:\/\/semmelweis.hu\/allatjoleti-bizottsag\/files\/2015\/01\/2010-63-EU-Directives.pdf\" target=\"_blank\" rel=\"noopener noreferrer\">Directive 2010\/63\/EU of \u00a0the European Parliament and of the Council\u00a0on the protection of animals used for scientific purposes\u00a0(english)<\/a><\/li>\n<li><a href=\"https:\/\/epa.oszk.hu\/00600\/00691\/00015\/pdf\/EPA00691_magyar_tudomany_2005-03_360-362.pdf\" target=\"_blank\" rel=\"noopener noreferrer\">Az MTA Oszt\u00e1lyk\u00f6zi \u00c1llatk\u00eds\u00e9rletes Tudom\u00e1nyos Bizotts\u00e1g\u00e1nak \u00e1ll\u00e1spontja az \u00e1llatok tudom\u00e1nyos c\u00e9lra t\u00f6rt\u00e9n\u0151 felhaszn\u00e1l\u00e1s\u00e1r\u00f3l<\/a><\/li>\n<\/ul>\n","protected":false},"excerpt":{"rendered":"<p><a href=\"https:\/\/semmelweis.hu\/allatjoleti-bizottsag\/files\/2019\/10\/40_2013.-II.-14.-Korm.-rendelet-m\u00f3dos\u00edtot-2018-1.pdf\">A Korm\u00e1ny 40\/2013. (II. 14.) Korm. rendelete\u00a0az \u00e1llatk\u00eds\u00e9rletekr\u0151l\u00a0<\/a>&#8211; a 2018-ban \u00e9letbe l\u00e9pett m\u00f3dos\u00edtott Korm\u00e1nyrendelet<br \/>\n<a href=\"https:\/\/net.jogtar.hu\/jr\/gen\/hjegy_doc.cgi?docid=a1300040.kor\">https:\/\/net.jogtar.hu &#8211; a 40\/2013. Korm\u00e1nyrendelet teljes mell\u00e9klet\u00e9vel<\/a><br \/>\n<a href=\"https:\/\/semmelweis.hu\/allatjoleti-bizottsag\/files\/2015\/11\/1998.-\u00e9vi-t\u00f6rv\u00e9ny-az-\u00e1llatok-v\u00e9delm\u00e9r\u0151l.docx\">T\u00f6rv\u00e9ny az \u00e1llatok v\u00e9delm\u00e9r\u0151l \u00e9s k\u00edm\u00e9let\u00e9r\u0151l<\/a><br \/>\n<a href=\"https:\/\/semmelweis.hu\/allatjoleti-bizottsag\/files\/2014\/11\/2010-63-EU-Ir\u00e1nyelv.pdf\" target=\"_blank\" rel=\"noopener noreferrer\">2010\/63\/EU ir\u00e1nyelv\u00a0a tudom\u00e1nyos c\u00e9lokra felhaszn\u00e1lt \u00e1llatok v\u00e9delm\u00e9r\u0151l\u00a0(magyar)<\/a><br \/>\n<a href=\"https:\/\/semmelweis.hu\/allatjoleti-bizottsag\/files\/2015\/01\/2010-63-EU-Directives.pdf\" target=\"_blank\" rel=\"noopener noreferrer\">Directive 2010\/63\/EU of \u00a0the European Parliament and of the Council\u00a0on the protection of animals used for scientific purposes\u00a0(english)<\/a><br \/>\n<a href=\"https:\/\/epa.oszk.hu\/00600\/00691\/00015\/pdf\/EPA00691_magyar_tudomany_2005-03_360-362.pdf\" target=\"_blank\" rel=\"noopener noreferrer\">Az MTA Oszt\u00e1lyk\u00f6zi \u00c1llatk\u00eds\u00e9rletes Tudom\u00e1nyos Bizotts\u00e1g\u00e1nak \u00e1ll\u00e1spontja az \u00e1llatok tudom\u00e1nyos c\u00e9lra t\u00f6rt\u00e9n\u0151 felhaszn\u00e1l\u00e1s\u00e1r\u00f3l<\/a><\/p>\n","protected":false},"author":12,"featured_media":0,"parent":0,"menu_order":0,"comment_status":"open","ping_status":"open","template":"","meta":{"_acf_changed":false,"footnotes":""},"categories":[],"tags":[],"class_list":["post-29","page","type-page","status-publish","hentry"],"acf":[],"_links":{"self":[{"href":"https:\/\/semmelweis.hu\/allatjoleti-bizottsag\/wp-json\/wp\/v2\/pages\/29","targetHints":{"allow":["GET"]}}],"collection":[{"href":"https:\/\/semmelweis.hu\/allatjoleti-bizottsag\/wp-json\/wp\/v2\/pages"}],"about":[{"href":"https:\/\/semmelweis.hu\/allatjoleti-bizottsag\/wp-json\/wp\/v2\/types\/page"}],"author":[{"embeddable":true,"href":"https:\/\/semmelweis.hu\/allatjoleti-bizottsag\/wp-json\/wp\/v2\/users\/12"}],"replies":[{"embeddable":true,"href":"https:\/\/semmelweis.hu\/allatjoleti-bizottsag\/wp-json\/wp\/v2\/comments?post=29"}],"version-history":[{"count":11,"href":"https:\/\/semmelweis.hu\/allatjoleti-bizottsag\/wp-json\/wp\/v2\/pages\/29\/revisions"}],"predecessor-version":[{"id":1084,"href":"https:\/\/semmelweis.hu\/allatjoleti-bizottsag\/wp-json\/wp\/v2\/pages\/29\/revisions\/1084"}],"wp:attachment":[{"href":"https:\/\/semmelweis.hu\/allatjoleti-bizottsag\/wp-json\/wp\/v2\/media?parent=29"}],"wp:term":[{"taxonomy":"category","embeddable":true,"href":"https:\/\/semmelweis.hu\/allatjoleti-bizottsag\/wp-json\/wp\/v2\/categories?post=29"},{"taxonomy":"post_tag","embeddable":true,"href":"https:\/\/semmelweis.hu\/allatjoleti-bizottsag\/wp-json\/wp\/v2\/tags?post=29"}],"curies":[{"name":"wp","href":"https:\/\/api.w.org\/{rel}","templated":true}]}}