{"id":881,"date":"2025-03-27T14:55:54","date_gmt":"2025-03-27T13:55:54","guid":{"rendered":"https:\/\/semmelweis.hu\/alkalmazottitanacs\/?page_id=881"},"modified":"2025-04-01T12:37:30","modified_gmt":"2025-04-01T10:37:30","slug":"elerhetosegeink","status":"publish","type":"page","link":"https:\/\/semmelweis.hu\/alkalmazottitanacs\/elerhetosegeink\/","title":{"rendered":"El\u00e9rhet\u0151s\u00e9geink"},"content":{"rendered":"<h3>Semmelweis Egyetem Alkalmazotti Tan\u00e1cs<\/h3>\n<p><strong>c\u00edm:<\/strong> 1085 Budapest, \u00dcll\u0151i \u00fat 22. 1. emelet<br \/>\n<strong>postac\u00edm:<\/strong> 1085 Budapest, \u00dcll\u0151i \u00fat 26.<br \/>\n<strong>e-mail c\u00edm<\/strong>: <a href=\"mailto:alkalmazotti.tanacs@semmelweis.hu\">alkalmazotti.tanacs@semmelweis.hu<\/a><br \/>\n<strong>telefonsz\u00e1m:<\/strong> +361 459 1500 \/ 54885<\/p>\n<p><strong>k\u00f6zvetlen\u00fcl kereshet\u0151 munkat\u00e1rsunk<\/strong>: Ternyilla M\u00f3nika<br \/>\n<strong>telefonsz\u00e1m:<\/strong> +3630 016 4471<\/p>\n","protected":false},"excerpt":{"rendered":"<p>Semmelweis Egyetem Alkalmazotti Tan\u00e1cs<br \/>\nc\u00edm: 1085 Budapest, \u00dcll\u0151i \u00fat 22. 1. emelet<br \/>\npostac\u00edm: 1085 Budapest, \u00dcll\u0151i \u00fat 26.<br \/>\ne-mail c\u00edm: <a href=\"mailto:alkalmazotti.tanacs@semmelweis.hu\">alkalmazotti.tanacs@semmelweis.hu<\/a><br \/>\ntelefonsz\u00e1m: +361 459 1500 \/ 54885<br \/>\nk\u00f6zvetlen\u00fcl kereshet\u0151 munkat\u00e1rsunk: Ternyilla M\u00f3nika<br \/>\ntelefonsz\u00e1m: +3630 016 4471<\/p>\n","protected":false},"author":12,"featured_media":0,"parent":0,"menu_order":8,"comment_status":"closed","ping_status":"closed","template":"","meta":{"_acf_changed":false,"footnotes":""},"categories":[],"tags":[],"class_list":["post-881","page","type-page","status-publish","hentry"],"acf":[],"_links":{"self":[{"href":"https:\/\/semmelweis.hu\/alkalmazottitanacs\/wp-json\/wp\/v2\/pages\/881","targetHints":{"allow":["GET"]}}],"collection":[{"href":"https:\/\/semmelweis.hu\/alkalmazottitanacs\/wp-json\/wp\/v2\/pages"}],"about":[{"href":"https:\/\/semmelweis.hu\/alkalmazottitanacs\/wp-json\/wp\/v2\/types\/page"}],"author":[{"embeddable":true,"href":"https:\/\/semmelweis.hu\/alkalmazottitanacs\/wp-json\/wp\/v2\/users\/12"}],"replies":[{"embeddable":true,"href":"https:\/\/semmelweis.hu\/alkalmazottitanacs\/wp-json\/wp\/v2\/comments?post=881"}],"version-history":[{"count":4,"href":"https:\/\/semmelweis.hu\/alkalmazottitanacs\/wp-json\/wp\/v2\/pages\/881\/revisions"}],"predecessor-version":[{"id":890,"href":"https:\/\/semmelweis.hu\/alkalmazottitanacs\/wp-json\/wp\/v2\/pages\/881\/revisions\/890"}],"wp:attachment":[{"href":"https:\/\/semmelweis.hu\/alkalmazottitanacs\/wp-json\/wp\/v2\/media?parent=881"}],"wp:term":[{"taxonomy":"category","embeddable":true,"href":"https:\/\/semmelweis.hu\/alkalmazottitanacs\/wp-json\/wp\/v2\/categories?post=881"},{"taxonomy":"post_tag","embeddable":true,"href":"https:\/\/semmelweis.hu\/alkalmazottitanacs\/wp-json\/wp\/v2\/tags?post=881"}],"curies":[{"name":"wp","href":"https:\/\/api.w.org\/{rel}","templated":true}]}}