{"id":597,"date":"2023-05-04T11:19:33","date_gmt":"2023-05-04T09:19:33","guid":{"rendered":"https:\/\/semmelweis.hu\/alkalmazottitanacs\/?page_id=597"},"modified":"2025-03-27T13:42:30","modified_gmt":"2025-03-27T12:42:30","slug":"mi-az-alkalmazotti-tanacs","status":"publish","type":"page","link":"https:\/\/semmelweis.hu\/alkalmazottitanacs\/mi-az-alkalmazotti-tanacs\/","title":{"rendered":"Mi az Alkalmazotti Tan\u00e1cs?"},"content":{"rendered":"<p>A Semmelweis Egyetem modellv\u00e1lt\u00e1sa ut\u00e1n \u00e9s az Eg\u00e9szs\u00e9g\u00fcgyi Szolg\u00e1lati jogviszony t\u00f6rv\u00e9ny bevezet\u00e9s\u00e9vel 2021-ben az egyetem \u00f6sszes munkav\u00e1llal\u00f3ja kiker\u00fclt a k\u00f6zalkalmazotti jogviszonyb\u00f3l.<\/p>\n<p>A modellv\u00e1lt\u00e1s el\u0151tt, 1995-t\u0151l az Egyetemen K\u00f6zalkalmazotti Tan\u00e1cs (KAT) m\u0171k\u00f6d\u00f6tt a K\u00f6zalkalmazottak jog\u00e1ll\u00e1s\u00e1r\u00f3l sz\u00f3l\u00f3 t\u00f6rv\u00e9ny (Kjt.) alapj\u00e1n. Ennek m\u0171k\u00f6d\u00e9si kereteit kisebb elt\u00e9r\u00e9sekkel a Munka t\u00f6rv\u00e9nyk\u00f6nyve (Mt.) szab\u00e1lyozta.<\/p>\n<p>A modellv\u00e1lt\u00e1s el\u0151k\u00e9sz\u00edt\u00e9sekor, az \u00e9rdekk\u00e9pviseletek jelezt\u00e9k az Egyetem vezet\u00e9s\u00e9nek, hogy az Mt. alatt \u00fczemi tan\u00e1cs v\u00e1laszt\u00e1sra van lehet\u0151s\u00e9g, de ez a t\u00f6rv\u00e9nyi elnevez\u00e9s idegen\u00fcl hat(na) az egyetemi k\u00f6zegben. Ez\u00e9rt k\u00e9rt\u00e9k az Egyetem vezet\u00e9s\u00e9t, hogy Alkalmazotti Tan\u00e1cs elnevez\u00e9st haszn\u00e1ljuk.<\/p>\n<h4><strong>V\u00e1laszt\u00e1sok &#8211; Alkalmazotti Tan\u00e1cs<\/strong><\/h4>\n<p>A 2021. december\u00e9ben megtartott Alkalmazotti Tan\u00e1cs v\u00e1laszt\u00e1son h\u00fasz f\u0151 indult. A jel\u00f6ltek k\u00f6z\u00fcl mindenki el\u00e9rte a tags\u00e1ghoz sz\u00fcks\u00e9ges harminc sz\u00e1zal\u00e9k, vagy a p\u00f3ttags\u00e1ghoz sz\u00fcks\u00e9ges h\u00fasz sz\u00e1zal\u00e9k szavazati ar\u00e1nyt. Ez\u00e9rt 2022. janu\u00e1rban megkezdte m\u0171k\u00f6d\u00e9s\u00e9t <strong>a Semmelweis Egyetem tizenh\u00e1rom f\u0151s Alkalmazotti Tan\u00e1csa, h\u00e9t p\u00f3ttaggal<\/strong>.<\/p>\n<p>A Tan\u00e1cs havonta \u00fcl\u00e9sezik, amikor is megvitatj\u00e1k az Egyetemet \u00e9rint\u0151 aktu\u00e1lis v\u00e1ltoz\u00e1sokat, felmer\u00fcl\u0151 probl\u00e9m\u00e1kat \u00e9s a munkav\u00e1llal\u00f3k r\u00e9sz\u00e9r\u0151l be\u00e9rkez\u0151 panaszokat, \u00e9szrev\u00e9teleket. A Tan\u00e1cs \u00fcgyrendje itt el\u00e9rhet\u0151.<\/p>\n<h4><strong>\u00a0Mi az Alkalmazotti Tan\u00e1cs? Miben seg\u00edthet nekem?<\/strong><\/h4>\n<p>Az Alkalmazotti Tan\u00e1cs (AT) az Mt. \u00fczemi tan\u00e1csokra vonatkoz\u00f3 el\u0151\u00edr\u00e1sai alapj\u00e1n l\u00e9trej\u00f6tt munkav\u00e1llal\u00f3i \u00e9rdekk\u00e9pviseleti szerv, amelynek jogk\u00f6re k\u00fcl\u00f6nb\u00f6zik a szakszervezetekt\u0151l.<\/p>\n<p>Az \u00fczemi tan\u00e1cs feladata a munkaviszonyra vonatkoz\u00f3 szab\u00e1lyok megtart\u00e1s\u00e1nak figyelemmel k\u00eds\u00e9r\u00e9se \u00e9s ezzel \u00f6sszef\u00fcgg\u00e9sben a munkav\u00e1llal\u00f3i \u00e9rdekk\u00e9pviselet.<\/p>\n<div class=\"keretes w-100\">\n<h5>N\u00e9gy olyan f\u0151 jog van, amelyet\u00a0 a jogszab\u00e1ly k\u00fcl\u00f6n kiemel:<\/h5>\n<ul>\n<li>a t\u00e1j\u00e9koztat\u00e1shoz val\u00f3 jog,<\/li>\n<li>az egy\u00fcttd\u00f6nt\u00e9si jog,<\/li>\n<li>a v\u00e9lem\u00e9nyez\u00e9shez val\u00f3 jog, a<\/li>\n<li>az \u00fczemi meg\u00e1llapod\u00e1s k\u00f6t\u00e9s\u00e9nek lehet\u0151s\u00e9ge.<\/li>\n<\/ul>\n<\/div>\n<p>Ezen jogokat az AT \u00fagy tudja gyakorolni az Egyetemen, hogy eln\u00f6ke \u00e9s aleln\u00f6ke tagja a Szen\u00e1tusnak. Az \u00e1lland\u00f3 bizotts\u00e1gokba \u00e9s a Kari tan\u00e1csokba is deleg\u00e1l tagokat, valamint rendszeresen konzult\u00e1l az egyetem vezet\u0151ivel.<\/p>\n<p>A jogszab\u00e1ly alapj\u00e1n a munk\u00e1ltat\u00f3 \u00e9s az \u00fczemi tan\u00e1cs k\u00f6z\u00f6sen d\u00f6nt a j\u00f3l\u00e9ti c\u00e9l\u00fa p\u00e9nzeszk\u00f6z\u00f6k felhaszn\u00e1l\u00e1s\u00e1r\u00f3l. A j\u00f3l\u00e9ti jelleget a p\u00e9nzeszk\u00f6z c\u00e9lja alapj\u00e1n lehet meg\u00e1llap\u00edtani, ilyen j\u00f3l\u00e9ti c\u00e9l\u00fa p\u00e9nzeszk\u00f6z a munk\u00e1ltat\u00f3i seg\u00e9lyez\u00e9si alap (pl. Szoci\u00e1lis Kr\u00edzisalap).\u00a0Valamint az AT szab\u00e1lyzata alapj\u00e1n az egyetem vezet\u00e9s\u00e9vel k\u00f6z\u00f6sen d\u00f6nt a munkav\u00e1llal\u00f3i pihen\u00e9s\u00e9t szolg\u00e1l\u00f3 ingatlanok (pl. \u00fcd\u00fcl\u0151k) k\u00e9rd\u00e9s\u00e9ben is.<\/p>\n<p>Az AT munk\u00e1j\u00e1ban t\u00f6rt\u00e9n\u0151 eligazod\u00e1st seg\u00edti jelen honlap, de b\u00e1rmilyen \u00e9szrev\u00e9tel \u00e9s probl\u00e9ma eset\u00e9n a megadott el\u00e9rhet\u0151s\u00e9geken \u00e9s kommunik\u00e1ci\u00f3s csatorn\u00e1kon tudj\u00e1k el\u00e9rni a Tan\u00e1csot.\u00a0\u00a0<\/p>\n","protected":false},"excerpt":{"rendered":"<p>A Semmelweis Egyetem modellv\u00e1lt\u00e1sa ut\u00e1n \u00e9s az Eg\u00e9szs\u00e9g\u00fcgyi Szolg\u00e1lati jogviszony t\u00f6rv\u00e9ny bevezet\u00e9s\u00e9vel 2021-ben az egyetem \u00f6sszes munkav\u00e1llal\u00f3ja kiker\u00fclt a k\u00f6zalkalmazotti jogviszonyb\u00f3l. A modellv\u00e1lt\u00e1s el\u0151tt, 1995-t\u0151l az Egyetemen K\u00f6zalkalmazotti Tan\u00e1cs (KAT) m\u0171k\u00f6d\u00f6tt a K\u00f6zalkalmazottak jog\u00e1ll\u00e1s\u00e1r\u00f3l sz\u00f3l\u00f3 t\u00f6rv\u00e9ny (Kjt.) alapj\u00e1n. Ennek m\u0171k\u00f6d\u00e9si kereteit kisebb elt\u00e9r\u00e9sekkel a Munka t\u00f6rv\u00e9nyk\u00f6nyve (Mt.) szab\u00e1lyozta. A modellv\u00e1lt\u00e1s el\u0151k\u00e9sz\u00edt\u00e9sekor, az \u00e9rdekk\u00e9pviseletek jelezt\u00e9k az &hellip;<\/p>\n","protected":false},"author":8,"featured_media":0,"parent":0,"menu_order":0,"comment_status":"closed","ping_status":"closed","template":"","meta":{"_acf_changed":false,"footnotes":""},"categories":[],"tags":[],"class_list":["post-597","page","type-page","status-publish","hentry"],"acf":[],"_links":{"self":[{"href":"https:\/\/semmelweis.hu\/alkalmazottitanacs\/wp-json\/wp\/v2\/pages\/597","targetHints":{"allow":["GET"]}}],"collection":[{"href":"https:\/\/semmelweis.hu\/alkalmazottitanacs\/wp-json\/wp\/v2\/pages"}],"about":[{"href":"https:\/\/semmelweis.hu\/alkalmazottitanacs\/wp-json\/wp\/v2\/types\/page"}],"author":[{"embeddable":true,"href":"https:\/\/semmelweis.hu\/alkalmazottitanacs\/wp-json\/wp\/v2\/users\/8"}],"replies":[{"embeddable":true,"href":"https:\/\/semmelweis.hu\/alkalmazottitanacs\/wp-json\/wp\/v2\/comments?post=597"}],"version-history":[{"count":3,"href":"https:\/\/semmelweis.hu\/alkalmazottitanacs\/wp-json\/wp\/v2\/pages\/597\/revisions"}],"predecessor-version":[{"id":869,"href":"https:\/\/semmelweis.hu\/alkalmazottitanacs\/wp-json\/wp\/v2\/pages\/597\/revisions\/869"}],"wp:attachment":[{"href":"https:\/\/semmelweis.hu\/alkalmazottitanacs\/wp-json\/wp\/v2\/media?parent=597"}],"wp:term":[{"taxonomy":"category","embeddable":true,"href":"https:\/\/semmelweis.hu\/alkalmazottitanacs\/wp-json\/wp\/v2\/categories?post=597"},{"taxonomy":"post_tag","embeddable":true,"href":"https:\/\/semmelweis.hu\/alkalmazottitanacs\/wp-json\/wp\/v2\/tags?post=597"}],"curies":[{"name":"wp","href":"https:\/\/api.w.org\/{rel}","templated":true}]}}