{"id":548,"date":"2022-11-07T14:33:02","date_gmt":"2022-11-07T13:33:02","guid":{"rendered":"https:\/\/semmelweis.hu\/alkalmazottitanacs\/?page_id=548"},"modified":"2026-04-16T10:19:18","modified_gmt":"2026-04-16T08:19:18","slug":"lakascelu-munkaltatoi-kolcson","status":"publish","type":"page","link":"https:\/\/semmelweis.hu\/alkalmazottitanacs\/lakascelu-munkaltatoi-kolcson\/","title":{"rendered":"Lak\u00e1sc\u00e9l\u00fa Munk\u00e1ltat\u00f3i K\u00f6lcs\u00f6n (LMK)"},"content":{"rendered":"<h5 style=\"text-align: justify\">A Semmelweis Egyetem a Semmelweis \u00c9rdekv\u00e9delmi Sz\u00f6vets\u00e9g \u00e9s az Alkalmazotti Tan\u00e1cs kezdem\u00e9nyez\u00e9s\u00e9re \u00e9s egyet\u00e9rt\u00e9s\u00e9vel munkav\u00e1llal\u00f3i sz\u00e1m\u00e1ra a lakhat\u00e1si felt\u00e9telek megteremt\u00e9se \u00e9s lak\u00e1skorszer\u0171s\u00edt\u00e9si c\u00e9ljaik t\u00e1mogat\u00e1s\u00e1ra lehet\u0151v\u00e9 teszi kamatmentes lak\u00e1sc\u00e9l\u00fa munk\u00e1ltat\u00f3i k\u00f6lcs\u00f6n ig\u00e9nybev\u00e9tel\u00e9t.<\/h5>\n<p style=\"text-align: justify\">Az ig\u00e9nyl\u00e9s felt\u00e9teleir\u0151l kiadott E\/6\/2022 (X.13.) sz\u00e1m\u00fa Rektori-Kancell\u00e1ri utas\u00edt\u00e1s lak\u00e1sc\u00e9l\u00fa munk\u00e1ltat\u00f3i k\u00f6lcs\u00f6n ig\u00e9nybev\u00e9tel\u00e9nek rendj\u00e9r\u0151l egys\u00e9ges szerkezetbe foglalva a vonatkoz\u00f3 m\u00f3dos\u00edt\u00e1sokkal <a href=\"https:\/\/semmelweis.hu\/jogigfoig\/2022\/10\/14\/e-6-2022-x-13-szamu-rektori-kancellari-utasitas-lakascelu-munkaltatoi-kolcson-igenybevetelenek-rendjerol\/\">itt olvashat\u00f3.<\/a><\/p>\n<p>&nbsp;<\/p>\n<hr \/>\n<div class=\"lead\" style=\"text-align: center\"><span style=\"color: #3366ff\">A KAMATMENTES MUNK\u00c1LTAT\u00d3I K\u00d6LCS\u00d6N IG\u00c9NYL\u00c9S\u00c9NEK HAT\u00c1RIDEJE: <span style=\"font-size: 24pt\">2026. m\u00e1jus 15.<\/span><\/span><\/div>\n<hr \/>\n<p>&nbsp;<\/p>\n<p style=\"text-align: justify\">Munk\u00e1ltat\u00f3i k\u00f6lcs\u00f6n ig\u00e9nyl\u00e9s\u00e9re az a munkav\u00e1llal\u00f3 jogosult, aki a k\u00e9relem beny\u00fajt\u00e1sakor az Egyetemmel <strong>legal\u00e1bb 5 \u00e9ve folyamatosan fenn\u00e1ll\u00f3 hat\u00e1rozatlan idej\u0171, teljes munkaid\u0151s munkaviszony<\/strong>ban vagy eg\u00e9szs\u00e9g\u00fcgyi szolg\u00e1lati jogviszonyban \u00e1ll.<\/p>\n<p style=\"text-align: center\"><strong><span style=\"color: #3366ff\">Az ig\u00e9nyl\u00e9s tov\u00e1bbi felt\u00e9teleir\u0151l az utas\u00edt\u00e1s<\/span> <a href=\"https:\/\/semmelweis.hu\/jogigfoig\/2022\/10\/14\/e-6-2022-x-13-szamu-rektori-kancellari-utasitas-lakascelu-munkaltatoi-kolcson-igenybevetelenek-rendjerol\/\">itt olvashat\u00f3.<\/a><\/strong><\/p>\n<div class=\"lead fontos_div\"><span style=\"font-family: 'pt serif';font-size: 18pt\"><strong>V\u00e1ltoz\u00e1s az ig\u00e9nyl\u00e9s felt\u00e9teleiben<\/strong>: <\/span><br \/>\n<span style=\"font-size: 14pt;font-family: 'pt serif'\">&#8222;A munkaviszony id\u0151tartam\u00e1nak sz\u00e1m\u00edt\u00e1sa sor\u00e1n a folyamatosan fenn\u00e1ll\u00f3 Semmelweis Egyetemen t\u00f6lt\u00f6tt k\u00f6zalkalmazotti jogviszony id\u0151tartam\u00e1t, <strong>tov\u00e1bb\u00e1 a Semmelweis Egyetemen nappali tagozatos PhD k\u00e9pz\u00e9s keret\u00e9ben, \u00e1llami \u00f6szt\u00f6nd\u00edjas hallgat\u00f3i jogviszonyban, akt\u00edv szemeszterekkel teljes\u00edtett id\u0151t <\/strong>is figyelembe kell venni<strong> &#8211; legfeljebb 4 \u00e9v id\u0151tartamban -, amennyiben a k\u00e9relmez\u0151 a doktori fokozatot (PhD) sikeresen megszerezte \u00e9s a k\u00e9relem beny\u00fajt\u00e1sakor az Egyetemmel m\u00e1r hat\u00e1rozatlan idej\u0171 munkaviszonyban vagy eg\u00e9szs\u00e9g\u00fcgyi szolg\u00e1lati jogviszonyban \u00e1ll.<\/strong> A k\u00e9relmet beny\u00fajt\u00f3 munkav\u00e1llal\u00f3 jogviszony\u00e1t az Emberier\u0151forr\u00e1s-gazd\u00e1lkod\u00e1si F\u0151igazgat\u00f3s\u00e1g hivatalb\u00f3l igazolja.&#8221;<\/span><\/div>\n<p>&nbsp;<\/p>\n<p><strong>A lak\u00e1sk\u00f6lcs\u00f6n maxim\u00e1lis \u00f6sszege \u00e9s visszat\u00e9r\u00edt\u00e9s\u00e9nek futamideje:<\/strong><\/p>\n<ul>\n<li style=\"list-style-type: none\">\n<ul>\n<li>lak\u00e1sv\u00e1s\u00e1rl\u00e1s, \u00e9p\u00edt\u00e9s vagy \u00e9p\u00edttet\u00e9s eset\u00e9n maximum 5.000.000 Ft, legfeljebb 8 \u00e9vre<\/li>\n<li>b\u0151v\u00edt\u00e9s, korszer\u0171s\u00edt\u00e9s \u00e9s akad\u00e1lymentes\u00edt\u00e9s eset\u00e9n 2.500.000 Ft, legfeljebb 5 \u00e9ves id\u0151tartamra.<\/li>\n<\/ul>\n<\/li>\n<\/ul>\n<p>&nbsp;<\/p>\n<div class=\"keretes\">\n<h5>LAK\u00c1SC\u00c9L\u00da MUNK\u00c1LTAT\u00d3I K\u00d6LCS\u00d6N B\u00cdR\u00c1L\u00d3 Bizotts\u00e1g<\/h5>\n<p><strong>A bizotts\u00e1g eln\u00f6ke:<br \/>\n<\/strong>Dr. Kormos Andrea kabinetvezet\u0151, Rektori Kabinetiroda<\/p>\n<p><strong>A bizotts\u00e1g tagja:<\/strong><\/p>\n<ul style=\"list-style-type: square\">\n<li>\u00c1d\u00e1m \u00c9va f\u0151igazgat\u00f3, P\u00e9nz\u00fcgyi \u00e9s Vagyongazd\u00e1lkod\u00e1si F\u0151igazgat\u00f3s\u00e1g<\/li>\n<li>Baumgartnern\u00e9 Holl\u00f3 Ir\u00e9n kancell\u00e1ri tan\u00e1csad\u00f3, Kancell\u00e1ri Kabinet<\/li>\n<li>Kiss Bal\u00e1zs aleln\u00f6k, Semmelweis \u00c9rdekv\u00e9delmi Sz\u00f6vets\u00e9g<\/li>\n<li>Dr. Kov\u00e1cs Zsolt f\u0151igazgat\u00f3, Jogi \u00e9s Igazgat\u00e1si F\u0151igazgat\u00f3s\u00e1g<\/li>\n<li>Dr. Reichert P\u00e9ter f\u0151igazgat\u00f3, Emberier\u0151forr\u00e1s-gazd\u00e1lkod\u00e1si F\u0151igazgat\u00f3s\u00e1g<\/li>\n<li>T\u00f3dorn\u00e9 Bogn\u00e1r Krisztina, Alkalmazotti Tan\u00e1cs tag<\/li>\n<\/ul>\n<p><strong>A bizotts\u00e1g titk\u00e1ra:<br \/>\n<\/strong>Ternyilla M\u00f3nika, \u00c9rdekk\u00e9pviseleti Iroda<\/p>\n<\/div>\n<h3 style=\"text-align: justify\"><strong>Az ig\u00e9nyl\u00e9shez sz\u00fcks\u00e9ges dokumentumok:<\/strong><\/h3>\n<ul>\n<li><a href=\"https:\/\/semmelweis.hu\/alkalmazottitanacs\/files\/2023\/08\/E_6_2022_X.13._RK_utasitas_1_sz_melleklet_Munkavallalo_kerelem.docx\">Munkav\u00e1llal\u00f3i k\u00e9relem kamatmentes lak\u00e1sc\u00e9l\u00fa munk\u00e1ltat\u00f3i k\u00f6lcs\u00f6n ig\u00e9nyl\u00e9s\u00e9hez (1.sz. mell\u00e9klet)<\/a><\/li>\n<li><a href=\"https:\/\/semmelweis.hu\/alkalmazottitanacs\/files\/2023\/08\/E_6_2022_X.13._RK_utasitas_2_sz_melleklet_Igazolas_SE_szembeni_tartozasmentessegrol-1.docx\">Igazol\u00e1s a Semmelweis Egyetemmel szembeni tartoz\u00e1smentess\u00e9gr\u0151l (2.sz. mell\u00e9klet)<\/a><em style=\"font-size: 12pt\">(Emberier\u0151forr\u00e1s-gazd\u00e1lkod\u00e1si F\u0151igazgat\u00f3s\u00e1g t\u00f6lti ki az ig\u00e9ny beny\u00fajt\u00e1s\u00e1t k\u00f6vet\u0151en)<\/em><\/li>\n<li><a href=\"https:\/\/semmelweis.hu\/alkalmazottitanacs\/files\/2023\/08\/E_6_2022_X.13._RK_utasitas_3_sz_melleklet_Hozzajarulo_nyilatkozat.docx\">Hozz\u00e1j\u00e1rul\u00f3 Nyilatkozat Jelz\u00e1logjog bejegyz\u00e9s\u00e9hez (3.sz. mell\u00e9klet)<\/a><\/li>\n<li>\n<p><a href=\"https:\/\/semmelweis.hu\/alkalmazottitanacs\/files\/2023\/08\/E_6_2022_X.13._RK_utasitas_5_sz_melleklet_-Adatkezelesi_tajekoztato.docx\">Adatkezel\u00e9si t\u00e1j\u00e9koztat\u00f3 az adatkezel\u00e9sek \u00e1ltal \u00e9rintett szem\u00e9lyek r\u00e9sz\u00e9re a Semmelweis Egyetem \u00a0szervezeti egys\u00e9ge \u00e1ltal v\u00e9gzett szem\u00e9lyes adatkezel\u00e9sekr\u0151l (5.sz. mell\u00e9klet)<\/a><\/p>\n<\/li>\n<li>Nem hiteles tulajdoni lap<\/li>\n<li>Ad\u00f3igazol\u00e1s ( NAV null\u00e1s igazol\u00e1s)<\/li>\n<li>Korszer\u0171s\u00edt\u00e9s eset\u00e9n k\u00f6lts\u00e9gvet\u00e9si terv (\u00e1raj\u00e1nlat)<\/li>\n<li>Ingatlan \u00e9p\u00edt\u00e9s eset\u00e9n: \u00e9p\u00edt\u00e9si terv<\/li>\n<li>Ingatlan v\u00e1s\u00e1rl\u00e1s eset\u00e9n: ad\u00e1sv\u00e9teli szerz\u0151d\u00e9s\u00a0<\/li>\n<\/ul>\n<p>&nbsp;<\/p>\n<p>&nbsp;<\/p>\n<div class=\"fontos_div\">\n<p style=\"text-align: left\"><strong>\u00c9rdekl\u0151dni a <a href=\"mailto:lakastamogatas@semmelweis.hu\">lakastamogatas@semmelweis.hu<\/a> email c\u00edmen, valamint a +3630 016 4471-es mobilsz\u00e1mon lehet<\/strong><\/p>\n<\/div>\n<p>&nbsp;<\/p>\n<p><strong>GYAKRAN ISM\u00c9TELT K\u00c9RD\u00c9SEK<\/strong><\/p>\n<div class=\"exp-col-content-holder\"><a class=\"expand-cnt-link\" href=\"#\">Ki veheti ig\u00e9nybe a lak\u00e1sc\u00e9l\u00fa Munk\u00e1ltat\u00f3i K\u00f6lcs\u00f6nt?<\/a><\/p>\n<div class=\"hidden-content\">\n<p class=\"hiddenContentp\">Minden egyetemi polg\u00e1r, aki az E\/6\/2022(X.13) sz\u00e1m\u00fa rektori &#8211; kancell\u00e1ri utas\u00edt\u00e1s szem\u00e9lyi hat\u00e1lya al\u00e1 esik, azaz az Egyetemmel teljes munkaid\u0151s, hat\u00e1rozott, hat\u00e1rozatlan id\u0151re sz\u00f3l\u00f3 munkaviszonyban, vagy eg\u00e9szs\u00e9g\u00fcgyi szolg\u00e1lati jogviszonyban \u00e1ll\u00f3 szem\u00e9ly, aki legal\u00e1bb 5 \u00e9v folyamatos munkaviszonnyal rendelkezik.<\/p>\n<\/div>\n<\/div>\n<div class=\"exp-col-content-holder\"><a class=\"expand-cnt-link\" href=\"#\">Felgyors\u00edtja az \u00fcgyint\u00e9z\u00e9st, ha elektronikusan ny\u00fajtom be a p\u00e1ly\u00e1zatomat? <\/a><\/p>\n<div class=\"hidden-content\">\n<p class=\"hiddenContentp\">Nem. A k\u00e9relmet mindig hi\u00e1nytalanul kit\u00f6ltve, 1 db eredeti p\u00e9ld\u00e1nyban kell beny\u00fajtani szem\u00e9lyesen, vagy k\u00f6rpost\u00e1val a 1085 Bp. \u00dcll\u0151i \u00fat 22 c\u00edmen.<\/p>\n<\/div>\n<\/div>\n<div class=\"exp-col-content-holder\"><a class=\"expand-cnt-link\" href=\"#\">Ha k\u00e9rd\u00e9seim ad\u00f3dnak, hol kaphatok r\u00e1 v\u00e1laszt?<\/a><\/p>\n<div class=\"hidden-content\">\n<p class=\"hiddenContentp\">A k\u00e9rd\u00e9seket a lakastamogatas@semmelweis.hu e-mail c\u00edmre v\u00e1rjuk, telefonon a +3630 016 4471-es egyetemi mobilsz\u00e1mon vagyunk el\u00e9rhet\u0151ek.<\/p>\n<\/div>\n<\/div>\n<div class=\"exp-col-content-holder\"><a class=\"expand-cnt-link\" href=\"#\">Sikeresen p\u00e1ly\u00e1zhatok, ha nem a magam sz\u00e1m\u00e1ra szeretn\u00e9m ig\u00e9nybe venni, hanem gyermekemet szeretn\u00e9m seg\u00edteni?<\/a><\/p>\n<div class=\"hidden-content\">\n<p class=\"hiddenContentp\">Az Egyetem \u00d6nnel \u00e1ll szerz\u0151d\u00e9sben. A munkav\u00e1llal\u00f3i lak\u00e1sc\u00e9l\u00fa k\u00f6lcs\u00f6n a rektori -kancell\u00e1ri utas\u00edt\u00e1sban megfogalmazottak alapj\u00e1n kiz\u00e1r\u00f3lag a munkav\u00e1llal\u00f3ra, a munkav\u00e1llal\u00f3 tulajdon\u00e1ban \u00e1ll\u00f3 vagy a munkav\u00e1llal\u00f3 \u00e1ltal a saj\u00e1t r\u00e9sz\u00e9re megv\u00e1s\u00e1rolni, illetve korszer\u0171s\u00edteni k\u00edv\u00e1nt ingatlanra vonatkozik, figyelembe v\u00e9ve az utas\u00edt\u00e1s 2. \u00e9s 3.sz. mell\u00e9klet\u00e9t.<\/p>\n<\/div>\n<\/div>\n<div class=\"exp-col-content-holder\"><a class=\"expand-cnt-link\" href=\"#\">Sz\u00e1ml\u00e1t ut\u00f3lag is beny\u00fajthatok?<\/a><\/p>\n<div class=\"hidden-content\">\n<p class=\"hiddenContentp\">Nem. Minden esetben sz\u00fcks\u00e9ges \u00e1raj\u00e1nlat vagy\/\u00e9s megk\u00f6t\u00f6tt kivitelez\u0151i szerz\u0151d\u00e9s.<\/p>\n<\/div>\n<\/div>\n<div class=\"exp-col-content-holder\"><a class=\"expand-cnt-link\" href=\"#\">Milyen k\u00f6lts\u00e9gekkel kell sz\u00e1molni nyertes p\u00e1ly\u00e1zat eset\u00e9n?<\/a><\/p>\n<div class=\"hidden-content\">\n<p class=\"hiddenContentp\">A rektori-kancell\u00e1ri utas\u00edt\u00e1s alapj\u00e1n a k\u00f6lcs\u00f6n\u00f6sszeg foly\u00f3s\u00edt\u00e1s\u00e1val \u00e9s a banki t\u00f6rleszt\u0151r\u00e9szlet utal\u00e1s\u00e1val kapcsolatos k\u00f6lts\u00e9gek, \u00edgy k\u00fcl\u00f6n\u00f6sen a f\u00f6ldhivatal r\u00e9sz\u00e9re megfizetend\u0151 igazgat\u00e1si szolg\u00e1ltat\u00e1si d\u00edj, a bank r\u00e9sz\u00e9r\u0151l a jelz\u00e1logjog bejegyz\u00e9s\u00e9nek k\u00f6lts\u00e9ge, a banki lebonyol\u00edt\u00e1si d\u00edj a munkav\u00e1llal\u00f3t terhelik. Ennek \u00f6sszege a hat\u00e1lyos jogszab\u00e1lyok alapj\u00e1n ker\u00fcl meg\u00e1llap\u00edt\u00e1sra.<\/p>\n<\/div>\n<\/div>\n<div class=\"exp-col-content-holder\"><a class=\"expand-cnt-link\" href=\"#\">P\u00e1ly\u00e1zat lez\u00e1r\u00e1s\u00e1t k\u00f6vet\u0151en mennyi id\u0151 ut\u00e1n kap \u00e9rtes\u00edt\u00e9st a p\u00e1ly\u00e1z\u00f3?<\/a><\/p>\n<div class=\"hidden-content\">\n<p class=\"hiddenContentp\">A rektori-kancell\u00e1ri utas\u00edt\u00e1s alapj\u00e1n a Bizotts\u00e1g a beny\u00fajtott k\u00e9relmeket a bead\u00e1si hat\u00e1rid\u0151t k\u00f6vet\u0151 60 napon bel\u00fcl v\u00e9lem\u00e9nyezi \u00e9s javaslatot k\u00e9sz\u00edt a rektor sz\u00e1m\u00e1ra. A Bizotts\u00e1g eln\u00f6ke a javaslatot az \u00fcl\u00e9st k\u00f6vet\u0151en 10 napon bel\u00fcl felterjeszti d\u00f6nt\u00e9sre a rektornak. A javaslat j\u00f3v\u00e1hagy\u00e1s\u00e1t k\u00f6vet\u0151en 8 munkanapon bel\u00fcl hat\u00e1rozat form\u00e1j\u00e1ban \u00e9rtes\u00edtj\u00fck a munkav\u00e1llal\u00f3kat.<\/p>\n<\/div>\n<\/div>\n<div class=\"exp-col-content-holder\"><a class=\"expand-cnt-link\" href=\"#\">A lak\u00e1sc\u00e9l\u00fa Munk\u00e1ltat\u00f3i K\u00f6lcs\u00f6n teljes \u00fcgyint\u00e9z\u00e9s\u00e9t a Semmelweis Egyetem v\u00e9gzi, vagy van olyan ter\u00fclet, amit magamnak kell int\u00e9znem? <\/a><\/p>\n<div class=\"hidden-content\">\n<p class=\"hiddenContentp\">A k\u00f6lcs\u00f6n foly\u00f3s\u00edt\u00e1s\u00e1hoz sz\u00fcks\u00e9ges szerz\u0151d\u00e9seket, \u00e9s mell\u00e9kleteit az Egyetem erre kijel\u00f6lt szervezeti egys\u00e9ge k\u00e9sz\u00edti el\u0151 al\u00e1\u00edr\u00e1sra, majd a bank fel\u00e9 t\u00f6rt\u00e9n\u0151 tov\u00e1bb\u00edt\u00e1sra. Ezt k\u00f6vet\u0151en a bank k\u00f6zvetlen\u00fcl a munkav\u00e1llal\u00f3val veszi fel a kapcsolatot \u00e9s folytatja le a foly\u00f3s\u00edt\u00e1si elj\u00e1r\u00e1st. Erre tekintettel nagyon fontos, hogy a beny\u00fajtott p\u00e1ly\u00e1zatban mindig olyan el\u00e9rhet\u0151s\u00e9geket javaslunk megadni, mind e-mail c\u00edm, mind telefonsz\u00e1m tekintet\u00e9ben, amelyen a bank el tudja \u00e9rni. Amennyiben a munkav\u00e1llal\u00f3 tulajdon\u00e1ban l\u00e9v\u0151 ingatlan m\u00e1r egy\u00e9b jogokkal terhelt pl.: jelz\u00e1logjog, haszon\u00e9lvezet, csal\u00e1dt\u00e1mogat\u00e1s stb. \u00fagy a jelz\u00e1logjog ranghely\u00e9nek megv\u00e1ltoztat\u00e1s\u00e1ra ir\u00e1nyul\u00f3 k\u00e9relmet a munkav\u00e1llal\u00f3nak, mint tulajdonosnak sz\u00fcks\u00e9ges int\u00e9zni.<\/p>\n<\/div>\n<\/div>\n<div class=\"exp-col-content-holder\"><a class=\"expand-cnt-link\" href=\"#\">Beadhat\u00f3 p\u00e1ly\u00e1zat, ha nem dolgozom 5 \u00e9ve az egyetemen, de jogviszonyban \u00e1llok az egyetemmel (hallgat\u00f3i jogviszony) t\u00f6bb, mint 5 \u00e9ve?<\/a><\/p>\n<div class=\"hidden-content\">\n<p class=\"hiddenContentp\">K\u00f6lcs\u00f6n ig\u00e9nyl\u00e9s\u00e9re az ny\u00fajthat be p\u00e1ly\u00e1zatot, aki a k\u00e9relem beny\u00fajt\u00e1sakor az Egyetemmel legal\u00e1bb 5 \u00e9ve folyamatosan fenn\u00e1ll\u00f3 hat\u00e1rozatlan idej\u0171 teljes munkaid\u0151s munkaviszonyban vagy eg\u00e9szs\u00e9g\u00fcgyi szolg\u00e1lati jogviszonyban \u00e1ll. A munkaviszony id\u0151tartam\u00e1nak sz\u00e1m\u00edt\u00e1sa sor\u00e1n a folyamatosan fenn\u00e1ll\u00f3 Semmelweis Egyetemen t\u00f6lt\u00f6tt k\u00f6zalkalmazotti jogviszony id\u0151tartam\u00e1t, tov\u00e1bb\u00e1 a Semmelweis Egyetemen nappali tagozatos PhD k\u00e9pz\u00e9s keret\u00e9ben, \u00e1llami \u00f6szt\u00f6nd\u00edjas hallgat\u00f3i jogviszonyban, akt\u00edv szemeszterekkel teljes\u00edtett id\u0151t is figyelembe kell venni &#8211; legfeljebb 4 \u00e9v id\u0151tartamban -, amennyiben a k\u00e9relmez\u0151 a doktori fokozatot (PhD) sikeresen megszerezte \u00e9s a k\u00e9relem beny\u00fajt\u00e1sakor az Egyetemmel m\u00e1r hat\u00e1rozatlan idej\u0171 munkaviszonyban vagy eg\u00e9szs\u00e9g\u00fcgyi szolg\u00e1lati jogviszonyban \u00e1ll. A k\u00e9relmet beny\u00fajt\u00f3 munkav\u00e1llal\u00f3 jogviszony\u00e1t az Emberier\u0151forr\u00e1s-gazd\u00e1lkod\u00e1si F\u0151igazgat\u00f3s\u00e1g hivatalb\u00f3l igazolja.<\/p>\n<\/div>\n<\/div>\n<div class=\"exp-col-content-holder\"><a class=\"expand-cnt-link\" href=\"#\">Beadhat\u00f3 a p\u00e1ly\u00e1zat 7.500.000 Forintra, ha a h\u00e1zast\u00e1rsam nem dolgozik az egyetemen? <\/a><\/p>\n<div class=\"hidden-content\">\n<p class=\"hiddenContentp\">Az egyetem, mint munk\u00e1ltat\u00f3, a munkav\u00e1llal\u00f3val \u00e1ll szerz\u0151d\u00e9sben, a lak\u00e1st\u00e1mogat\u00e1sra vonatkoz\u00f3 utas\u00edt\u00e1s nev\u00e9ben is utal erre \u201elak\u00e1sc\u00e9l\u00fa munk\u00e1ltat\u00f3i k\u00f6lcs\u00f6n\u201d, \u00edgy ebb\u0151l kifoly\u00f3lag annak a szem\u00e9lynek adhat\u00f3, aki az egyetemmel munkaszerz\u0151d\u00e9sben \u00e1ll, vagyis ebben az esetben a h\u00e1zast\u00e1rsat nem tudjuk figyelembe venni.<\/p>\n<\/div>\n<\/div>\n<div class=\"exp-col-content-holder\"><a class=\"expand-cnt-link\" href=\"#\">Van lehet\u0151s\u00e9g el\u0151t\u00f6rleszt\u00e9sre?<\/a><\/p>\n<div class=\"hidden-content\">\n<p class=\"hiddenContentp\">Igen, ebben az esetben \u00edr\u00e1sban a rektori -kancell\u00e1ri utas\u00edt\u00e1snak megfelel\u0151en kell jelezni a B\u00edr\u00e1l\u00f3 Bizotts\u00e1gnak, melyr\u0151l szint\u00e9n a Bizotts\u00e1g d\u00f6nt.<\/p>\n<\/div>\n<\/div>\n<div class=\"exp-col-content-holder\"><a class=\"expand-cnt-link\" href=\"#\">Elnyertem a p\u00e1ly\u00e1zatot, mi a tov\u00e1bbi teend\u0151m?<\/a><\/p>\n<div class=\"hidden-content\">\n<p class=\"hiddenContentp\">A tov\u00e1bbi teend\u0151kr\u0151l mindenkit \u00edr\u00e1sban t\u00e1j\u00e9koztatunk.<\/p>\n<p>A lak\u00e1sc\u00e9l\u00fa munk\u00e1ltat\u00f3i k\u00f6lcs\u00f6nt m\u00e1r elnyert p\u00e1ly\u00e1z\u00f3k sz\u00e1ml\u00e1ikat a <a href=\"https:\/\/semmelweis.hu\/alkalmazottitanacs\/files\/2024\/07\/Lakashitel-szamla-osszesito-1.xlsx\">lak\u00e1shitel sz\u00e1mla\u00f6sszes\u00edt\u0151 lappal<\/a> <strong>egy\u00fctt\u00a0<\/strong> k\u00e9zjegy\u00fckkel ell\u00e1tva, \u00e9s beszkennelve az al\u00e1bbi e-mail c\u00edmre k\u00fcldhetik:\u00a0 <a href=\"mailto:munkaltatoi.kolcson@semmelweis.hu\">munkaltatoi.kolcson@semmelweis.hu<\/a><\/p>\n<p>&nbsp;<\/p>\n<\/div>\n<\/div>\n<p>&nbsp;<\/p>\n","protected":false},"excerpt":{"rendered":"<p>A Semmelweis Egyetem a Semmelweis \u00c9rdekv\u00e9delmi Sz\u00f6vets\u00e9g \u00e9s az Alkalmazotti Tan\u00e1cs kezdem\u00e9nyez\u00e9s\u00e9re \u00e9s egyet\u00e9rt\u00e9s\u00e9vel munkav\u00e1llal\u00f3i sz\u00e1m\u00e1ra a lakhat\u00e1si felt\u00e9telek megteremt\u00e9se \u00e9s lak\u00e1skorszer\u0171s\u00edt\u00e9si c\u00e9ljaik t\u00e1mogat\u00e1s\u00e1ra lehet\u0151v\u00e9 teszi kamatmentes lak\u00e1sc\u00e9l\u00fa munk\u00e1ltat\u00f3i k\u00f6lcs\u00f6n ig\u00e9nybev\u00e9tel\u00e9t. Az ig\u00e9nyl\u00e9s felt\u00e9teleir\u0151l kiadott E\/6\/2022 (X.13.) sz\u00e1m\u00fa Rektori-Kancell\u00e1ri utas\u00edt\u00e1s lak\u00e1sc\u00e9l\u00fa munk\u00e1ltat\u00f3i k\u00f6lcs\u00f6n ig\u00e9nybev\u00e9tel\u00e9nek rendj\u00e9r\u0151l egys\u00e9ges szerkezetbe foglalva a vonatkoz\u00f3 m\u00f3dos\u00edt\u00e1sokkal <a href=\"https:\/\/semmelweis.hu\/jogigfoig\/2022\/10\/14\/e-6-2022-x-13-szamu-rektori-kancellari-utasitas-lakascelu-munkaltatoi-kolcson-igenybevetelenek-rendjerol\/\">itt olvashat\u00f3.<\/a> &nbsp; A KAMATMENTES MUNK\u00c1LTAT\u00d3I &hellip;<\/p>\n","protected":false},"author":102072,"featured_media":0,"parent":0,"menu_order":0,"comment_status":"closed","ping_status":"closed","template":"template-fullwidth.php","meta":{"_acf_changed":false,"footnotes":""},"categories":[],"tags":[],"class_list":["post-548","page","type-page","status-publish","hentry"],"acf":[],"_links":{"self":[{"href":"https:\/\/semmelweis.hu\/alkalmazottitanacs\/wp-json\/wp\/v2\/pages\/548","targetHints":{"allow":["GET"]}}],"collection":[{"href":"https:\/\/semmelweis.hu\/alkalmazottitanacs\/wp-json\/wp\/v2\/pages"}],"about":[{"href":"https:\/\/semmelweis.hu\/alkalmazottitanacs\/wp-json\/wp\/v2\/types\/page"}],"author":[{"embeddable":true,"href":"https:\/\/semmelweis.hu\/alkalmazottitanacs\/wp-json\/wp\/v2\/users\/102072"}],"replies":[{"embeddable":true,"href":"https:\/\/semmelweis.hu\/alkalmazottitanacs\/wp-json\/wp\/v2\/comments?post=548"}],"version-history":[{"count":14,"href":"https:\/\/semmelweis.hu\/alkalmazottitanacs\/wp-json\/wp\/v2\/pages\/548\/revisions"}],"predecessor-version":[{"id":944,"href":"https:\/\/semmelweis.hu\/alkalmazottitanacs\/wp-json\/wp\/v2\/pages\/548\/revisions\/944"}],"wp:attachment":[{"href":"https:\/\/semmelweis.hu\/alkalmazottitanacs\/wp-json\/wp\/v2\/media?parent=548"}],"wp:term":[{"taxonomy":"category","embeddable":true,"href":"https:\/\/semmelweis.hu\/alkalmazottitanacs\/wp-json\/wp\/v2\/categories?post=548"},{"taxonomy":"post_tag","embeddable":true,"href":"https:\/\/semmelweis.hu\/alkalmazottitanacs\/wp-json\/wp\/v2\/tags?post=548"}],"curies":[{"name":"wp","href":"https:\/\/api.w.org\/{rel}","templated":true}]}}