{"id":504,"date":"2022-10-14T13:25:14","date_gmt":"2022-10-14T11:25:14","guid":{"rendered":"https:\/\/semmelweis.hu\/alkalmazottitanacs\/?page_id=504"},"modified":"2025-06-03T09:08:34","modified_gmt":"2025-06-03T07:08:34","slug":"szocialis-krizisalap","status":"publish","type":"page","link":"https:\/\/semmelweis.hu\/alkalmazottitanacs\/szocialis-krizisalap\/","title":{"rendered":"Szoci\u00e1lis Kr\u00edzis Alap (SZKA)"},"content":{"rendered":"<div class=\"lead\" style=\"text-align: justify\">A Semmelweis Egyetem, mint munk\u00e1ltat\u00f3, elk\u00f6telezett a kr\u00edzishelyzetbe ker\u00fclt munkav\u00e1llal\u00f3i megseg\u00edt\u00e9se ir\u00e1nt, ez\u00e9rt a Semmelweis \u00c9rdekv\u00e9delmi Sz\u00f6vets\u00e9ggel \u00e9s az Alkalmazotti Tan\u00e1ccsal egyet\u00e9rt\u00e9sben Szoci\u00e1lis Kr\u00edzis Alap, \u00e9s az abb\u00f3l ny\u00fajthat\u00f3 kr\u00edzis-t\u00e1mogat\u00e1s l\u00e9trehoz\u00e1s\u00e1r\u00f3l d\u00f6nt\u00f6tt.<\/div>\n<p style=\"text-align: justify\">Aki legal\u00e1bb 3 \u00e9ve az egyetemen dolgozik, \u00e9s kr\u00edzishelyzet ok\u00e1n megromlottak az \u00e9letk\u00f6r\u00fclm\u00e9nyei, t\u00e1mogat\u00e1si ig\u00e9nyt ny\u00fajthat be szem\u00e9lyesen, a 1085 Bp. \u00dcll\u0151i \u00fat 22. els\u0151 emeleten, a Semmelweis \u00c9rdekv\u00e9delmi Sz\u00f6vets\u00e9g irod\u00e1j\u00e1ban (Selye J\u00e1nos Doktorandusz Koll\u00e9gium \u00e9p\u00fclet\u00e9ben). \u00dcgyf\u00e9lfogad\u00e1s a Bizotts\u00e1g titk\u00e1r\u00e1n\u00e1l kiz\u00e1r\u00f3lag el\u0151zetes id\u0151pont egyeztet\u00e9s alapj\u00e1n,\u00a0 a<span style=\"font-size: 1rem\">\u00a0<\/span><a href=\"mailto:krizisalap@semmelweis-univ.hu\">krizisalap@semmelweis.hu<\/a><span style=\"font-size: 1rem\">\u00a0 c\u00edmen, vagy a +36 30 016 4471 egyetemi mobilsz\u00e1mon munkaid\u0151ben.\u00a0<\/span><\/p>\n<p><strong><a href=\"#gyik\">Kattintson ide a gyakran ism\u00e9telt k\u00e9rd\u00e9sek\u00e9rt \u2193<\/a><\/strong><\/p>\n<h1>Let\u00f6lthet\u0151 dokumentumok<\/h1>\n<ul>\n<li><a href=\"https:\/\/semmelweis.hu\/jogigfoig\/2023\/04\/27\/e-1-2023-i-26-sz-rektori-kancellari-utasitas-a-szocialis-krizis-alap-felhasznalasanak-szabalyairol-az-e-5-2023-iv-24-szamu-rektori-kancellari-utasitas-modositasaival-egyseges-szerk\/\" target=\"_blank\" rel=\"noopener\">A rektori-kancell\u00e1ri utas\u00edt\u00e1s a Jogi \u00e9s Igazgat\u00e1si F\u0151igazgat\u00f3s\u00e1g honlapj\u00e1n olvashat\u00f3 \u2192<\/a><\/li>\n<li><a href=\"https:\/\/semmelweis.hu\/alkalmazottitanacs\/files\/2023\/05\/E_1_2023_I.26._sz_RK_uta_Szoc_KA_2023.IV_.26-tol-1.pdf\" target=\"_blank\" rel=\"noopener\">A Szoci\u00e1lis Kr\u00edzisalap rektori-kancell\u00e1ri utas\u00edt\u00e1s (pdf)<\/a>\u00a0<\/li>\n<li><a href=\"https:\/\/semmelweis.hu\/alkalmazottitanacs\/files\/2023\/05\/E_1_2023_I.26._sz_RK_uta_Szoc_KA_mell_2023.IV_.26-tol-1-1.docx\">Az ig\u00e9nyl\u0151lap let\u00f6lt\u00e9se (docx)<\/a><\/li>\n<\/ul>\n<div class=\"keretes w-100\">\n<h4><strong>SZKA Bizotts\u00e1g<\/strong><\/h4>\n<p><strong>A bizotts\u00e1g eln\u00f6ke:<\/strong>\u00a0<br \/>\nFeket\u00e9n\u00e9 dr. Szab\u00f3 \u00c9va, Strat\u00e9giai \u00e9s Fejleszt\u00e9si Rektorhelyettes<\/p>\n<p><strong>A bizotts\u00e1g tagjai:<\/strong><\/p>\n<ul>\n<li>\u00c1d\u00e1m \u00c9va f\u0151igazgat\u00f3, P\u00e9nz\u00fcgyi \u00e9s Vagyongazd\u00e1lkod\u00e1si F\u0151igazgat\u00f3s\u00e1g<\/li>\n<li>Dr. Kormos Andrea kabinetvezet\u0151, Rektori Kabinet<\/li>\n<li>Kiss Bal\u00e1zs aleln\u00f6k, Semmelweis \u00c9rdekv\u00e9delmi Sz\u00f6vets\u00e9g<\/li>\n<li>Horv\u00e1th Bal\u00e1zs Alkalmazotti Tan\u00e1cs tag<\/li>\n<\/ul>\n<p><strong>A bizotts\u00e1g titk\u00e1ra:<br \/>\n<\/strong>Ternyilla M\u00f3nika, \u00c9rdekk\u00e9pviseleti Iroda<a id=\"gyik\"><\/a><\/p>\n<\/div>\n<h1>Gyakran ism\u00e9telt k\u00e9rd\u00e9sek<\/h1>\n<div class=\"exp-col-content-holder\"><a class=\"expand-cnt-link\" href=\"#\">Ki veheti ig\u00e9nybe? <\/a><\/p>\n<div class=\"hidden-content\">\n<p class=\"hiddenContentp\">&#8211; Minden olyan egyetemi polg\u00e1r, aki k\u00e9relme beny\u00fajt\u00e1sakor legal\u00e1bb h\u00e1rom \u00e9ve a Semmelweis Egyetem munkav\u00e1llal\u00f3ja. A munkaviszony sz\u00e1m\u00edt\u00e1sakor, az Egyetemen elt\u00f6lt\u00f6tt id\u0151szakba a modellv\u00e1lt\u00e1s el\u0151tti k\u00f6zalkalmazotti jogviszony is belesz\u00e1m\u00edt.<\/p>\n<p class=\"hiddenContentp\">&#8211; Aki a k\u00e9relme beny\u00fajt\u00e1sa el\u0151tt h\u00e1rom \u00e9ven bel\u00fcl nem ig\u00e9nyelt seg\u00edts\u00e9get a Szoci\u00e1lis \u00e9s Kr\u00edzis Alapt\u00f3l.<\/p>\n<p class=\"hiddenContentp\">&#8211; Aki v\u00e1llalja, hogy a t\u00e1mogat\u00e1s kifizet\u00e9s\u00e9t\u0151l sz\u00e1m\u00edtott egy \u00e9ven bel\u00fcl, illetve a brutt\u00f3 egymilli\u00f3 forintot el\u00e9r\u0151 t\u00e1mogat\u00e1s eset\u00e9n a kifizet\u00e9st\u0151l sz\u00e1m\u00edtott k\u00e9t \u00e9ven bel\u00fcl a munkaviszony\u00e1t nem sz\u00fcnteti meg a Semmelweis Egyetemen, felmond\u00e1ssal vagy k\u00f6z\u00f6s megegyez\u00e9ssel.<\/p>\n<\/div>\n<\/div>\n<div class=\"exp-col-content-holder\"><a class=\"expand-cnt-link\" href=\"#\">Milyen esetekben fordulhatok seg\u00edts\u00e9g\u00e9rt a Szoci\u00e1lis Kr\u00edzis Alaphoz?<\/a><\/p>\n<div class=\"hidden-content\">\n<p class=\"hiddenContentp\">&#8211; Munkav\u00e1llal\u00f3 munkak\u00e9pess\u00e9g\u00e9nek tart\u00f3s, vagy v\u00e9gleges nagym\u00e9rt\u00e9k\u0171 roml\u00e1sa, s\u00falyos betegs\u00e9ge eset\u00e9n.<\/p>\n<p class=\"hiddenContentp\">&#8211; Munkav\u00e1llal\u00f3 k\u00f6zeli hozz\u00e1tartoz\u00f3ja munkak\u00e9pess\u00e9g\u00e9nek tart\u00f3s, vagy v\u00e9gleges nagym\u00e9rt\u00e9k\u0171 roml\u00e1sa, s\u00falyos betegs\u00e9ge eset\u00e9n.<\/p>\n<p class=\"hiddenContentp\">&#8211; Munkav\u00e1llal\u00f3 \u00e9letk\u00f6r\u00fclm\u00e9nyeit, \u00edgy k\u00fcl\u00f6n\u00f6sen lakhat\u00e1st, \u00e9letvitel\u00e9t k\u00f6zvetlen\u00fcl \u00e9rint\u0151 vagy azt befoly\u00e1sol\u00f3 s\u00falyos elemi k\u00e1r, katasztr\u00f3fa eset\u00e9n.<\/p>\n<p class=\"hiddenContentp\">&#8211; Egy\u00e9b, meg\u00e9lhet\u00e9s\u00e9t k\u00f6zvetlen\u00fcl fenyeget\u0151 \u00e9lethelyzet eset\u00e9n (ezt minden esetben k\u00e9rj\u00fck r\u00e9szletezni).<\/p>\n<\/div>\n<\/div>\n<div class=\"exp-col-content-holder\"><a class=\"expand-cnt-link\" href=\"#\">Mekkora \u00f6sszeget ig\u00e9nyelhetek?<\/a><\/p>\n<div class=\"hidden-content\">\n<p class=\"hiddenContentp\">&#8211; Maximum brutt\u00f3 2.000.000 azaz k\u00e9tmilli\u00f3 forintot.<\/p>\n<\/div>\n<\/div>\n<div class=\"exp-col-content-holder\"><a class=\"expand-cnt-link\" href=\"#\">Mekkora \u00f6sszeget kaphatok?<\/a><\/p>\n<div class=\"hidden-content\">\n<p class=\"hiddenContentp\">&#8211; A B\u00edr\u00e1l\u00f3 Bizotts\u00e1g a rendelkez\u00e9s\u00e9re \u00e1ll\u00f3 adatok alapj\u00e1n d\u00f6nt a meg\u00edt\u00e9lt \u00f6sszegr\u0151l. Ez lehet kevesebb, mint az ig\u00e9nyelt \u00f6sszeg. A meg\u00edt\u00e9lt \u00f6sszeget Rektor \u00far hagyja j\u00f3v\u00e1. A d\u00f6nt\u00e9s ellen fellebbez\u00e9sre nincs lehet\u0151s\u00e9g. A meg\u00edt\u00e9lt \u00f6sszeg mindig brutt\u00f3, ez\u00e9rt abb\u00f3l a munkav\u00e1llal\u00f3i j\u00e1rul\u00e9kokat levonj\u00e1k kifizet\u00e9skor. Ez al\u00f3l az \u00e9rv\u00e9nyes ad\u00f3jogszab\u00e1lyok szerint csak az elemi k\u00e1rra t\u00f6rt\u00e9n\u0151 kifizet\u00e9s jelent kiv\u00e9telt, ahol nem ker\u00fcl levon\u00e1sra j\u00e1rul\u00e9k.<\/p>\n<\/div>\n<\/div>\n<div class=\"exp-col-content-holder\"><a class=\"expand-cnt-link\" href=\"#\">Mi t\u00f6rt\u00e9nik, ha elutas\u00edtj\u00e1k a k\u00e9relmemet?<\/a><\/p>\n<div class=\"hidden-content\">\n<p class=\"hiddenContentp\">&#8211; A B\u00edr\u00e1l\u00f3 Bizotts\u00e1g a formai k\u00f6vetelm\u00e9nyek vagy felt\u00e9telek nem teljes\u00fcl\u00e9sekor vagy elutas\u00edtja a k\u00e9relmet, vagy hi\u00e1nyp\u00f3tl\u00e1st k\u00e9r a k\u00e9relmez\u0151t\u0151l. Elutas\u00edt\u00e1s eset\u00e9n \u00fajabb k\u00e9relmet lehet beadni h\u00e1rom \u00e9ven bel\u00fcl is.<\/p>\n<\/div>\n<\/div>\n<div class=\"exp-col-content-holder\"><a class=\"expand-cnt-link\" href=\"#\">Honnan tudom meg, hogyan d\u00f6nt\u00f6ttek a k\u00e9relmemr\u0151l?<\/a><\/p>\n<div class=\"hidden-content\">\n<p class=\"hiddenContentp\">&#8211; A Szoci\u00e1lis \u00e9s Kr\u00edzis Alap titk\u00e1ra a Bizotts\u00e1g d\u00f6nt\u00e9se ut\u00e1n \u00edr\u00e1sban t\u00e1j\u00e9koztatja az ig\u00e9nyl\u0151ket.<\/p>\n<\/div>\n<\/div>\n<div class=\"exp-col-content-holder\"><a class=\"expand-cnt-link\" href=\"#\">Mennyi id\u0151 eltelt\u00e9vel kapom meg a meg\u00edt\u00e9lt \u00f6sszeget az ig\u00e9nyl\u00e9s bead\u00e1s\u00e1t\u00f3l?<\/a><\/p>\n<div class=\"hidden-content\">\n<p class=\"hiddenContentp\">&#8211; A B\u00edr\u00e1l\u00f3 Bizotts\u00e1g h\u00e1rom havonta \u00fcl\u00e9sezik, vagy a be\u00e9rkezett ig\u00e9nyek sz\u00e1m\u00e1t\u00f3l f\u00fcgg\u0151en, havonta. A kifizet\u00e9s az elb\u00edr\u00e1l\u00e1st k\u00f6vet\u0151 h\u00f3nap 30-ig t\u00f6rt\u00e9nik meg. Err\u0151l a Bizotts\u00e1g titk\u00e1ra t\u00e1j\u00e9koztatja az ig\u00e9nyl\u0151ket.<\/p>\n<\/div>\n<\/div>\n<div class=\"exp-col-content-holder\"><a class=\"expand-cnt-link\" href=\"#\">Felgyors\u00edtja az \u00fcgyint\u00e9z\u00e9st, ha csak elektronikus \u00faton ny\u00fajtom be a k\u00e9relmemet?<\/a><\/p>\n<div class=\"hidden-content\">\n<p class=\"hiddenContentp\">&#8211; A k\u00e9relmeket mindig eredeti p\u00e9ld\u00e1nyban kell beny\u00fajtani, szem\u00e9lyesen, vagy k\u00f6rpost\u00e1val. Javasoljuk a k\u00e9relem szem\u00e9lyes beny\u00fajt\u00e1s\u00e1hoz el\u0151zetesen egyeztessen id\u0151pontot a <span style=\"font-size: 1rem\">+36 30 016 4471-es egyetemi mobilsz\u00e1mon<\/span>. Az \u00fcgyint\u00e9z\u00e9st az gyors\u00edtja fel, ha a k\u00e9relmez\u0151 pontosan felt\u00fcnteti az adatait \u00e9s megadja mobiltelefonos el\u00e9rhet\u0151s\u00e9g\u00e9t.<\/p>\n<\/div>\n<\/div>\n<div class=\"exp-col-content-holder\"><a class=\"expand-cnt-link\" href=\"#\">Tudnak seg\u00edteni sz\u00e1momra, ha nincs sz\u00e1m\u00edt\u00f3g\u00e9pes hozz\u00e1f\u00e9r\u00e9sem, nehezen, vagy nem megoldhat\u00f3 sz\u00e1momra a szkennel\u00e9s, illetve f\u00e9nym\u00e1sol\u00e1s?<\/a><\/p>\n<div class=\"hidden-content\">\n<p class=\"hiddenContentp\">&#8211; Igen. Az irod\u00e1nkban seg\u00edts\u00e9get ny\u00fajtunk mindenben, ami a k\u00e9relem bead\u00e1shoz sz\u00fcks\u00e9ges. K\u00e9rj\u00fck, hogy ehhez mindig egyeztessen el\u0151re id\u0151pontot a <span style=\"font-size: 1rem\">+36 30 016 4471-es egyetemi mobilsz\u00e1mon<\/span>.<\/p>\n<\/div>\n<\/div>\n<div class=\"exp-col-content-holder\"><a class=\"expand-cnt-link\" href=\"#\">Adhatok be k\u00e9relmet, ha a nem k\u00f6zvetlen csal\u00e1dtagomat szeretn\u00e9m seg\u00edteni?<\/a><\/p>\n<div class=\"hidden-content\">\n<p class=\"hiddenContentp\">&#8211; Az egyetem munkav\u00e1llal\u00f3ja saj\u00e1t jog\u00e1n ny\u00fajthat be k\u00e9relmet. A k\u00e9relem elb\u00edr\u00e1l\u00e1sakor csak a k\u00f6z\u00f6s h\u00e1ztart\u00e1sban \u00e9l\u0151, k\u00f6zvetlen hozz\u00e1tartoz\u00f3t tudjuk figyelembe venni (f\u00e9rj, feles\u00e9g, gyermek, egyes esetekben sz\u00fcl\u0151k).<\/p>\n<\/div>\n<\/div>\n<div class=\"exp-col-content-holder\"><a class=\"expand-cnt-link\" href=\"#\">Az egyik munkat\u00e1rsam seg\u00edts\u00e9gre szorul, az \u0151 sz\u00e1m\u00e1ra szeretn\u00e9k seg\u00edts\u00e9get k\u00e9rni, mit kell tennem?<\/a><\/p>\n<div class=\"hidden-content\">\n<p class=\"hiddenContentp\">&#8211; Az egyetem munkav\u00e1llal\u00f3ja saj\u00e1t jog\u00e1n ny\u00fajthat be k\u00e9relmet, ez\u00e9rt t\u00e1j\u00e9koztassa a lehet\u0151s\u00e9gr\u0151l \u00e9s adja meg neki a Szoci\u00e1lis Kr\u00edzis Alap titk\u00e1r\u00e1nak el\u00e9rhet\u0151s\u00e9g\u00e9t. (<span style=\"font-size: 1rem\">+36 30 016 4471<\/span>)<\/p>\n<\/div>\n<\/div>\n<div class=\"exp-col-content-holder\"><a class=\"expand-cnt-link\" href=\"#\">T\u0171z eset t\u00f6rt\u00e9nt a lak\u00e1sban\/h\u00e1zban, erre adhatok -e be k\u00e9relmet?<\/a><\/p>\n<div class=\"hidden-content\">\n<p class=\"hiddenContentp\">&#8211; Igen, adhat. Ilyen esetben k\u00e9rj\u00fck csatolni a T\u0171zeseti Hat\u00f3s\u00e1gi Bizony\u00edtv\u00e1nyt, biztos\u00edt\u00e1si k\u00e1rfelm\u00e9r\u00e9st.<\/p>\n<\/div>\n<\/div>\n<div class=\"exp-col-content-holder\"><a class=\"expand-cnt-link\" href=\"#\">A meg\u00edt\u00e9lt \u00f6sszeget vissza kell fizetnem?<\/a><\/p>\n<div class=\"hidden-content\">\n<p class=\"hiddenContentp\">&#8211; Amennyiben k\u00e9relme a rektori -kancell\u00e1ri utas\u00edt\u00e1sban foglalt felt\u00e9teleknek, valamint a formai k\u00f6vetelm\u00e9nyeknek megfelel, ez egy egyszeri, vissza nem t\u00e9r\u00edtend\u0151 t\u00e1mogat\u00e1s. Visszafizet\u00e9si k\u00f6telezetts\u00e9ge csak akkor keletkezik, ha k\u00e9relem m\u00e1sodik oldal\u00e1n szerepl\u0151 felmond\u00e1sra \u00e9s k\u00f6z\u00f6s megegyez\u00e9sre vonatkoz\u00f3 felt\u00e9teleket nem teljes\u00edti. Azaz a t\u00e1mogat\u00e1s kifizet\u00e9s\u00e9t\u0151l sz\u00e1m\u00edtott 1 \u00e9ven bel\u00fcl, vagy az 1.000.000 Ft-ot el\u00e9r\u0151 t\u00e1mogat\u00e1s eset\u00e9n 2 \u00e9ven bel\u00fcl, a Semmelweis Egyetemmel fenn\u00e1ll\u00f3 munkaviszony\u00e1nak, szolg\u00e1lati jogviszony\u00e1nak megsz\u00fcntet\u00e9s\u00e9t kezdem\u00e9nyezi, felmond\u00e1ssal vagy k\u00f6z\u00f6s megegyez\u00e9ssel. Ebben az esetben a t\u00e1mogat\u00e1s id\u0151ar\u00e1nyos visszafizet\u00e9s\u00e9re k\u00f6teles. A visszafizet\u00e9si hat\u00e1rid\u0151 elmulaszt\u00e1sa eset\u00e9n a munkab\u00e9rb\u0151l a foly\u00f3s\u00edtott \u00f6sszeg levon\u00e1sra ker\u00fcl.<\/p>\n<\/div>\n<\/div>\n<div class=\"exp-col-content-holder\"><a class=\"expand-cnt-link\" href=\"#\">Ki tudja meg, hogy seg\u00edts\u00e9get k\u00e9rtem, \u00e9s mekkora \u00f6sszeget kaptam?<\/a><\/p>\n<div class=\"hidden-content\">\n<p class=\"hiddenContentp\">A Bizotts\u00e1g minden tagj\u00e1nak \u00e9s a titk\u00e1r\u00e1nak szigor\u00fa titoktart\u00e1si k\u00f6telezetts\u00e9ge van. Ez\u00e9rt sem a koll\u00e9g\u00e1k, sem a munkahelyi vezet\u0151k nem tudhatj\u00e1k meg, hogy ki, mikor \u00e9s mi\u00e9rt fordult seg\u00edts\u00e9g\u00e9rt a Szoci\u00e1lis Kr\u00edzisalap Bizotts\u00e1ghoz. A konkr\u00e9t \u00fcgyekr\u0151l csak a Bizotts\u00e1g \u00f6t tagja \u00e9s a titk\u00e1r tud r\u00e9szleteket. Rektor \u00far el\u00e9 is csak egy hat\u00e1rozat ker\u00fcl al\u00e1\u00edr\u00e1sra a meg\u00edt\u00e9lt \u00f6sszeggel, r\u00e9szleteket \u0151 sem tudhat. A b\u00e9rsz\u00e1mfejt\u00e9sen dolgoz\u00f3 koll\u00e9g\u00e1k csak a rektori al\u00e1\u00edr\u00e1ssal ell\u00e1tott hat\u00e1rozatot kapj\u00e1k meg, ez alapj\u00e1n t\u00f6rt\u00e9nik az utal\u00e1s. Azonban az SAP rendszerben r\u00f6gz\u00edt\u00e9sre ker\u00fcl a kifizet\u00e9s t\u00e9nye, \u00edgy a v\u00e1llalt felmond\u00e1si tilalom is megjelenik ameddig a k\u00f6telezetts\u00e9g tart.<\/p>\n<\/div>\n<\/div>\n<p><strong>K\u00c9RJ\u00dcK KEDVES MUNKAT\u00c1RSAINKAT, HOGY K\u00c9RELMEIKKEL KAPCSOLATOSAN, <\/strong><strong style=\"font-size: 1rem\">MINDEN ESETBEN A BENY\u00daJT\u00c1S EL\u0150TT <\/strong><strong style=\"font-size: 1rem\">VEGY\u00c9K FEL A KAPCSOLATOT A SZOCI\u00c1LIS KR\u00cdZIS ALAP \u2013 B\u00cdR\u00c1L\u00d3 BIZOTTS\u00c1G TITK\u00c1R\u00c1VAL.<\/strong><\/p>\n<p>&nbsp;<\/p>\n","protected":false},"excerpt":{"rendered":"<p>A Semmelweis Egyetem, mint munk\u00e1ltat\u00f3, elk\u00f6telezett a kr\u00edzishelyzetbe ker\u00fclt munkav\u00e1llal\u00f3i megseg\u00edt\u00e9se ir\u00e1nt, ez\u00e9rt a Semmelweis \u00c9rdekv\u00e9delmi Sz\u00f6vets\u00e9ggel \u00e9s az Alkalmazotti Tan\u00e1ccsal egyet\u00e9rt\u00e9sben Szoci\u00e1lis Kr\u00edzis Alap, \u00e9s az abb\u00f3l ny\u00fajthat\u00f3 kr\u00edzis-t\u00e1mogat\u00e1s l\u00e9trehoz\u00e1s\u00e1r\u00f3l d\u00f6nt\u00f6tt. Aki legal\u00e1bb 3 \u00e9ve az egyetemen dolgozik, \u00e9s kr\u00edzishelyzet ok\u00e1n megromlottak az \u00e9letk\u00f6r\u00fclm\u00e9nyei, t\u00e1mogat\u00e1si ig\u00e9nyt ny\u00fajthat be szem\u00e9lyesen, a 1085 Bp. \u00dcll\u0151i \u00fat &hellip;<\/p>\n","protected":false},"author":8,"featured_media":0,"parent":0,"menu_order":0,"comment_status":"closed","ping_status":"closed","template":"template-fullwidth.php","meta":{"_acf_changed":false,"footnotes":""},"categories":[],"tags":[],"class_list":["post-504","page","type-page","status-publish","hentry"],"acf":[],"_links":{"self":[{"href":"https:\/\/semmelweis.hu\/alkalmazottitanacs\/wp-json\/wp\/v2\/pages\/504","targetHints":{"allow":["GET"]}}],"collection":[{"href":"https:\/\/semmelweis.hu\/alkalmazottitanacs\/wp-json\/wp\/v2\/pages"}],"about":[{"href":"https:\/\/semmelweis.hu\/alkalmazottitanacs\/wp-json\/wp\/v2\/types\/page"}],"author":[{"embeddable":true,"href":"https:\/\/semmelweis.hu\/alkalmazottitanacs\/wp-json\/wp\/v2\/users\/8"}],"replies":[{"embeddable":true,"href":"https:\/\/semmelweis.hu\/alkalmazottitanacs\/wp-json\/wp\/v2\/comments?post=504"}],"version-history":[{"count":13,"href":"https:\/\/semmelweis.hu\/alkalmazottitanacs\/wp-json\/wp\/v2\/pages\/504\/revisions"}],"predecessor-version":[{"id":903,"href":"https:\/\/semmelweis.hu\/alkalmazottitanacs\/wp-json\/wp\/v2\/pages\/504\/revisions\/903"}],"wp:attachment":[{"href":"https:\/\/semmelweis.hu\/alkalmazottitanacs\/wp-json\/wp\/v2\/media?parent=504"}],"wp:term":[{"taxonomy":"category","embeddable":true,"href":"https:\/\/semmelweis.hu\/alkalmazottitanacs\/wp-json\/wp\/v2\/categories?post=504"},{"taxonomy":"post_tag","embeddable":true,"href":"https:\/\/semmelweis.hu\/alkalmazottitanacs\/wp-json\/wp\/v2\/tags?post=504"}],"curies":[{"name":"wp","href":"https:\/\/api.w.org\/{rel}","templated":true}]}}