{"id":858,"date":"2011-03-18T08:20:16","date_gmt":"2011-03-18T07:20:16","guid":{"rendered":"http:\/\/semmelweis-egyetem.hu\/?page_id=858"},"modified":"2025-06-25T12:05:42","modified_gmt":"2025-06-25T10:05:42","slug":"semmelweis-orvostudomanyi-alapitvany","status":"publish","type":"page","link":"https:\/\/semmelweis.hu\/alapitvany\/semmelweis-orvostudomanyi-alapitvany\/","title":{"rendered":"Besz\u00e1mol\u00f3k, jelent\u00e9sek"},"content":{"rendered":"<p style=\"text-align: center\"><span style=\"font-size: 18pt\"><strong>A Semmelweis Egyetem Alap\u00edtv\u00e1ny \u00e9ves besz\u00e1mol\u00f3i\u00a0<br \/>\n<em>(kor\u00e1bban Semmelweis Orvostudom\u00e1nyi Egyetem Alap\u00edtv\u00e1ny)\u00a0<\/em><\/strong><\/span><\/p>\n<p>A Semmelweis Egyetem Alap\u00edtv\u00e1ny f\u00fcggetlen k\u00f6nyvvizsg\u00e1l\u00f3i jelent\u00e9se a 2020. \u00e9vt\u0151l \u00e9rhet\u0151 el.<\/p>\n<p><strong>2024. \u00e9v:<\/strong> <br \/>\n<a href=\"https:\/\/semmelweis.hu\/alapitvany\/files\/2025\/06\/SEA_egyszerusitett-eves-beszamolo_2024.pdf\" target=\"_blank\" rel=\"noopener\">A Semmelweis Egyetem 2024. \u00e9vi besz\u00e1mol\u00f3ja<\/a><br \/>\n<a href=\"https:\/\/semmelweis.hu\/alapitvany\/files\/2025\/06\/SEA_kiegeszito-melleklet_2024.pdf\" target=\"_blank\" rel=\"noopener\">Kieg\u00e9sz\u00edt\u0151 mell\u00e9klet<\/a><br \/>\n<a href=\"https:\/\/semmelweis.hu\/alapitvany\/files\/2025\/06\/SEA_OBHGEPI_PK_1042_20240101_20241231.pdf\" target=\"_blank\" rel=\"noopener\">K\u00f6zhasz\u00fas\u00e1gi jelent\u00e9s<\/a><br \/>\n<a href=\"https:\/\/semmelweis.hu\/alapitvany\/files\/2025\/06\/SEA_szoveges-beszamolo_2024.pdf\" target=\"_blank\" rel=\"noopener\">A Semmelweis Egyetem Alap\u00edtv\u00e1ny sz\u00f6veges besz\u00e1mol\u00f3ja<\/a><br \/>\n<a href=\"https:\/\/semmelweis.hu\/alapitvany\/files\/2025\/06\/SEA_23KOZ.pdf\" target=\"_blank\" rel=\"noopener\">2023KOZ &#8211; jelent\u00e9s az ad\u00f3 1%-b\u0151l befolyt \u00f6sszeg felhaszn\u00e1l\u00e1s\u00e1r\u00f3l<\/a><br \/>\n<a href=\"https:\/\/semmelweis.hu\/alapitvany\/files\/2025\/06\/SEA_KSH-OSAP1156_2024.pdf\" target=\"_blank\" rel=\"noopener\">KSH jelent\u00e9s<\/a><\/p>\n<p><strong>2023. \u00e9v:<\/strong> <a href=\"https:\/\/semmelweis.hu\/alapitvany\/files\/2024\/06\/Semmelweis-Egyetem-Alapitvany_EGYEBBeszamolo_2023.pdf\" target=\"_blank\" rel=\"noopener\">A Semmelweis Egyetem Alap\u00edtv\u00e1ny 2023. \u00e9vi besz\u00e1mol\u00f3ja <\/a>(dokumentumban \u00e9ves besz\u00e1mol\u00f3, kieg\u00e9sz\u00edt\u0151 \u00e9s k\u00f6zhaszn\u00fas\u00e1gi mell\u00e9klet) <a href=\"https:\/\/semmelweis.hu\/alapitvany\/files\/2024\/06\/SE-Alapitvany-beszamolo_2023.pdf\" target=\"_blank\" rel=\"noopener\">A Semmelweis Egyetem Alap\u00edtv\u00e1ny sz\u00f6veges besz\u00e1mol\u00f3ja<\/a><br \/>\n<a href=\"https:\/\/semmelweis.hu\/alapitvany\/files\/2024\/06\/22KOZ_Semmelweis_Egyetem_Alapitvany.pdf\" target=\"_blank\" rel=\"noopener\">2022KOZ &#8211; jelent\u00e9s az ad\u00f3 1%-b\u00f3l befolyt \u00f6sszeg felhaszn\u00e1l\u00e1s\u00e1r\u00f3l<\/a><br \/>\n<a href=\"https:\/\/semmelweis.hu\/alapitvany\/files\/2024\/06\/SEA-KSH-2023.pdf\" target=\"_blank\" rel=\"noopener\">KSH jelent\u00e9s<\/a><br \/>\nK\u00f6zhaszn\u00fas\u00e1gi mell\u00e9klet: a t\u00e1rgy\u00e9vi besz\u00e1mol\u00f3 r\u00e9sz\u00e9t k\u00e9pezi<\/p>\n<p><strong>2022. \u00e9v:<\/strong> <a href=\"https:\/\/semmelweis.hu\/alapitvany\/files\/2023\/06\/Eves-beszamolo-Semmelweis-Egyetem-Alapitvany_EGYEBBeszamolo_2022alairt.pdf\" target=\"_blank\" rel=\"noopener\">A Semmelweis Egyetem Alap\u00edtv\u00e1ny 2022. \u00e9vi besz\u00e1mol\u00f3ja\u00a0<\/a> (dokumentumban: \u00e9ves besz\u00e1mol\u00f3, kieg\u00e9sz\u00edt\u0151 mell\u00e9klet) <a href=\"https:\/\/semmelweis.hu\/alapitvany\/files\/2023\/06\/SE-Alapitvany-2022.-evi-szoveges-beszamolo_alairt.pdf\" target=\"_blank\" rel=\"noopener\">A Semmelweis Egyetem Alap\u00edtv\u00e1ny sz\u00f6veges besz\u00e1mol\u00f3ja<\/a><br \/>\n<a href=\"https:\/\/semmelweis.hu\/alapitvany\/files\/2023\/06\/21KOZ_Semmelweis_Egyetem_Alapitvany.pdf\" target=\"_blank\" rel=\"noopener\">2021KOZ &#8211; jelent\u00e9s az ad\u00f3 1%-b\u0151l befolyt \u00f6sszeg felhaszn\u00e1l\u00e1s\u00e1r\u00f3l<\/a><br \/>\n<a href=\"https:\/\/semmelweis.hu\/alapitvany\/files\/2023\/06\/SEA_KSH_1156_2022.pdf\" target=\"_blank\" rel=\"noopener\">KSH jelent\u00e9s<\/a><\/p>\n<p><strong>2021. \u00e9v:<\/strong> <a href=\"https:\/\/semmelweis.hu\/alapitvany\/files\/2023\/02\/beszamolo-2022.pdf\" target=\"_blank\" rel=\"noopener\">A Semmelweis Egyetem Alap\u00edtv\u00e1ny 2021. \u00e9vi besz\u00e1mol\u00f3ja\u00a0<\/a><br \/>\n<em>(dokumentumban: \u00e9ves besz\u00e1mol\u00f3, k\u00f6zhaszn\u00fas\u00e1g\u00fa mell\u00e9klet, f\u00fcggetlen k\u00f6nyvvizsg\u00e1l\u00f3i jelent\u00e9s mell\u00e9kletekkel \u00e9s sz\u00f6veges besz\u00e1mol\u00f3) <strong>Megjegyz\u00e9s:<\/strong> t\u00e1rgy\u00e9vben marketing, kommunik\u00e1ci\u00f3s \u00e9s adom\u00e1nyszervez\u00e9si-jelleg\u0171 k\u00f6lts\u00e9g nem mer\u00fclt fel alap\u00edtv\u00e1nyi forr\u00e1sb\u00f3l.<br \/>\n<\/em><a href=\"https:\/\/semmelweis.hu\/alapitvany\/files\/2023\/02\/SEA_KSH_2021.pdf\" target=\"_blank\" rel=\"noopener\">KSH jelent\u00e9s<\/a><\/p>\n<p><strong style=\"font-size: 1rem\">20<\/strong><strong style=\"font-size: 1rem\">20. \u00e9v:<\/strong> <a href=\"https:\/\/semmelweis.hu\/alapitvany\/files\/2022\/01\/2020-ev-beszamolo.pdf\" target=\"_blank\" rel=\"noopener\">A Semmelweis Egyetem Alap\u00edtv\u00e1ny 2020. \u00e9vi besz\u00e1mol\u00f3ja<\/a><br \/>\n<em>(dokumentumokban: \u00e9ves besz\u00e1mol\u00f3, k\u00f6zhaszn\u00fas\u00e1g\u00fa mell\u00e9klet, f\u00fcggetlen k\u00f6nyvvizsg\u00e1l\u00f3i jelent\u00e9s mell\u00e9kletekkel \u00e9s sz\u00f6veges besz\u00e1mol\u00f3)<br \/>\n<\/em><a href=\"https:\/\/semmelweis.hu\/alapitvany\/files\/2023\/02\/2020KOZ.pdf\" target=\"_blank\" rel=\"noopener\">2020KOZ\u00a0 &#8211; jelent\u00e9s az ad\u00f3 1%-b\u00f3l befolyt \u00f6sszeg felhaszn\u00e1l\u00e1s\u00e1r\u00f3l<\/a><br \/>\n<a href=\"https:\/\/semmelweis.hu\/alapitvany\/files\/2023\/02\/2020KSH.pdf\" target=\"_blank\" rel=\"noopener\">KSH jelent\u00e9s<\/a><\/p>\n<p><strong>2019. \u00e9v:<\/strong> <a href=\"https:\/\/semmelweis.hu\/alapitvany\/files\/2020\/09\/SE-alapitvany-beszamolo-2019.pdf\" target=\"_blank\" rel=\"noopener noreferrer\">A Semmelweis Egyetem Alap\u00edtv\u00e1ny 2019. \u00e9vi besz\u00e1mol\u00f3ja &#8211; sz\u00f6veges<\/a><br \/>\n<a href=\"https:\/\/semmelweis.hu\/alapitvany\/files\/2023\/02\/EB00309753_2019.pdf\" target=\"_blank\" rel=\"noopener\">\u00c9ves besz\u00e1mol\u00f3<\/a><br \/>\n<em>(dokumentumokban: \u00e9ves besz\u00e1mol\u00f3, k\u00f6zhaszn\u00fas\u00e1gi mell\u00e9klet \u00e9s sz\u00f6veges besz\u00e1mol\u00f3)<br \/>\n<\/em><a href=\"https:\/\/semmelweis.hu\/alapitvany\/files\/2023\/02\/2019KSH.pdf\" target=\"_blank\" rel=\"noopener\">KSH jelent\u00e9s<\/a><\/p>\n<p><strong>2018. \u00e9v:<\/strong> <a href=\"https:\/\/semmelweis.hu\/alapitvany\/files\/2020\/04\/SEA-beszamolo-2018.pdf\" target=\"_blank\" rel=\"noopener noreferrer\">A Semmelweis Egyetem Alap\u00edtv\u00e1ny 2018. \u00e9vi besz\u00e1mol\u00f3ja<\/a>\u00a0<br \/>\n<a href=\"https:\/\/semmelweis.hu\/alapitvany\/files\/2023\/02\/EB00273846_2018.pdf\" target=\"_blank\" rel=\"noopener\">\u00c9ves besz\u00e1mol\u00f3<\/a><br \/>\n<em>(dokumentumban: \u00e9ves besz\u00e1mol\u00f3, k\u00f6zhaszn\u00fas\u00e1gi mell\u00e9klet \u00e9s sz\u00f6veges besz\u00e1mol\u00f3)<br \/>\n<\/em><a href=\"https:\/\/semmelweis.hu\/alapitvany\/files\/2023\/02\/2018-KSH.pdf\" target=\"_blank\" rel=\"noopener\">KSH jelent\u00e9s<\/a><\/p>\n<p><strong>2017. \u00e9v:<\/strong> <a href=\"https:\/\/semmelweis.hu\/alapitvany\/files\/2018\/09\/SE-A-2017.pdf\" target=\"_blank\" rel=\"noopener noreferrer\">A Semmelweis Orvostudom\u00e1nyi Egyetem Alap\u00edtv\u00e1ny 2017. \u00e9vi besz\u00e1mol\u00f3ja<\/a><br \/>\n<a href=\"https:\/\/semmelweis.hu\/alapitvany\/files\/2023\/02\/SEA_PK_342_2017.pdf\" target=\"_blank\" rel=\"noopener\">\u00c9ves besz\u00e1mol\u00f3<\/a><\/p>\n<p><strong>2016. \u00e9v:<\/strong> <a href=\"https:\/\/semmelweis.hu\/alapitvany\/files\/2011\/11\/sote_alapitvany_beszamolo_2016.pdf\" target=\"_blank\" rel=\"noopener noreferrer\">A Semmelweis Orvostudom\u00e1nyi Egyetem Alap\u00edtv\u00e1ny 2016. \u00e9vi besz\u00e1mol\u00f3ja<\/a>\u00a0<\/p>\n<p><strong>2015. \u00e9v:<\/strong> <a href=\"https:\/\/semmelweis.hu\/alapitvany\/files\/2011\/11\/SKMBT_C22016101711420.pdf\" target=\"_blank\" rel=\"noopener noreferrer\">A Semmelweis Orvostudom\u00e1nyi Egyetem Alap\u00edtv\u00e1ny 2015. \u00e9vi besz\u00e1mol\u00f3ja \u00e9s a befolyt \u00f6sszegek felhaszn\u00e1l\u00e1s\u00e1r\u00f3l sz\u00f3l\u00f3 hirdetm\u00e9ny<\/a>\u00a0<\/p>\n<p><strong>2014. \u00e9v:<\/strong> <a href=\"https:\/\/semmelweis.hu\/alapitvany\/files\/2011\/11\/SOTE_Alapitvany_beszamolo_2014.pdf\" target=\"_blank\" rel=\"noopener noreferrer\">A Semmelweis Orvostudom\u00e1nyi Egyetem Alap\u00edtv\u00e1ny 2014. \u00e9vi besz\u00e1mol\u00f3ja \u00e9s a befolyt \u00f6sszegek felhaszn\u00e1l\u00e1s\u00e1r\u00f3l sz\u00f3l\u00f3 hirdetm\u00e9ny<\/a>\u00a0<\/p>\n<p><strong>2013. \u00e9v:<\/strong> <a href=\"https:\/\/semmelweis.hu\/alapitvany\/files\/2011\/11\/SOTE_Alapitvany_beszamolo_2013.pdf\" target=\"_blank\" rel=\"noopener noreferrer\">A Semmelweis Orvostudom\u00e1nyi Egyetem Alap\u00edtv\u00e1ny 2013. \u00e9vi besz\u00e1mol\u00f3ja \u00e9s a befolyt \u00f6sszegek felhaszn\u00e1l\u00e1s\u00e1r\u00f3l sz\u00f3l\u00f3 hirdetm\u00e9ny<\/a><\/p>\n<p><strong>2012. \u00e9v:<\/strong> <a href=\"https:\/\/semmelweis.hu\/alapitvany\/files\/2011\/11\/SOTE_Alapitvany_beszamolo_2012.pdf\" target=\"_blank\" rel=\"noopener noreferrer\">A Semmelweis Orvostudom\u00e1nyi Egyetem Alap\u00edtv\u00e1ny 2012. \u00e9vi besz\u00e1mol\u00f3ja \u00e9s a befolyt \u00f6sszegek felhaszn\u00e1l\u00e1s\u00e1r\u00f3l sz\u00f3l\u00f3 hirdetm\u00e9ny<\/a>\u00a0<\/p>\n<p><strong>2011. \u00e9v: <\/strong><a href=\"https:\/\/semmelweis.hu\/alapitvany\/files\/2018\/05\/soea-beszamolo-2011.pdf\" target=\"_blank\" rel=\"noopener noreferrer\">A Semmelweis Orvostudom\u00e1nyi Egyetem Alap\u00edtv\u00e1ny 2011. \u00e9vi besz\u00e1mol\u00f3ja<\/a> \u00e9s <a href=\"https:\/\/semmelweis.hu\/alapitvany\/files\/2018\/05\/soea-1-szazalek-hirdetmeny-2011.pdf\" target=\"_blank\" rel=\"noopener noreferrer\">A Semmelweis Orvostudom\u00e1nyi Egyetem Alap\u00edtv\u00e1ny 2011. \u00e9vi hirdetm\u00e9nye a szem\u00e9lyi j\u00f6vedelemad\u00f3 1%-b\u00f3l befolyt t\u00e1mogat\u00e1s felhaszn\u00e1l\u00e1s\u00e1r\u00f3l<\/a>\u00a0<\/p>\n<p><strong>2010. \u00e9v: <\/strong><a href=\"https:\/\/semmelweis.hu\/alapitvany\/files\/2018\/05\/soea-beszamolo-2010.pdf\" target=\"_blank\" rel=\"noopener noreferrer\">A Semmelweis Orvostudom\u00e1nyi Egyetem Alap\u00edtv\u00e1ny 2010. \u00e9vi besz\u00e1mol\u00f3ja<\/a> \u00e9s <a href=\"https:\/\/semmelweis.hu\/alapitvany\/files\/2018\/05\/SOTE-Alapitvany_1szazalek-2010.pdf\" target=\"_blank\" rel=\"noopener noreferrer\">A Semmelweis Orvostudom\u00e1nyi Egyetem Alap\u00edtv\u00e1ny 2010. \u00e9vi hirdetm\u00e9nye a SZJA 1%-b\u00f3l befolyt t\u00e1mogat\u00e1s felhaszn\u00e1l\u00e1s\u00e1r\u00f3l<\/a>\u00a0<\/p>\n<p>&nbsp;<\/p>\n","protected":false},"excerpt":{"rendered":"<p>A Semmelweis Egyetem Alap\u00edtv\u00e1ny \u00e9ves besz\u00e1mol\u00f3i\u00a0 (kor\u00e1bban Semmelweis Orvostudom\u00e1nyi Egyetem Alap\u00edtv\u00e1ny)\u00a0 A Semmelweis Egyetem Alap\u00edtv\u00e1ny f\u00fcggetlen k\u00f6nyvvizsg\u00e1l\u00f3i jelent\u00e9se a 2020. \u00e9vt\u0151l \u00e9rhet\u0151 el. 2024. \u00e9v: <a href=\"https:\/\/semmelweis.hu\/alapitvany\/files\/2025\/06\/SEA_egyszerusitett-eves-beszamolo_2024.pdf\" target=\"_blank\" rel=\"noopener\">A Semmelweis Egyetem 2024. \u00e9vi besz\u00e1mol\u00f3ja<\/a> <a href=\"https:\/\/semmelweis.hu\/alapitvany\/files\/2025\/06\/SEA_kiegeszito-melleklet_2024.pdf\" target=\"_blank\" rel=\"noopener\">Kieg\u00e9sz\u00edt\u0151 mell\u00e9klet<\/a> <a href=\"https:\/\/semmelweis.hu\/alapitvany\/files\/2025\/06\/SEA_OBHGEPI_PK_1042_20240101_20241231.pdf\" target=\"_blank\" rel=\"noopener\">K\u00f6zhasz\u00fas\u00e1gi jelent\u00e9s<\/a> <a href=\"https:\/\/semmelweis.hu\/alapitvany\/files\/2025\/06\/SEA_szoveges-beszamolo_2024.pdf\" target=\"_blank\" rel=\"noopener\">A Semmelweis Egyetem Alap\u00edtv\u00e1ny sz\u00f6veges besz\u00e1mol\u00f3ja<\/a> <a href=\"https:\/\/semmelweis.hu\/alapitvany\/files\/2025\/06\/SEA_23KOZ.pdf\" target=\"_blank\" rel=\"noopener\">2023KOZ &#8211; jelent\u00e9s az ad\u00f3 1%-b\u0151l befolyt \u00f6sszeg felhaszn\u00e1l\u00e1s\u00e1r\u00f3l<\/a> <a href=\"https:\/\/semmelweis.hu\/alapitvany\/files\/2025\/06\/SEA_KSH-OSAP1156_2024.pdf\" target=\"_blank\" rel=\"noopener\">KSH jelent\u00e9s<\/a> 2023. \u00e9v: <a href=\"https:\/\/semmelweis.hu\/alapitvany\/files\/2024\/06\/Semmelweis-Egyetem-Alapitvany_EGYEBBeszamolo_2023.pdf\" target=\"_blank\" rel=\"noopener\">A Semmelweis Egyetem Alap\u00edtv\u00e1ny 2023. \u00e9vi besz\u00e1mol\u00f3ja <\/a> (dokumentumban \u00e9ves besz\u00e1mol\u00f3, kieg\u00e9sz\u00edt\u0151 \u00e9s k\u00f6zhaszn\u00fas\u00e1gi mell\u00e9klet) <a href=\"https:\/\/semmelweis.hu\/alapitvany\/files\/2024\/06\/SE-Alapitvany-beszamolo_2023.pdf\" target=\"_blank\" rel=\"noopener\">A Semmelweis Egyetem Alap\u00edtv\u00e1ny sz\u00f6veges besz\u00e1mol\u00f3ja<\/a> <a href=\"https:\/\/semmelweis.hu\/alapitvany\/files\/2024\/06\/22KOZ_Semmelweis_Egyetem_Alapitvany.pdf\" target=\"_blank\" rel=\"noopener\">2022KOZ &#8211; jelent\u00e9s az ad\u00f3 1%-b\u00f3l befolyt \u00f6sszeg felhaszn\u00e1l\u00e1s\u00e1r\u00f3l<\/a> <a href=\"https:\/\/semmelweis.hu\/alapitvany\/files\/2024\/06\/SEA-KSH-2023.pdf\" target=\"_blank\" rel=\"noopener\">KSH jelent\u00e9s<\/a> K\u00f6zhaszn\u00fas\u00e1gi mell\u00e9klet: a t\u00e1rgy\u00e9vi besz\u00e1mol\u00f3 r\u00e9sz\u00e9t k\u00e9pezi 2022. \u00e9v: <a href=\"https:\/\/semmelweis.hu\/alapitvany\/files\/2023\/06\/Eves-beszamolo-Semmelweis-Egyetem-Alapitvany_EGYEBBeszamolo_2022alairt.pdf\" target=\"_blank\" rel=\"noopener\">A Semmelweis Egyetem Alap\u00edtv\u00e1ny 2022. \u00e9vi besz\u00e1mol\u00f3ja\u00a0<\/a> (dokumentumban: \u00e9ves besz\u00e1mol\u00f3, kieg\u00e9sz\u00edt\u0151 mell\u00e9klet) <a href=\"https:\/\/semmelweis.hu\/alapitvany\/files\/2023\/06\/SE-Alapitvany-2022.-evi-szoveges-beszamolo_alairt.pdf\" target=\"_blank\" rel=\"noopener\">A Semmelweis Egyetem Alap\u00edtv\u00e1ny sz\u00f6veges besz\u00e1mol\u00f3ja<\/a> <a href=\"https:\/\/semmelweis.hu\/alapitvany\/files\/2023\/06\/21KOZ_Semmelweis_Egyetem_Alapitvany.pdf\" target=\"_blank\" rel=\"noopener\">2021KOZ &#8211; jelent\u00e9s az ad\u00f3 1%-b\u0151l befolyt \u00f6sszeg felhaszn\u00e1l\u00e1s\u00e1r\u00f3l<\/a> <a href=\"https:\/\/semmelweis.hu\/alapitvany\/files\/2023\/06\/SEA_KSH_1156_2022.pdf\" target=\"_blank\" rel=\"noopener\">KSH jelent\u00e9s<\/a> 2021. \u00e9v: <a href=\"https:\/\/semmelweis.hu\/alapitvany\/files\/2023\/02\/beszamolo-2022.pdf\" target=\"_blank\" rel=\"noopener\">A Semmelweis Egyetem Alap\u00edtv\u00e1ny 2021. \u00e9vi besz\u00e1mol\u00f3ja\u00a0<\/a> (dokumentumban: \u00e9ves besz\u00e1mol\u00f3, k\u00f6zhaszn\u00fas\u00e1g\u00fa mell\u00e9klet, &hellip;<\/p>\n","protected":false},"author":158,"featured_media":0,"parent":0,"menu_order":5,"comment_status":"closed","ping_status":"closed","template":"","meta":{"_acf_changed":false,"give_campaign_id":0,"footnotes":""},"categories":[],"tags":[],"class_list":["post-858","page","type-page","status-publish","hentry"],"acf":[],"campaignId":"","_links":{"self":[{"href":"https:\/\/semmelweis.hu\/alapitvany\/wp-json\/wp\/v2\/pages\/858","targetHints":{"allow":["GET"]}}],"collection":[{"href":"https:\/\/semmelweis.hu\/alapitvany\/wp-json\/wp\/v2\/pages"}],"about":[{"href":"https:\/\/semmelweis.hu\/alapitvany\/wp-json\/wp\/v2\/types\/page"}],"author":[{"embeddable":true,"href":"https:\/\/semmelweis.hu\/alapitvany\/wp-json\/wp\/v2\/users\/158"}],"replies":[{"embeddable":true,"href":"https:\/\/semmelweis.hu\/alapitvany\/wp-json\/wp\/v2\/comments?post=858"}],"version-history":[{"count":11,"href":"https:\/\/semmelweis.hu\/alapitvany\/wp-json\/wp\/v2\/pages\/858\/revisions"}],"predecessor-version":[{"id":16261,"href":"https:\/\/semmelweis.hu\/alapitvany\/wp-json\/wp\/v2\/pages\/858\/revisions\/16261"}],"wp:attachment":[{"href":"https:\/\/semmelweis.hu\/alapitvany\/wp-json\/wp\/v2\/media?parent=858"}],"wp:term":[{"taxonomy":"category","embeddable":true,"href":"https:\/\/semmelweis.hu\/alapitvany\/wp-json\/wp\/v2\/categories?post=858"},{"taxonomy":"post_tag","embeddable":true,"href":"https:\/\/semmelweis.hu\/alapitvany\/wp-json\/wp\/v2\/tags?post=858"}],"curies":[{"name":"wp","href":"https:\/\/api.w.org\/{rel}","templated":true}]}}